{"id":2449,"date":"2014-02-09T16:56:32","date_gmt":"2014-02-09T21:56:32","guid":{"rendered":"http:\/\/deliciouswithout.com\/?page_id=2449"},"modified":"2017-02-24T18:39:05","modified_gmt":"2017-02-24T23:39:05","slug":"tomate-sechee-au-soleil-et-olive-noire","status":"publish","type":"page","link":"http:\/\/www.deliciouswithout.com\/fr\/pain\/pita\/tomate-sechee-au-soleil-et-olive-noire\/","title":{"rendered":"Tomate s\u00e9ch\u00e9e au soleil et olive noire"},"content":{"rendered":"<p><a href=\"http:\/\/www.deliciouswithout.com\/wp-content\/uploads\/2014\/02\/sundried-pita.jpg\"><img decoding=\"async\" class=\"aligncenter size-full wp-image-2173\" title=\"sundried-pita\" src=\"http:\/\/www.deliciouswithout.com\/wp-content\/uploads\/2014\/02\/sundried-pita.jpg\" alt=\"sundried tomato and olive pita bread\" width=\"576\" height=\"432\" srcset=\"http:\/\/www.deliciouswithout.com\/wp-content\/uploads\/2014\/02\/sundried-pita-195x146.jpg 195w, http:\/\/www.deliciouswithout.com\/wp-content\/uploads\/2014\/02\/sundried-pita-300x225.jpg 300w, http:\/\/www.deliciouswithout.com\/wp-content\/uploads\/2014\/02\/sundried-pita-500x375.jpg 500w, http:\/\/www.deliciouswithout.com\/wp-content\/uploads\/2014\/02\/sundried-pita.jpg 576w\" sizes=\"(max-width: 576px) 100vw, 576px\" \/><\/a><\/p>\n<p><strong>SKU\u2019s<\/strong><\/p>\n<ul>\n<li>Tomate s\u00e9ch\u00e9e au soleil et olive noire: 2\/emballage 838 06 800 108 6<\/li>\n<\/ul>\n<p><strong>Ingr\u00e9dients<\/strong><br \/>\nEau, farine de riz brun, farine de riz blanc, f\u00e9cule de tapioca, huile d&rsquo;olive vierge extra, tomates s\u00e9ch\u00e9es au soleil (tomates s\u00e9ch\u00e9es au soleil, huile de canola, eau, vinaigre, sel, chlorure de calcium, sulfites), f\u00e9cule de pomme de terre, olives noires s\u00e9ch\u00e9es au soleil, graines de lin dor\u00e9 moulues, gomme xanthane, sel de mer, levure, vinaigre.<\/p>\n<p>Contient des sulfites.<\/p>\n<p><a href=\"http:\/\/www.deliciouswithout.com\/wp-content\/uploads\/2014\/02\/pita-nutrition.png\"><img decoding=\"async\" class=\"alignleft size-medium wp-image-2167\" title=\"pita-nutrition\" src=\"http:\/\/www.deliciouswithout.com\/wp-content\/uploads\/2014\/02\/pita-nutrition-215x300.png\" alt=\"pita nutrition facts\" width=\"215\" height=\"300\" srcset=\"http:\/\/www.deliciouswithout.com\/wp-content\/uploads\/2014\/02\/pita-nutrition-140x195.png 140w, http:\/\/www.deliciouswithout.com\/wp-content\/uploads\/2014\/02\/pita-nutrition-215x300.png 215w, http:\/\/www.deliciouswithout.com\/wp-content\/uploads\/2014\/02\/pita-nutrition-500x696.png 500w, http:\/\/www.deliciouswithout.com\/wp-content\/uploads\/2014\/02\/pita-nutrition.png 576w\" sizes=\"(max-width: 215px) 100vw, 215px\" \/><\/a><\/p>\n<p>&nbsp;<\/p>\n<p><strong>Renseignements relatifs aux allergies<\/strong><br \/>\nInstallations de fabrication sp\u00e9cialement d\u00e9di\u00e9es \u00e0 la fabrication de produits sans gluten et sans arachides.<\/p>\n<p>Bien que ce produit ne CONTIENNE AUCUN produit laitier, les installations o\u00f9 il est fabriqu\u00e9 en utilisent pour les autres produits qu\u2019elles fabriquent. Ce produit doit donc \u00eatre d\u00e9clar\u00e9 comme \u00e9tant un produit lact\u00e9 conform\u00e9ment aux lois h\u00e9bra\u00efques.<\/p>\n<p><a href=\"http:\/\/www.deliciouswithout.com\/wp-content\/uploads\/2012\/09\/dairy406-small.jpg\"><img decoding=\"async\" class=\"size-full wp-image-2123 alignleft\" title=\"dairy406-small\" src=\"http:\/\/www.deliciouswithout.com\/wp-content\/uploads\/2012\/09\/dairy406-small.jpg\" alt=\"\" width=\"50\" height=\"50\" srcset=\"http:\/\/www.deliciouswithout.com\/wp-content\/uploads\/2012\/09\/dairy406-small-45x45.jpg 45w, http:\/\/www.deliciouswithout.com\/wp-content\/uploads\/2012\/09\/dairy406-small.jpg 50w\" sizes=\"(max-width: 50px) 100vw, 50px\" \/><\/a><a href=\"http:\/\/www.deliciouswithout.com\/wp-content\/uploads\/2012\/09\/gfcp_trademark.png\"><img decoding=\"async\" class=\"alignnone  wp-image-3390\" src=\"http:\/\/www.deliciouswithout.com\/wp-content\/uploads\/2012\/09\/gfcp_trademark.png\" alt=\"gfcp_trademark\" width=\"92\" height=\"92\" srcset=\"http:\/\/www.deliciouswithout.com\/wp-content\/uploads\/2012\/09\/gfcp_trademark-66x66.png 66w, http:\/\/www.deliciouswithout.com\/wp-content\/uploads\/2012\/09\/gfcp_trademark-100x100.png 100w, http:\/\/www.deliciouswithout.com\/wp-content\/uploads\/2012\/09\/gfcp_trademark-150x150.png 150w, http:\/\/www.deliciouswithout.com\/wp-content\/uploads\/2012\/09\/gfcp_trademark.png 175w\" sizes=\"(max-width: 92px) 100vw, 92px\" \/><\/a><\/p>\n","protected":false},"excerpt":{"rendered":"<p>SKU\u2019s Tomate s\u00e9ch\u00e9e au soleil et olive noire: 2\/emballage 838 06 800 108 6 Ingr\u00e9dients Eau, farine de riz brun, farine de riz blanc, f\u00e9cule de tapioca, huile d&rsquo;olive vierge extra, tomates s\u00e9ch\u00e9es au soleil (tomates s\u00e9ch\u00e9es au soleil, huile de canola, eau, vinaigre, sel, chlorure de calcium, sulfites), f\u00e9cule de pomme de terre, olives  [&#8230;]<\/p>\n","protected":false},"author":1,"featured_media":0,"parent":983,"menu_order":3,"comment_status":"open","ping_status":"open","template":"","meta":{"_acf_changed":false,"wprm-recipe-roundup-name":"","wprm-recipe-roundup-description":"","footnotes":""},"class_list":["post-2449","page","type-page","status-publish","hentry"],"acf":[],"yoast_head":"<!-- This site is optimized with the Yoast SEO plugin v27.3 - https:\/\/yoast.com\/product\/yoast-seo-wordpress\/ -->\n<title>Tomate s\u00e9ch\u00e9e au soleil et olive noire - deliciouswithout.com<\/title>\n<meta name=\"robots\" content=\"index, follow, max-snippet:-1, max-image-preview:large, max-video-preview:-1\" \/>\n<link rel=\"canonical\" href=\"https:\/\/www.deliciouswithout.com\/fr\/pain\/pita\/tomate-sechee-au-soleil-et-olive-noire\/\" \/>\n<meta property=\"og:locale\" content=\"fr_FR\" \/>\n<meta property=\"og:type\" content=\"article\" \/>\n<meta property=\"og:title\" content=\"Tomate s\u00e9ch\u00e9e au soleil et olive noire - deliciouswithout.com\" \/>\n<meta property=\"og:description\" content=\"SKU\u2019s Tomate s\u00e9ch\u00e9e au soleil et olive noire: 2\/emballage 838 06 800 108 6 Ingr\u00e9dients Eau, farine de riz brun, farine de riz blanc, f\u00e9cule de tapioca, huile d&rsquo;olive vierge extra, tomates s\u00e9ch\u00e9es au soleil (tomates s\u00e9ch\u00e9es au soleil, huile de canola, eau, vinaigre, sel, chlorure de calcium, sulfites), f\u00e9cule de pomme de terre, olives [...]\" \/>\n<meta property=\"og:url\" content=\"https:\/\/www.deliciouswithout.com\/fr\/pain\/pita\/tomate-sechee-au-soleil-et-olive-noire\/\" \/>\n<meta property=\"og:site_name\" content=\"deliciouswithout.com\" \/>\n<meta property=\"article:modified_time\" content=\"2017-02-24T23:39:05+00:00\" \/>\n<meta property=\"og:image\" content=\"http:\/\/www.deliciouswithout.com\/wp-content\/uploads\/2014\/02\/sundried-pita.jpg\" \/>\n<meta name=\"twitter:label1\" content=\"Dur\u00e9e de lecture estim\u00e9e\" \/>\n\t<meta name=\"twitter:data1\" content=\"1 minute\" \/>\n<script type=\"application\/ld+json\" class=\"yoast-schema-graph\">{\"@context\":\"https:\\\/\\\/schema.org\",\"@graph\":[{\"@type\":\"WebPage\",\"@id\":\"https:\\\/\\\/www.deliciouswithout.com\\\/fr\\\/pain\\\/pita\\\/tomate-sechee-au-soleil-et-olive-noire\\\/\",\"url\":\"https:\\\/\\\/www.deliciouswithout.com\\\/fr\\\/pain\\\/pita\\\/tomate-sechee-au-soleil-et-olive-noire\\\/\",\"name\":\"Tomate s\u00e9ch\u00e9e au soleil et olive noire - deliciouswithout.com\",\"isPartOf\":{\"@id\":\"http:\\\/\\\/www.deliciouswithout.com\\\/#website\"},\"primaryImageOfPage\":{\"@id\":\"https:\\\/\\\/www.deliciouswithout.com\\\/fr\\\/pain\\\/pita\\\/tomate-sechee-au-soleil-et-olive-noire\\\/#primaryimage\"},\"image\":{\"@id\":\"https:\\\/\\\/www.deliciouswithout.com\\\/fr\\\/pain\\\/pita\\\/tomate-sechee-au-soleil-et-olive-noire\\\/#primaryimage\"},\"thumbnailUrl\":\"http:\\\/\\\/www.deliciouswithout.com\\\/wp-content\\\/uploads\\\/2014\\\/02\\\/sundried-pita.jpg\",\"datePublished\":\"2014-02-09T21:56:32+00:00\",\"dateModified\":\"2017-02-24T23:39:05+00:00\",\"breadcrumb\":{\"@id\":\"https:\\\/\\\/www.deliciouswithout.com\\\/fr\\\/pain\\\/pita\\\/tomate-sechee-au-soleil-et-olive-noire\\\/#breadcrumb\"},\"inLanguage\":\"fr-FR\",\"potentialAction\":[{\"@type\":\"ReadAction\",\"target\":[\"https:\\\/\\\/www.deliciouswithout.com\\\/fr\\\/pain\\\/pita\\\/tomate-sechee-au-soleil-et-olive-noire\\\/\"]}]},{\"@type\":\"ImageObject\",\"inLanguage\":\"fr-FR\",\"@id\":\"https:\\\/\\\/www.deliciouswithout.com\\\/fr\\\/pain\\\/pita\\\/tomate-sechee-au-soleil-et-olive-noire\\\/#primaryimage\",\"url\":\"http:\\\/\\\/www.deliciouswithout.com\\\/wp-content\\\/uploads\\\/2014\\\/02\\\/sundried-pita.jpg\",\"contentUrl\":\"http:\\\/\\\/www.deliciouswithout.com\\\/wp-content\\\/uploads\\\/2014\\\/02\\\/sundried-pita.jpg\"},{\"@type\":\"BreadcrumbList\",\"@id\":\"https:\\\/\\\/www.deliciouswithout.com\\\/fr\\\/pain\\\/pita\\\/tomate-sechee-au-soleil-et-olive-noire\\\/#breadcrumb\",\"itemListElement\":[{\"@type\":\"ListItem\",\"position\":1,\"name\":\"Accueil\",\"item\":\"https:\\\/\\\/www.deliciouswithout.com\\\/fr\\\/\"},{\"@type\":\"ListItem\",\"position\":2,\"name\":\"Pain\",\"item\":\"http:\\\/\\\/www.deliciouswithout.com\\\/fr\\\/pain\\\/\"},{\"@type\":\"ListItem\",\"position\":3,\"name\":\"Pita\",\"item\":\"https:\\\/\\\/www.deliciouswithout.com\\\/fr\\\/pain\\\/pita\\\/\"},{\"@type\":\"ListItem\",\"position\":4,\"name\":\"Tomate s\u00e9ch\u00e9e au soleil et olive noire\"}]},{\"@type\":\"WebSite\",\"@id\":\"http:\\\/\\\/www.deliciouswithout.com\\\/#website\",\"url\":\"http:\\\/\\\/www.deliciouswithout.com\\\/\",\"name\":\"deliciouswithout.com\",\"description\":\"D\u00e9licieux Sans Gluten, Produits Latiers, Arachides, Noix\",\"potentialAction\":[{\"@type\":\"SearchAction\",\"target\":{\"@type\":\"EntryPoint\",\"urlTemplate\":\"http:\\\/\\\/www.deliciouswithout.com\\\/?s={search_term_string}\"},\"query-input\":{\"@type\":\"PropertyValueSpecification\",\"valueRequired\":true,\"valueName\":\"search_term_string\"}}],\"inLanguage\":\"fr-FR\"}]}<\/script>\n<!-- \/ Yoast SEO plugin. -->","yoast_head_json":{"title":"Tomate s\u00e9ch\u00e9e au soleil et olive noire - deliciouswithout.com","robots":{"index":"index","follow":"follow","max-snippet":"max-snippet:-1","max-image-preview":"max-image-preview:large","max-video-preview":"max-video-preview:-1"},"canonical":"https:\/\/www.deliciouswithout.com\/fr\/pain\/pita\/tomate-sechee-au-soleil-et-olive-noire\/","og_locale":"fr_FR","og_type":"article","og_title":"Tomate s\u00e9ch\u00e9e au soleil et olive noire - deliciouswithout.com","og_description":"SKU\u2019s Tomate s\u00e9ch\u00e9e au soleil et olive noire: 2\/emballage 838 06 800 108 6 Ingr\u00e9dients Eau, farine de riz brun, farine de riz blanc, f\u00e9cule de tapioca, huile d&rsquo;olive vierge extra, tomates s\u00e9ch\u00e9es au soleil (tomates s\u00e9ch\u00e9es au soleil, huile de canola, eau, vinaigre, sel, chlorure de calcium, sulfites), f\u00e9cule de pomme de terre, olives [...]","og_url":"https:\/\/www.deliciouswithout.com\/fr\/pain\/pita\/tomate-sechee-au-soleil-et-olive-noire\/","og_site_name":"deliciouswithout.com","article_modified_time":"2017-02-24T23:39:05+00:00","og_image":[{"url":"http:\/\/www.deliciouswithout.com\/wp-content\/uploads\/2014\/02\/sundried-pita.jpg","type":"","width":"","height":""}],"twitter_misc":{"Dur\u00e9e de lecture estim\u00e9e":"1 minute"},"schema":{"@context":"https:\/\/schema.org","@graph":[{"@type":"WebPage","@id":"https:\/\/www.deliciouswithout.com\/fr\/pain\/pita\/tomate-sechee-au-soleil-et-olive-noire\/","url":"https:\/\/www.deliciouswithout.com\/fr\/pain\/pita\/tomate-sechee-au-soleil-et-olive-noire\/","name":"Tomate s\u00e9ch\u00e9e au soleil et olive noire - deliciouswithout.com","isPartOf":{"@id":"http:\/\/www.deliciouswithout.com\/#website"},"primaryImageOfPage":{"@id":"https:\/\/www.deliciouswithout.com\/fr\/pain\/pita\/tomate-sechee-au-soleil-et-olive-noire\/#primaryimage"},"image":{"@id":"https:\/\/www.deliciouswithout.com\/fr\/pain\/pita\/tomate-sechee-au-soleil-et-olive-noire\/#primaryimage"},"thumbnailUrl":"http:\/\/www.deliciouswithout.com\/wp-content\/uploads\/2014\/02\/sundried-pita.jpg","datePublished":"2014-02-09T21:56:32+00:00","dateModified":"2017-02-24T23:39:05+00:00","breadcrumb":{"@id":"https:\/\/www.deliciouswithout.com\/fr\/pain\/pita\/tomate-sechee-au-soleil-et-olive-noire\/#breadcrumb"},"inLanguage":"fr-FR","potentialAction":[{"@type":"ReadAction","target":["https:\/\/www.deliciouswithout.com\/fr\/pain\/pita\/tomate-sechee-au-soleil-et-olive-noire\/"]}]},{"@type":"ImageObject","inLanguage":"fr-FR","@id":"https:\/\/www.deliciouswithout.com\/fr\/pain\/pita\/tomate-sechee-au-soleil-et-olive-noire\/#primaryimage","url":"http:\/\/www.deliciouswithout.com\/wp-content\/uploads\/2014\/02\/sundried-pita.jpg","contentUrl":"http:\/\/www.deliciouswithout.com\/wp-content\/uploads\/2014\/02\/sundried-pita.jpg"},{"@type":"BreadcrumbList","@id":"https:\/\/www.deliciouswithout.com\/fr\/pain\/pita\/tomate-sechee-au-soleil-et-olive-noire\/#breadcrumb","itemListElement":[{"@type":"ListItem","position":1,"name":"Accueil","item":"https:\/\/www.deliciouswithout.com\/fr\/"},{"@type":"ListItem","position":2,"name":"Pain","item":"http:\/\/www.deliciouswithout.com\/fr\/pain\/"},{"@type":"ListItem","position":3,"name":"Pita","item":"https:\/\/www.deliciouswithout.com\/fr\/pain\/pita\/"},{"@type":"ListItem","position":4,"name":"Tomate s\u00e9ch\u00e9e au soleil et olive noire"}]},{"@type":"WebSite","@id":"http:\/\/www.deliciouswithout.com\/#website","url":"http:\/\/www.deliciouswithout.com\/","name":"deliciouswithout.com","description":"D\u00e9licieux Sans Gluten, Produits Latiers, Arachides, Noix","potentialAction":[{"@type":"SearchAction","target":{"@type":"EntryPoint","urlTemplate":"http:\/\/www.deliciouswithout.com\/?s={search_term_string}"},"query-input":{"@type":"PropertyValueSpecification","valueRequired":true,"valueName":"search_term_string"}}],"inLanguage":"fr-FR"}]}},"_links":{"self":[{"href":"http:\/\/www.deliciouswithout.com\/fr\/wp-json\/wp\/v2\/pages\/2449","targetHints":{"allow":["GET"]}}],"collection":[{"href":"http:\/\/www.deliciouswithout.com\/fr\/wp-json\/wp\/v2\/pages"}],"about":[{"href":"http:\/\/www.deliciouswithout.com\/fr\/wp-json\/wp\/v2\/types\/page"}],"author":[{"embeddable":true,"href":"http:\/\/www.deliciouswithout.com\/fr\/wp-json\/wp\/v2\/users\/1"}],"replies":[{"embeddable":true,"href":"http:\/\/www.deliciouswithout.com\/fr\/wp-json\/wp\/v2\/comments?post=2449"}],"version-history":[{"count":0,"href":"http:\/\/www.deliciouswithout.com\/fr\/wp-json\/wp\/v2\/pages\/2449\/revisions"}],"up":[{"embeddable":true,"href":"http:\/\/www.deliciouswithout.com\/fr\/wp-json\/wp\/v2\/pages\/983"}],"wp:attachment":[{"href":"http:\/\/www.deliciouswithout.com\/fr\/wp-json\/wp\/v2\/media?parent=2449"}],"curies":[{"name":"wp","href":"https:\/\/api.w.org\/{rel}","templated":true}]}}