{"id":3269,"date":"2014-03-26T19:00:24","date_gmt":"2014-03-26T23:00:24","guid":{"rendered":"http:\/\/www.motherhoodincorporated.ca\/dwgavada\/?page_id=3269"},"modified":"2019-10-21T17:24:34","modified_gmt":"2019-10-21T21:24:34","slug":"temoignages","status":"publish","type":"page","link":"http:\/\/www.deliciouswithout.com\/fr\/temoignages\/","title":{"rendered":"T\u00e9moignages"},"content":{"rendered":"<p>Voici quelques t\u00e9moignages et commentaires r\u00e9cents que nos clients nous ont envoy\u00e9s.<\/p>\n<hr \/>\n<blockquote class=\"\">\n<div class=\"\">\n<div class=\"\">Hi there.<\/div>\n<h3>My husband, daughter and I had dinner last night at Montebello. We had the amazing pleasure of having your dinner rolls. And oh my goodness it was honestly the best part of dinner. To see the joy in my husband and daughters eyes was priceless. We live in Ottawa, Ontario. And we are across the bridge from Gatineau. Could you please tell me where we could buy this amazing bread? Thank you. And keep up the great baking. You are changing lives.<\/h3>\n<div class=\"\" style=\"text-align: right;\">GABRIELLA PAPINEAU.<\/div>\n<\/div>\n<\/blockquote>\n<hr \/>\n<blockquote class=\"\"><p>Good evening Miriam Pearl,<\/p>\n<h3 style=\"text-align: center;\">I just watched you on global news Toronto this evening, and what a great story! \u00a0I am so happy to see there are bakeries for people who suffer from celiacs disease. \u00a0I know how frustrating it can be for the person that suffers from this disease. \u00a0My grandmother had celiacs disease and died from complications in 1989. \u00a0I remember my grandmother getting upset not being able to eat the foods she loved, and being German made it difficult for her. \u00a0I know you understand as your children suffered from the same disease. \u00a0<br class=\"\" \/>It&rsquo;s great to know there are bakeries, especially yours that caters to the different food allergies. \u00a0I even see more and more in the grocery stores all the gluten free choices available. \u00a0Unfortunately there was not many food choices back in the 80&rsquo;s.<\/h3>\n<p style=\"text-align: right;\"><em>Great story! \u00a0You are an inspiration!<\/em><br class=\"\" \/><em>Sincerely,<\/em><br class=\"\" \/><em>Tara Oliver<\/em><\/p>\n<\/blockquote>\n<hr \/>\n<div><img decoding=\"async\" class=\"aligncenter wp-image-7470 size-full\" src=\"http:\/\/www.deliciouswithout.com\/wp-content\/uploads\/2018\/10\/DWG-review.png\" alt=\"\" width=\"560\" height=\"315\" srcset=\"http:\/\/www.deliciouswithout.com\/wp-content\/uploads\/2018\/10\/DWG-review-200x113.png 200w, http:\/\/www.deliciouswithout.com\/wp-content\/uploads\/2018\/10\/DWG-review-300x169.png 300w, http:\/\/www.deliciouswithout.com\/wp-content\/uploads\/2018\/10\/DWG-review-400x225.png 400w, http:\/\/www.deliciouswithout.com\/wp-content\/uploads\/2018\/10\/DWG-review-500x281.png 500w, http:\/\/www.deliciouswithout.com\/wp-content\/uploads\/2018\/10\/DWG-review.png 560w\" sizes=\"(max-width: 560px) 100vw, 560px\" \/><\/div>\n<div><\/div>\n<div class=\"separator\">I was recently contacted by the folks at\u00a0<a href=\"http:\/\/www.deliciouswithout.com\/\" target=\"_blank\" rel=\"noopener noreferrer\">Delicious Without Gluten<\/a>\u00a0and asked if I would like to review some of their products. They were kind enough to send me a lovely care pack with a variety of their baked goods.<\/div>\n<h3>Some quick facts about Delicious Without Gluten<\/h3>\n<div>\n<ul>\n<li>Everything is made without gluten, dairy, peanuts and tree nuts<\/li>\n<li>They are certified by the Canadian Celiac Association, thus bearing the logo<\/li>\n<li>Products are Kosher<\/li>\n<li>They have expanded into the Foodservice industry,\u00a0offering a variety of goods to cafeterias, hospitals, convention centers, and restaurants<\/li>\n<li>A Canadian company, based out of Quebec<\/li>\n<li>They offer custom orders<\/li>\n<li>You can find their products throughout Ontario and Quebec<\/li>\n<li>Everything freezes and defrosts beautifully<\/li>\n<\/ul>\n<\/div>\n<h3>So What Did I think?<\/h3>\n<div>Full disclosure: I had heard a lot about Delicious Without Gluten and was beyond excited to sample away. One of the first things that I noticed was how fresh everything smelled and tasted. You can really tell that that a lot of thought has been put into creating this product line.<\/div>\n<div><\/div>\n<div>I&rsquo;m happy to report that the bread items can be enjoyed without the use of a toaster. That&rsquo;s right, they were light, airy and didn&rsquo;t fall apart. Awards should be given out for gluten-free bread that can be eaten sans toaster. But, if you do enjoy your bread products toasted, they fair well in the toaster as well. Both the bread and paninis make fantastic sandwiches.<\/div>\n<p class=\"p1\"><a href=\"https:\/\/www.glutenfreedoll.com\/2018\/10\/review-delicious-without-gluten.html\" target=\"_blank\" rel=\"noopener noreferrer\">CLICK HERE<\/a>\u00a0to read on&#8230;.<\/p>\n<hr \/>\n<blockquote>\n<h3 style=\"text-align: center;\">That time the woman who taught you how to make gluten free saved your procrastinating butt with sugar cookie dough so you could bake ALL THE SUGAR COOKIES for your food allergy&rsquo;s kid birthday party!! Thank you Miriam Pearl!!<\/h3>\n<\/blockquote>\n<p style=\"text-align: right;\"><em>Diana Lyrintzis<\/em><img decoding=\"async\" class=\"wp-image-7475 alignright\" src=\"https:\/\/www.deliciouswithout.com\/wp-content\/uploads\/2018\/10\/1513313788Two-Pink-Hearts-Emoji-Png-150x150.png\" alt=\"\" width=\"43\" height=\"43\" srcset=\"http:\/\/www.deliciouswithout.com\/wp-content\/uploads\/2018\/10\/1513313788Two-Pink-Hearts-Emoji-Png-66x66.png 66w, http:\/\/www.deliciouswithout.com\/wp-content\/uploads\/2018\/10\/1513313788Two-Pink-Hearts-Emoji-Png-100x100.png 100w, http:\/\/www.deliciouswithout.com\/wp-content\/uploads\/2018\/10\/1513313788Two-Pink-Hearts-Emoji-Png-150x150.png 150w, http:\/\/www.deliciouswithout.com\/wp-content\/uploads\/2018\/10\/1513313788Two-Pink-Hearts-Emoji-Png-200x200.png 200w, http:\/\/www.deliciouswithout.com\/wp-content\/uploads\/2018\/10\/1513313788Two-Pink-Hearts-Emoji-Png-300x300.png 300w, http:\/\/www.deliciouswithout.com\/wp-content\/uploads\/2018\/10\/1513313788Two-Pink-Hearts-Emoji-Png-400x400.png 400w, http:\/\/www.deliciouswithout.com\/wp-content\/uploads\/2018\/10\/1513313788Two-Pink-Hearts-Emoji-Png-500x500.png 500w, http:\/\/www.deliciouswithout.com\/wp-content\/uploads\/2018\/10\/1513313788Two-Pink-Hearts-Emoji-Png-600x600.png 600w, http:\/\/www.deliciouswithout.com\/wp-content\/uploads\/2018\/10\/1513313788Two-Pink-Hearts-Emoji-Png.png 640w\" sizes=\"(max-width: 43px) 100vw, 43px\" \/><\/p>\n<p>&nbsp;<\/p>\n<hr \/>\n<h3><strong>Armande Jauvin<\/strong><\/h3>\n<div>F\u00e9licitations ! Coeliaque \u00a0depuis 27 ans et adorant le pain , j&rsquo;ai go\u00fbt\u00e9 \u00e0 tous les pains auxquels j&rsquo;ai eu acc\u00e8s . Le v\u00f4tre est le tout premier qui me ram\u00e8ne au go\u00fbt du v\u00e9ritable pain . J&rsquo;ai m\u00eame retrouv\u00e9 le vrai go\u00fbt du hotdog de mon enfance en utilisant votre pain panini . J&rsquo;ai bien h\u00e2te de go\u00fbter d&rsquo;autres produits . MERCI BEAUCOUP !<\/div>\n<hr \/>\n<h3>Adele Weinstein<\/h3>\n<div dir=\"ltr\">The chocolate gluten free hamantaschen were DELICIOUS .<\/div>\n<div dir=\"ltr\">As I have Celiac and I keep kosher, it has been a challenge to eat special holiday treats. I&rsquo;ve tried to make hamantaschen, but they \u00a0usually have a \u00ab\u00a0different taste\u00a0\u00bb. My husband recently started eating gluten free and my 27 year old son has been anaphylatic to nuts and seeds for 21 years.<\/div>\n<div dir=\"ltr\">It \u00a0surprises me that Toronto doesn&rsquo;t have a kosher bakery that makes gluten free baked goods. Anyways, thank you from the entire family.<\/div>\n<div dir=\"ltr\">Keep baking Delicious without Gluten.<\/div>\n<div dir=\"ltr\">\n<hr \/>\n<\/div>\n<h3 dir=\"ltr\">Sylvie<\/h3>\n<p>Bonjour j ai eu le plaisir de gouter a vos petit pain rond et vos pain a panini ces les meilleur que j ai mang\u00e9 a date je souffre de la maladie coeliaque depuis 2003 et je ne mangeais pas souvent de pain parce que je ne trouvais rien de bon mais maintenant je suis revenue en bon terme avec le pain grace a vous il me manquais justement des pain pita et je vois que nous allons pouvoir en trouv\u00e9 tr\u00e8s bient\u00f4t j ai bien hate de les savourer merci encore pour avoir chang\u00e9 ma vie.<\/p>\n<div style=\"color: #444444;\">\n<hr \/>\n<h3>Carol<\/h3>\n<div class=\"\">Hi Miriam, Thank you SO much for last night. It was a fun time- with GREAT takeaways!<\/div>\n<div class=\"\">Last night I had Allie test out an end of the medium sized baguette with a slice of roasted chicken, some lettuce and ketchup, and she loved it! This is a kid who never ate sandwiches before her diagnosis 5 years ago- and has had very few lunch options since then. I could have cried! She looked like a regular kid eating a very appealing looking sandwich. I was about to write that you can&rsquo;t possibly know what a big deal that is- but I think that you would know. Thank you, thank you, thank you.<\/div>\n<div class=\"\">Any time that you make more of those, I would love to get more. Let me know&#8230;<\/div>\n<div class=\"\">Have a great weekend!<\/div>\n<h3>Yvonne C<\/h3>\n<\/div>\n<div style=\"color: #444444;\">Hi Miriam!\u00a0I tried your pitas this weekend for pizza and they were so amazing I told everyone I knew&#8230; Straight from the freezer, put some sauce and cheese and veggies on it and put it in the oven. \u00a0Came out perfect&#8230; Crispy on the bottom, soft on the inside, and not paper thin like most other gluten-free crusts.<\/div>\n<div style=\"color: #444444;\">Loving pizza again thanks to you.<\/div>\n<h3>Anne x.<\/h3>\n<p>I saw your booth at the show, and tried one of your cupcakes, and without a doubt, one of the best cupcakes I\u2019ve ever had. I couldn\u2019t believe how moist it was. Most gluten free cupcakes, to me at least, have a weird texture, but not yours. It literally tasted better than a regular cupcake!<\/p>\n<h3>Genevi\u00e8ve Boissonneault<\/h3>\n<div data-reactid=\".2k.1.0.1.$mid=11403475551057=2e5938f914ac20c4d69.0.1.0.$right.0.0.1\"><span class=\"ecx_3qi9\" data-reactid=\".2k.1.0.1.$mid=11403475551057=2e5938f914ac20c4d69.0.1.0.$right.0.0.1.0\">Hi!! A BIG Thank you for the wonderful cooking class (June 2014)!! My daughters loved it and want to go back next week! (They were so sad when I told them it would only be in August). Eve (my youngest with Celiac) says she wants to become a chef, just like you! Your kids are so nice and polite! Thanks again!! Message from Anna and Eve: Bonjour Mme Miriam, Merci pour le merveilleux cours de cuisine! C&rsquo;\u00e9tait vraiment bon. Nous avons h\u00e2te au prochain cours!! Merci encore, Anna (9 ans) et Eve (6 ans).<\/span><\/div>\n<h3>Carol Bernstein<\/h3>\n<p>Just ordered 50 beautiful, delicious cupcakes for my daughter to take to school for her birthday. Everybody LOVED them!!! No one could tell that they were gluten free, and some teachers were asking for the name of the bakery they were from! An amazing treat&#8230;<\/p>\n<p>Delicious Without&rsquo;s schnitzel is a great find. The chicken is pounded so thin, that I can pull the packages out of the freezer, have them defrost in less than half an hour- put them in the oven, and have a great chicken dish in no time! Paired with the latkes, they make a dinner my whole family loves. The cupcakes are delicious- and the decoration- exquisite! Delicious Without will decorate them any way you like.<\/p>\n<h3>Suzanne Deschamps<\/h3>\n<p>Ch\u00e8re Miriam, Juste un petit mot pour vous dire combien notre famille appr\u00e9cie vos produits et particuli\u00e8rement vos pitas et vos muffins que nous mangeons au d\u00e9jeuner ou comme collation &#8211; sans mentionner qu\u2019un de vos petits\u00a0<i>cupcake<\/i>\u00a0\u00e0 l\u2019occasion est vraiment agr\u00e9able. Dans un monde o\u00f9 la liste d\u2019additifs de certains produits peut \u00eatre tr\u00e8s longue, D\u00e9licieux sans gluten nous offre des collations ou des accompagnements comme ceux que nous pouvons faire \u00e0 la maison sans que nous ayons \u00e0 les cuisiner. Vous le faites pour nous! Je vous assure que vos biscuits aux brisures de chocolat font un super cadeau lorsque nous sommes invit\u00e9s chez des amis. Un vrai d\u00e9lice\u2026 Merci! P.s. Seul hic, nous aimerions pouvoir acheter vos produits dans plus d\u2019endroits.<\/p>\n<h3>Amy Flynn<\/h3>\n<p>The Best Gluten Food I have ever tasted! Soups are so delicious, I had soup for 1 week everyday for supper! Thanks Miriam!<\/p>\n<h3>Joanne Lapierre<\/h3>\n<p>The best gluten free baking I have ever tasted! Thank you<\/p>\n<h3>Amy Grauer Budd<\/h3>\n<p>I just wanted to drop you a line to tell you a big thanks! Back in 2011 when i was finally properly diagnosed, i was relived to learn i was Celiac (and there was something causing my years of suffering) and sad to find out all the foods i was no longer allowed to eat&#8230;until i met you\u00a0<i><\/i>You gave me hope that i can still have GOOD delicious food and NOT suffer any consequences! From your yummy cupcakes (which i can eat in one sitting by the way), to your latkas\u00a0(which i no longer have to drool over the fact my entire family can eat them when i could not!). The fact that you cater to two of my allergies (celiac &amp; lactose) is amazing! Your food is awesome and you give such great customer service! Always there to help me last minute (so sorry i am so disorganized sometimes!) when i need something quick for an event! Thank You!!! \u2665\u2665\u2665 Yours truly, a sincerely happy customer, Amy!<\/p>\n<h3>Rivky Shuchat<\/h3>\n<p>Thanks for the Challah recipe. Just made them and they came out great! Excited to have more normal bread again Cheryl Libman Best birthday cake ever&#8230;hubby had one made for me at Delicious Without Gluten Dairy Free and Gluten Free and I swear you would NEVER know it\u2026 Monica I&rsquo;m decidedly in love with those breakfast muffins and don&rsquo;t know how you get them SOOOO fluffy and light. \u00a0When are they available in Ottawa???? \u00a0Wow! \u00a0And your crumble is amazing. \u00a0My husband has eaten about half of it already, while I&rsquo;ve been more moderate (but that&rsquo;s only because baby is taking up so much real estate that food isn&rsquo;t getting much space!!). \u00a0But it will be done tonight :). \u00a0Your topping is so good, and the filling is so &lsquo;real&rsquo;!! \u00a0We love love love it!!! \u00a0The pita is waiting for an occasion in the freezer and I&rsquo;m sure it won&rsquo;t disappoint :).<\/p>\n<h3>Monica<\/h3>\n<p>I&rsquo;m decidedly in love with those breakfast muffins and don&rsquo;t know how you get them SOOOO fluffy and light. When are they available in Ottawa???? Wow! And your crumble is amazing. My husband has eaten about half of it already, while I&rsquo;ve been more moderate (but that&rsquo;s only because baby is taking up so much real estate that food isn&rsquo;t getting much space!!). But it will be done tonight :). Your topping is so good, and the filling is so &lsquo;real&rsquo;!! We love love love it!!! The pita is waiting for an occasion in the freezer and I&rsquo;m sure it won&rsquo;t disappoint :).<\/p>\n","protected":false},"excerpt":{"rendered":"<p>Voici quelques t\u00e9moignages et commentaires r\u00e9cents que nos clients nous ont envoy\u00e9s. Hi there. My husband, daughter and I had dinner last night at Montebello. We had the amazing pleasure of having your dinner rolls. And oh my goodness it was honestly the best part of dinner. To see the joy in my husband and  [&#8230;]<\/p>\n","protected":false},"author":1,"featured_media":0,"parent":0,"menu_order":0,"comment_status":"open","ping_status":"open","template":"","meta":{"_acf_changed":false,"wprm-recipe-roundup-name":"","wprm-recipe-roundup-description":"","footnotes":""},"class_list":["post-3269","page","type-page","status-publish","hentry"],"acf":[],"yoast_head":"<!-- This site is optimized with the Yoast SEO plugin v27.3 - https:\/\/yoast.com\/product\/yoast-seo-wordpress\/ -->\n<title>T\u00e9moignages - deliciouswithout.com<\/title>\n<meta name=\"description\" content=\"T\u00e9moignages de nos clients ayant consomm\u00e9 nos produits de D\u00e9licieux Sans Gluten.\" \/>\n<meta name=\"robots\" content=\"index, follow, max-snippet:-1, max-image-preview:large, max-video-preview:-1\" \/>\n<link rel=\"canonical\" href=\"https:\/\/www.deliciouswithout.com\/testimonials\/\" \/>\n<meta property=\"og:locale\" content=\"fr_FR\" \/>\n<meta property=\"og:type\" content=\"article\" \/>\n<meta property=\"og:title\" content=\"T\u00e9moignages - deliciouswithout.com\" \/>\n<meta property=\"og:description\" content=\"T\u00e9moignages de nos clients ayant consomm\u00e9 nos produits de D\u00e9licieux Sans Gluten.\" \/>\n<meta property=\"og:url\" content=\"https:\/\/www.deliciouswithout.com\/testimonials\/\" \/>\n<meta property=\"og:site_name\" content=\"deliciouswithout.com\" \/>\n<meta property=\"article:modified_time\" content=\"2019-10-21T21:24:34+00:00\" \/>\n<meta property=\"og:image\" content=\"http:\/\/www.deliciouswithout.com\/wp-content\/uploads\/2018\/10\/DWG-review.png\" \/>\n<meta name=\"twitter:label1\" content=\"Dur\u00e9e de lecture estim\u00e9e\" \/>\n\t<meta name=\"twitter:data1\" content=\"9 minutes\" \/>\n<script type=\"application\/ld+json\" class=\"yoast-schema-graph\">{\"@context\":\"https:\\\/\\\/schema.org\",\"@graph\":[{\"@type\":\"WebPage\",\"@id\":\"https:\\\/\\\/www.deliciouswithout.com\\\/testimonials\\\/\",\"url\":\"https:\\\/\\\/www.deliciouswithout.com\\\/testimonials\\\/\",\"name\":\"T\u00e9moignages - deliciouswithout.com\",\"isPartOf\":{\"@id\":\"https:\\\/\\\/www.deliciouswithout.com\\\/fr\\\/#website\"},\"primaryImageOfPage\":{\"@id\":\"https:\\\/\\\/www.deliciouswithout.com\\\/testimonials\\\/#primaryimage\"},\"image\":{\"@id\":\"https:\\\/\\\/www.deliciouswithout.com\\\/testimonials\\\/#primaryimage\"},\"thumbnailUrl\":\"http:\\\/\\\/www.deliciouswithout.com\\\/wp-content\\\/uploads\\\/2018\\\/10\\\/DWG-review.png\",\"datePublished\":\"2014-03-26T23:00:24+00:00\",\"dateModified\":\"2019-10-21T21:24:34+00:00\",\"description\":\"T\u00e9moignages de nos clients ayant consomm\u00e9 nos produits de D\u00e9licieux Sans Gluten.\",\"breadcrumb\":{\"@id\":\"https:\\\/\\\/www.deliciouswithout.com\\\/testimonials\\\/#breadcrumb\"},\"inLanguage\":\"fr-FR\",\"potentialAction\":[{\"@type\":\"ReadAction\",\"target\":[\"https:\\\/\\\/www.deliciouswithout.com\\\/testimonials\\\/\"]}]},{\"@type\":\"ImageObject\",\"inLanguage\":\"fr-FR\",\"@id\":\"https:\\\/\\\/www.deliciouswithout.com\\\/testimonials\\\/#primaryimage\",\"url\":\"http:\\\/\\\/www.deliciouswithout.com\\\/wp-content\\\/uploads\\\/2018\\\/10\\\/DWG-review.png\",\"contentUrl\":\"http:\\\/\\\/www.deliciouswithout.com\\\/wp-content\\\/uploads\\\/2018\\\/10\\\/DWG-review.png\"},{\"@type\":\"BreadcrumbList\",\"@id\":\"https:\\\/\\\/www.deliciouswithout.com\\\/testimonials\\\/#breadcrumb\",\"itemListElement\":[{\"@type\":\"ListItem\",\"position\":1,\"name\":\"Accueil\",\"item\":\"https:\\\/\\\/www.deliciouswithout.com\\\/fr\\\/\"},{\"@type\":\"ListItem\",\"position\":2,\"name\":\"T\u00e9moignages\"}]},{\"@type\":\"WebSite\",\"@id\":\"https:\\\/\\\/www.deliciouswithout.com\\\/fr\\\/#website\",\"url\":\"https:\\\/\\\/www.deliciouswithout.com\\\/fr\\\/\",\"name\":\"deliciouswithout.com\",\"description\":\"D\u00e9licieux Sans Gluten, Produits Latiers, Arachides, Noix\",\"potentialAction\":[{\"@type\":\"SearchAction\",\"target\":{\"@type\":\"EntryPoint\",\"urlTemplate\":\"https:\\\/\\\/www.deliciouswithout.com\\\/fr\\\/?s={search_term_string}\"},\"query-input\":{\"@type\":\"PropertyValueSpecification\",\"valueRequired\":true,\"valueName\":\"search_term_string\"}}],\"inLanguage\":\"fr-FR\"}]}<\/script>\n<!-- \/ Yoast SEO plugin. -->","yoast_head_json":{"title":"T\u00e9moignages - deliciouswithout.com","description":"T\u00e9moignages de nos clients ayant consomm\u00e9 nos produits de D\u00e9licieux Sans Gluten.","robots":{"index":"index","follow":"follow","max-snippet":"max-snippet:-1","max-image-preview":"max-image-preview:large","max-video-preview":"max-video-preview:-1"},"canonical":"https:\/\/www.deliciouswithout.com\/testimonials\/","og_locale":"fr_FR","og_type":"article","og_title":"T\u00e9moignages - deliciouswithout.com","og_description":"T\u00e9moignages de nos clients ayant consomm\u00e9 nos produits de D\u00e9licieux Sans Gluten.","og_url":"https:\/\/www.deliciouswithout.com\/testimonials\/","og_site_name":"deliciouswithout.com","article_modified_time":"2019-10-21T21:24:34+00:00","og_image":[{"url":"http:\/\/www.deliciouswithout.com\/wp-content\/uploads\/2018\/10\/DWG-review.png","type":"","width":"","height":""}],"twitter_misc":{"Dur\u00e9e de lecture estim\u00e9e":"9 minutes"},"schema":{"@context":"https:\/\/schema.org","@graph":[{"@type":"WebPage","@id":"https:\/\/www.deliciouswithout.com\/testimonials\/","url":"https:\/\/www.deliciouswithout.com\/testimonials\/","name":"T\u00e9moignages - deliciouswithout.com","isPartOf":{"@id":"https:\/\/www.deliciouswithout.com\/fr\/#website"},"primaryImageOfPage":{"@id":"https:\/\/www.deliciouswithout.com\/testimonials\/#primaryimage"},"image":{"@id":"https:\/\/www.deliciouswithout.com\/testimonials\/#primaryimage"},"thumbnailUrl":"http:\/\/www.deliciouswithout.com\/wp-content\/uploads\/2018\/10\/DWG-review.png","datePublished":"2014-03-26T23:00:24+00:00","dateModified":"2019-10-21T21:24:34+00:00","description":"T\u00e9moignages de nos clients ayant consomm\u00e9 nos produits de D\u00e9licieux Sans Gluten.","breadcrumb":{"@id":"https:\/\/www.deliciouswithout.com\/testimonials\/#breadcrumb"},"inLanguage":"fr-FR","potentialAction":[{"@type":"ReadAction","target":["https:\/\/www.deliciouswithout.com\/testimonials\/"]}]},{"@type":"ImageObject","inLanguage":"fr-FR","@id":"https:\/\/www.deliciouswithout.com\/testimonials\/#primaryimage","url":"http:\/\/www.deliciouswithout.com\/wp-content\/uploads\/2018\/10\/DWG-review.png","contentUrl":"http:\/\/www.deliciouswithout.com\/wp-content\/uploads\/2018\/10\/DWG-review.png"},{"@type":"BreadcrumbList","@id":"https:\/\/www.deliciouswithout.com\/testimonials\/#breadcrumb","itemListElement":[{"@type":"ListItem","position":1,"name":"Accueil","item":"https:\/\/www.deliciouswithout.com\/fr\/"},{"@type":"ListItem","position":2,"name":"T\u00e9moignages"}]},{"@type":"WebSite","@id":"https:\/\/www.deliciouswithout.com\/fr\/#website","url":"https:\/\/www.deliciouswithout.com\/fr\/","name":"deliciouswithout.com","description":"D\u00e9licieux Sans Gluten, Produits Latiers, Arachides, Noix","potentialAction":[{"@type":"SearchAction","target":{"@type":"EntryPoint","urlTemplate":"https:\/\/www.deliciouswithout.com\/fr\/?s={search_term_string}"},"query-input":{"@type":"PropertyValueSpecification","valueRequired":true,"valueName":"search_term_string"}}],"inLanguage":"fr-FR"}]}},"_links":{"self":[{"href":"http:\/\/www.deliciouswithout.com\/fr\/wp-json\/wp\/v2\/pages\/3269","targetHints":{"allow":["GET"]}}],"collection":[{"href":"http:\/\/www.deliciouswithout.com\/fr\/wp-json\/wp\/v2\/pages"}],"about":[{"href":"http:\/\/www.deliciouswithout.com\/fr\/wp-json\/wp\/v2\/types\/page"}],"author":[{"embeddable":true,"href":"http:\/\/www.deliciouswithout.com\/fr\/wp-json\/wp\/v2\/users\/1"}],"replies":[{"embeddable":true,"href":"http:\/\/www.deliciouswithout.com\/fr\/wp-json\/wp\/v2\/comments?post=3269"}],"version-history":[{"count":0,"href":"http:\/\/www.deliciouswithout.com\/fr\/wp-json\/wp\/v2\/pages\/3269\/revisions"}],"wp:attachment":[{"href":"http:\/\/www.deliciouswithout.com\/fr\/wp-json\/wp\/v2\/media?parent=3269"}],"curies":[{"name":"wp","href":"https:\/\/api.w.org\/{rel}","templated":true}]}}