{"id":3325,"date":"2014-03-26T15:13:46","date_gmt":"2014-03-26T19:13:46","guid":{"rendered":"http:\/\/www.motherhoodincorporated.ca\/dwgavada\/?page_id=3325"},"modified":"2017-02-24T18:39:04","modified_gmt":"2017-02-24T23:39:04","slug":"produits-vente-au-detail","status":"publish","type":"page","link":"http:\/\/www.deliciouswithout.com\/fr\/produits-vente-au-detail\/","title":{"rendered":"Vente au d\u00e9tail"},"content":{"rendered":"<p>Bienvenue chez D\u00e9licieux Sans Gluten Inc. Nous sommes une compagnie sans gluten, sans arachides, sans noix et sans produits laitiers. Nos produits sont certifi\u00e9s sans gluten par le <a href=\"http:\/\/www.glutenfreecertification.ca\" target=\"_blank\">Gluten-Free Certification Program<\/a> (GFCP) et certifi\u00e9s Casher par le Certificateur Casher du Canada (MK). Cliquez sur les bo\u00eetes ci-dessous pour voir plus de d\u00e9tails sur nos produits ou bien sur la fa\u00e7on de commander.<\/p>\n<div class=\"fusion-fullwidth fullwidth-box fusion-builder-row-1 hundred-percent-fullwidth non-hundred-percent-height-scrolling\" style=\"--awb-border-radius-top-left:0px;--awb-border-radius-top-right:0px;--awb-border-radius-bottom-right:0px;--awb-border-radius-bottom-left:0px;--awb-overflow:visible;--awb-flex-wrap:wrap;\" ><div class=\"fusion-builder-row fusion-row\"><div class=\"fusion-layout-column fusion_builder_column fusion-builder-column-0 fusion_builder_column_1_4 1_4 fusion-one-fourth fusion-column-first\" style=\"--awb-bg-size:cover;width:25%;width:calc(25% - ( ( 4% + 4% + 4% ) * 0.25 ) );margin-right: 4%;\"><div class=\"fusion-column-wrapper fusion-flex-column-wrapper-legacy\">\n<p><a title=\"Pita\" href=\"\/dwgavada\/?page_id=983\"><img decoding=\"async\" class=\"aligncenter size-full wp-image-3365\" src=\"http:\/\/www.deliciouswithout.com\/wp-content\/uploads\/2012\/09\/pita-sandwich-may-13.jpg\" alt=\"pita-sandwich-may-13\" width=\"350\" height=\"400\" srcset=\"http:\/\/www.deliciouswithout.com\/wp-content\/uploads\/2012\/09\/pita-sandwich-may-13-262x300.jpg 262w, http:\/\/www.deliciouswithout.com\/wp-content\/uploads\/2012\/09\/pita-sandwich-may-13.jpg 350w\" sizes=\"(max-width: 350px) 100vw, 350px\" \/><\/a><\/p>\n<h2 style=\"text-align: center;\"><a title=\"Pita\" href=\"\/dwgavada\/?page_id=983\">Pitas<\/a><\/h2>\n<p style=\"text-align: center;\">\u00a0<div class=\"fusion-clearfix\"><\/div><\/div><\/div><div class=\"fusion-layout-column fusion_builder_column fusion-builder-column-1 fusion_builder_column_1_4 1_4 fusion-one-fourth\" style=\"--awb-bg-size:cover;width:25%;width:calc(25% - ( ( 4% + 4% + 4% ) * 0.25 ) );margin-right: 4%;\"><div class=\"fusion-column-wrapper fusion-flex-column-wrapper-legacy\">\n<p><a title=\"Muffins\" href=\"\/dwgavada\/?page_id=989\"><img decoding=\"async\" class=\"aligncenter size-full wp-image-2594\" src=\"http:\/\/www.deliciouswithout.com\/wp-content\/uploads\/2014\/03\/muffins.jpg\" alt=\"muffins\" width=\"350\" height=\"400\" srcset=\"http:\/\/www.deliciouswithout.com\/wp-content\/uploads\/2014\/03\/muffins-170x195.jpg 170w, http:\/\/www.deliciouswithout.com\/wp-content\/uploads\/2014\/03\/muffins-262x300.jpg 262w, http:\/\/www.deliciouswithout.com\/wp-content\/uploads\/2014\/03\/muffins.jpg 350w\" sizes=\"(max-width: 350px) 100vw, 350px\" \/><\/a><\/p>\n<h2 style=\"text-align: center;\"><a title=\"Muffins\" href=\"\/dwgavada\/?page_id=989\">Muffins<\/a><\/h2>\n<p style=\"text-align: center;\">\u00a0<div class=\"fusion-clearfix\"><\/div><\/div><\/div><div class=\"fusion-layout-column fusion_builder_column fusion-builder-column-2 fusion_builder_column_1_4 1_4 fusion-one-fourth\" style=\"--awb-bg-size:cover;width:25%;width:calc(25% - ( ( 4% + 4% + 4% ) * 0.25 ) );margin-right: 4%;\"><div class=\"fusion-column-wrapper fusion-flex-column-wrapper-legacy\">\n<p><a title=\"Petits g\u00e2teaux gla\u00e7age chocolat et vanille\" href=\"\/dwgavada\/?page_id=2542\"><img decoding=\"async\" class=\"aligncenter size-full wp-image-2590\" src=\"http:\/\/www.deliciouswithout.com\/wp-content\/uploads\/2014\/03\/cupcake.jpg\" alt=\"cupcake\" width=\"350\" height=\"400\" srcset=\"http:\/\/www.deliciouswithout.com\/wp-content\/uploads\/2014\/03\/cupcake-170x195.jpg 170w, http:\/\/www.deliciouswithout.com\/wp-content\/uploads\/2014\/03\/cupcake-262x300.jpg 262w, http:\/\/www.deliciouswithout.com\/wp-content\/uploads\/2014\/03\/cupcake.jpg 350w\" sizes=\"(max-width: 350px) 100vw, 350px\" \/><\/a><\/p>\n<h2 style=\"text-align: center;\"><a title=\"Petits g\u00e2teaux gla\u00e7age chocolat et vanille\" href=\"\/dwgavada\/?page_id=2542\">Petits g\u00e2teaux<\/a><\/h2>\n<div class=\"fusion-clearfix\"><\/div><\/div><\/div><div class=\"fusion-layout-column fusion_builder_column fusion-builder-column-3 fusion_builder_column_1_4 1_4 fusion-one-fourth fusion-column-last\" style=\"--awb-bg-size:cover;width:25%;width:calc(25% - ( ( 4% + 4% + 4% ) * 0.25 ) );\"><div class=\"fusion-column-wrapper fusion-flex-column-wrapper-legacy\">\n<p><a title=\"Pour commander\" href=\"\/dwgavada\/?page_id=3135\"><img decoding=\"async\" class=\"size-full wp-image-3442 aligncenter\" src=\"http:\/\/www.deliciouswithout.com\/wp-content\/uploads\/2014\/03\/orderinfo.png\" alt=\"orderinfo\" width=\"350\" height=\"400\" srcset=\"http:\/\/www.deliciouswithout.com\/wp-content\/uploads\/2014\/03\/orderinfo-262x300.png 262w, http:\/\/www.deliciouswithout.com\/wp-content\/uploads\/2014\/03\/orderinfo.png 350w\" sizes=\"(max-width: 350px) 100vw, 350px\" \/><\/a><\/p>\n<h2 class=\"main_title\" style=\"text-align: center;\"><a title=\"Pour commander\" href=\"\/dwgavada\/?page_id=3135\" target=\"_blank\">Pour commander<\/a><\/h2>\n<div class=\"fusion-clearfix\"><\/div><\/div><\/div><\/div><\/div>\n","protected":false},"excerpt":{"rendered":"<p>Bienvenue chez D\u00e9licieux Sans Gluten Inc. Nous sommes une compagnie sans gluten, sans arachides, sans noix et sans produits laitiers. Nos produits sont certifi\u00e9s sans gluten par le Gluten-Free Certification Program (GFCP) et certifi\u00e9s Casher par le Certificateur Casher du Canada (MK). Cliquez sur les bo\u00eetes ci-dessous pour voir plus de d\u00e9tails sur nos produits  [&#8230;]<\/p>\n","protected":false},"author":1,"featured_media":0,"parent":0,"menu_order":0,"comment_status":"open","ping_status":"closed","template":"","meta":{"_acf_changed":false,"wprm-recipe-roundup-name":"","wprm-recipe-roundup-description":"","footnotes":""},"class_list":["post-3325","page","type-page","status-publish","hentry"],"acf":[],"yoast_head":"<!-- This site is optimized with the Yoast SEO plugin v27.3 - https:\/\/yoast.com\/product\/yoast-seo-wordpress\/ -->\n<title>Vente au d\u00e9tail - deliciouswithout.com<\/title>\n<meta name=\"robots\" content=\"index, follow, max-snippet:-1, max-image-preview:large, max-video-preview:-1\" \/>\n<link rel=\"canonical\" href=\"https:\/\/www.deliciouswithout.com\/products-retailer\/\" \/>\n<meta property=\"og:locale\" content=\"fr_FR\" \/>\n<meta property=\"og:type\" content=\"article\" \/>\n<meta property=\"og:title\" content=\"Vente au d\u00e9tail - deliciouswithout.com\" \/>\n<meta property=\"og:description\" content=\"Bienvenue chez D\u00e9licieux Sans Gluten Inc. Nous sommes une compagnie sans gluten, sans arachides, sans noix et sans produits laitiers. Nos produits sont certifi\u00e9s sans gluten par le Gluten-Free Certification Program (GFCP) et certifi\u00e9s Casher par le Certificateur Casher du Canada (MK). Cliquez sur les bo\u00eetes ci-dessous pour voir plus de d\u00e9tails sur nos produits [...]\" \/>\n<meta property=\"og:url\" content=\"https:\/\/www.deliciouswithout.com\/products-retailer\/\" \/>\n<meta property=\"og:site_name\" content=\"deliciouswithout.com\" \/>\n<meta property=\"article:modified_time\" content=\"2017-02-24T23:39:04+00:00\" \/>\n<meta property=\"og:image\" content=\"http:\/\/www.deliciouswithout.com\/wp-content\/uploads\/2012\/09\/pita-sandwich-may-13.jpg\" \/>\n<meta name=\"twitter:label1\" content=\"Dur\u00e9e de lecture estim\u00e9e\" \/>\n\t<meta name=\"twitter:data1\" content=\"1 minute\" \/>\n<script type=\"application\/ld+json\" class=\"yoast-schema-graph\">{\"@context\":\"https:\\\/\\\/schema.org\",\"@graph\":[{\"@type\":\"WebPage\",\"@id\":\"https:\\\/\\\/www.deliciouswithout.com\\\/products-retailer\\\/\",\"url\":\"https:\\\/\\\/www.deliciouswithout.com\\\/products-retailer\\\/\",\"name\":\"Vente au d\u00e9tail - deliciouswithout.com\",\"isPartOf\":{\"@id\":\"http:\\\/\\\/www.deliciouswithout.com\\\/#website\"},\"primaryImageOfPage\":{\"@id\":\"https:\\\/\\\/www.deliciouswithout.com\\\/products-retailer\\\/#primaryimage\"},\"image\":{\"@id\":\"https:\\\/\\\/www.deliciouswithout.com\\\/products-retailer\\\/#primaryimage\"},\"thumbnailUrl\":\"http:\\\/\\\/www.deliciouswithout.com\\\/wp-content\\\/uploads\\\/2012\\\/09\\\/pita-sandwich-may-13.jpg\",\"datePublished\":\"2014-03-26T19:13:46+00:00\",\"dateModified\":\"2017-02-24T23:39:04+00:00\",\"breadcrumb\":{\"@id\":\"https:\\\/\\\/www.deliciouswithout.com\\\/products-retailer\\\/#breadcrumb\"},\"inLanguage\":\"fr-FR\",\"potentialAction\":[{\"@type\":\"ReadAction\",\"target\":[\"https:\\\/\\\/www.deliciouswithout.com\\\/products-retailer\\\/\"]}]},{\"@type\":\"ImageObject\",\"inLanguage\":\"fr-FR\",\"@id\":\"https:\\\/\\\/www.deliciouswithout.com\\\/products-retailer\\\/#primaryimage\",\"url\":\"http:\\\/\\\/www.deliciouswithout.com\\\/wp-content\\\/uploads\\\/2012\\\/09\\\/pita-sandwich-may-13.jpg\",\"contentUrl\":\"http:\\\/\\\/www.deliciouswithout.com\\\/wp-content\\\/uploads\\\/2012\\\/09\\\/pita-sandwich-may-13.jpg\"},{\"@type\":\"BreadcrumbList\",\"@id\":\"https:\\\/\\\/www.deliciouswithout.com\\\/products-retailer\\\/#breadcrumb\",\"itemListElement\":[{\"@type\":\"ListItem\",\"position\":1,\"name\":\"Accueil\",\"item\":\"https:\\\/\\\/www.deliciouswithout.com\\\/fr\\\/\"},{\"@type\":\"ListItem\",\"position\":2,\"name\":\"Vente au d\u00e9tail\"}]},{\"@type\":\"WebSite\",\"@id\":\"http:\\\/\\\/www.deliciouswithout.com\\\/#website\",\"url\":\"http:\\\/\\\/www.deliciouswithout.com\\\/\",\"name\":\"deliciouswithout.com\",\"description\":\"D\u00e9licieux Sans Gluten, Produits Latiers, Arachides, Noix\",\"potentialAction\":[{\"@type\":\"SearchAction\",\"target\":{\"@type\":\"EntryPoint\",\"urlTemplate\":\"http:\\\/\\\/www.deliciouswithout.com\\\/?s={search_term_string}\"},\"query-input\":{\"@type\":\"PropertyValueSpecification\",\"valueRequired\":true,\"valueName\":\"search_term_string\"}}],\"inLanguage\":\"fr-FR\"}]}<\/script>\n<!-- \/ Yoast SEO plugin. -->","yoast_head_json":{"title":"Vente au d\u00e9tail - deliciouswithout.com","robots":{"index":"index","follow":"follow","max-snippet":"max-snippet:-1","max-image-preview":"max-image-preview:large","max-video-preview":"max-video-preview:-1"},"canonical":"https:\/\/www.deliciouswithout.com\/products-retailer\/","og_locale":"fr_FR","og_type":"article","og_title":"Vente au d\u00e9tail - deliciouswithout.com","og_description":"Bienvenue chez D\u00e9licieux Sans Gluten Inc. Nous sommes une compagnie sans gluten, sans arachides, sans noix et sans produits laitiers. Nos produits sont certifi\u00e9s sans gluten par le Gluten-Free Certification Program (GFCP) et certifi\u00e9s Casher par le Certificateur Casher du Canada (MK). Cliquez sur les bo\u00eetes ci-dessous pour voir plus de d\u00e9tails sur nos produits [...]","og_url":"https:\/\/www.deliciouswithout.com\/products-retailer\/","og_site_name":"deliciouswithout.com","article_modified_time":"2017-02-24T23:39:04+00:00","og_image":[{"url":"http:\/\/www.deliciouswithout.com\/wp-content\/uploads\/2012\/09\/pita-sandwich-may-13.jpg","type":"","width":"","height":""}],"twitter_misc":{"Dur\u00e9e de lecture estim\u00e9e":"1 minute"},"schema":{"@context":"https:\/\/schema.org","@graph":[{"@type":"WebPage","@id":"https:\/\/www.deliciouswithout.com\/products-retailer\/","url":"https:\/\/www.deliciouswithout.com\/products-retailer\/","name":"Vente au d\u00e9tail - deliciouswithout.com","isPartOf":{"@id":"http:\/\/www.deliciouswithout.com\/#website"},"primaryImageOfPage":{"@id":"https:\/\/www.deliciouswithout.com\/products-retailer\/#primaryimage"},"image":{"@id":"https:\/\/www.deliciouswithout.com\/products-retailer\/#primaryimage"},"thumbnailUrl":"http:\/\/www.deliciouswithout.com\/wp-content\/uploads\/2012\/09\/pita-sandwich-may-13.jpg","datePublished":"2014-03-26T19:13:46+00:00","dateModified":"2017-02-24T23:39:04+00:00","breadcrumb":{"@id":"https:\/\/www.deliciouswithout.com\/products-retailer\/#breadcrumb"},"inLanguage":"fr-FR","potentialAction":[{"@type":"ReadAction","target":["https:\/\/www.deliciouswithout.com\/products-retailer\/"]}]},{"@type":"ImageObject","inLanguage":"fr-FR","@id":"https:\/\/www.deliciouswithout.com\/products-retailer\/#primaryimage","url":"http:\/\/www.deliciouswithout.com\/wp-content\/uploads\/2012\/09\/pita-sandwich-may-13.jpg","contentUrl":"http:\/\/www.deliciouswithout.com\/wp-content\/uploads\/2012\/09\/pita-sandwich-may-13.jpg"},{"@type":"BreadcrumbList","@id":"https:\/\/www.deliciouswithout.com\/products-retailer\/#breadcrumb","itemListElement":[{"@type":"ListItem","position":1,"name":"Accueil","item":"https:\/\/www.deliciouswithout.com\/fr\/"},{"@type":"ListItem","position":2,"name":"Vente au d\u00e9tail"}]},{"@type":"WebSite","@id":"http:\/\/www.deliciouswithout.com\/#website","url":"http:\/\/www.deliciouswithout.com\/","name":"deliciouswithout.com","description":"D\u00e9licieux Sans Gluten, Produits Latiers, Arachides, Noix","potentialAction":[{"@type":"SearchAction","target":{"@type":"EntryPoint","urlTemplate":"http:\/\/www.deliciouswithout.com\/?s={search_term_string}"},"query-input":{"@type":"PropertyValueSpecification","valueRequired":true,"valueName":"search_term_string"}}],"inLanguage":"fr-FR"}]}},"_links":{"self":[{"href":"http:\/\/www.deliciouswithout.com\/fr\/wp-json\/wp\/v2\/pages\/3325","targetHints":{"allow":["GET"]}}],"collection":[{"href":"http:\/\/www.deliciouswithout.com\/fr\/wp-json\/wp\/v2\/pages"}],"about":[{"href":"http:\/\/www.deliciouswithout.com\/fr\/wp-json\/wp\/v2\/types\/page"}],"author":[{"embeddable":true,"href":"http:\/\/www.deliciouswithout.com\/fr\/wp-json\/wp\/v2\/users\/1"}],"replies":[{"embeddable":true,"href":"http:\/\/www.deliciouswithout.com\/fr\/wp-json\/wp\/v2\/comments?post=3325"}],"version-history":[{"count":0,"href":"http:\/\/www.deliciouswithout.com\/fr\/wp-json\/wp\/v2\/pages\/3325\/revisions"}],"wp:attachment":[{"href":"http:\/\/www.deliciouswithout.com\/fr\/wp-json\/wp\/v2\/media?parent=3325"}],"curies":[{"name":"wp","href":"https:\/\/api.w.org\/{rel}","templated":true}]}}