{"id":3475,"date":"2014-05-15T00:54:04","date_gmt":"2014-05-15T04:54:04","guid":{"rendered":"http:\/\/www.deliciouswithout.com\/?page_id=3475"},"modified":"2017-02-24T18:38:57","modified_gmt":"2017-02-24T23:38:57","slug":"choco-vanille-gateaux","status":"publish","type":"page","link":"http:\/\/www.deliciouswithout.com\/fr\/choco-vanille-gateaux\/","title":{"rendered":"Choco-Vanille G\u00c2TEAUX"},"content":{"rendered":"<h1><a href=\"http:\/\/www.deliciouswithout.com\/wp-content\/uploads\/2014\/02\/cupcakes_700.jpg\"><img decoding=\"async\" class=\"wp-image-2993 size-full aligncenter\" src=\"http:\/\/www.deliciouswithout.com\/wp-content\/uploads\/2014\/02\/cupcakes_700.jpg\" alt=\"cupcakes_700\" width=\"700\" height=\"217\" srcset=\"http:\/\/www.deliciouswithout.com\/wp-content\/uploads\/2014\/02\/cupcakes_700-300x93.jpg 300w, http:\/\/www.deliciouswithout.com\/wp-content\/uploads\/2014\/02\/cupcakes_700-500x155.jpg 500w, http:\/\/www.deliciouswithout.com\/wp-content\/uploads\/2014\/02\/cupcakes_700.jpg 700w\" sizes=\"(max-width: 700px) 100vw, 700px\" \/><\/a><\/h1>\n<h1>Choco-Vanille G\u00c2TEAUX<\/h1>\n<p>Sans produits laitiers, sans arachides ou noix, sans ma\u00efs, sans soya<\/p>\n<h1><a href=\"http:\/\/www.deliciouswithout.com\/wp-content\/uploads\/2014\/05\/kosherfrench.jpg\"><img decoding=\"async\" class=\"alignright size-full wp-image-3313\" src=\"http:\/\/www.deliciouswithout.com\/wp-content\/uploads\/2014\/05\/kosherfrench.jpg\" alt=\"kosherfrench\" width=\"217\" height=\"218\" srcset=\"http:\/\/www.deliciouswithout.com\/wp-content\/uploads\/2014\/05\/kosherfrench-66x66.jpg 66w, http:\/\/www.deliciouswithout.com\/wp-content\/uploads\/2014\/05\/kosherfrench-100x100.jpg 100w, http:\/\/www.deliciouswithout.com\/wp-content\/uploads\/2014\/05\/kosherfrench-150x150.jpg 150w, http:\/\/www.deliciouswithout.com\/wp-content\/uploads\/2014\/05\/kosherfrench.jpg 217w\" sizes=\"(max-width: 217px) 100vw, 217px\" \/><\/a><\/h1>\n<ul>\n<li>Aucun agent de conservation (pour une conservation optimale, congeler jusqu\u2019au moment de servir)<\/li>\n<li>Conserver 7 jours au r\u00e9frig\u00e9rateur, ou 3 mois au cong\u00e9lateur<\/li>\n<\/ul>\n<p>Veuillez prendre note qu\u2019\u00e0 partir du mois de mai, tous nos produits, incluant nos petits g\u00e2teaux, seront sans OGM. Nous travaillons pr\u00e9sentement \u00e0 modifier notre gla\u00e7age \u00e0 g\u00e2teaux afin qu\u2019il contienne de la margarine et des mati\u00e8res grasses sans OGM<\/p>\n<div class=\"fusion-fullwidth fullwidth-box fusion-builder-row-1 hundred-percent-fullwidth non-hundred-percent-height-scrolling\" style=\"--awb-border-radius-top-left:0px;--awb-border-radius-top-right:0px;--awb-border-radius-bottom-right:0px;--awb-border-radius-bottom-left:0px;--awb-overflow:visible;--awb-flex-wrap:wrap;\" ><div class=\"fusion-builder-row fusion-row\"><div class=\"fusion-layout-column fusion_builder_column fusion-builder-column-0 fusion_builder_column_1_1 1_1 fusion-one-full fusion-column-first fusion-column-last fusion-column-no-min-height\" style=\"--awb-bg-size:cover;--awb-margin-bottom:0px;\"><div class=\"fusion-column-wrapper fusion-flex-column-wrapper-legacy\"><div class=\"fusion-button-wrapper\"><a class=\"fusion-button button-flat button-large button-red fusion-button-red button-1 fusion-button-default-span fusion-button-default-type\" target=\"_blank\" rel=\"noopener noreferrer\" href=\"http:\/\/www.deliciouswithout.com\/wp-content\/uploads\/2014\/05\/cupcake-sheet-french.pdf\"><span class=\"fusion-button-text awb-button__text awb-button__text--default\">T\u00c9L\u00c9CHARGER LE PDF<\/span><\/a><\/div><a href=\"http:\/\/www.deliciouswithout.com\/wp-content\/uploads\/2014\/04\/colorcupcakesspecsfrench.jpg\"><img decoding=\"async\" class=\"size-full wp-image-3309 aligncenter\" src=\"http:\/\/www.deliciouswithout.com\/wp-content\/uploads\/2014\/04\/colorcupcakesspecsfrench.jpg\" alt=\"colorcupcakesspecsfrench\" width=\"460\" height=\"661\" srcset=\"http:\/\/www.deliciouswithout.com\/wp-content\/uploads\/2014\/04\/colorcupcakesspecsfrench-208x300.jpg 208w, http:\/\/www.deliciouswithout.com\/wp-content\/uploads\/2014\/04\/colorcupcakesspecsfrench.jpg 460w\" sizes=\"(max-width: 460px) 100vw, 460px\" \/><\/a><\/p>\n<p>&nbsp;<\/p>\n<p><strong>With color and without!<\/strong>\u00a0Why you ask? Well, cupcakes are for everyone and now you have a choice! Keep frozen until ready to eat and warm it up or leave one out overnight for a yummy breakfast treat. <strong>Allergy Information:<\/strong><\/p>\n<p style=\"margin-top: -1.5em;\">This product does not CONTAIN dairy, however, the factory uses dairy in other products and according to Jewish law must be declared dairy.<\/p>\n<p><a href=\"http:\/\/www.deliciouswithout.com\/wp-content\/uploads\/2012\/09\/dairy406-small.jpg\"><img decoding=\"async\" class=\"alignleft size-full wp-image-2114\" title=\"dairy406-small\" src=\"http:\/\/www.deliciouswithout.com\/wp-content\/uploads\/2012\/09\/dairy406-small.jpg\" alt=\"Dairy 406 logo\" width=\"50\" height=\"50\" srcset=\"http:\/\/www.deliciouswithout.com\/wp-content\/uploads\/2012\/09\/dairy406-small-45x45.jpg 45w, http:\/\/www.deliciouswithout.com\/wp-content\/uploads\/2012\/09\/dairy406-small.jpg 50w\" sizes=\"(max-width: 50px) 100vw, 50px\" \/><\/a><a href=\"http:\/\/www.deliciouswithout.com\/wp-content\/uploads\/2012\/09\/gfcp_trademark.png\"><img decoding=\"async\" class=\"alignnone  wp-image-3390\" src=\"http:\/\/www.deliciouswithout.com\/wp-content\/uploads\/2012\/09\/gfcp_trademark.png\" alt=\"gfcp_trademark\" width=\"92\" height=\"92\" srcset=\"http:\/\/www.deliciouswithout.com\/wp-content\/uploads\/2012\/09\/gfcp_trademark-66x66.png 66w, http:\/\/www.deliciouswithout.com\/wp-content\/uploads\/2012\/09\/gfcp_trademark-100x100.png 100w, http:\/\/www.deliciouswithout.com\/wp-content\/uploads\/2012\/09\/gfcp_trademark-150x150.png 150w, http:\/\/www.deliciouswithout.com\/wp-content\/uploads\/2012\/09\/gfcp_trademark.png 175w\" sizes=\"(max-width: 92px) 100vw, 92px\" \/><\/a><div class=\"fusion-clearfix\"><\/div><\/div><\/div><\/div><\/div>\n","protected":false},"excerpt":{"rendered":"<p>Choco-Vanille G\u00c2TEAUX Sans produits laitiers, sans arachides ou noix, sans ma\u00efs, sans soya Aucun agent de conservation (pour une conservation optimale, congeler jusqu\u2019au moment de servir) Conserver 7 jours au r\u00e9frig\u00e9rateur, ou 3 mois au cong\u00e9lateur Veuillez prendre note qu\u2019\u00e0 partir du mois de mai, tous nos produits, incluant nos petits g\u00e2teaux, seront sans OGM.  [&#8230;]<\/p>\n","protected":false},"author":1,"featured_media":0,"parent":0,"menu_order":0,"comment_status":"open","ping_status":"open","template":"","meta":{"_acf_changed":false,"wprm-recipe-roundup-name":"","wprm-recipe-roundup-description":"","footnotes":""},"class_list":["post-3475","page","type-page","status-publish","hentry"],"acf":[],"yoast_head":"<!-- This site is optimized with the Yoast SEO plugin v27.3 - https:\/\/yoast.com\/product\/yoast-seo-wordpress\/ -->\n<title>Choco-Vanille G\u00c2TEAUX - deliciouswithout.com<\/title>\n<meta name=\"robots\" content=\"index, follow, max-snippet:-1, max-image-preview:large, max-video-preview:-1\" \/>\n<link rel=\"canonical\" href=\"https:\/\/www.deliciouswithout.com\/fr\/choco-vanille-gateaux\/\" \/>\n<meta property=\"og:locale\" content=\"fr_FR\" \/>\n<meta property=\"og:type\" content=\"article\" \/>\n<meta property=\"og:title\" content=\"Choco-Vanille G\u00c2TEAUX - deliciouswithout.com\" \/>\n<meta property=\"og:description\" content=\"Choco-Vanille G\u00c2TEAUX Sans produits laitiers, sans arachides ou noix, sans ma\u00efs, sans soya Aucun agent de conservation (pour une conservation optimale, congeler jusqu\u2019au moment de servir) Conserver 7 jours au r\u00e9frig\u00e9rateur, ou 3 mois au cong\u00e9lateur Veuillez prendre note qu\u2019\u00e0 partir du mois de mai, tous nos produits, incluant nos petits g\u00e2teaux, seront sans OGM. [...]\" \/>\n<meta property=\"og:url\" content=\"https:\/\/www.deliciouswithout.com\/fr\/choco-vanille-gateaux\/\" \/>\n<meta property=\"og:site_name\" content=\"deliciouswithout.com\" \/>\n<meta property=\"article:modified_time\" content=\"2017-02-24T23:38:57+00:00\" \/>\n<meta property=\"og:image\" content=\"http:\/\/www.deliciouswithout.com\/wp-content\/uploads\/2014\/02\/cupcakes_700.jpg\" \/>\n<meta name=\"twitter:label1\" content=\"Dur\u00e9e de lecture estim\u00e9e\" \/>\n\t<meta name=\"twitter:data1\" content=\"1 minute\" \/>\n<script type=\"application\/ld+json\" class=\"yoast-schema-graph\">{\"@context\":\"https:\\\/\\\/schema.org\",\"@graph\":[{\"@type\":\"WebPage\",\"@id\":\"https:\\\/\\\/www.deliciouswithout.com\\\/fr\\\/choco-vanille-gateaux\\\/\",\"url\":\"https:\\\/\\\/www.deliciouswithout.com\\\/fr\\\/choco-vanille-gateaux\\\/\",\"name\":\"Choco-Vanille G\u00c2TEAUX - deliciouswithout.com\",\"isPartOf\":{\"@id\":\"http:\\\/\\\/www.deliciouswithout.com\\\/#website\"},\"primaryImageOfPage\":{\"@id\":\"https:\\\/\\\/www.deliciouswithout.com\\\/fr\\\/choco-vanille-gateaux\\\/#primaryimage\"},\"image\":{\"@id\":\"https:\\\/\\\/www.deliciouswithout.com\\\/fr\\\/choco-vanille-gateaux\\\/#primaryimage\"},\"thumbnailUrl\":\"http:\\\/\\\/www.deliciouswithout.com\\\/wp-content\\\/uploads\\\/2014\\\/02\\\/cupcakes_700.jpg\",\"datePublished\":\"2014-05-15T04:54:04+00:00\",\"dateModified\":\"2017-02-24T23:38:57+00:00\",\"breadcrumb\":{\"@id\":\"https:\\\/\\\/www.deliciouswithout.com\\\/fr\\\/choco-vanille-gateaux\\\/#breadcrumb\"},\"inLanguage\":\"fr-FR\",\"potentialAction\":[{\"@type\":\"ReadAction\",\"target\":[\"https:\\\/\\\/www.deliciouswithout.com\\\/fr\\\/choco-vanille-gateaux\\\/\"]}]},{\"@type\":\"ImageObject\",\"inLanguage\":\"fr-FR\",\"@id\":\"https:\\\/\\\/www.deliciouswithout.com\\\/fr\\\/choco-vanille-gateaux\\\/#primaryimage\",\"url\":\"http:\\\/\\\/www.deliciouswithout.com\\\/wp-content\\\/uploads\\\/2014\\\/02\\\/cupcakes_700.jpg\",\"contentUrl\":\"http:\\\/\\\/www.deliciouswithout.com\\\/wp-content\\\/uploads\\\/2014\\\/02\\\/cupcakes_700.jpg\"},{\"@type\":\"BreadcrumbList\",\"@id\":\"https:\\\/\\\/www.deliciouswithout.com\\\/fr\\\/choco-vanille-gateaux\\\/#breadcrumb\",\"itemListElement\":[{\"@type\":\"ListItem\",\"position\":1,\"name\":\"Accueil\",\"item\":\"https:\\\/\\\/www.deliciouswithout.com\\\/fr\\\/\"},{\"@type\":\"ListItem\",\"position\":2,\"name\":\"Choco-Vanille G\u00c2TEAUX\"}]},{\"@type\":\"WebSite\",\"@id\":\"http:\\\/\\\/www.deliciouswithout.com\\\/#website\",\"url\":\"http:\\\/\\\/www.deliciouswithout.com\\\/\",\"name\":\"deliciouswithout.com\",\"description\":\"D\u00e9licieux Sans Gluten, Produits Latiers, Arachides, Noix\",\"potentialAction\":[{\"@type\":\"SearchAction\",\"target\":{\"@type\":\"EntryPoint\",\"urlTemplate\":\"http:\\\/\\\/www.deliciouswithout.com\\\/?s={search_term_string}\"},\"query-input\":{\"@type\":\"PropertyValueSpecification\",\"valueRequired\":true,\"valueName\":\"search_term_string\"}}],\"inLanguage\":\"fr-FR\"}]}<\/script>\n<!-- \/ Yoast SEO plugin. -->","yoast_head_json":{"title":"Choco-Vanille G\u00c2TEAUX - deliciouswithout.com","robots":{"index":"index","follow":"follow","max-snippet":"max-snippet:-1","max-image-preview":"max-image-preview:large","max-video-preview":"max-video-preview:-1"},"canonical":"https:\/\/www.deliciouswithout.com\/fr\/choco-vanille-gateaux\/","og_locale":"fr_FR","og_type":"article","og_title":"Choco-Vanille G\u00c2TEAUX - deliciouswithout.com","og_description":"Choco-Vanille G\u00c2TEAUX Sans produits laitiers, sans arachides ou noix, sans ma\u00efs, sans soya Aucun agent de conservation (pour une conservation optimale, congeler jusqu\u2019au moment de servir) Conserver 7 jours au r\u00e9frig\u00e9rateur, ou 3 mois au cong\u00e9lateur Veuillez prendre note qu\u2019\u00e0 partir du mois de mai, tous nos produits, incluant nos petits g\u00e2teaux, seront sans OGM. [...]","og_url":"https:\/\/www.deliciouswithout.com\/fr\/choco-vanille-gateaux\/","og_site_name":"deliciouswithout.com","article_modified_time":"2017-02-24T23:38:57+00:00","og_image":[{"url":"http:\/\/www.deliciouswithout.com\/wp-content\/uploads\/2014\/02\/cupcakes_700.jpg","type":"","width":"","height":""}],"twitter_misc":{"Dur\u00e9e de lecture estim\u00e9e":"1 minute"},"schema":{"@context":"https:\/\/schema.org","@graph":[{"@type":"WebPage","@id":"https:\/\/www.deliciouswithout.com\/fr\/choco-vanille-gateaux\/","url":"https:\/\/www.deliciouswithout.com\/fr\/choco-vanille-gateaux\/","name":"Choco-Vanille G\u00c2TEAUX - deliciouswithout.com","isPartOf":{"@id":"http:\/\/www.deliciouswithout.com\/#website"},"primaryImageOfPage":{"@id":"https:\/\/www.deliciouswithout.com\/fr\/choco-vanille-gateaux\/#primaryimage"},"image":{"@id":"https:\/\/www.deliciouswithout.com\/fr\/choco-vanille-gateaux\/#primaryimage"},"thumbnailUrl":"http:\/\/www.deliciouswithout.com\/wp-content\/uploads\/2014\/02\/cupcakes_700.jpg","datePublished":"2014-05-15T04:54:04+00:00","dateModified":"2017-02-24T23:38:57+00:00","breadcrumb":{"@id":"https:\/\/www.deliciouswithout.com\/fr\/choco-vanille-gateaux\/#breadcrumb"},"inLanguage":"fr-FR","potentialAction":[{"@type":"ReadAction","target":["https:\/\/www.deliciouswithout.com\/fr\/choco-vanille-gateaux\/"]}]},{"@type":"ImageObject","inLanguage":"fr-FR","@id":"https:\/\/www.deliciouswithout.com\/fr\/choco-vanille-gateaux\/#primaryimage","url":"http:\/\/www.deliciouswithout.com\/wp-content\/uploads\/2014\/02\/cupcakes_700.jpg","contentUrl":"http:\/\/www.deliciouswithout.com\/wp-content\/uploads\/2014\/02\/cupcakes_700.jpg"},{"@type":"BreadcrumbList","@id":"https:\/\/www.deliciouswithout.com\/fr\/choco-vanille-gateaux\/#breadcrumb","itemListElement":[{"@type":"ListItem","position":1,"name":"Accueil","item":"https:\/\/www.deliciouswithout.com\/fr\/"},{"@type":"ListItem","position":2,"name":"Choco-Vanille G\u00c2TEAUX"}]},{"@type":"WebSite","@id":"http:\/\/www.deliciouswithout.com\/#website","url":"http:\/\/www.deliciouswithout.com\/","name":"deliciouswithout.com","description":"D\u00e9licieux Sans Gluten, Produits Latiers, Arachides, Noix","potentialAction":[{"@type":"SearchAction","target":{"@type":"EntryPoint","urlTemplate":"http:\/\/www.deliciouswithout.com\/?s={search_term_string}"},"query-input":{"@type":"PropertyValueSpecification","valueRequired":true,"valueName":"search_term_string"}}],"inLanguage":"fr-FR"}]}},"_links":{"self":[{"href":"http:\/\/www.deliciouswithout.com\/fr\/wp-json\/wp\/v2\/pages\/3475","targetHints":{"allow":["GET"]}}],"collection":[{"href":"http:\/\/www.deliciouswithout.com\/fr\/wp-json\/wp\/v2\/pages"}],"about":[{"href":"http:\/\/www.deliciouswithout.com\/fr\/wp-json\/wp\/v2\/types\/page"}],"author":[{"embeddable":true,"href":"http:\/\/www.deliciouswithout.com\/fr\/wp-json\/wp\/v2\/users\/1"}],"replies":[{"embeddable":true,"href":"http:\/\/www.deliciouswithout.com\/fr\/wp-json\/wp\/v2\/comments?post=3475"}],"version-history":[{"count":0,"href":"http:\/\/www.deliciouswithout.com\/fr\/wp-json\/wp\/v2\/pages\/3475\/revisions"}],"wp:attachment":[{"href":"http:\/\/www.deliciouswithout.com\/fr\/wp-json\/wp\/v2\/media?parent=3475"}],"curies":[{"name":"wp","href":"https:\/\/api.w.org\/{rel}","templated":true}]}}