{"id":5969,"date":"2017-02-21T18:53:56","date_gmt":"2017-02-21T23:53:56","guid":{"rendered":"http:\/\/www.deliciouswithout.com\/fr\/?page_id=5969"},"modified":"2017-02-24T18:38:53","modified_gmt":"2017-02-24T23:38:53","slug":"panini","status":"publish","type":"page","link":"http:\/\/www.deliciouswithout.com\/fr\/pain\/panini\/","title":{"rendered":"Panini"},"content":{"rendered":"<p><img decoding=\"async\" class=\"alignnone size-full wp-image-5962\" src=\"http:\/\/www.deliciouswithout.com\/wp-content\/uploads\/2017\/02\/D15_5178.jpg\" alt=\"D15_5178\" width=\"407\" height=\"733\" srcset=\"http:\/\/www.deliciouswithout.com\/wp-content\/uploads\/2017\/02\/D15_5178-167x300.jpg 167w, http:\/\/www.deliciouswithout.com\/wp-content\/uploads\/2017\/02\/D15_5178-200x360.jpg 200w, http:\/\/www.deliciouswithout.com\/wp-content\/uploads\/2017\/02\/D15_5178-400x720.jpg 400w, http:\/\/www.deliciouswithout.com\/wp-content\/uploads\/2017\/02\/D15_5178.jpg 407w\" sizes=\"(max-width: 407px) 100vw, 407px\" \/><\/p>\n<h2><span style=\"color: #800000;\"><strong>Panini (372 g &#8211; 3 unit\u00e9s)<\/strong><\/span><\/h2>\n<p>Ingredients: Eau, m\u00e9lange d\u2019amidon sans gluten sans ogm (amidon de tapioca modifi\u00e9, amidon de ma\u00efs, f\u00e9cule de pomme de terre), farine de riz brun, \u0153ufs entiers liquides, huile de canola sans OGM, farine de sorgho, sucre de canne biologique, gomme xanthane, levure instantan\u00e9e, sel, vinaigre de cidre de pomme. Contient des \u0153ufs.<\/p>\n<p>UPC: 838068001321<\/p>\n<p><img decoding=\"async\" class=\"alignnone wp-image-5964\" src=\"http:\/\/www.deliciouswithout.com\/wp-content\/uploads\/2017\/02\/paniniNFT.jpg\" alt=\"paniniNFT\" width=\"522\" height=\"841\" srcset=\"http:\/\/www.deliciouswithout.com\/wp-content\/uploads\/2017\/02\/paniniNFT-186x300.jpg 186w, http:\/\/www.deliciouswithout.com\/wp-content\/uploads\/2017\/02\/paniniNFT-200x322.jpg 200w, http:\/\/www.deliciouswithout.com\/wp-content\/uploads\/2017\/02\/paniniNFT-400x644.jpg 400w, http:\/\/www.deliciouswithout.com\/wp-content\/uploads\/2017\/02\/paniniNFT-500x805.jpg 500w, http:\/\/www.deliciouswithout.com\/wp-content\/uploads\/2017\/02\/paniniNFT-600x966.jpg 600w, http:\/\/www.deliciouswithout.com\/wp-content\/uploads\/2017\/02\/paniniNFT.jpg 621w\" sizes=\"(max-width: 522px) 100vw, 522px\" \/><\/p>\n","protected":false},"excerpt":{"rendered":"<p>Panini (372 g &#8211; 3 unit\u00e9s) Ingredients: Eau, m\u00e9lange d\u2019amidon sans gluten sans ogm (amidon de tapioca modifi\u00e9, amidon de ma\u00efs, f\u00e9cule de pomme de terre), farine de riz brun, \u0153ufs entiers liquides, huile de canola sans OGM, farine de sorgho, sucre de canne biologique, gomme xanthane, levure instantan\u00e9e, sel, vinaigre de cidre de pomme.  [&#8230;]<\/p>\n","protected":false},"author":1,"featured_media":0,"parent":5023,"menu_order":0,"comment_status":"closed","ping_status":"closed","template":"","meta":{"_acf_changed":false,"wprm-recipe-roundup-name":"","wprm-recipe-roundup-description":"","footnotes":""},"class_list":["post-5969","page","type-page","status-publish","hentry"],"acf":[],"yoast_head":"<!-- This site is optimized with the Yoast SEO plugin v27.3 - https:\/\/yoast.com\/product\/yoast-seo-wordpress\/ -->\n<title>Panini - deliciouswithout.com<\/title>\n<meta name=\"robots\" content=\"index, follow, max-snippet:-1, max-image-preview:large, max-video-preview:-1\" \/>\n<link rel=\"canonical\" href=\"http:\/\/www.deliciouswithout.com\/fr\/pain\/panini\/\" \/>\n<meta property=\"og:locale\" content=\"fr_FR\" \/>\n<meta property=\"og:type\" content=\"article\" \/>\n<meta property=\"og:title\" content=\"Panini - deliciouswithout.com\" \/>\n<meta property=\"og:description\" content=\"Panini (372 g &#8211; 3 unit\u00e9s) Ingredients: Eau, m\u00e9lange d\u2019amidon sans gluten sans ogm (amidon de tapioca modifi\u00e9, amidon de ma\u00efs, f\u00e9cule de pomme de terre), farine de riz brun, \u0153ufs entiers liquides, huile de canola sans OGM, farine de sorgho, sucre de canne biologique, gomme xanthane, levure instantan\u00e9e, sel, vinaigre de cidre de pomme. [...]\" \/>\n<meta property=\"og:url\" content=\"http:\/\/www.deliciouswithout.com\/fr\/pain\/panini\/\" \/>\n<meta property=\"og:site_name\" content=\"deliciouswithout.com\" \/>\n<meta property=\"article:modified_time\" content=\"2017-02-24T23:38:53+00:00\" \/>\n<meta property=\"og:image\" content=\"http:\/\/www.deliciouswithout.com\/wp-content\/uploads\/2017\/02\/D15_5178.jpg\" \/>\n<script type=\"application\/ld+json\" class=\"yoast-schema-graph\">{\"@context\":\"https:\\\/\\\/schema.org\",\"@graph\":[{\"@type\":\"WebPage\",\"@id\":\"http:\\\/\\\/www.deliciouswithout.com\\\/fr\\\/pain\\\/panini\\\/\",\"url\":\"http:\\\/\\\/www.deliciouswithout.com\\\/fr\\\/pain\\\/panini\\\/\",\"name\":\"Panini - deliciouswithout.com\",\"isPartOf\":{\"@id\":\"http:\\\/\\\/www.deliciouswithout.com\\\/#website\"},\"primaryImageOfPage\":{\"@id\":\"http:\\\/\\\/www.deliciouswithout.com\\\/fr\\\/pain\\\/panini\\\/#primaryimage\"},\"image\":{\"@id\":\"http:\\\/\\\/www.deliciouswithout.com\\\/fr\\\/pain\\\/panini\\\/#primaryimage\"},\"thumbnailUrl\":\"http:\\\/\\\/www.deliciouswithout.com\\\/wp-content\\\/uploads\\\/2017\\\/02\\\/D15_5178.jpg\",\"datePublished\":\"2017-02-21T23:53:56+00:00\",\"dateModified\":\"2017-02-24T23:38:53+00:00\",\"breadcrumb\":{\"@id\":\"http:\\\/\\\/www.deliciouswithout.com\\\/fr\\\/pain\\\/panini\\\/#breadcrumb\"},\"inLanguage\":\"fr-FR\",\"potentialAction\":[{\"@type\":\"ReadAction\",\"target\":[\"http:\\\/\\\/www.deliciouswithout.com\\\/fr\\\/pain\\\/panini\\\/\"]}]},{\"@type\":\"ImageObject\",\"inLanguage\":\"fr-FR\",\"@id\":\"http:\\\/\\\/www.deliciouswithout.com\\\/fr\\\/pain\\\/panini\\\/#primaryimage\",\"url\":\"http:\\\/\\\/www.deliciouswithout.com\\\/wp-content\\\/uploads\\\/2017\\\/02\\\/D15_5178.jpg\",\"contentUrl\":\"http:\\\/\\\/www.deliciouswithout.com\\\/wp-content\\\/uploads\\\/2017\\\/02\\\/D15_5178.jpg\"},{\"@type\":\"BreadcrumbList\",\"@id\":\"http:\\\/\\\/www.deliciouswithout.com\\\/fr\\\/pain\\\/panini\\\/#breadcrumb\",\"itemListElement\":[{\"@type\":\"ListItem\",\"position\":1,\"name\":\"Accueil\",\"item\":\"https:\\\/\\\/www.deliciouswithout.com\\\/fr\\\/\"},{\"@type\":\"ListItem\",\"position\":2,\"name\":\"Pain\",\"item\":\"http:\\\/\\\/www.deliciouswithout.com\\\/fr\\\/pain\\\/\"},{\"@type\":\"ListItem\",\"position\":3,\"name\":\"Panini\"}]},{\"@type\":\"WebSite\",\"@id\":\"http:\\\/\\\/www.deliciouswithout.com\\\/#website\",\"url\":\"http:\\\/\\\/www.deliciouswithout.com\\\/\",\"name\":\"deliciouswithout.com\",\"description\":\"D\u00e9licieux Sans Gluten, Produits Latiers, Arachides, Noix\",\"potentialAction\":[{\"@type\":\"SearchAction\",\"target\":{\"@type\":\"EntryPoint\",\"urlTemplate\":\"http:\\\/\\\/www.deliciouswithout.com\\\/?s={search_term_string}\"},\"query-input\":{\"@type\":\"PropertyValueSpecification\",\"valueRequired\":true,\"valueName\":\"search_term_string\"}}],\"inLanguage\":\"fr-FR\"}]}<\/script>\n<!-- \/ Yoast SEO plugin. -->","yoast_head_json":{"title":"Panini - deliciouswithout.com","robots":{"index":"index","follow":"follow","max-snippet":"max-snippet:-1","max-image-preview":"max-image-preview:large","max-video-preview":"max-video-preview:-1"},"canonical":"http:\/\/www.deliciouswithout.com\/fr\/pain\/panini\/","og_locale":"fr_FR","og_type":"article","og_title":"Panini - deliciouswithout.com","og_description":"Panini (372 g &#8211; 3 unit\u00e9s) Ingredients: Eau, m\u00e9lange d\u2019amidon sans gluten sans ogm (amidon de tapioca modifi\u00e9, amidon de ma\u00efs, f\u00e9cule de pomme de terre), farine de riz brun, \u0153ufs entiers liquides, huile de canola sans OGM, farine de sorgho, sucre de canne biologique, gomme xanthane, levure instantan\u00e9e, sel, vinaigre de cidre de pomme. [...]","og_url":"http:\/\/www.deliciouswithout.com\/fr\/pain\/panini\/","og_site_name":"deliciouswithout.com","article_modified_time":"2017-02-24T23:38:53+00:00","og_image":[{"url":"http:\/\/www.deliciouswithout.com\/wp-content\/uploads\/2017\/02\/D15_5178.jpg","type":"","width":"","height":""}],"schema":{"@context":"https:\/\/schema.org","@graph":[{"@type":"WebPage","@id":"http:\/\/www.deliciouswithout.com\/fr\/pain\/panini\/","url":"http:\/\/www.deliciouswithout.com\/fr\/pain\/panini\/","name":"Panini - deliciouswithout.com","isPartOf":{"@id":"http:\/\/www.deliciouswithout.com\/#website"},"primaryImageOfPage":{"@id":"http:\/\/www.deliciouswithout.com\/fr\/pain\/panini\/#primaryimage"},"image":{"@id":"http:\/\/www.deliciouswithout.com\/fr\/pain\/panini\/#primaryimage"},"thumbnailUrl":"http:\/\/www.deliciouswithout.com\/wp-content\/uploads\/2017\/02\/D15_5178.jpg","datePublished":"2017-02-21T23:53:56+00:00","dateModified":"2017-02-24T23:38:53+00:00","breadcrumb":{"@id":"http:\/\/www.deliciouswithout.com\/fr\/pain\/panini\/#breadcrumb"},"inLanguage":"fr-FR","potentialAction":[{"@type":"ReadAction","target":["http:\/\/www.deliciouswithout.com\/fr\/pain\/panini\/"]}]},{"@type":"ImageObject","inLanguage":"fr-FR","@id":"http:\/\/www.deliciouswithout.com\/fr\/pain\/panini\/#primaryimage","url":"http:\/\/www.deliciouswithout.com\/wp-content\/uploads\/2017\/02\/D15_5178.jpg","contentUrl":"http:\/\/www.deliciouswithout.com\/wp-content\/uploads\/2017\/02\/D15_5178.jpg"},{"@type":"BreadcrumbList","@id":"http:\/\/www.deliciouswithout.com\/fr\/pain\/panini\/#breadcrumb","itemListElement":[{"@type":"ListItem","position":1,"name":"Accueil","item":"https:\/\/www.deliciouswithout.com\/fr\/"},{"@type":"ListItem","position":2,"name":"Pain","item":"http:\/\/www.deliciouswithout.com\/fr\/pain\/"},{"@type":"ListItem","position":3,"name":"Panini"}]},{"@type":"WebSite","@id":"http:\/\/www.deliciouswithout.com\/#website","url":"http:\/\/www.deliciouswithout.com\/","name":"deliciouswithout.com","description":"D\u00e9licieux Sans Gluten, Produits Latiers, Arachides, Noix","potentialAction":[{"@type":"SearchAction","target":{"@type":"EntryPoint","urlTemplate":"http:\/\/www.deliciouswithout.com\/?s={search_term_string}"},"query-input":{"@type":"PropertyValueSpecification","valueRequired":true,"valueName":"search_term_string"}}],"inLanguage":"fr-FR"}]}},"_links":{"self":[{"href":"http:\/\/www.deliciouswithout.com\/fr\/wp-json\/wp\/v2\/pages\/5969","targetHints":{"allow":["GET"]}}],"collection":[{"href":"http:\/\/www.deliciouswithout.com\/fr\/wp-json\/wp\/v2\/pages"}],"about":[{"href":"http:\/\/www.deliciouswithout.com\/fr\/wp-json\/wp\/v2\/types\/page"}],"author":[{"embeddable":true,"href":"http:\/\/www.deliciouswithout.com\/fr\/wp-json\/wp\/v2\/users\/1"}],"replies":[{"embeddable":true,"href":"http:\/\/www.deliciouswithout.com\/fr\/wp-json\/wp\/v2\/comments?post=5969"}],"version-history":[{"count":0,"href":"http:\/\/www.deliciouswithout.com\/fr\/wp-json\/wp\/v2\/pages\/5969\/revisions"}],"up":[{"embeddable":true,"href":"http:\/\/www.deliciouswithout.com\/fr\/wp-json\/wp\/v2\/pages\/5023"}],"wp:attachment":[{"href":"http:\/\/www.deliciouswithout.com\/fr\/wp-json\/wp\/v2\/media?parent=5969"}],"curies":[{"name":"wp","href":"https:\/\/api.w.org\/{rel}","templated":true}]}}