{"id":6084,"date":"2014-03-30T18:55:50","date_gmt":"2014-03-30T22:55:50","guid":{"rendered":"http:\/\/www.deliciouswithout.com\/fr\/?page_id=6084"},"modified":"2017-03-02T19:51:35","modified_gmt":"2017-03-03T00:51:35","slug":"muffins-bananes-avec-pepites-de-chocolats","status":"publish","type":"page","link":"http:\/\/www.deliciouswithout.com\/fr\/produits\/muffins\/muffins-bananes-avec-pepites-de-chocolats\/","title":{"rendered":"Muffins Bananes avec P\u00e9pites de Chocolats"},"content":{"rendered":"<div class=\"fusion-fullwidth fullwidth-box fusion-builder-row-1 hundred-percent-fullwidth non-hundred-percent-height-scrolling\" style=\"--awb-border-radius-top-left:0px;--awb-border-radius-top-right:0px;--awb-border-radius-bottom-right:0px;--awb-border-radius-bottom-left:0px;--awb-overflow:visible;--awb-flex-wrap:wrap;\" ><div class=\"fusion-builder-row fusion-row\"><div class=\"fusion-layout-column fusion_builder_column fusion-builder-column-0 fusion_builder_column_1_1 1_1 fusion-one-full fusion-column-first fusion-column-last fusion-column-no-min-height\" style=\"--awb-bg-size:cover;--awb-margin-bottom:0px;\"><div class=\"fusion-column-wrapper fusion-flex-column-wrapper-legacy\"><div class=\"fusion-text fusion-text-1\"><h2><img decoding=\"async\" class=\"alignnone size-full wp-image-6079\" src=\"http:\/\/www.deliciouswithout.com\/wp-content\/uploads\/2014\/03\/D15_5145.jpg\" alt=\"D15_5145\" width=\"512\" height=\"733\" srcset=\"http:\/\/www.deliciouswithout.com\/wp-content\/uploads\/2014\/03\/D15_5145-200x286.jpg 200w, http:\/\/www.deliciouswithout.com\/wp-content\/uploads\/2014\/03\/D15_5145-210x300.jpg 210w, http:\/\/www.deliciouswithout.com\/wp-content\/uploads\/2014\/03\/D15_5145-400x573.jpg 400w, http:\/\/www.deliciouswithout.com\/wp-content\/uploads\/2014\/03\/D15_5145-500x716.jpg 500w, http:\/\/www.deliciouswithout.com\/wp-content\/uploads\/2014\/03\/D15_5145.jpg 512w\" sizes=\"(max-width: 512px) 100vw, 512px\" \/><\/h2>\n<h2><strong>Muffins Bananes avec P\u00e9pites de Chocolats 474 g <\/strong><\/h2>\n<p><strong>Ingr\u00e9dients :<\/strong> Banane, m\u00e9lange de farine (riz brun, sorgho, amarante, millet), eau, sirop d\u2019agave biologique, huile de noix de coco biologique , p\u00e9pites de chocolat sans soja (sucre, chocolat non sucr\u00e9, beurre de cacao), pur\u00e9e de pommes (contient acide ascorbique), brisures de banane sucr\u00e9es biologiques (banane biologique, huile de noix de coco biologique, sucre biologique), farine de lin, bicarbonate de soude, poudre \u00e0 p\u00e2te, gomme xanthane, sel, cannelle. Contient noix de coco.<\/p>\n<p>Toutes les p\u00e9pites de chocolat dans nos produits sont sans soja.<\/p>\n<p>UPC: 838068001048<\/p>\n<p><img decoding=\"async\" class=\"alignnone wp-image-6314\" src=\"http:\/\/www.deliciouswithout.com\/wp-content\/uploads\/2014\/03\/bananaNFT.jpg\" alt=\"bananaNFT\" width=\"384\" height=\"576\" \/><\/p>\n<p>&nbsp;<\/p>\n<\/div><div class=\"fusion-clearfix\"><\/div><\/div><\/div><\/div><\/div>\n","protected":false},"excerpt":{"rendered":"","protected":false},"author":1,"featured_media":0,"parent":989,"menu_order":0,"comment_status":"closed","ping_status":"closed","template":"","meta":{"_acf_changed":false,"wprm-recipe-roundup-name":"","wprm-recipe-roundup-description":"","footnotes":""},"class_list":["post-6084","page","type-page","status-publish","hentry"],"acf":[],"yoast_head":"<!-- This site is optimized with the Yoast SEO plugin v27.3 - https:\/\/yoast.com\/product\/yoast-seo-wordpress\/ -->\n<title>Muffins Bananes avec P\u00e9pites de Chocolats - deliciouswithout.com<\/title>\n<meta name=\"robots\" content=\"index, follow, max-snippet:-1, max-image-preview:large, max-video-preview:-1\" \/>\n<link rel=\"canonical\" href=\"http:\/\/www.deliciouswithout.com\/fr\/produits\/muffins\/muffins-bananes-avec-pepites-de-chocolats\/\" \/>\n<meta property=\"og:locale\" content=\"fr_FR\" \/>\n<meta property=\"og:type\" content=\"article\" \/>\n<meta property=\"og:title\" content=\"Muffins Bananes avec P\u00e9pites de Chocolats - deliciouswithout.com\" \/>\n<meta property=\"og:url\" content=\"http:\/\/www.deliciouswithout.com\/fr\/produits\/muffins\/muffins-bananes-avec-pepites-de-chocolats\/\" \/>\n<meta property=\"og:site_name\" content=\"deliciouswithout.com\" \/>\n<meta property=\"article:modified_time\" content=\"2017-03-03T00:51:35+00:00\" \/>\n<meta property=\"og:image\" content=\"http:\/\/www.deliciouswithout.com\/wp-content\/uploads\/2014\/03\/D15_5145.jpg\" \/>\n<meta name=\"twitter:label1\" content=\"Dur\u00e9e de lecture estim\u00e9e\" \/>\n\t<meta name=\"twitter:data1\" content=\"1 minute\" \/>\n<script type=\"application\/ld+json\" class=\"yoast-schema-graph\">{\"@context\":\"https:\\\/\\\/schema.org\",\"@graph\":[{\"@type\":\"WebPage\",\"@id\":\"http:\\\/\\\/www.deliciouswithout.com\\\/fr\\\/produits\\\/muffins\\\/muffins-bananes-avec-pepites-de-chocolats\\\/\",\"url\":\"http:\\\/\\\/www.deliciouswithout.com\\\/fr\\\/produits\\\/muffins\\\/muffins-bananes-avec-pepites-de-chocolats\\\/\",\"name\":\"Muffins Bananes avec P\u00e9pites de Chocolats - deliciouswithout.com\",\"isPartOf\":{\"@id\":\"http:\\\/\\\/www.deliciouswithout.com\\\/#website\"},\"primaryImageOfPage\":{\"@id\":\"http:\\\/\\\/www.deliciouswithout.com\\\/fr\\\/produits\\\/muffins\\\/muffins-bananes-avec-pepites-de-chocolats\\\/#primaryimage\"},\"image\":{\"@id\":\"http:\\\/\\\/www.deliciouswithout.com\\\/fr\\\/produits\\\/muffins\\\/muffins-bananes-avec-pepites-de-chocolats\\\/#primaryimage\"},\"thumbnailUrl\":\"http:\\\/\\\/www.deliciouswithout.com\\\/wp-content\\\/uploads\\\/2014\\\/03\\\/D15_5145.jpg\",\"datePublished\":\"2014-03-30T22:55:50+00:00\",\"dateModified\":\"2017-03-03T00:51:35+00:00\",\"breadcrumb\":{\"@id\":\"http:\\\/\\\/www.deliciouswithout.com\\\/fr\\\/produits\\\/muffins\\\/muffins-bananes-avec-pepites-de-chocolats\\\/#breadcrumb\"},\"inLanguage\":\"fr-FR\",\"potentialAction\":[{\"@type\":\"ReadAction\",\"target\":[\"http:\\\/\\\/www.deliciouswithout.com\\\/fr\\\/produits\\\/muffins\\\/muffins-bananes-avec-pepites-de-chocolats\\\/\"]}]},{\"@type\":\"ImageObject\",\"inLanguage\":\"fr-FR\",\"@id\":\"http:\\\/\\\/www.deliciouswithout.com\\\/fr\\\/produits\\\/muffins\\\/muffins-bananes-avec-pepites-de-chocolats\\\/#primaryimage\",\"url\":\"http:\\\/\\\/www.deliciouswithout.com\\\/wp-content\\\/uploads\\\/2014\\\/03\\\/D15_5145.jpg\",\"contentUrl\":\"http:\\\/\\\/www.deliciouswithout.com\\\/wp-content\\\/uploads\\\/2014\\\/03\\\/D15_5145.jpg\"},{\"@type\":\"BreadcrumbList\",\"@id\":\"http:\\\/\\\/www.deliciouswithout.com\\\/fr\\\/produits\\\/muffins\\\/muffins-bananes-avec-pepites-de-chocolats\\\/#breadcrumb\",\"itemListElement\":[{\"@type\":\"ListItem\",\"position\":1,\"name\":\"Accueil\",\"item\":\"https:\\\/\\\/www.deliciouswithout.com\\\/fr\\\/\"},{\"@type\":\"ListItem\",\"position\":2,\"name\":\"Produits\",\"item\":\"http:\\\/\\\/www.deliciouswithout.com\\\/fr\\\/produits\\\/\"},{\"@type\":\"ListItem\",\"position\":3,\"name\":\"Muffins etc\",\"item\":\"http:\\\/\\\/www.deliciouswithout.com\\\/fr\\\/produits\\\/muffins\\\/\"},{\"@type\":\"ListItem\",\"position\":4,\"name\":\"Muffins Bananes avec P\u00e9pites de Chocolats\"}]},{\"@type\":\"WebSite\",\"@id\":\"http:\\\/\\\/www.deliciouswithout.com\\\/#website\",\"url\":\"http:\\\/\\\/www.deliciouswithout.com\\\/\",\"name\":\"deliciouswithout.com\",\"description\":\"D\u00e9licieux Sans Gluten, Produits Latiers, Arachides, Noix\",\"potentialAction\":[{\"@type\":\"SearchAction\",\"target\":{\"@type\":\"EntryPoint\",\"urlTemplate\":\"http:\\\/\\\/www.deliciouswithout.com\\\/?s={search_term_string}\"},\"query-input\":{\"@type\":\"PropertyValueSpecification\",\"valueRequired\":true,\"valueName\":\"search_term_string\"}}],\"inLanguage\":\"fr-FR\"}]}<\/script>\n<!-- \/ Yoast SEO plugin. -->","yoast_head_json":{"title":"Muffins Bananes avec P\u00e9pites de Chocolats - deliciouswithout.com","robots":{"index":"index","follow":"follow","max-snippet":"max-snippet:-1","max-image-preview":"max-image-preview:large","max-video-preview":"max-video-preview:-1"},"canonical":"http:\/\/www.deliciouswithout.com\/fr\/produits\/muffins\/muffins-bananes-avec-pepites-de-chocolats\/","og_locale":"fr_FR","og_type":"article","og_title":"Muffins Bananes avec P\u00e9pites de Chocolats - deliciouswithout.com","og_url":"http:\/\/www.deliciouswithout.com\/fr\/produits\/muffins\/muffins-bananes-avec-pepites-de-chocolats\/","og_site_name":"deliciouswithout.com","article_modified_time":"2017-03-03T00:51:35+00:00","og_image":[{"url":"http:\/\/www.deliciouswithout.com\/wp-content\/uploads\/2014\/03\/D15_5145.jpg","type":"","width":"","height":""}],"twitter_misc":{"Dur\u00e9e de lecture estim\u00e9e":"1 minute"},"schema":{"@context":"https:\/\/schema.org","@graph":[{"@type":"WebPage","@id":"http:\/\/www.deliciouswithout.com\/fr\/produits\/muffins\/muffins-bananes-avec-pepites-de-chocolats\/","url":"http:\/\/www.deliciouswithout.com\/fr\/produits\/muffins\/muffins-bananes-avec-pepites-de-chocolats\/","name":"Muffins Bananes avec P\u00e9pites de Chocolats - deliciouswithout.com","isPartOf":{"@id":"http:\/\/www.deliciouswithout.com\/#website"},"primaryImageOfPage":{"@id":"http:\/\/www.deliciouswithout.com\/fr\/produits\/muffins\/muffins-bananes-avec-pepites-de-chocolats\/#primaryimage"},"image":{"@id":"http:\/\/www.deliciouswithout.com\/fr\/produits\/muffins\/muffins-bananes-avec-pepites-de-chocolats\/#primaryimage"},"thumbnailUrl":"http:\/\/www.deliciouswithout.com\/wp-content\/uploads\/2014\/03\/D15_5145.jpg","datePublished":"2014-03-30T22:55:50+00:00","dateModified":"2017-03-03T00:51:35+00:00","breadcrumb":{"@id":"http:\/\/www.deliciouswithout.com\/fr\/produits\/muffins\/muffins-bananes-avec-pepites-de-chocolats\/#breadcrumb"},"inLanguage":"fr-FR","potentialAction":[{"@type":"ReadAction","target":["http:\/\/www.deliciouswithout.com\/fr\/produits\/muffins\/muffins-bananes-avec-pepites-de-chocolats\/"]}]},{"@type":"ImageObject","inLanguage":"fr-FR","@id":"http:\/\/www.deliciouswithout.com\/fr\/produits\/muffins\/muffins-bananes-avec-pepites-de-chocolats\/#primaryimage","url":"http:\/\/www.deliciouswithout.com\/wp-content\/uploads\/2014\/03\/D15_5145.jpg","contentUrl":"http:\/\/www.deliciouswithout.com\/wp-content\/uploads\/2014\/03\/D15_5145.jpg"},{"@type":"BreadcrumbList","@id":"http:\/\/www.deliciouswithout.com\/fr\/produits\/muffins\/muffins-bananes-avec-pepites-de-chocolats\/#breadcrumb","itemListElement":[{"@type":"ListItem","position":1,"name":"Accueil","item":"https:\/\/www.deliciouswithout.com\/fr\/"},{"@type":"ListItem","position":2,"name":"Produits","item":"http:\/\/www.deliciouswithout.com\/fr\/produits\/"},{"@type":"ListItem","position":3,"name":"Muffins etc","item":"http:\/\/www.deliciouswithout.com\/fr\/produits\/muffins\/"},{"@type":"ListItem","position":4,"name":"Muffins Bananes avec P\u00e9pites de Chocolats"}]},{"@type":"WebSite","@id":"http:\/\/www.deliciouswithout.com\/#website","url":"http:\/\/www.deliciouswithout.com\/","name":"deliciouswithout.com","description":"D\u00e9licieux Sans Gluten, Produits Latiers, Arachides, Noix","potentialAction":[{"@type":"SearchAction","target":{"@type":"EntryPoint","urlTemplate":"http:\/\/www.deliciouswithout.com\/?s={search_term_string}"},"query-input":{"@type":"PropertyValueSpecification","valueRequired":true,"valueName":"search_term_string"}}],"inLanguage":"fr-FR"}]}},"_links":{"self":[{"href":"http:\/\/www.deliciouswithout.com\/fr\/wp-json\/wp\/v2\/pages\/6084","targetHints":{"allow":["GET"]}}],"collection":[{"href":"http:\/\/www.deliciouswithout.com\/fr\/wp-json\/wp\/v2\/pages"}],"about":[{"href":"http:\/\/www.deliciouswithout.com\/fr\/wp-json\/wp\/v2\/types\/page"}],"author":[{"embeddable":true,"href":"http:\/\/www.deliciouswithout.com\/fr\/wp-json\/wp\/v2\/users\/1"}],"replies":[{"embeddable":true,"href":"http:\/\/www.deliciouswithout.com\/fr\/wp-json\/wp\/v2\/comments?post=6084"}],"version-history":[{"count":0,"href":"http:\/\/www.deliciouswithout.com\/fr\/wp-json\/wp\/v2\/pages\/6084\/revisions"}],"up":[{"embeddable":true,"href":"http:\/\/www.deliciouswithout.com\/fr\/wp-json\/wp\/v2\/pages\/989"}],"wp:attachment":[{"href":"http:\/\/www.deliciouswithout.com\/fr\/wp-json\/wp\/v2\/media?parent=6084"}],"curies":[{"name":"wp","href":"https:\/\/api.w.org\/{rel}","templated":true}]}}