{"id":14795,"date":"2021-03-11T14:47:53","date_gmt":"2021-03-11T19:47:53","guid":{"rendered":"https:\/\/www.deliciouswithout.com\/?post_type=product&#038;p=14795"},"modified":"2025-03-31T13:48:20","modified_gmt":"2025-03-31T17:48:20","slug":"brioches-a-la-cannelle-vegetalienne-copy","status":"publish","type":"product","link":"http:\/\/www.deliciouswithout.com\/fr\/product\/brioches-a-la-cannelle-vegetalienne-copy\/","title":{"rendered":"BRIOCHES au chocolat v\u00e9g\u00e9talienne (4 mcx)"},"content":{"rendered":"<p>Une brioche sans allerg\u00e8ne, pas trop sucr\u00e9e et super chocolat\u00e9e ! 4 par paquet<\/p>\n","protected":false},"excerpt":{"rendered":"<p>Une brioche sans allerg\u00e8ne, pas trop sucr\u00e9e et super chocolat\u00e9e ! 4 par paquet<\/p>\n","protected":false},"featured_media":20285,"template":"","meta":{"_acf_changed":false,"wprm-recipe-roundup-name":"","wprm-recipe-roundup-description":""},"product_brand":[],"product_cat":[762],"product_tag":[773,774,775,772,780,771,908],"class_list":{"0":"post-14795","1":"product","2":"type-product","3":"status-publish","4":"has-post-thumbnail","6":"product_cat-sucrees","7":"product_tag-sans-gluten","8":"product_tag-sans-larachides","9":"product_tag-sans-noix","10":"product_tag-sans-produit-laitier","11":"product_tag-sans-sesame-fr","12":"product_tag-sans-soja","13":"product_tag-vegan-fr","15":"first","16":"instock","17":"shipping-taxable","18":"purchasable","19":"product-type-simple"},"acf":[],"yoast_head":"<!-- This site is optimized with the Yoast SEO plugin v27.3 - https:\/\/yoast.com\/product\/yoast-seo-wordpress\/ -->\n<title>BRIOCHES au chocolat v\u00e9g\u00e9talienne (4 mcx) - deliciouswithout.com<\/title>\n<meta name=\"robots\" content=\"index, follow, max-snippet:-1, max-image-preview:large, max-video-preview:-1\" \/>\n<link rel=\"canonical\" href=\"https:\/\/www.deliciouswithout.com\/fr\/product\/brioches-a-la-cannelle-vegetalienne-copy\/\" \/>\n<meta property=\"og:locale\" content=\"fr_FR\" \/>\n<meta property=\"og:type\" content=\"article\" \/>\n<meta property=\"og:title\" content=\"BRIOCHES au chocolat v\u00e9g\u00e9talienne (4 mcx) - deliciouswithout.com\" \/>\n<meta property=\"og:description\" content=\"Une brioche sans allerg\u00e8ne, pas trop sucr\u00e9e et super chocolat\u00e9e ! 4 par paquet\" \/>\n<meta property=\"og:url\" content=\"https:\/\/www.deliciouswithout.com\/fr\/product\/brioches-a-la-cannelle-vegetalienne-copy\/\" \/>\n<meta property=\"og:site_name\" content=\"deliciouswithout.com\" \/>\n<meta property=\"article:modified_time\" content=\"2025-03-31T17:48:20+00:00\" \/>\n<meta property=\"og:image\" content=\"https:\/\/www.deliciouswithout.com\/wp-content\/uploads\/2021\/03\/DWG-square-template-website-products.psd-7.png\" \/>\n\t<meta property=\"og:image:width\" content=\"800\" \/>\n\t<meta property=\"og:image:height\" content=\"800\" \/>\n\t<meta property=\"og:image:type\" content=\"image\/png\" \/>\n<meta name=\"twitter:label1\" content=\"Dur\u00e9e de lecture estim\u00e9e\" \/>\n\t<meta name=\"twitter:data1\" content=\"1 minute\" \/>\n<script type=\"application\/ld+json\" class=\"yoast-schema-graph\">{\"@context\":\"https:\\\/\\\/schema.org\",\"@graph\":[{\"@type\":\"WebPage\",\"@id\":\"https:\\\/\\\/www.deliciouswithout.com\\\/fr\\\/product\\\/brioches-a-la-cannelle-vegetalienne-copy\\\/\",\"url\":\"https:\\\/\\\/www.deliciouswithout.com\\\/fr\\\/product\\\/brioches-a-la-cannelle-vegetalienne-copy\\\/\",\"name\":\"BRIOCHES au chocolat v\u00e9g\u00e9talienne (4 mcx) - deliciouswithout.com\",\"isPartOf\":{\"@id\":\"http:\\\/\\\/www.deliciouswithout.com\\\/#website\"},\"primaryImageOfPage\":{\"@id\":\"https:\\\/\\\/www.deliciouswithout.com\\\/fr\\\/product\\\/brioches-a-la-cannelle-vegetalienne-copy\\\/#primaryimage\"},\"image\":{\"@id\":\"https:\\\/\\\/www.deliciouswithout.com\\\/fr\\\/product\\\/brioches-a-la-cannelle-vegetalienne-copy\\\/#primaryimage\"},\"thumbnailUrl\":\"http:\\\/\\\/www.deliciouswithout.com\\\/wp-content\\\/uploads\\\/2021\\\/03\\\/DWG-square-template-website-products.psd-7.png\",\"datePublished\":\"2021-03-11T19:47:53+00:00\",\"dateModified\":\"2025-03-31T17:48:20+00:00\",\"breadcrumb\":{\"@id\":\"https:\\\/\\\/www.deliciouswithout.com\\\/fr\\\/product\\\/brioches-a-la-cannelle-vegetalienne-copy\\\/#breadcrumb\"},\"inLanguage\":\"fr-FR\",\"potentialAction\":[{\"@type\":\"ReadAction\",\"target\":[\"https:\\\/\\\/www.deliciouswithout.com\\\/fr\\\/product\\\/brioches-a-la-cannelle-vegetalienne-copy\\\/\"]}]},{\"@type\":\"ImageObject\",\"inLanguage\":\"fr-FR\",\"@id\":\"https:\\\/\\\/www.deliciouswithout.com\\\/fr\\\/product\\\/brioches-a-la-cannelle-vegetalienne-copy\\\/#primaryimage\",\"url\":\"http:\\\/\\\/www.deliciouswithout.com\\\/wp-content\\\/uploads\\\/2021\\\/03\\\/DWG-square-template-website-products.psd-7.png\",\"contentUrl\":\"http:\\\/\\\/www.deliciouswithout.com\\\/wp-content\\\/uploads\\\/2021\\\/03\\\/DWG-square-template-website-products.psd-7.png\",\"width\":800,\"height\":800},{\"@type\":\"BreadcrumbList\",\"@id\":\"https:\\\/\\\/www.deliciouswithout.com\\\/fr\\\/product\\\/brioches-a-la-cannelle-vegetalienne-copy\\\/#breadcrumb\",\"itemListElement\":[{\"@type\":\"ListItem\",\"position\":1,\"name\":\"Accueil\",\"item\":\"https:\\\/\\\/www.deliciouswithout.com\\\/fr\\\/\"},{\"@type\":\"ListItem\",\"position\":2,\"name\":\"Store Sort\",\"item\":\"https:\\\/\\\/www.deliciouswithout.com\\\/store-sort\\\/\"},{\"@type\":\"ListItem\",\"position\":3,\"name\":\"BRIOCHES au chocolat v\u00e9g\u00e9talienne (4 mcx)\"}]},{\"@type\":\"WebSite\",\"@id\":\"http:\\\/\\\/www.deliciouswithout.com\\\/#website\",\"url\":\"http:\\\/\\\/www.deliciouswithout.com\\\/\",\"name\":\"deliciouswithout.com\",\"description\":\"D\u00e9licieux Sans Gluten, Produits Latiers, Arachides, Noix\",\"potentialAction\":[{\"@type\":\"SearchAction\",\"target\":{\"@type\":\"EntryPoint\",\"urlTemplate\":\"http:\\\/\\\/www.deliciouswithout.com\\\/?s={search_term_string}\"},\"query-input\":{\"@type\":\"PropertyValueSpecification\",\"valueRequired\":true,\"valueName\":\"search_term_string\"}}],\"inLanguage\":\"fr-FR\"}]}<\/script>\n<!-- \/ Yoast SEO plugin. -->","yoast_head_json":{"title":"BRIOCHES au chocolat v\u00e9g\u00e9talienne (4 mcx) - deliciouswithout.com","robots":{"index":"index","follow":"follow","max-snippet":"max-snippet:-1","max-image-preview":"max-image-preview:large","max-video-preview":"max-video-preview:-1"},"canonical":"https:\/\/www.deliciouswithout.com\/fr\/product\/brioches-a-la-cannelle-vegetalienne-copy\/","og_locale":"fr_FR","og_type":"article","og_title":"BRIOCHES au chocolat v\u00e9g\u00e9talienne (4 mcx) - deliciouswithout.com","og_description":"Une brioche sans allerg\u00e8ne, pas trop sucr\u00e9e et super chocolat\u00e9e ! 4 par paquet","og_url":"https:\/\/www.deliciouswithout.com\/fr\/product\/brioches-a-la-cannelle-vegetalienne-copy\/","og_site_name":"deliciouswithout.com","article_modified_time":"2025-03-31T17:48:20+00:00","og_image":[{"width":800,"height":800,"url":"https:\/\/www.deliciouswithout.com\/wp-content\/uploads\/2021\/03\/DWG-square-template-website-products.psd-7.png","type":"image\/png"}],"twitter_misc":{"Dur\u00e9e de lecture estim\u00e9e":"1 minute"},"schema":{"@context":"https:\/\/schema.org","@graph":[{"@type":"WebPage","@id":"https:\/\/www.deliciouswithout.com\/fr\/product\/brioches-a-la-cannelle-vegetalienne-copy\/","url":"https:\/\/www.deliciouswithout.com\/fr\/product\/brioches-a-la-cannelle-vegetalienne-copy\/","name":"BRIOCHES au chocolat v\u00e9g\u00e9talienne (4 mcx) - deliciouswithout.com","isPartOf":{"@id":"http:\/\/www.deliciouswithout.com\/#website"},"primaryImageOfPage":{"@id":"https:\/\/www.deliciouswithout.com\/fr\/product\/brioches-a-la-cannelle-vegetalienne-copy\/#primaryimage"},"image":{"@id":"https:\/\/www.deliciouswithout.com\/fr\/product\/brioches-a-la-cannelle-vegetalienne-copy\/#primaryimage"},"thumbnailUrl":"http:\/\/www.deliciouswithout.com\/wp-content\/uploads\/2021\/03\/DWG-square-template-website-products.psd-7.png","datePublished":"2021-03-11T19:47:53+00:00","dateModified":"2025-03-31T17:48:20+00:00","breadcrumb":{"@id":"https:\/\/www.deliciouswithout.com\/fr\/product\/brioches-a-la-cannelle-vegetalienne-copy\/#breadcrumb"},"inLanguage":"fr-FR","potentialAction":[{"@type":"ReadAction","target":["https:\/\/www.deliciouswithout.com\/fr\/product\/brioches-a-la-cannelle-vegetalienne-copy\/"]}]},{"@type":"ImageObject","inLanguage":"fr-FR","@id":"https:\/\/www.deliciouswithout.com\/fr\/product\/brioches-a-la-cannelle-vegetalienne-copy\/#primaryimage","url":"http:\/\/www.deliciouswithout.com\/wp-content\/uploads\/2021\/03\/DWG-square-template-website-products.psd-7.png","contentUrl":"http:\/\/www.deliciouswithout.com\/wp-content\/uploads\/2021\/03\/DWG-square-template-website-products.psd-7.png","width":800,"height":800},{"@type":"BreadcrumbList","@id":"https:\/\/www.deliciouswithout.com\/fr\/product\/brioches-a-la-cannelle-vegetalienne-copy\/#breadcrumb","itemListElement":[{"@type":"ListItem","position":1,"name":"Accueil","item":"https:\/\/www.deliciouswithout.com\/fr\/"},{"@type":"ListItem","position":2,"name":"Store Sort","item":"https:\/\/www.deliciouswithout.com\/store-sort\/"},{"@type":"ListItem","position":3,"name":"BRIOCHES au chocolat v\u00e9g\u00e9talienne (4 mcx)"}]},{"@type":"WebSite","@id":"http:\/\/www.deliciouswithout.com\/#website","url":"http:\/\/www.deliciouswithout.com\/","name":"deliciouswithout.com","description":"D\u00e9licieux Sans Gluten, Produits Latiers, Arachides, Noix","potentialAction":[{"@type":"SearchAction","target":{"@type":"EntryPoint","urlTemplate":"http:\/\/www.deliciouswithout.com\/?s={search_term_string}"},"query-input":{"@type":"PropertyValueSpecification","valueRequired":true,"valueName":"search_term_string"}}],"inLanguage":"fr-FR"}]}},"_links":{"self":[{"href":"http:\/\/www.deliciouswithout.com\/fr\/wp-json\/wp\/v2\/product\/14795","targetHints":{"allow":["GET"]}}],"collection":[{"href":"http:\/\/www.deliciouswithout.com\/fr\/wp-json\/wp\/v2\/product"}],"about":[{"href":"http:\/\/www.deliciouswithout.com\/fr\/wp-json\/wp\/v2\/types\/product"}],"wp:featuredmedia":[{"embeddable":true,"href":"http:\/\/www.deliciouswithout.com\/fr\/wp-json\/wp\/v2\/media\/20285"}],"wp:attachment":[{"href":"http:\/\/www.deliciouswithout.com\/fr\/wp-json\/wp\/v2\/media?parent=14795"}],"wp:term":[{"taxonomy":"product_brand","embeddable":true,"href":"http:\/\/www.deliciouswithout.com\/fr\/wp-json\/wp\/v2\/product_brand?post=14795"},{"taxonomy":"product_cat","embeddable":true,"href":"http:\/\/www.deliciouswithout.com\/fr\/wp-json\/wp\/v2\/product_cat?post=14795"},{"taxonomy":"product_tag","embeddable":true,"href":"http:\/\/www.deliciouswithout.com\/fr\/wp-json\/wp\/v2\/product_tag?post=14795"}],"curies":[{"name":"wp","href":"https:\/\/api.w.org\/{rel}","templated":true}]}}