{"id":15952,"date":"2021-12-06T19:39:45","date_gmt":"2021-12-07T00:39:45","guid":{"rendered":"https:\/\/www.deliciouswithout.com\/?post_type=product&#038;p=15952"},"modified":"2024-05-15T12:00:36","modified_gmt":"2024-05-15T16:00:36","slug":"gateau-au-canneberge-et-a-lorange-550-g-copy-4","status":"publish","type":"product","link":"http:\/\/www.deliciouswithout.com\/fr\/product\/gateau-au-canneberge-et-a-lorange-550-g-copy-4\/","title":{"rendered":"G\u00c2TEAU \u00c0 LA CAROTTE (550 g)"},"content":{"rendered":"<p>Charg\u00e9 de carottes, d&rsquo;ananas, de cannelle et garni d&rsquo;un gla\u00e7age aromatis\u00e9 au fromage \u00e0 la cr\u00e8me. Toujours sans produits laitiers !<br \/>\n7&Prime; de long et peut \u00eatre tranch\u00e9 en 7 morceaux d&rsquo;un pouce d&rsquo;\u00e9paisseur<\/p>\n","protected":false},"excerpt":{"rendered":"<p><strong>Ingr\u00e9dients :\u00a0<\/strong>M\u00e9lange de farine (Farine de riz, F\u00e9cule de pomme de terre, Farine de tapioca, Farine de pomme de terre), Ananas broy\u00e9, Sucre, Carottes, \u0153ufs entiers liquides, Huile de canola (non OGM), Poudre \u00e0 p\u00e2te, Bicarbonate de soude, Sel, Cannelle, Xanthane.<\/p>\n<p><strong>Gla\u00e7age :<\/strong> Sucre \u00e0 glacer, Margarine de canola et d&rsquo;huiles de palme et de palmiste modifi\u00e9es, Shortening d&rsquo;huile de palme, saveur naturelle.<\/p>\n<p><strong>Contient:<\/strong> Oeufs.<\/p>\n","protected":false},"featured_media":19543,"template":"","meta":{"_acf_changed":false,"wprm-recipe-roundup-name":"","wprm-recipe-roundup-description":""},"product_brand":[],"product_cat":[762],"product_tag":[773,774,775,772,780,771],"class_list":{"0":"post-15952","1":"product","2":"type-product","3":"status-publish","4":"has-post-thumbnail","6":"product_cat-sucrees","7":"product_tag-sans-gluten","8":"product_tag-sans-larachides","9":"product_tag-sans-noix","10":"product_tag-sans-produit-laitier","11":"product_tag-sans-sesame-fr","12":"product_tag-sans-soja","14":"first","15":"instock","16":"shipping-taxable","17":"purchasable","18":"product-type-simple"},"acf":[],"yoast_head":"<!-- This site is optimized with the Yoast SEO plugin v27.3 - https:\/\/yoast.com\/product\/yoast-seo-wordpress\/ -->\n<title>G\u00c2TEAU \u00c0 LA CAROTTE (550 g) - deliciouswithout.com<\/title>\n<meta name=\"robots\" content=\"index, follow, max-snippet:-1, max-image-preview:large, max-video-preview:-1\" \/>\n<link rel=\"canonical\" href=\"http:\/\/www.deliciouswithout.com\/fr\/product\/gateau-au-canneberge-et-a-lorange-550-g-copy-4\/\" \/>\n<meta property=\"og:locale\" content=\"fr_FR\" \/>\n<meta property=\"og:type\" content=\"article\" \/>\n<meta property=\"og:title\" content=\"G\u00c2TEAU \u00c0 LA CAROTTE (550 g) - deliciouswithout.com\" \/>\n<meta property=\"og:description\" content=\"Ingr\u00e9dients :\u00a0M\u00e9lange de farine (Farine de riz, F\u00e9cule de pomme de terre, Farine de tapioca, Farine de pomme de terre), Ananas broy\u00e9, Sucre, Carottes, \u0153ufs entiers liquides, Huile de canola (non OGM), Poudre \u00e0 p\u00e2te, Bicarbonate de soude, Sel, Cannelle, Xanthane.  Gla\u00e7age : Sucre \u00e0 glacer, Margarine de canola et d&#039;huiles de palme et de palmiste modifi\u00e9es, Shortening d&#039;huile de palme, saveur naturelle.  Contient: Oeufs.\" \/>\n<meta property=\"og:url\" content=\"http:\/\/www.deliciouswithout.com\/fr\/product\/gateau-au-canneberge-et-a-lorange-550-g-copy-4\/\" \/>\n<meta property=\"og:site_name\" content=\"deliciouswithout.com\" \/>\n<meta property=\"article:modified_time\" content=\"2024-05-15T16:00:36+00:00\" \/>\n<meta property=\"og:image\" content=\"http:\/\/www.deliciouswithout.com\/wp-content\/uploads\/2021\/12\/carrot-cake-lifestyle-1024x1024.png\" \/>\n\t<meta property=\"og:image:width\" content=\"1024\" \/>\n\t<meta property=\"og:image:height\" content=\"1024\" \/>\n\t<meta property=\"og:image:type\" content=\"image\/png\" \/>\n<meta name=\"twitter:label1\" content=\"Dur\u00e9e de lecture estim\u00e9e\" \/>\n\t<meta name=\"twitter:data1\" content=\"1 minute\" \/>\n<script type=\"application\/ld+json\" class=\"yoast-schema-graph\">{\"@context\":\"https:\\\/\\\/schema.org\",\"@graph\":[{\"@type\":\"WebPage\",\"@id\":\"http:\\\/\\\/www.deliciouswithout.com\\\/fr\\\/product\\\/gateau-au-canneberge-et-a-lorange-550-g-copy-4\\\/\",\"url\":\"http:\\\/\\\/www.deliciouswithout.com\\\/fr\\\/product\\\/gateau-au-canneberge-et-a-lorange-550-g-copy-4\\\/\",\"name\":\"G\u00c2TEAU \u00c0 LA CAROTTE (550 g) - deliciouswithout.com\",\"isPartOf\":{\"@id\":\"http:\\\/\\\/www.deliciouswithout.com\\\/#website\"},\"primaryImageOfPage\":{\"@id\":\"http:\\\/\\\/www.deliciouswithout.com\\\/fr\\\/product\\\/gateau-au-canneberge-et-a-lorange-550-g-copy-4\\\/#primaryimage\"},\"image\":{\"@id\":\"http:\\\/\\\/www.deliciouswithout.com\\\/fr\\\/product\\\/gateau-au-canneberge-et-a-lorange-550-g-copy-4\\\/#primaryimage\"},\"thumbnailUrl\":\"http:\\\/\\\/www.deliciouswithout.com\\\/wp-content\\\/uploads\\\/2021\\\/12\\\/carrot-cake-lifestyle.png\",\"datePublished\":\"2021-12-07T00:39:45+00:00\",\"dateModified\":\"2024-05-15T16:00:36+00:00\",\"breadcrumb\":{\"@id\":\"http:\\\/\\\/www.deliciouswithout.com\\\/fr\\\/product\\\/gateau-au-canneberge-et-a-lorange-550-g-copy-4\\\/#breadcrumb\"},\"inLanguage\":\"fr-FR\",\"potentialAction\":[{\"@type\":\"ReadAction\",\"target\":[\"http:\\\/\\\/www.deliciouswithout.com\\\/fr\\\/product\\\/gateau-au-canneberge-et-a-lorange-550-g-copy-4\\\/\"]}]},{\"@type\":\"ImageObject\",\"inLanguage\":\"fr-FR\",\"@id\":\"http:\\\/\\\/www.deliciouswithout.com\\\/fr\\\/product\\\/gateau-au-canneberge-et-a-lorange-550-g-copy-4\\\/#primaryimage\",\"url\":\"http:\\\/\\\/www.deliciouswithout.com\\\/wp-content\\\/uploads\\\/2021\\\/12\\\/carrot-cake-lifestyle.png\",\"contentUrl\":\"http:\\\/\\\/www.deliciouswithout.com\\\/wp-content\\\/uploads\\\/2021\\\/12\\\/carrot-cake-lifestyle.png\",\"width\":1600,\"height\":1600},{\"@type\":\"BreadcrumbList\",\"@id\":\"http:\\\/\\\/www.deliciouswithout.com\\\/fr\\\/product\\\/gateau-au-canneberge-et-a-lorange-550-g-copy-4\\\/#breadcrumb\",\"itemListElement\":[{\"@type\":\"ListItem\",\"position\":1,\"name\":\"Accueil\",\"item\":\"https:\\\/\\\/www.deliciouswithout.com\\\/fr\\\/\"},{\"@type\":\"ListItem\",\"position\":2,\"name\":\"Store Sort\",\"item\":\"https:\\\/\\\/www.deliciouswithout.com\\\/store-sort\\\/\"},{\"@type\":\"ListItem\",\"position\":3,\"name\":\"G\u00c2TEAU \u00c0 LA CAROTTE (550 g)\"}]},{\"@type\":\"WebSite\",\"@id\":\"http:\\\/\\\/www.deliciouswithout.com\\\/#website\",\"url\":\"http:\\\/\\\/www.deliciouswithout.com\\\/\",\"name\":\"deliciouswithout.com\",\"description\":\"D\u00e9licieux Sans Gluten, Produits Latiers, Arachides, Noix\",\"potentialAction\":[{\"@type\":\"SearchAction\",\"target\":{\"@type\":\"EntryPoint\",\"urlTemplate\":\"http:\\\/\\\/www.deliciouswithout.com\\\/?s={search_term_string}\"},\"query-input\":{\"@type\":\"PropertyValueSpecification\",\"valueRequired\":true,\"valueName\":\"search_term_string\"}}],\"inLanguage\":\"fr-FR\"}]}<\/script>\n<!-- \/ Yoast SEO plugin. -->","yoast_head_json":{"title":"G\u00c2TEAU \u00c0 LA CAROTTE (550 g) - deliciouswithout.com","robots":{"index":"index","follow":"follow","max-snippet":"max-snippet:-1","max-image-preview":"max-image-preview:large","max-video-preview":"max-video-preview:-1"},"canonical":"http:\/\/www.deliciouswithout.com\/fr\/product\/gateau-au-canneberge-et-a-lorange-550-g-copy-4\/","og_locale":"fr_FR","og_type":"article","og_title":"G\u00c2TEAU \u00c0 LA CAROTTE (550 g) - deliciouswithout.com","og_description":"Ingr\u00e9dients :\u00a0M\u00e9lange de farine (Farine de riz, F\u00e9cule de pomme de terre, Farine de tapioca, Farine de pomme de terre), Ananas broy\u00e9, Sucre, Carottes, \u0153ufs entiers liquides, Huile de canola (non OGM), Poudre \u00e0 p\u00e2te, Bicarbonate de soude, Sel, Cannelle, Xanthane.  Gla\u00e7age : Sucre \u00e0 glacer, Margarine de canola et d'huiles de palme et de palmiste modifi\u00e9es, Shortening d'huile de palme, saveur naturelle.  Contient: Oeufs.","og_url":"http:\/\/www.deliciouswithout.com\/fr\/product\/gateau-au-canneberge-et-a-lorange-550-g-copy-4\/","og_site_name":"deliciouswithout.com","article_modified_time":"2024-05-15T16:00:36+00:00","og_image":[{"width":1024,"height":1024,"url":"http:\/\/www.deliciouswithout.com\/wp-content\/uploads\/2021\/12\/carrot-cake-lifestyle-1024x1024.png","type":"image\/png"}],"twitter_misc":{"Dur\u00e9e de lecture estim\u00e9e":"1 minute"},"schema":{"@context":"https:\/\/schema.org","@graph":[{"@type":"WebPage","@id":"http:\/\/www.deliciouswithout.com\/fr\/product\/gateau-au-canneberge-et-a-lorange-550-g-copy-4\/","url":"http:\/\/www.deliciouswithout.com\/fr\/product\/gateau-au-canneberge-et-a-lorange-550-g-copy-4\/","name":"G\u00c2TEAU \u00c0 LA CAROTTE (550 g) - deliciouswithout.com","isPartOf":{"@id":"http:\/\/www.deliciouswithout.com\/#website"},"primaryImageOfPage":{"@id":"http:\/\/www.deliciouswithout.com\/fr\/product\/gateau-au-canneberge-et-a-lorange-550-g-copy-4\/#primaryimage"},"image":{"@id":"http:\/\/www.deliciouswithout.com\/fr\/product\/gateau-au-canneberge-et-a-lorange-550-g-copy-4\/#primaryimage"},"thumbnailUrl":"http:\/\/www.deliciouswithout.com\/wp-content\/uploads\/2021\/12\/carrot-cake-lifestyle.png","datePublished":"2021-12-07T00:39:45+00:00","dateModified":"2024-05-15T16:00:36+00:00","breadcrumb":{"@id":"http:\/\/www.deliciouswithout.com\/fr\/product\/gateau-au-canneberge-et-a-lorange-550-g-copy-4\/#breadcrumb"},"inLanguage":"fr-FR","potentialAction":[{"@type":"ReadAction","target":["http:\/\/www.deliciouswithout.com\/fr\/product\/gateau-au-canneberge-et-a-lorange-550-g-copy-4\/"]}]},{"@type":"ImageObject","inLanguage":"fr-FR","@id":"http:\/\/www.deliciouswithout.com\/fr\/product\/gateau-au-canneberge-et-a-lorange-550-g-copy-4\/#primaryimage","url":"http:\/\/www.deliciouswithout.com\/wp-content\/uploads\/2021\/12\/carrot-cake-lifestyle.png","contentUrl":"http:\/\/www.deliciouswithout.com\/wp-content\/uploads\/2021\/12\/carrot-cake-lifestyle.png","width":1600,"height":1600},{"@type":"BreadcrumbList","@id":"http:\/\/www.deliciouswithout.com\/fr\/product\/gateau-au-canneberge-et-a-lorange-550-g-copy-4\/#breadcrumb","itemListElement":[{"@type":"ListItem","position":1,"name":"Accueil","item":"https:\/\/www.deliciouswithout.com\/fr\/"},{"@type":"ListItem","position":2,"name":"Store Sort","item":"https:\/\/www.deliciouswithout.com\/store-sort\/"},{"@type":"ListItem","position":3,"name":"G\u00c2TEAU \u00c0 LA CAROTTE (550 g)"}]},{"@type":"WebSite","@id":"http:\/\/www.deliciouswithout.com\/#website","url":"http:\/\/www.deliciouswithout.com\/","name":"deliciouswithout.com","description":"D\u00e9licieux Sans Gluten, Produits Latiers, Arachides, Noix","potentialAction":[{"@type":"SearchAction","target":{"@type":"EntryPoint","urlTemplate":"http:\/\/www.deliciouswithout.com\/?s={search_term_string}"},"query-input":{"@type":"PropertyValueSpecification","valueRequired":true,"valueName":"search_term_string"}}],"inLanguage":"fr-FR"}]}},"_links":{"self":[{"href":"http:\/\/www.deliciouswithout.com\/fr\/wp-json\/wp\/v2\/product\/15952","targetHints":{"allow":["GET"]}}],"collection":[{"href":"http:\/\/www.deliciouswithout.com\/fr\/wp-json\/wp\/v2\/product"}],"about":[{"href":"http:\/\/www.deliciouswithout.com\/fr\/wp-json\/wp\/v2\/types\/product"}],"wp:featuredmedia":[{"embeddable":true,"href":"http:\/\/www.deliciouswithout.com\/fr\/wp-json\/wp\/v2\/media\/19543"}],"wp:attachment":[{"href":"http:\/\/www.deliciouswithout.com\/fr\/wp-json\/wp\/v2\/media?parent=15952"}],"wp:term":[{"taxonomy":"product_brand","embeddable":true,"href":"http:\/\/www.deliciouswithout.com\/fr\/wp-json\/wp\/v2\/product_brand?post=15952"},{"taxonomy":"product_cat","embeddable":true,"href":"http:\/\/www.deliciouswithout.com\/fr\/wp-json\/wp\/v2\/product_cat?post=15952"},{"taxonomy":"product_tag","embeddable":true,"href":"http:\/\/www.deliciouswithout.com\/fr\/wp-json\/wp\/v2\/product_tag?post=15952"}],"curies":[{"name":"wp","href":"https:\/\/api.w.org\/{rel}","templated":true}]}}