{"id":16958,"date":"2022-09-08T15:23:29","date_gmt":"2022-09-08T19:23:29","guid":{"rendered":"https:\/\/www.deliciouswithout.com\/?post_type=product&#038;p=16958"},"modified":"2024-11-15T13:51:52","modified_gmt":"2024-11-15T18:51:52","slug":"panini-372-g-3-pack-copy","status":"publish","type":"product","link":"http:\/\/www.deliciouswithout.com\/fr\/product\/panini-372-g-3-pack-copy\/","title":{"rendered":"Pita 6&Prime;(3 morceaux)"},"content":{"rendered":"<p>Parfait pour faire des sandwichs ! Id\u00e9al \u00e0 utiliser comme cro\u00fbte de pizza ou \u00e0 remplir pour votre sandwich pr\u00e9f\u00e9r\u00e9. D\u00e9congeler, puis r\u00e9chauffer dans une po\u00eale des deux c\u00f4t\u00e9s ou simplement au micro-ondes.<\/p>\n","protected":false},"excerpt":{"rendered":"<p><strong>Ingr\u00e9dients:<\/strong> Eau, m\u00e9lange d\u2019amidon sans gluten sans ogm (amidon de tapioca modifi\u00e9, amidon de ma\u00efs, f\u00e9cule de pomme de terre), farine de Sorgho, Farine de Pomme de terre, Huile d&rsquo;olive, gomme xanthane, levure instantan\u00e9e, sel, vinaigre de cidre de pomme, gel\u00e9e de lin<\/p>\n","protected":false},"featured_media":19562,"template":"","meta":{"_acf_changed":false,"wprm-recipe-roundup-name":"","wprm-recipe-roundup-description":""},"product_brand":[],"product_cat":[763],"product_tag":[846,773,774,775,772,780,771,908],"class_list":{"0":"post-16958","1":"product","2":"type-product","3":"status-publish","4":"has-post-thumbnail","6":"product_cat-pains","7":"product_tag-egg-free-fr","8":"product_tag-sans-gluten","9":"product_tag-sans-larachides","10":"product_tag-sans-noix","11":"product_tag-sans-produit-laitier","12":"product_tag-sans-sesame-fr","13":"product_tag-sans-soja","14":"product_tag-vegan-fr","16":"first","17":"outofstock","18":"shipping-taxable","19":"purchasable","20":"product-type-simple"},"acf":[],"yoast_head":"<!-- This site is optimized with the Yoast SEO plugin v27.3 - https:\/\/yoast.com\/product\/yoast-seo-wordpress\/ -->\n<title>Pita 6&quot;(3 morceaux) - deliciouswithout.com<\/title>\n<meta name=\"robots\" content=\"index, follow, max-snippet:-1, max-image-preview:large, max-video-preview:-1\" \/>\n<link rel=\"canonical\" href=\"http:\/\/www.deliciouswithout.com\/fr\/product\/panini-372-g-3-pack-copy\/\" \/>\n<meta property=\"og:locale\" content=\"fr_FR\" \/>\n<meta property=\"og:type\" content=\"article\" \/>\n<meta property=\"og:title\" content=\"Pita 6&quot;(3 morceaux) - deliciouswithout.com\" \/>\n<meta property=\"og:description\" content=\"Ingr\u00e9dients: Eau, m\u00e9lange d\u2019amidon sans gluten sans ogm (amidon de tapioca modifi\u00e9, amidon de ma\u00efs, f\u00e9cule de pomme de terre), farine de Sorgho, Farine de Pomme de terre, Huile d&#039;olive, gomme xanthane, levure instantan\u00e9e, sel, vinaigre de cidre de pomme, gel\u00e9e de lin\" \/>\n<meta property=\"og:url\" content=\"http:\/\/www.deliciouswithout.com\/fr\/product\/panini-372-g-3-pack-copy\/\" \/>\n<meta property=\"og:site_name\" content=\"deliciouswithout.com\" \/>\n<meta property=\"article:modified_time\" content=\"2024-11-15T18:51:52+00:00\" \/>\n<meta property=\"og:image\" content=\"http:\/\/www.deliciouswithout.com\/wp-content\/uploads\/2022\/09\/pita.png\" \/>\n\t<meta property=\"og:image:width\" content=\"800\" \/>\n\t<meta property=\"og:image:height\" content=\"800\" \/>\n\t<meta property=\"og:image:type\" content=\"image\/png\" \/>\n<meta name=\"twitter:label1\" content=\"Dur\u00e9e de lecture estim\u00e9e\" \/>\n\t<meta name=\"twitter:data1\" content=\"1 minute\" \/>\n<script type=\"application\/ld+json\" class=\"yoast-schema-graph\">{\"@context\":\"https:\\\/\\\/schema.org\",\"@graph\":[{\"@type\":\"WebPage\",\"@id\":\"http:\\\/\\\/www.deliciouswithout.com\\\/fr\\\/product\\\/panini-372-g-3-pack-copy\\\/\",\"url\":\"http:\\\/\\\/www.deliciouswithout.com\\\/fr\\\/product\\\/panini-372-g-3-pack-copy\\\/\",\"name\":\"Pita 6\\\"(3 morceaux) - deliciouswithout.com\",\"isPartOf\":{\"@id\":\"http:\\\/\\\/www.deliciouswithout.com\\\/#website\"},\"primaryImageOfPage\":{\"@id\":\"http:\\\/\\\/www.deliciouswithout.com\\\/fr\\\/product\\\/panini-372-g-3-pack-copy\\\/#primaryimage\"},\"image\":{\"@id\":\"http:\\\/\\\/www.deliciouswithout.com\\\/fr\\\/product\\\/panini-372-g-3-pack-copy\\\/#primaryimage\"},\"thumbnailUrl\":\"http:\\\/\\\/www.deliciouswithout.com\\\/wp-content\\\/uploads\\\/2022\\\/09\\\/pita.png\",\"datePublished\":\"2022-09-08T19:23:29+00:00\",\"dateModified\":\"2024-11-15T18:51:52+00:00\",\"breadcrumb\":{\"@id\":\"http:\\\/\\\/www.deliciouswithout.com\\\/fr\\\/product\\\/panini-372-g-3-pack-copy\\\/#breadcrumb\"},\"inLanguage\":\"fr-FR\",\"potentialAction\":[{\"@type\":\"ReadAction\",\"target\":[\"http:\\\/\\\/www.deliciouswithout.com\\\/fr\\\/product\\\/panini-372-g-3-pack-copy\\\/\"]}]},{\"@type\":\"ImageObject\",\"inLanguage\":\"fr-FR\",\"@id\":\"http:\\\/\\\/www.deliciouswithout.com\\\/fr\\\/product\\\/panini-372-g-3-pack-copy\\\/#primaryimage\",\"url\":\"http:\\\/\\\/www.deliciouswithout.com\\\/wp-content\\\/uploads\\\/2022\\\/09\\\/pita.png\",\"contentUrl\":\"http:\\\/\\\/www.deliciouswithout.com\\\/wp-content\\\/uploads\\\/2022\\\/09\\\/pita.png\",\"width\":800,\"height\":800},{\"@type\":\"BreadcrumbList\",\"@id\":\"http:\\\/\\\/www.deliciouswithout.com\\\/fr\\\/product\\\/panini-372-g-3-pack-copy\\\/#breadcrumb\",\"itemListElement\":[{\"@type\":\"ListItem\",\"position\":1,\"name\":\"Accueil\",\"item\":\"https:\\\/\\\/www.deliciouswithout.com\\\/fr\\\/\"},{\"@type\":\"ListItem\",\"position\":2,\"name\":\"Store Sort\",\"item\":\"https:\\\/\\\/www.deliciouswithout.com\\\/store-sort\\\/\"},{\"@type\":\"ListItem\",\"position\":3,\"name\":\"Pita 6&Prime;(3 morceaux)\"}]},{\"@type\":\"WebSite\",\"@id\":\"http:\\\/\\\/www.deliciouswithout.com\\\/#website\",\"url\":\"http:\\\/\\\/www.deliciouswithout.com\\\/\",\"name\":\"deliciouswithout.com\",\"description\":\"D\u00e9licieux Sans Gluten, Produits Latiers, Arachides, Noix\",\"potentialAction\":[{\"@type\":\"SearchAction\",\"target\":{\"@type\":\"EntryPoint\",\"urlTemplate\":\"http:\\\/\\\/www.deliciouswithout.com\\\/?s={search_term_string}\"},\"query-input\":{\"@type\":\"PropertyValueSpecification\",\"valueRequired\":true,\"valueName\":\"search_term_string\"}}],\"inLanguage\":\"fr-FR\"}]}<\/script>\n<!-- \/ Yoast SEO plugin. -->","yoast_head_json":{"title":"Pita 6\"(3 morceaux) - deliciouswithout.com","robots":{"index":"index","follow":"follow","max-snippet":"max-snippet:-1","max-image-preview":"max-image-preview:large","max-video-preview":"max-video-preview:-1"},"canonical":"http:\/\/www.deliciouswithout.com\/fr\/product\/panini-372-g-3-pack-copy\/","og_locale":"fr_FR","og_type":"article","og_title":"Pita 6\"(3 morceaux) - deliciouswithout.com","og_description":"Ingr\u00e9dients: Eau, m\u00e9lange d\u2019amidon sans gluten sans ogm (amidon de tapioca modifi\u00e9, amidon de ma\u00efs, f\u00e9cule de pomme de terre), farine de Sorgho, Farine de Pomme de terre, Huile d'olive, gomme xanthane, levure instantan\u00e9e, sel, vinaigre de cidre de pomme, gel\u00e9e de lin","og_url":"http:\/\/www.deliciouswithout.com\/fr\/product\/panini-372-g-3-pack-copy\/","og_site_name":"deliciouswithout.com","article_modified_time":"2024-11-15T18:51:52+00:00","og_image":[{"width":800,"height":800,"url":"http:\/\/www.deliciouswithout.com\/wp-content\/uploads\/2022\/09\/pita.png","type":"image\/png"}],"twitter_misc":{"Dur\u00e9e de lecture estim\u00e9e":"1 minute"},"schema":{"@context":"https:\/\/schema.org","@graph":[{"@type":"WebPage","@id":"http:\/\/www.deliciouswithout.com\/fr\/product\/panini-372-g-3-pack-copy\/","url":"http:\/\/www.deliciouswithout.com\/fr\/product\/panini-372-g-3-pack-copy\/","name":"Pita 6\"(3 morceaux) - deliciouswithout.com","isPartOf":{"@id":"http:\/\/www.deliciouswithout.com\/#website"},"primaryImageOfPage":{"@id":"http:\/\/www.deliciouswithout.com\/fr\/product\/panini-372-g-3-pack-copy\/#primaryimage"},"image":{"@id":"http:\/\/www.deliciouswithout.com\/fr\/product\/panini-372-g-3-pack-copy\/#primaryimage"},"thumbnailUrl":"http:\/\/www.deliciouswithout.com\/wp-content\/uploads\/2022\/09\/pita.png","datePublished":"2022-09-08T19:23:29+00:00","dateModified":"2024-11-15T18:51:52+00:00","breadcrumb":{"@id":"http:\/\/www.deliciouswithout.com\/fr\/product\/panini-372-g-3-pack-copy\/#breadcrumb"},"inLanguage":"fr-FR","potentialAction":[{"@type":"ReadAction","target":["http:\/\/www.deliciouswithout.com\/fr\/product\/panini-372-g-3-pack-copy\/"]}]},{"@type":"ImageObject","inLanguage":"fr-FR","@id":"http:\/\/www.deliciouswithout.com\/fr\/product\/panini-372-g-3-pack-copy\/#primaryimage","url":"http:\/\/www.deliciouswithout.com\/wp-content\/uploads\/2022\/09\/pita.png","contentUrl":"http:\/\/www.deliciouswithout.com\/wp-content\/uploads\/2022\/09\/pita.png","width":800,"height":800},{"@type":"BreadcrumbList","@id":"http:\/\/www.deliciouswithout.com\/fr\/product\/panini-372-g-3-pack-copy\/#breadcrumb","itemListElement":[{"@type":"ListItem","position":1,"name":"Accueil","item":"https:\/\/www.deliciouswithout.com\/fr\/"},{"@type":"ListItem","position":2,"name":"Store Sort","item":"https:\/\/www.deliciouswithout.com\/store-sort\/"},{"@type":"ListItem","position":3,"name":"Pita 6&Prime;(3 morceaux)"}]},{"@type":"WebSite","@id":"http:\/\/www.deliciouswithout.com\/#website","url":"http:\/\/www.deliciouswithout.com\/","name":"deliciouswithout.com","description":"D\u00e9licieux Sans Gluten, Produits Latiers, Arachides, Noix","potentialAction":[{"@type":"SearchAction","target":{"@type":"EntryPoint","urlTemplate":"http:\/\/www.deliciouswithout.com\/?s={search_term_string}"},"query-input":{"@type":"PropertyValueSpecification","valueRequired":true,"valueName":"search_term_string"}}],"inLanguage":"fr-FR"}]}},"_links":{"self":[{"href":"http:\/\/www.deliciouswithout.com\/fr\/wp-json\/wp\/v2\/product\/16958","targetHints":{"allow":["GET"]}}],"collection":[{"href":"http:\/\/www.deliciouswithout.com\/fr\/wp-json\/wp\/v2\/product"}],"about":[{"href":"http:\/\/www.deliciouswithout.com\/fr\/wp-json\/wp\/v2\/types\/product"}],"wp:featuredmedia":[{"embeddable":true,"href":"http:\/\/www.deliciouswithout.com\/fr\/wp-json\/wp\/v2\/media\/19562"}],"wp:attachment":[{"href":"http:\/\/www.deliciouswithout.com\/fr\/wp-json\/wp\/v2\/media?parent=16958"}],"wp:term":[{"taxonomy":"product_brand","embeddable":true,"href":"http:\/\/www.deliciouswithout.com\/fr\/wp-json\/wp\/v2\/product_brand?post=16958"},{"taxonomy":"product_cat","embeddable":true,"href":"http:\/\/www.deliciouswithout.com\/fr\/wp-json\/wp\/v2\/product_cat?post=16958"},{"taxonomy":"product_tag","embeddable":true,"href":"http:\/\/www.deliciouswithout.com\/fr\/wp-json\/wp\/v2\/product_tag?post=16958"}],"curies":[{"name":"wp","href":"https:\/\/api.w.org\/{rel}","templated":true}]}}