{"id":17868,"date":"2023-03-22T09:52:03","date_gmt":"2023-03-22T13:52:03","guid":{"rendered":"https:\/\/www.deliciouswithout.com\/?post_type=product&#038;p=17868"},"modified":"2024-05-15T10:47:48","modified_gmt":"2024-05-15T14:47:48","slug":"petits-gateaux-vegetalien-chocolat-396gramassage-local-seulement-copy","status":"publish","type":"product","link":"http:\/\/www.deliciouswithout.com\/fr\/product\/petits-gateaux-vegetalien-chocolat-396gramassage-local-seulement-copy\/","title":{"rendered":"G\u00e2teaux D\u00c9LICIEUX V\u00e9g\u00e9talien au CHOCOLAT"},"content":{"rendered":"<p>G\u00e2teau sans allerg\u00e8ne de 8&Prime; x 6&Prime; avec gla\u00e7age. V\u00e9g\u00e9talien, d\u00e9licieux et vous n\u2019avez pas besoin d\u2019une occasion pour manger\u00a0!<br \/>\nD\u00e9congelez pour 30 minutes et mangez\u00a0!<\/p>\n","protected":false},"excerpt":{"rendered":"<p><strong>Ingr\u00e9dients<\/strong>: Sucres (sucre \u00e0 glacer, sucre biologique*), Eau, M\u00e9lange de farine (farine de riz blanc, amidon de tapioca modifi\u00e9, amidon de ma\u00efs*, f\u00e9cule de pomme de terre), Huile de canola*, Poudre de cacao, Margarine d\u2019huile de canola et de fruit de palme modifi\u00e9e et de palmiste*, Shortening d\u2019huile de palme*, Vinaigre de cidre de pomme, Poudre \u00e0 p\u00e2te, Sel de mer, Gomme xanthane.<\/p>\n<p>*Ingr\u00e9dients sans OGM<\/p>\n<p>&nbsp;<\/p>\n","protected":false},"featured_media":21497,"template":"","meta":{"_acf_changed":false,"wprm-recipe-roundup-name":"","wprm-recipe-roundup-description":""},"product_brand":[],"product_cat":[762],"product_tag":[846,773,774,775,772,780,771,908],"class_list":{"0":"post-17868","1":"product","2":"type-product","3":"status-publish","4":"has-post-thumbnail","6":"product_cat-sucrees","7":"product_tag-egg-free-fr","8":"product_tag-sans-gluten","9":"product_tag-sans-larachides","10":"product_tag-sans-noix","11":"product_tag-sans-produit-laitier","12":"product_tag-sans-sesame-fr","13":"product_tag-sans-soja","14":"product_tag-vegan-fr","16":"first","17":"instock","18":"shipping-taxable","19":"purchasable","20":"product-type-simple"},"acf":[],"yoast_head":"<!-- This site is optimized with the Yoast SEO plugin v27.3 - https:\/\/yoast.com\/product\/yoast-seo-wordpress\/ -->\n<title>G\u00e2teaux D\u00c9LICIEUX V\u00e9g\u00e9talien au CHOCOLAT - deliciouswithout.com<\/title>\n<meta name=\"robots\" content=\"index, follow, max-snippet:-1, max-image-preview:large, max-video-preview:-1\" \/>\n<link rel=\"canonical\" href=\"https:\/\/www.deliciouswithout.com\/fr\/product\/petits-gateaux-vegetalien-chocolat-396gramassage-local-seulement-copy\/\" \/>\n<meta property=\"og:locale\" content=\"fr_FR\" \/>\n<meta property=\"og:type\" content=\"article\" \/>\n<meta property=\"og:title\" content=\"G\u00e2teaux D\u00c9LICIEUX V\u00e9g\u00e9talien au CHOCOLAT - deliciouswithout.com\" \/>\n<meta property=\"og:description\" content=\"Ingr\u00e9dients: Sucres (sucre \u00e0 glacer, sucre biologique*), Eau, M\u00e9lange de farine (farine de riz blanc, amidon de tapioca modifi\u00e9, amidon de ma\u00efs*, f\u00e9cule de pomme de terre), Huile de canola*, Poudre de cacao, Margarine d\u2019huile de canola et de fruit de palme modifi\u00e9e et de palmiste*, Shortening d\u2019huile de palme*, Vinaigre de cidre de pomme, Poudre \u00e0 p\u00e2te, Sel de mer, Gomme xanthane.  *Ingr\u00e9dients sans OGM  &nbsp;\" \/>\n<meta property=\"og:url\" content=\"https:\/\/www.deliciouswithout.com\/fr\/product\/petits-gateaux-vegetalien-chocolat-396gramassage-local-seulement-copy\/\" \/>\n<meta property=\"og:site_name\" content=\"deliciouswithout.com\" \/>\n<meta property=\"article:modified_time\" content=\"2024-05-15T14:47:48+00:00\" \/>\n<meta property=\"og:image\" content=\"https:\/\/www.deliciouswithout.com\/wp-content\/uploads\/2023\/03\/6.png\" \/>\n\t<meta property=\"og:image:width\" content=\"800\" \/>\n\t<meta property=\"og:image:height\" content=\"800\" \/>\n\t<meta property=\"og:image:type\" content=\"image\/png\" \/>\n<script type=\"application\/ld+json\" class=\"yoast-schema-graph\">{\"@context\":\"https:\\\/\\\/schema.org\",\"@graph\":[{\"@type\":\"WebPage\",\"@id\":\"https:\\\/\\\/www.deliciouswithout.com\\\/fr\\\/product\\\/petits-gateaux-vegetalien-chocolat-396gramassage-local-seulement-copy\\\/\",\"url\":\"https:\\\/\\\/www.deliciouswithout.com\\\/fr\\\/product\\\/petits-gateaux-vegetalien-chocolat-396gramassage-local-seulement-copy\\\/\",\"name\":\"G\u00e2teaux D\u00c9LICIEUX V\u00e9g\u00e9talien au CHOCOLAT - deliciouswithout.com\",\"isPartOf\":{\"@id\":\"http:\\\/\\\/www.deliciouswithout.com\\\/#website\"},\"primaryImageOfPage\":{\"@id\":\"https:\\\/\\\/www.deliciouswithout.com\\\/fr\\\/product\\\/petits-gateaux-vegetalien-chocolat-396gramassage-local-seulement-copy\\\/#primaryimage\"},\"image\":{\"@id\":\"https:\\\/\\\/www.deliciouswithout.com\\\/fr\\\/product\\\/petits-gateaux-vegetalien-chocolat-396gramassage-local-seulement-copy\\\/#primaryimage\"},\"thumbnailUrl\":\"http:\\\/\\\/www.deliciouswithout.com\\\/wp-content\\\/uploads\\\/2023\\\/03\\\/6.png\",\"datePublished\":\"2023-03-22T13:52:03+00:00\",\"dateModified\":\"2024-05-15T14:47:48+00:00\",\"breadcrumb\":{\"@id\":\"https:\\\/\\\/www.deliciouswithout.com\\\/fr\\\/product\\\/petits-gateaux-vegetalien-chocolat-396gramassage-local-seulement-copy\\\/#breadcrumb\"},\"inLanguage\":\"fr-FR\",\"potentialAction\":[{\"@type\":\"ReadAction\",\"target\":[\"https:\\\/\\\/www.deliciouswithout.com\\\/fr\\\/product\\\/petits-gateaux-vegetalien-chocolat-396gramassage-local-seulement-copy\\\/\"]}]},{\"@type\":\"ImageObject\",\"inLanguage\":\"fr-FR\",\"@id\":\"https:\\\/\\\/www.deliciouswithout.com\\\/fr\\\/product\\\/petits-gateaux-vegetalien-chocolat-396gramassage-local-seulement-copy\\\/#primaryimage\",\"url\":\"http:\\\/\\\/www.deliciouswithout.com\\\/wp-content\\\/uploads\\\/2023\\\/03\\\/6.png\",\"contentUrl\":\"http:\\\/\\\/www.deliciouswithout.com\\\/wp-content\\\/uploads\\\/2023\\\/03\\\/6.png\",\"width\":800,\"height\":800},{\"@type\":\"BreadcrumbList\",\"@id\":\"https:\\\/\\\/www.deliciouswithout.com\\\/fr\\\/product\\\/petits-gateaux-vegetalien-chocolat-396gramassage-local-seulement-copy\\\/#breadcrumb\",\"itemListElement\":[{\"@type\":\"ListItem\",\"position\":1,\"name\":\"Accueil\",\"item\":\"https:\\\/\\\/www.deliciouswithout.com\\\/fr\\\/\"},{\"@type\":\"ListItem\",\"position\":2,\"name\":\"Store Sort\",\"item\":\"https:\\\/\\\/www.deliciouswithout.com\\\/store-sort\\\/\"},{\"@type\":\"ListItem\",\"position\":3,\"name\":\"G\u00e2teaux D\u00c9LICIEUX V\u00e9g\u00e9talien au CHOCOLAT\"}]},{\"@type\":\"WebSite\",\"@id\":\"http:\\\/\\\/www.deliciouswithout.com\\\/#website\",\"url\":\"http:\\\/\\\/www.deliciouswithout.com\\\/\",\"name\":\"deliciouswithout.com\",\"description\":\"D\u00e9licieux Sans Gluten, Produits Latiers, Arachides, Noix\",\"potentialAction\":[{\"@type\":\"SearchAction\",\"target\":{\"@type\":\"EntryPoint\",\"urlTemplate\":\"http:\\\/\\\/www.deliciouswithout.com\\\/?s={search_term_string}\"},\"query-input\":{\"@type\":\"PropertyValueSpecification\",\"valueRequired\":true,\"valueName\":\"search_term_string\"}}],\"inLanguage\":\"fr-FR\"}]}<\/script>\n<!-- \/ Yoast SEO plugin. -->","yoast_head_json":{"title":"G\u00e2teaux D\u00c9LICIEUX V\u00e9g\u00e9talien au CHOCOLAT - deliciouswithout.com","robots":{"index":"index","follow":"follow","max-snippet":"max-snippet:-1","max-image-preview":"max-image-preview:large","max-video-preview":"max-video-preview:-1"},"canonical":"https:\/\/www.deliciouswithout.com\/fr\/product\/petits-gateaux-vegetalien-chocolat-396gramassage-local-seulement-copy\/","og_locale":"fr_FR","og_type":"article","og_title":"G\u00e2teaux D\u00c9LICIEUX V\u00e9g\u00e9talien au CHOCOLAT - deliciouswithout.com","og_description":"Ingr\u00e9dients: Sucres (sucre \u00e0 glacer, sucre biologique*), Eau, M\u00e9lange de farine (farine de riz blanc, amidon de tapioca modifi\u00e9, amidon de ma\u00efs*, f\u00e9cule de pomme de terre), Huile de canola*, Poudre de cacao, Margarine d\u2019huile de canola et de fruit de palme modifi\u00e9e et de palmiste*, Shortening d\u2019huile de palme*, Vinaigre de cidre de pomme, Poudre \u00e0 p\u00e2te, Sel de mer, Gomme xanthane.  *Ingr\u00e9dients sans OGM  &nbsp;","og_url":"https:\/\/www.deliciouswithout.com\/fr\/product\/petits-gateaux-vegetalien-chocolat-396gramassage-local-seulement-copy\/","og_site_name":"deliciouswithout.com","article_modified_time":"2024-05-15T14:47:48+00:00","og_image":[{"width":800,"height":800,"url":"https:\/\/www.deliciouswithout.com\/wp-content\/uploads\/2023\/03\/6.png","type":"image\/png"}],"schema":{"@context":"https:\/\/schema.org","@graph":[{"@type":"WebPage","@id":"https:\/\/www.deliciouswithout.com\/fr\/product\/petits-gateaux-vegetalien-chocolat-396gramassage-local-seulement-copy\/","url":"https:\/\/www.deliciouswithout.com\/fr\/product\/petits-gateaux-vegetalien-chocolat-396gramassage-local-seulement-copy\/","name":"G\u00e2teaux D\u00c9LICIEUX V\u00e9g\u00e9talien au CHOCOLAT - deliciouswithout.com","isPartOf":{"@id":"http:\/\/www.deliciouswithout.com\/#website"},"primaryImageOfPage":{"@id":"https:\/\/www.deliciouswithout.com\/fr\/product\/petits-gateaux-vegetalien-chocolat-396gramassage-local-seulement-copy\/#primaryimage"},"image":{"@id":"https:\/\/www.deliciouswithout.com\/fr\/product\/petits-gateaux-vegetalien-chocolat-396gramassage-local-seulement-copy\/#primaryimage"},"thumbnailUrl":"http:\/\/www.deliciouswithout.com\/wp-content\/uploads\/2023\/03\/6.png","datePublished":"2023-03-22T13:52:03+00:00","dateModified":"2024-05-15T14:47:48+00:00","breadcrumb":{"@id":"https:\/\/www.deliciouswithout.com\/fr\/product\/petits-gateaux-vegetalien-chocolat-396gramassage-local-seulement-copy\/#breadcrumb"},"inLanguage":"fr-FR","potentialAction":[{"@type":"ReadAction","target":["https:\/\/www.deliciouswithout.com\/fr\/product\/petits-gateaux-vegetalien-chocolat-396gramassage-local-seulement-copy\/"]}]},{"@type":"ImageObject","inLanguage":"fr-FR","@id":"https:\/\/www.deliciouswithout.com\/fr\/product\/petits-gateaux-vegetalien-chocolat-396gramassage-local-seulement-copy\/#primaryimage","url":"http:\/\/www.deliciouswithout.com\/wp-content\/uploads\/2023\/03\/6.png","contentUrl":"http:\/\/www.deliciouswithout.com\/wp-content\/uploads\/2023\/03\/6.png","width":800,"height":800},{"@type":"BreadcrumbList","@id":"https:\/\/www.deliciouswithout.com\/fr\/product\/petits-gateaux-vegetalien-chocolat-396gramassage-local-seulement-copy\/#breadcrumb","itemListElement":[{"@type":"ListItem","position":1,"name":"Accueil","item":"https:\/\/www.deliciouswithout.com\/fr\/"},{"@type":"ListItem","position":2,"name":"Store Sort","item":"https:\/\/www.deliciouswithout.com\/store-sort\/"},{"@type":"ListItem","position":3,"name":"G\u00e2teaux D\u00c9LICIEUX V\u00e9g\u00e9talien au CHOCOLAT"}]},{"@type":"WebSite","@id":"http:\/\/www.deliciouswithout.com\/#website","url":"http:\/\/www.deliciouswithout.com\/","name":"deliciouswithout.com","description":"D\u00e9licieux Sans Gluten, Produits Latiers, Arachides, Noix","potentialAction":[{"@type":"SearchAction","target":{"@type":"EntryPoint","urlTemplate":"http:\/\/www.deliciouswithout.com\/?s={search_term_string}"},"query-input":{"@type":"PropertyValueSpecification","valueRequired":true,"valueName":"search_term_string"}}],"inLanguage":"fr-FR"}]}},"_links":{"self":[{"href":"http:\/\/www.deliciouswithout.com\/fr\/wp-json\/wp\/v2\/product\/17868","targetHints":{"allow":["GET"]}}],"collection":[{"href":"http:\/\/www.deliciouswithout.com\/fr\/wp-json\/wp\/v2\/product"}],"about":[{"href":"http:\/\/www.deliciouswithout.com\/fr\/wp-json\/wp\/v2\/types\/product"}],"wp:featuredmedia":[{"embeddable":true,"href":"http:\/\/www.deliciouswithout.com\/fr\/wp-json\/wp\/v2\/media\/21497"}],"wp:attachment":[{"href":"http:\/\/www.deliciouswithout.com\/fr\/wp-json\/wp\/v2\/media?parent=17868"}],"wp:term":[{"taxonomy":"product_brand","embeddable":true,"href":"http:\/\/www.deliciouswithout.com\/fr\/wp-json\/wp\/v2\/product_brand?post=17868"},{"taxonomy":"product_cat","embeddable":true,"href":"http:\/\/www.deliciouswithout.com\/fr\/wp-json\/wp\/v2\/product_cat?post=17868"},{"taxonomy":"product_tag","embeddable":true,"href":"http:\/\/www.deliciouswithout.com\/fr\/wp-json\/wp\/v2\/product_tag?post=17868"}],"curies":[{"name":"wp","href":"https:\/\/api.w.org\/{rel}","templated":true}]}}