{"id":7706,"date":"2019-03-21T09:25:47","date_gmt":"2019-03-21T13:25:47","guid":{"rendered":"http:\/\/www.deliciouswithout.com\/?post_type=product&#038;p=7706"},"modified":"2024-05-14T10:42:27","modified_gmt":"2024-05-14T14:42:27","slug":"miche-de-pain-blanc","status":"publish","type":"product","link":"http:\/\/www.deliciouswithout.com\/fr\/product\/miche-de-pain-blanc\/","title":{"rendered":"Miche de Pain Blanc (450 g)"},"content":{"rendered":"<p>Pain blanc d\u00e9licieux, moelleux et souple, con\u00e7u pour avoir le go\u00fbt du VRAI pain et cr\u00e9\u00e9 pour rester de m\u00eame une fois d\u00e9congel\u00e9\u00a0!<\/p>\n","protected":false},"excerpt":{"rendered":"<p><strong>INGR\u00c9DIENTS :<\/strong> Eau, m\u00e9lange d\u2019amidon sans gluten sans OGM (amidon de tapioca, amidon de ma\u00efs, f\u00e9cule de pomme de terre), farine de riz brun, \u0153ufs entiers, huile de canola, farine de sorgho, sucre biologique, gomme xanthane, sel, levure instantan\u00e9e, vinaigre de cidre de pomme.<span style=\"color: #ff0000;\"> CONTIENT DES \u0152UFS.<\/span><\/p>\n","protected":false},"featured_media":19500,"template":"","meta":{"_acf_changed":false,"wprm-recipe-roundup-name":"","wprm-recipe-roundup-description":""},"product_brand":[],"product_cat":[763],"product_tag":[773,774,775,772,771],"class_list":{"0":"post-7706","1":"product","2":"type-product","3":"status-publish","4":"has-post-thumbnail","6":"product_cat-pains","7":"product_tag-sans-gluten","8":"product_tag-sans-larachides","9":"product_tag-sans-noix","10":"product_tag-sans-produit-laitier","11":"product_tag-sans-soja","13":"first","14":"instock","15":"shipping-taxable","16":"purchasable","17":"product-type-simple"},"acf":[],"yoast_head":"<!-- This site is optimized with the Yoast SEO plugin v27.3 - https:\/\/yoast.com\/product\/yoast-seo-wordpress\/ -->\n<title>Miche de Pain Blanc (450 g) - deliciouswithout.com<\/title>\n<meta name=\"robots\" content=\"index, follow, max-snippet:-1, max-image-preview:large, max-video-preview:-1\" \/>\n<link rel=\"canonical\" href=\"https:\/\/www.deliciouswithout.com\/fr\/product\/miche-de-pain-blanc\/\" \/>\n<meta property=\"og:locale\" content=\"fr_FR\" \/>\n<meta property=\"og:type\" content=\"article\" \/>\n<meta property=\"og:title\" content=\"Miche de Pain Blanc (450 g) - deliciouswithout.com\" \/>\n<meta property=\"og:description\" content=\"INGR\u00c9DIENTS : Eau, m\u00e9lange d\u2019amidon sans gluten sans OGM (amidon de tapioca, amidon de ma\u00efs, f\u00e9cule de pomme de terre), farine de riz brun, \u0153ufs entiers, huile de canola, farine de sorgho, sucre biologique, gomme xanthane, sel, levure instantan\u00e9e, vinaigre de cidre de pomme. CONTIENT DES \u0152UFS.\" \/>\n<meta property=\"og:url\" content=\"https:\/\/www.deliciouswithout.com\/fr\/product\/miche-de-pain-blanc\/\" \/>\n<meta property=\"og:site_name\" content=\"deliciouswithout.com\" \/>\n<meta property=\"article:modified_time\" content=\"2024-05-14T14:42:27+00:00\" \/>\n<meta property=\"og:image\" content=\"https:\/\/www.deliciouswithout.com\/wp-content\/uploads\/2019\/03\/white-bread-sandwich.png\" \/>\n\t<meta property=\"og:image:width\" content=\"1600\" \/>\n\t<meta property=\"og:image:height\" content=\"1600\" \/>\n\t<meta property=\"og:image:type\" content=\"image\/png\" \/>\n<script type=\"application\/ld+json\" class=\"yoast-schema-graph\">{\"@context\":\"https:\\\/\\\/schema.org\",\"@graph\":[{\"@type\":\"WebPage\",\"@id\":\"https:\\\/\\\/www.deliciouswithout.com\\\/fr\\\/product\\\/miche-de-pain-blanc\\\/\",\"url\":\"https:\\\/\\\/www.deliciouswithout.com\\\/fr\\\/product\\\/miche-de-pain-blanc\\\/\",\"name\":\"Miche de Pain Blanc (450 g) - deliciouswithout.com\",\"isPartOf\":{\"@id\":\"http:\\\/\\\/www.deliciouswithout.com\\\/#website\"},\"primaryImageOfPage\":{\"@id\":\"https:\\\/\\\/www.deliciouswithout.com\\\/fr\\\/product\\\/miche-de-pain-blanc\\\/#primaryimage\"},\"image\":{\"@id\":\"https:\\\/\\\/www.deliciouswithout.com\\\/fr\\\/product\\\/miche-de-pain-blanc\\\/#primaryimage\"},\"thumbnailUrl\":\"http:\\\/\\\/www.deliciouswithout.com\\\/wp-content\\\/uploads\\\/2019\\\/03\\\/white-bread-sandwich.png\",\"datePublished\":\"2019-03-21T13:25:47+00:00\",\"dateModified\":\"2024-05-14T14:42:27+00:00\",\"breadcrumb\":{\"@id\":\"https:\\\/\\\/www.deliciouswithout.com\\\/fr\\\/product\\\/miche-de-pain-blanc\\\/#breadcrumb\"},\"inLanguage\":\"fr-FR\",\"potentialAction\":[{\"@type\":\"ReadAction\",\"target\":[\"https:\\\/\\\/www.deliciouswithout.com\\\/fr\\\/product\\\/miche-de-pain-blanc\\\/\"]}]},{\"@type\":\"ImageObject\",\"inLanguage\":\"fr-FR\",\"@id\":\"https:\\\/\\\/www.deliciouswithout.com\\\/fr\\\/product\\\/miche-de-pain-blanc\\\/#primaryimage\",\"url\":\"http:\\\/\\\/www.deliciouswithout.com\\\/wp-content\\\/uploads\\\/2019\\\/03\\\/white-bread-sandwich.png\",\"contentUrl\":\"http:\\\/\\\/www.deliciouswithout.com\\\/wp-content\\\/uploads\\\/2019\\\/03\\\/white-bread-sandwich.png\",\"width\":1600,\"height\":1600},{\"@type\":\"BreadcrumbList\",\"@id\":\"https:\\\/\\\/www.deliciouswithout.com\\\/fr\\\/product\\\/miche-de-pain-blanc\\\/#breadcrumb\",\"itemListElement\":[{\"@type\":\"ListItem\",\"position\":1,\"name\":\"Accueil\",\"item\":\"https:\\\/\\\/www.deliciouswithout.com\\\/fr\\\/\"},{\"@type\":\"ListItem\",\"position\":2,\"name\":\"Store Sort\",\"item\":\"https:\\\/\\\/www.deliciouswithout.com\\\/store-sort\\\/\"},{\"@type\":\"ListItem\",\"position\":3,\"name\":\"Miche de Pain Blanc (450 g)\"}]},{\"@type\":\"WebSite\",\"@id\":\"http:\\\/\\\/www.deliciouswithout.com\\\/#website\",\"url\":\"http:\\\/\\\/www.deliciouswithout.com\\\/\",\"name\":\"deliciouswithout.com\",\"description\":\"D\u00e9licieux Sans Gluten, Produits Latiers, Arachides, Noix\",\"potentialAction\":[{\"@type\":\"SearchAction\",\"target\":{\"@type\":\"EntryPoint\",\"urlTemplate\":\"http:\\\/\\\/www.deliciouswithout.com\\\/?s={search_term_string}\"},\"query-input\":{\"@type\":\"PropertyValueSpecification\",\"valueRequired\":true,\"valueName\":\"search_term_string\"}}],\"inLanguage\":\"fr-FR\"}]}<\/script>\n<!-- \/ Yoast SEO plugin. -->","yoast_head_json":{"title":"Miche de Pain Blanc (450 g) - deliciouswithout.com","robots":{"index":"index","follow":"follow","max-snippet":"max-snippet:-1","max-image-preview":"max-image-preview:large","max-video-preview":"max-video-preview:-1"},"canonical":"https:\/\/www.deliciouswithout.com\/fr\/product\/miche-de-pain-blanc\/","og_locale":"fr_FR","og_type":"article","og_title":"Miche de Pain Blanc (450 g) - deliciouswithout.com","og_description":"INGR\u00c9DIENTS : Eau, m\u00e9lange d\u2019amidon sans gluten sans OGM (amidon de tapioca, amidon de ma\u00efs, f\u00e9cule de pomme de terre), farine de riz brun, \u0153ufs entiers, huile de canola, farine de sorgho, sucre biologique, gomme xanthane, sel, levure instantan\u00e9e, vinaigre de cidre de pomme. CONTIENT DES \u0152UFS.","og_url":"https:\/\/www.deliciouswithout.com\/fr\/product\/miche-de-pain-blanc\/","og_site_name":"deliciouswithout.com","article_modified_time":"2024-05-14T14:42:27+00:00","og_image":[{"width":1600,"height":1600,"url":"https:\/\/www.deliciouswithout.com\/wp-content\/uploads\/2019\/03\/white-bread-sandwich.png","type":"image\/png"}],"schema":{"@context":"https:\/\/schema.org","@graph":[{"@type":"WebPage","@id":"https:\/\/www.deliciouswithout.com\/fr\/product\/miche-de-pain-blanc\/","url":"https:\/\/www.deliciouswithout.com\/fr\/product\/miche-de-pain-blanc\/","name":"Miche de Pain Blanc (450 g) - deliciouswithout.com","isPartOf":{"@id":"http:\/\/www.deliciouswithout.com\/#website"},"primaryImageOfPage":{"@id":"https:\/\/www.deliciouswithout.com\/fr\/product\/miche-de-pain-blanc\/#primaryimage"},"image":{"@id":"https:\/\/www.deliciouswithout.com\/fr\/product\/miche-de-pain-blanc\/#primaryimage"},"thumbnailUrl":"http:\/\/www.deliciouswithout.com\/wp-content\/uploads\/2019\/03\/white-bread-sandwich.png","datePublished":"2019-03-21T13:25:47+00:00","dateModified":"2024-05-14T14:42:27+00:00","breadcrumb":{"@id":"https:\/\/www.deliciouswithout.com\/fr\/product\/miche-de-pain-blanc\/#breadcrumb"},"inLanguage":"fr-FR","potentialAction":[{"@type":"ReadAction","target":["https:\/\/www.deliciouswithout.com\/fr\/product\/miche-de-pain-blanc\/"]}]},{"@type":"ImageObject","inLanguage":"fr-FR","@id":"https:\/\/www.deliciouswithout.com\/fr\/product\/miche-de-pain-blanc\/#primaryimage","url":"http:\/\/www.deliciouswithout.com\/wp-content\/uploads\/2019\/03\/white-bread-sandwich.png","contentUrl":"http:\/\/www.deliciouswithout.com\/wp-content\/uploads\/2019\/03\/white-bread-sandwich.png","width":1600,"height":1600},{"@type":"BreadcrumbList","@id":"https:\/\/www.deliciouswithout.com\/fr\/product\/miche-de-pain-blanc\/#breadcrumb","itemListElement":[{"@type":"ListItem","position":1,"name":"Accueil","item":"https:\/\/www.deliciouswithout.com\/fr\/"},{"@type":"ListItem","position":2,"name":"Store Sort","item":"https:\/\/www.deliciouswithout.com\/store-sort\/"},{"@type":"ListItem","position":3,"name":"Miche de Pain Blanc (450 g)"}]},{"@type":"WebSite","@id":"http:\/\/www.deliciouswithout.com\/#website","url":"http:\/\/www.deliciouswithout.com\/","name":"deliciouswithout.com","description":"D\u00e9licieux Sans Gluten, Produits Latiers, Arachides, Noix","potentialAction":[{"@type":"SearchAction","target":{"@type":"EntryPoint","urlTemplate":"http:\/\/www.deliciouswithout.com\/?s={search_term_string}"},"query-input":{"@type":"PropertyValueSpecification","valueRequired":true,"valueName":"search_term_string"}}],"inLanguage":"fr-FR"}]}},"_links":{"self":[{"href":"http:\/\/www.deliciouswithout.com\/fr\/wp-json\/wp\/v2\/product\/7706","targetHints":{"allow":["GET"]}}],"collection":[{"href":"http:\/\/www.deliciouswithout.com\/fr\/wp-json\/wp\/v2\/product"}],"about":[{"href":"http:\/\/www.deliciouswithout.com\/fr\/wp-json\/wp\/v2\/types\/product"}],"wp:featuredmedia":[{"embeddable":true,"href":"http:\/\/www.deliciouswithout.com\/fr\/wp-json\/wp\/v2\/media\/19500"}],"wp:attachment":[{"href":"http:\/\/www.deliciouswithout.com\/fr\/wp-json\/wp\/v2\/media?parent=7706"}],"wp:term":[{"taxonomy":"product_brand","embeddable":true,"href":"http:\/\/www.deliciouswithout.com\/fr\/wp-json\/wp\/v2\/product_brand?post=7706"},{"taxonomy":"product_cat","embeddable":true,"href":"http:\/\/www.deliciouswithout.com\/fr\/wp-json\/wp\/v2\/product_cat?post=7706"},{"taxonomy":"product_tag","embeddable":true,"href":"http:\/\/www.deliciouswithout.com\/fr\/wp-json\/wp\/v2\/product_tag?post=7706"}],"curies":[{"name":"wp","href":"https:\/\/api.w.org\/{rel}","templated":true}]}}