{"id":7727,"date":"2019-03-29T12:46:56","date_gmt":"2019-03-29T16:46:56","guid":{"rendered":"http:\/\/www.deliciouswithout.com\/product\/miche-de-pain-vegetalienne-non-tranche\/"},"modified":"2024-05-14T12:05:44","modified_gmt":"2024-05-14T16:05:44","slug":"miche-de-pain-vegetalienne-non-tranche","status":"publish","type":"product","link":"http:\/\/www.deliciouswithout.com\/fr\/product\/miche-de-pain-vegetalienne-non-tranche\/","title":{"rendered":"MICHE DE PAIN V\u00c9G\u00c9TALIENNE TRANCH\u00c9 (450 g)"},"content":{"rendered":"<p>Pas de riz, pas d&rsquo;\u0153ufs, pas de gluten\u2026 mais super d\u00e9licieux et sans allerg\u00e8nes !<\/p>\n","protected":false},"excerpt":{"rendered":"<p><strong>Ingr\u00e9dients:<\/strong> Eau, m\u00e9lange d\u2019amidon sans gluten sans OGM (amidon de tapioca modifi\u00e9, amidon de ma\u00efs, f\u00e9cule de pomme de terre), farine de sorgho, huile de canola, sucre biologique, gomme xanthane, levure instantan\u00e9e, sel, vinaigre de cidre de pomme.<\/p>\n","protected":false},"featured_media":19369,"template":"","meta":{"_acf_changed":false,"wprm-recipe-roundup-name":"","wprm-recipe-roundup-description":""},"product_brand":[],"product_cat":[763],"product_tag":[773,774,775,772,780,771,908],"class_list":{"0":"post-7727","1":"product","2":"type-product","3":"status-publish","4":"has-post-thumbnail","6":"product_cat-pains","7":"product_tag-sans-gluten","8":"product_tag-sans-larachides","9":"product_tag-sans-noix","10":"product_tag-sans-produit-laitier","11":"product_tag-sans-sesame-fr","12":"product_tag-sans-soja","13":"product_tag-vegan-fr","15":"first","16":"instock","17":"shipping-taxable","18":"purchasable","19":"product-type-simple"},"acf":[],"yoast_head":"<!-- This site is optimized with the Yoast SEO plugin v27.3 - https:\/\/yoast.com\/product\/yoast-seo-wordpress\/ -->\n<title>MICHE DE PAIN V\u00c9G\u00c9TALIENNE TRANCH\u00c9 (450 g) - deliciouswithout.com<\/title>\n<meta name=\"robots\" content=\"index, follow, max-snippet:-1, max-image-preview:large, max-video-preview:-1\" \/>\n<link rel=\"canonical\" href=\"https:\/\/www.deliciouswithout.com\/fr\/product\/miche-de-pain-vegetalienne-non-tranche\/\" \/>\n<meta property=\"og:locale\" content=\"fr_FR\" \/>\n<meta property=\"og:type\" content=\"article\" \/>\n<meta property=\"og:title\" content=\"MICHE DE PAIN V\u00c9G\u00c9TALIENNE TRANCH\u00c9 (450 g) - deliciouswithout.com\" \/>\n<meta property=\"og:description\" content=\"Ingr\u00e9dients: Eau, m\u00e9lange d\u2019amidon sans gluten sans OGM (amidon de tapioca modifi\u00e9, amidon de ma\u00efs, f\u00e9cule de pomme de terre), farine de sorgho, huile de canola, sucre biologique, gomme xanthane, levure instantan\u00e9e, sel, vinaigre de cidre de pomme.\" \/>\n<meta property=\"og:url\" content=\"https:\/\/www.deliciouswithout.com\/fr\/product\/miche-de-pain-vegetalienne-non-tranche\/\" \/>\n<meta property=\"og:site_name\" content=\"deliciouswithout.com\" \/>\n<meta property=\"article:modified_time\" content=\"2024-05-14T16:05:44+00:00\" \/>\n<meta property=\"og:image\" content=\"https:\/\/www.deliciouswithout.com\/wp-content\/uploads\/2019\/03\/vegan-loaf-4-e1706107786490.jpg\" \/>\n\t<meta property=\"og:image:width\" content=\"750\" \/>\n\t<meta property=\"og:image:height\" content=\"724\" \/>\n\t<meta property=\"og:image:type\" content=\"image\/jpeg\" \/>\n<script type=\"application\/ld+json\" class=\"yoast-schema-graph\">{\"@context\":\"https:\\\/\\\/schema.org\",\"@graph\":[{\"@type\":\"WebPage\",\"@id\":\"https:\\\/\\\/www.deliciouswithout.com\\\/fr\\\/product\\\/miche-de-pain-vegetalienne-non-tranche\\\/\",\"url\":\"https:\\\/\\\/www.deliciouswithout.com\\\/fr\\\/product\\\/miche-de-pain-vegetalienne-non-tranche\\\/\",\"name\":\"MICHE DE PAIN V\u00c9G\u00c9TALIENNE TRANCH\u00c9 (450 g) - deliciouswithout.com\",\"isPartOf\":{\"@id\":\"http:\\\/\\\/www.deliciouswithout.com\\\/#website\"},\"primaryImageOfPage\":{\"@id\":\"https:\\\/\\\/www.deliciouswithout.com\\\/fr\\\/product\\\/miche-de-pain-vegetalienne-non-tranche\\\/#primaryimage\"},\"image\":{\"@id\":\"https:\\\/\\\/www.deliciouswithout.com\\\/fr\\\/product\\\/miche-de-pain-vegetalienne-non-tranche\\\/#primaryimage\"},\"thumbnailUrl\":\"http:\\\/\\\/www.deliciouswithout.com\\\/wp-content\\\/uploads\\\/2019\\\/03\\\/vegan-loaf-4-e1706107786490.jpg\",\"datePublished\":\"2019-03-29T16:46:56+00:00\",\"dateModified\":\"2024-05-14T16:05:44+00:00\",\"breadcrumb\":{\"@id\":\"https:\\\/\\\/www.deliciouswithout.com\\\/fr\\\/product\\\/miche-de-pain-vegetalienne-non-tranche\\\/#breadcrumb\"},\"inLanguage\":\"fr-FR\",\"potentialAction\":[{\"@type\":\"ReadAction\",\"target\":[\"https:\\\/\\\/www.deliciouswithout.com\\\/fr\\\/product\\\/miche-de-pain-vegetalienne-non-tranche\\\/\"]}]},{\"@type\":\"ImageObject\",\"inLanguage\":\"fr-FR\",\"@id\":\"https:\\\/\\\/www.deliciouswithout.com\\\/fr\\\/product\\\/miche-de-pain-vegetalienne-non-tranche\\\/#primaryimage\",\"url\":\"http:\\\/\\\/www.deliciouswithout.com\\\/wp-content\\\/uploads\\\/2019\\\/03\\\/vegan-loaf-4-e1706107786490.jpg\",\"contentUrl\":\"http:\\\/\\\/www.deliciouswithout.com\\\/wp-content\\\/uploads\\\/2019\\\/03\\\/vegan-loaf-4-e1706107786490.jpg\",\"width\":750,\"height\":724},{\"@type\":\"BreadcrumbList\",\"@id\":\"https:\\\/\\\/www.deliciouswithout.com\\\/fr\\\/product\\\/miche-de-pain-vegetalienne-non-tranche\\\/#breadcrumb\",\"itemListElement\":[{\"@type\":\"ListItem\",\"position\":1,\"name\":\"Accueil\",\"item\":\"https:\\\/\\\/www.deliciouswithout.com\\\/fr\\\/\"},{\"@type\":\"ListItem\",\"position\":2,\"name\":\"Store Sort\",\"item\":\"https:\\\/\\\/www.deliciouswithout.com\\\/store-sort\\\/\"},{\"@type\":\"ListItem\",\"position\":3,\"name\":\"MICHE DE PAIN V\u00c9G\u00c9TALIENNE TRANCH\u00c9 (450 g)\"}]},{\"@type\":\"WebSite\",\"@id\":\"http:\\\/\\\/www.deliciouswithout.com\\\/#website\",\"url\":\"http:\\\/\\\/www.deliciouswithout.com\\\/\",\"name\":\"deliciouswithout.com\",\"description\":\"D\u00e9licieux Sans Gluten, Produits Latiers, Arachides, Noix\",\"potentialAction\":[{\"@type\":\"SearchAction\",\"target\":{\"@type\":\"EntryPoint\",\"urlTemplate\":\"http:\\\/\\\/www.deliciouswithout.com\\\/?s={search_term_string}\"},\"query-input\":{\"@type\":\"PropertyValueSpecification\",\"valueRequired\":true,\"valueName\":\"search_term_string\"}}],\"inLanguage\":\"fr-FR\"}]}<\/script>\n<!-- \/ Yoast SEO plugin. -->","yoast_head_json":{"title":"MICHE DE PAIN V\u00c9G\u00c9TALIENNE TRANCH\u00c9 (450 g) - deliciouswithout.com","robots":{"index":"index","follow":"follow","max-snippet":"max-snippet:-1","max-image-preview":"max-image-preview:large","max-video-preview":"max-video-preview:-1"},"canonical":"https:\/\/www.deliciouswithout.com\/fr\/product\/miche-de-pain-vegetalienne-non-tranche\/","og_locale":"fr_FR","og_type":"article","og_title":"MICHE DE PAIN V\u00c9G\u00c9TALIENNE TRANCH\u00c9 (450 g) - deliciouswithout.com","og_description":"Ingr\u00e9dients: Eau, m\u00e9lange d\u2019amidon sans gluten sans OGM (amidon de tapioca modifi\u00e9, amidon de ma\u00efs, f\u00e9cule de pomme de terre), farine de sorgho, huile de canola, sucre biologique, gomme xanthane, levure instantan\u00e9e, sel, vinaigre de cidre de pomme.","og_url":"https:\/\/www.deliciouswithout.com\/fr\/product\/miche-de-pain-vegetalienne-non-tranche\/","og_site_name":"deliciouswithout.com","article_modified_time":"2024-05-14T16:05:44+00:00","og_image":[{"width":750,"height":724,"url":"https:\/\/www.deliciouswithout.com\/wp-content\/uploads\/2019\/03\/vegan-loaf-4-e1706107786490.jpg","type":"image\/jpeg"}],"schema":{"@context":"https:\/\/schema.org","@graph":[{"@type":"WebPage","@id":"https:\/\/www.deliciouswithout.com\/fr\/product\/miche-de-pain-vegetalienne-non-tranche\/","url":"https:\/\/www.deliciouswithout.com\/fr\/product\/miche-de-pain-vegetalienne-non-tranche\/","name":"MICHE DE PAIN V\u00c9G\u00c9TALIENNE TRANCH\u00c9 (450 g) - deliciouswithout.com","isPartOf":{"@id":"http:\/\/www.deliciouswithout.com\/#website"},"primaryImageOfPage":{"@id":"https:\/\/www.deliciouswithout.com\/fr\/product\/miche-de-pain-vegetalienne-non-tranche\/#primaryimage"},"image":{"@id":"https:\/\/www.deliciouswithout.com\/fr\/product\/miche-de-pain-vegetalienne-non-tranche\/#primaryimage"},"thumbnailUrl":"http:\/\/www.deliciouswithout.com\/wp-content\/uploads\/2019\/03\/vegan-loaf-4-e1706107786490.jpg","datePublished":"2019-03-29T16:46:56+00:00","dateModified":"2024-05-14T16:05:44+00:00","breadcrumb":{"@id":"https:\/\/www.deliciouswithout.com\/fr\/product\/miche-de-pain-vegetalienne-non-tranche\/#breadcrumb"},"inLanguage":"fr-FR","potentialAction":[{"@type":"ReadAction","target":["https:\/\/www.deliciouswithout.com\/fr\/product\/miche-de-pain-vegetalienne-non-tranche\/"]}]},{"@type":"ImageObject","inLanguage":"fr-FR","@id":"https:\/\/www.deliciouswithout.com\/fr\/product\/miche-de-pain-vegetalienne-non-tranche\/#primaryimage","url":"http:\/\/www.deliciouswithout.com\/wp-content\/uploads\/2019\/03\/vegan-loaf-4-e1706107786490.jpg","contentUrl":"http:\/\/www.deliciouswithout.com\/wp-content\/uploads\/2019\/03\/vegan-loaf-4-e1706107786490.jpg","width":750,"height":724},{"@type":"BreadcrumbList","@id":"https:\/\/www.deliciouswithout.com\/fr\/product\/miche-de-pain-vegetalienne-non-tranche\/#breadcrumb","itemListElement":[{"@type":"ListItem","position":1,"name":"Accueil","item":"https:\/\/www.deliciouswithout.com\/fr\/"},{"@type":"ListItem","position":2,"name":"Store Sort","item":"https:\/\/www.deliciouswithout.com\/store-sort\/"},{"@type":"ListItem","position":3,"name":"MICHE DE PAIN V\u00c9G\u00c9TALIENNE TRANCH\u00c9 (450 g)"}]},{"@type":"WebSite","@id":"http:\/\/www.deliciouswithout.com\/#website","url":"http:\/\/www.deliciouswithout.com\/","name":"deliciouswithout.com","description":"D\u00e9licieux Sans Gluten, Produits Latiers, Arachides, Noix","potentialAction":[{"@type":"SearchAction","target":{"@type":"EntryPoint","urlTemplate":"http:\/\/www.deliciouswithout.com\/?s={search_term_string}"},"query-input":{"@type":"PropertyValueSpecification","valueRequired":true,"valueName":"search_term_string"}}],"inLanguage":"fr-FR"}]}},"_links":{"self":[{"href":"http:\/\/www.deliciouswithout.com\/fr\/wp-json\/wp\/v2\/product\/7727","targetHints":{"allow":["GET"]}}],"collection":[{"href":"http:\/\/www.deliciouswithout.com\/fr\/wp-json\/wp\/v2\/product"}],"about":[{"href":"http:\/\/www.deliciouswithout.com\/fr\/wp-json\/wp\/v2\/types\/product"}],"wp:featuredmedia":[{"embeddable":true,"href":"http:\/\/www.deliciouswithout.com\/fr\/wp-json\/wp\/v2\/media\/19369"}],"wp:attachment":[{"href":"http:\/\/www.deliciouswithout.com\/fr\/wp-json\/wp\/v2\/media?parent=7727"}],"wp:term":[{"taxonomy":"product_brand","embeddable":true,"href":"http:\/\/www.deliciouswithout.com\/fr\/wp-json\/wp\/v2\/product_brand?post=7727"},{"taxonomy":"product_cat","embeddable":true,"href":"http:\/\/www.deliciouswithout.com\/fr\/wp-json\/wp\/v2\/product_cat?post=7727"},{"taxonomy":"product_tag","embeddable":true,"href":"http:\/\/www.deliciouswithout.com\/fr\/wp-json\/wp\/v2\/product_tag?post=7727"}],"curies":[{"name":"wp","href":"https:\/\/api.w.org\/{rel}","templated":true}]}}