{"id":8042,"date":"2019-04-26T16:09:43","date_gmt":"2019-04-26T20:09:43","guid":{"rendered":"http:\/\/www.deliciouswithout.com\/product\/biscuits-vegetalien-aux-pepites-de-chocolat-paquet-de-12-456g\/"},"modified":"2024-08-06T13:45:25","modified_gmt":"2024-08-06T17:45:25","slug":"biscuits-vegetalien-aux-pepites-de-chocolat-paquet-de-12-456g","status":"publish","type":"product","link":"http:\/\/www.deliciouswithout.com\/fr\/product\/biscuits-vegetalien-aux-pepites-de-chocolat-paquet-de-12-456g\/","title":{"rendered":"Biscuits p\u00e9pites de chocolat v\u00e9g\u00e9talien paquet de 12 (456g)"},"content":{"rendered":"<p>Des d\u00e9licieux biscuits moelleux sans allerg\u00e8nes. Un r\u00e9gal que tout le monde peut appr\u00e9cier m\u00eame si vous n&rsquo;\u00eates pas au r\u00e9gime sans gluten !<\/p>\n","protected":false},"excerpt":{"rendered":"<p><strong>Ingr\u00e9dients\u00a0<\/strong>: M\u00e9lange de farine (farine de riz, amidon de pomme de terre, farine de tapioca, farine de sorgho, farine de pomme de terre), P\u00e9pites de chocolat (sucre, chocolat non sucr\u00e9, beurre de cacao), Sucres (cassonade, sucre de canne biologique), Margarine d\u2019huile de canola et de fruit de palme modifi\u00e9e et de palmiste, Pur\u00e9e de pommes (pommes, acide ascorbique, acide citrique, sel), Eau, Sel, Ar\u00f4me naturelle, Gomme xanthane, Bicarbonate de soude.<\/p>\n","protected":false},"featured_media":14007,"template":"","meta":{"_acf_changed":false,"wprm-recipe-roundup-name":"","wprm-recipe-roundup-description":""},"product_brand":[],"product_cat":[762],"product_tag":[773,774,775,772,780,771,908],"class_list":{"0":"post-8042","1":"product","2":"type-product","3":"status-publish","4":"has-post-thumbnail","6":"product_cat-sucrees","7":"product_tag-sans-gluten","8":"product_tag-sans-larachides","9":"product_tag-sans-noix","10":"product_tag-sans-produit-laitier","11":"product_tag-sans-sesame-fr","12":"product_tag-sans-soja","13":"product_tag-vegan-fr","15":"first","16":"instock","17":"shipping-taxable","18":"purchasable","19":"product-type-simple"},"acf":[],"yoast_head":"<!-- This site is optimized with the Yoast SEO plugin v27.3 - https:\/\/yoast.com\/product\/yoast-seo-wordpress\/ -->\n<title>Biscuits p\u00e9pites de chocolat v\u00e9g\u00e9talien paquet de 12 (456g) - deliciouswithout.com<\/title>\n<meta name=\"robots\" content=\"index, follow, max-snippet:-1, max-image-preview:large, max-video-preview:-1\" \/>\n<link rel=\"canonical\" href=\"https:\/\/www.deliciouswithout.com\/fr\/product\/biscuits-vegetalien-aux-pepites-de-chocolat-paquet-de-12-456g\/\" \/>\n<meta property=\"og:locale\" content=\"fr_FR\" \/>\n<meta property=\"og:type\" content=\"article\" \/>\n<meta property=\"og:title\" content=\"Biscuits p\u00e9pites de chocolat v\u00e9g\u00e9talien paquet de 12 (456g) - deliciouswithout.com\" \/>\n<meta property=\"og:description\" content=\"Ingr\u00e9dients\u00a0: M\u00e9lange de farine (farine de riz, amidon de pomme de terre, farine de tapioca, farine de sorgho, farine de pomme de terre), P\u00e9pites de chocolat (sucre, chocolat non sucr\u00e9, beurre de cacao), Sucres (cassonade, sucre de canne biologique), Margarine d\u2019huile de canola et de fruit de palme modifi\u00e9e et de palmiste, Pur\u00e9e de pommes (pommes, acide ascorbique, acide citrique, sel), Eau, Sel, Ar\u00f4me naturelle, Gomme xanthane, Bicarbonate de soude.\" \/>\n<meta property=\"og:url\" content=\"https:\/\/www.deliciouswithout.com\/fr\/product\/biscuits-vegetalien-aux-pepites-de-chocolat-paquet-de-12-456g\/\" \/>\n<meta property=\"og:site_name\" content=\"deliciouswithout.com\" \/>\n<meta property=\"article:modified_time\" content=\"2024-08-06T17:45:25+00:00\" \/>\n<meta property=\"og:image\" content=\"https:\/\/www.deliciouswithout.com\/wp-content\/uploads\/2019\/04\/choc-chip-cookies-LR.jpg\" \/>\n\t<meta property=\"og:image:width\" content=\"600\" \/>\n\t<meta property=\"og:image:height\" content=\"401\" \/>\n\t<meta property=\"og:image:type\" content=\"image\/jpeg\" \/>\n<meta name=\"twitter:label1\" content=\"Dur\u00e9e de lecture estim\u00e9e\" \/>\n\t<meta name=\"twitter:data1\" content=\"1 minute\" \/>\n<script type=\"application\/ld+json\" class=\"yoast-schema-graph\">{\"@context\":\"https:\\\/\\\/schema.org\",\"@graph\":[{\"@type\":\"WebPage\",\"@id\":\"https:\\\/\\\/www.deliciouswithout.com\\\/fr\\\/product\\\/biscuits-vegetalien-aux-pepites-de-chocolat-paquet-de-12-456g\\\/\",\"url\":\"https:\\\/\\\/www.deliciouswithout.com\\\/fr\\\/product\\\/biscuits-vegetalien-aux-pepites-de-chocolat-paquet-de-12-456g\\\/\",\"name\":\"Biscuits p\u00e9pites de chocolat v\u00e9g\u00e9talien paquet de 12 (456g) - deliciouswithout.com\",\"isPartOf\":{\"@id\":\"http:\\\/\\\/www.deliciouswithout.com\\\/#website\"},\"primaryImageOfPage\":{\"@id\":\"https:\\\/\\\/www.deliciouswithout.com\\\/fr\\\/product\\\/biscuits-vegetalien-aux-pepites-de-chocolat-paquet-de-12-456g\\\/#primaryimage\"},\"image\":{\"@id\":\"https:\\\/\\\/www.deliciouswithout.com\\\/fr\\\/product\\\/biscuits-vegetalien-aux-pepites-de-chocolat-paquet-de-12-456g\\\/#primaryimage\"},\"thumbnailUrl\":\"http:\\\/\\\/www.deliciouswithout.com\\\/wp-content\\\/uploads\\\/2019\\\/04\\\/choc-chip-cookies-LR.jpg\",\"datePublished\":\"2019-04-26T20:09:43+00:00\",\"dateModified\":\"2024-08-06T17:45:25+00:00\",\"breadcrumb\":{\"@id\":\"https:\\\/\\\/www.deliciouswithout.com\\\/fr\\\/product\\\/biscuits-vegetalien-aux-pepites-de-chocolat-paquet-de-12-456g\\\/#breadcrumb\"},\"inLanguage\":\"fr-FR\",\"potentialAction\":[{\"@type\":\"ReadAction\",\"target\":[\"https:\\\/\\\/www.deliciouswithout.com\\\/fr\\\/product\\\/biscuits-vegetalien-aux-pepites-de-chocolat-paquet-de-12-456g\\\/\"]}]},{\"@type\":\"ImageObject\",\"inLanguage\":\"fr-FR\",\"@id\":\"https:\\\/\\\/www.deliciouswithout.com\\\/fr\\\/product\\\/biscuits-vegetalien-aux-pepites-de-chocolat-paquet-de-12-456g\\\/#primaryimage\",\"url\":\"http:\\\/\\\/www.deliciouswithout.com\\\/wp-content\\\/uploads\\\/2019\\\/04\\\/choc-chip-cookies-LR.jpg\",\"contentUrl\":\"http:\\\/\\\/www.deliciouswithout.com\\\/wp-content\\\/uploads\\\/2019\\\/04\\\/choc-chip-cookies-LR.jpg\",\"width\":600,\"height\":401},{\"@type\":\"BreadcrumbList\",\"@id\":\"https:\\\/\\\/www.deliciouswithout.com\\\/fr\\\/product\\\/biscuits-vegetalien-aux-pepites-de-chocolat-paquet-de-12-456g\\\/#breadcrumb\",\"itemListElement\":[{\"@type\":\"ListItem\",\"position\":1,\"name\":\"Accueil\",\"item\":\"https:\\\/\\\/www.deliciouswithout.com\\\/fr\\\/\"},{\"@type\":\"ListItem\",\"position\":2,\"name\":\"Store Sort\",\"item\":\"https:\\\/\\\/www.deliciouswithout.com\\\/store-sort\\\/\"},{\"@type\":\"ListItem\",\"position\":3,\"name\":\"Biscuits p\u00e9pites de chocolat v\u00e9g\u00e9talien paquet de 12 (456g)\"}]},{\"@type\":\"WebSite\",\"@id\":\"http:\\\/\\\/www.deliciouswithout.com\\\/#website\",\"url\":\"http:\\\/\\\/www.deliciouswithout.com\\\/\",\"name\":\"deliciouswithout.com\",\"description\":\"D\u00e9licieux Sans Gluten, Produits Latiers, Arachides, Noix\",\"potentialAction\":[{\"@type\":\"SearchAction\",\"target\":{\"@type\":\"EntryPoint\",\"urlTemplate\":\"http:\\\/\\\/www.deliciouswithout.com\\\/?s={search_term_string}\"},\"query-input\":{\"@type\":\"PropertyValueSpecification\",\"valueRequired\":true,\"valueName\":\"search_term_string\"}}],\"inLanguage\":\"fr-FR\"}]}<\/script>\n<!-- \/ Yoast SEO plugin. -->","yoast_head_json":{"title":"Biscuits p\u00e9pites de chocolat v\u00e9g\u00e9talien paquet de 12 (456g) - deliciouswithout.com","robots":{"index":"index","follow":"follow","max-snippet":"max-snippet:-1","max-image-preview":"max-image-preview:large","max-video-preview":"max-video-preview:-1"},"canonical":"https:\/\/www.deliciouswithout.com\/fr\/product\/biscuits-vegetalien-aux-pepites-de-chocolat-paquet-de-12-456g\/","og_locale":"fr_FR","og_type":"article","og_title":"Biscuits p\u00e9pites de chocolat v\u00e9g\u00e9talien paquet de 12 (456g) - deliciouswithout.com","og_description":"Ingr\u00e9dients\u00a0: M\u00e9lange de farine (farine de riz, amidon de pomme de terre, farine de tapioca, farine de sorgho, farine de pomme de terre), P\u00e9pites de chocolat (sucre, chocolat non sucr\u00e9, beurre de cacao), Sucres (cassonade, sucre de canne biologique), Margarine d\u2019huile de canola et de fruit de palme modifi\u00e9e et de palmiste, Pur\u00e9e de pommes (pommes, acide ascorbique, acide citrique, sel), Eau, Sel, Ar\u00f4me naturelle, Gomme xanthane, Bicarbonate de soude.","og_url":"https:\/\/www.deliciouswithout.com\/fr\/product\/biscuits-vegetalien-aux-pepites-de-chocolat-paquet-de-12-456g\/","og_site_name":"deliciouswithout.com","article_modified_time":"2024-08-06T17:45:25+00:00","og_image":[{"width":600,"height":401,"url":"https:\/\/www.deliciouswithout.com\/wp-content\/uploads\/2019\/04\/choc-chip-cookies-LR.jpg","type":"image\/jpeg"}],"twitter_misc":{"Dur\u00e9e de lecture estim\u00e9e":"1 minute"},"schema":{"@context":"https:\/\/schema.org","@graph":[{"@type":"WebPage","@id":"https:\/\/www.deliciouswithout.com\/fr\/product\/biscuits-vegetalien-aux-pepites-de-chocolat-paquet-de-12-456g\/","url":"https:\/\/www.deliciouswithout.com\/fr\/product\/biscuits-vegetalien-aux-pepites-de-chocolat-paquet-de-12-456g\/","name":"Biscuits p\u00e9pites de chocolat v\u00e9g\u00e9talien paquet de 12 (456g) - deliciouswithout.com","isPartOf":{"@id":"http:\/\/www.deliciouswithout.com\/#website"},"primaryImageOfPage":{"@id":"https:\/\/www.deliciouswithout.com\/fr\/product\/biscuits-vegetalien-aux-pepites-de-chocolat-paquet-de-12-456g\/#primaryimage"},"image":{"@id":"https:\/\/www.deliciouswithout.com\/fr\/product\/biscuits-vegetalien-aux-pepites-de-chocolat-paquet-de-12-456g\/#primaryimage"},"thumbnailUrl":"http:\/\/www.deliciouswithout.com\/wp-content\/uploads\/2019\/04\/choc-chip-cookies-LR.jpg","datePublished":"2019-04-26T20:09:43+00:00","dateModified":"2024-08-06T17:45:25+00:00","breadcrumb":{"@id":"https:\/\/www.deliciouswithout.com\/fr\/product\/biscuits-vegetalien-aux-pepites-de-chocolat-paquet-de-12-456g\/#breadcrumb"},"inLanguage":"fr-FR","potentialAction":[{"@type":"ReadAction","target":["https:\/\/www.deliciouswithout.com\/fr\/product\/biscuits-vegetalien-aux-pepites-de-chocolat-paquet-de-12-456g\/"]}]},{"@type":"ImageObject","inLanguage":"fr-FR","@id":"https:\/\/www.deliciouswithout.com\/fr\/product\/biscuits-vegetalien-aux-pepites-de-chocolat-paquet-de-12-456g\/#primaryimage","url":"http:\/\/www.deliciouswithout.com\/wp-content\/uploads\/2019\/04\/choc-chip-cookies-LR.jpg","contentUrl":"http:\/\/www.deliciouswithout.com\/wp-content\/uploads\/2019\/04\/choc-chip-cookies-LR.jpg","width":600,"height":401},{"@type":"BreadcrumbList","@id":"https:\/\/www.deliciouswithout.com\/fr\/product\/biscuits-vegetalien-aux-pepites-de-chocolat-paquet-de-12-456g\/#breadcrumb","itemListElement":[{"@type":"ListItem","position":1,"name":"Accueil","item":"https:\/\/www.deliciouswithout.com\/fr\/"},{"@type":"ListItem","position":2,"name":"Store Sort","item":"https:\/\/www.deliciouswithout.com\/store-sort\/"},{"@type":"ListItem","position":3,"name":"Biscuits p\u00e9pites de chocolat v\u00e9g\u00e9talien paquet de 12 (456g)"}]},{"@type":"WebSite","@id":"http:\/\/www.deliciouswithout.com\/#website","url":"http:\/\/www.deliciouswithout.com\/","name":"deliciouswithout.com","description":"D\u00e9licieux Sans Gluten, Produits Latiers, Arachides, Noix","potentialAction":[{"@type":"SearchAction","target":{"@type":"EntryPoint","urlTemplate":"http:\/\/www.deliciouswithout.com\/?s={search_term_string}"},"query-input":{"@type":"PropertyValueSpecification","valueRequired":true,"valueName":"search_term_string"}}],"inLanguage":"fr-FR"}]}},"_links":{"self":[{"href":"http:\/\/www.deliciouswithout.com\/fr\/wp-json\/wp\/v2\/product\/8042","targetHints":{"allow":["GET"]}}],"collection":[{"href":"http:\/\/www.deliciouswithout.com\/fr\/wp-json\/wp\/v2\/product"}],"about":[{"href":"http:\/\/www.deliciouswithout.com\/fr\/wp-json\/wp\/v2\/types\/product"}],"wp:featuredmedia":[{"embeddable":true,"href":"http:\/\/www.deliciouswithout.com\/fr\/wp-json\/wp\/v2\/media\/14007"}],"wp:attachment":[{"href":"http:\/\/www.deliciouswithout.com\/fr\/wp-json\/wp\/v2\/media?parent=8042"}],"wp:term":[{"taxonomy":"product_brand","embeddable":true,"href":"http:\/\/www.deliciouswithout.com\/fr\/wp-json\/wp\/v2\/product_brand?post=8042"},{"taxonomy":"product_cat","embeddable":true,"href":"http:\/\/www.deliciouswithout.com\/fr\/wp-json\/wp\/v2\/product_cat?post=8042"},{"taxonomy":"product_tag","embeddable":true,"href":"http:\/\/www.deliciouswithout.com\/fr\/wp-json\/wp\/v2\/product_tag?post=8042"}],"curies":[{"name":"wp","href":"https:\/\/api.w.org\/{rel}","templated":true}]}}