{"id":2457,"date":"2014-02-09T17:14:32","date_gmt":"2014-02-09T22:14:32","guid":{"rendered":"http:\/\/deliciouswithout.com\/?page_id=2457"},"modified":"2017-02-24T18:39:05","modified_gmt":"2017-02-24T23:39:05","slug":"chia-et-ail","status":"publish","type":"page","link":"https:\/\/www.deliciouswithout.com\/fr\/pain\/pita\/chia-et-ail\/","title":{"rendered":"Chia et ail"},"content":{"rendered":"<p><strong><a href=\"http:\/\/www.deliciouswithout.com\/wp-content\/uploads\/2014\/02\/pita2.jpg\"><img decoding=\"async\" class=\"aligncenter size-full wp-image-2319\" title=\"pita2\" src=\"http:\/\/www.deliciouswithout.com\/wp-content\/uploads\/2014\/02\/pita2.jpg\" alt=\"pitas\" width=\"576\" height=\"564\" srcset=\"https:\/\/www.deliciouswithout.com\/wp-content\/uploads\/2014\/02\/pita2-45x45.jpg 45w, https:\/\/www.deliciouswithout.com\/wp-content\/uploads\/2014\/02\/pita2-70x70.jpg 70w, https:\/\/www.deliciouswithout.com\/wp-content\/uploads\/2014\/02\/pita2-195x190.jpg 195w, https:\/\/www.deliciouswithout.com\/wp-content\/uploads\/2014\/02\/pita2-300x293.jpg 300w, https:\/\/www.deliciouswithout.com\/wp-content\/uploads\/2014\/02\/pita2-500x490.jpg 500w, https:\/\/www.deliciouswithout.com\/wp-content\/uploads\/2014\/02\/pita2.jpg 576w\" sizes=\"(max-width: 576px) 100vw, 576px\" \/><\/a>SKU\u2019s<\/strong><\/p>\n<ul>\n<li>chia et ail: 2\/emballage 838 06 800 107 9<\/li>\n<\/ul>\n<p><strong>Ingr\u00e9dients<\/strong><br \/>\nEau, farine de riz brun, farine de riz blanc, huile d&rsquo;olive vierge extra, f\u00e9cule de pomme de terre, f\u00e9cule de tapioca, graines de chia, gomme xanthane, graines de lin dor\u00e9 moulues, sel de mer, levure, ail granul\u00e9, vinaigre.<\/p>\n<p><a href=\"http:\/\/www.deliciouswithout.com\/wp-content\/uploads\/2014\/02\/pita-nutrition.png\"><img decoding=\"async\" class=\"alignleft size-medium wp-image-2167\" title=\"pita-nutrition\" src=\"http:\/\/www.deliciouswithout.com\/wp-content\/uploads\/2014\/02\/pita-nutrition-215x300.png\" alt=\"pita nutrition facts\" width=\"215\" height=\"300\" srcset=\"https:\/\/www.deliciouswithout.com\/wp-content\/uploads\/2014\/02\/pita-nutrition-140x195.png 140w, https:\/\/www.deliciouswithout.com\/wp-content\/uploads\/2014\/02\/pita-nutrition-215x300.png 215w, https:\/\/www.deliciouswithout.com\/wp-content\/uploads\/2014\/02\/pita-nutrition-500x696.png 500w, https:\/\/www.deliciouswithout.com\/wp-content\/uploads\/2014\/02\/pita-nutrition.png 576w\" sizes=\"(max-width: 215px) 100vw, 215px\" \/><\/a><\/p>\n<p>&nbsp;<\/p>\n<p><strong>Renseignements relatifs aux allergies<\/strong><br \/>\nInstallations de fabrication sp\u00e9cialement d\u00e9di\u00e9es \u00e0 la fabrication de produits sans gluten et sans arachides.<\/p>\n<p>Bien que ce produit ne CONTIENNE AUCUN produit laitier, les installations o\u00f9 il est fabriqu\u00e9 en utilisent pour les autres produits qu\u2019elles fabriquent. Ce produit doit donc \u00eatre d\u00e9clar\u00e9 comme \u00e9tant un produit lact\u00e9 conform\u00e9ment aux lois h\u00e9bra\u00efques.<\/p>\n<p><a href=\"http:\/\/www.deliciouswithout.com\/wp-content\/uploads\/2012\/09\/dairy406-small.jpg\"><img decoding=\"async\" class=\"size-full wp-image-2123 alignleft\" title=\"dairy406-small\" src=\"http:\/\/www.deliciouswithout.com\/wp-content\/uploads\/2012\/09\/dairy406-small.jpg\" alt=\"\" width=\"50\" height=\"50\" srcset=\"https:\/\/www.deliciouswithout.com\/wp-content\/uploads\/2012\/09\/dairy406-small-45x45.jpg 45w, https:\/\/www.deliciouswithout.com\/wp-content\/uploads\/2012\/09\/dairy406-small.jpg 50w\" sizes=\"(max-width: 50px) 100vw, 50px\" \/><\/a><a href=\"http:\/\/www.deliciouswithout.com\/wp-content\/uploads\/2012\/09\/gfcp_trademark.png\"><img decoding=\"async\" class=\"alignnone  wp-image-3390\" src=\"http:\/\/www.deliciouswithout.com\/wp-content\/uploads\/2012\/09\/gfcp_trademark.png\" alt=\"gfcp_trademark\" width=\"92\" height=\"92\" srcset=\"https:\/\/www.deliciouswithout.com\/wp-content\/uploads\/2012\/09\/gfcp_trademark-66x66.png 66w, https:\/\/www.deliciouswithout.com\/wp-content\/uploads\/2012\/09\/gfcp_trademark-100x100.png 100w, https:\/\/www.deliciouswithout.com\/wp-content\/uploads\/2012\/09\/gfcp_trademark-150x150.png 150w, https:\/\/www.deliciouswithout.com\/wp-content\/uploads\/2012\/09\/gfcp_trademark.png 175w\" sizes=\"(max-width: 92px) 100vw, 92px\" \/><\/a><\/p>\n","protected":false},"excerpt":{"rendered":"<p>SKU\u2019s chia et ail: 2\/emballage 838 06 800 107 9 Ingr\u00e9dients Eau, farine de riz brun, farine de riz blanc, huile d&rsquo;olive vierge extra, f\u00e9cule de pomme de terre, f\u00e9cule de tapioca, graines de chia, gomme xanthane, graines de lin dor\u00e9 moulues, sel de mer, levure, ail granul\u00e9, vinaigre. &nbsp; Renseignements relatifs aux allergies Installations  [&#8230;]<\/p>\n","protected":false},"author":1,"featured_media":0,"parent":983,"menu_order":2,"comment_status":"open","ping_status":"open","template":"","meta":{"_acf_changed":false,"wprm-recipe-roundup-name":"","wprm-recipe-roundup-description":"","footnotes":""},"class_list":["post-2457","page","type-page","status-publish","hentry"],"acf":[],"yoast_head":"<!-- This site is optimized with the Yoast SEO plugin v27.3 - https:\/\/yoast.com\/product\/yoast-seo-wordpress\/ -->\n<title>Chia et ail - deliciouswithout.com<\/title>\n<meta name=\"robots\" content=\"index, follow, max-snippet:-1, max-image-preview:large, max-video-preview:-1\" \/>\n<link rel=\"canonical\" href=\"https:\/\/www.deliciouswithout.com\/bread\/pita-bread\/chia-and-garlic\/\" \/>\n<meta property=\"og:locale\" content=\"fr_FR\" \/>\n<meta property=\"og:type\" content=\"article\" \/>\n<meta property=\"og:title\" content=\"Chia et ail - deliciouswithout.com\" \/>\n<meta property=\"og:description\" content=\"SKU\u2019s chia et ail: 2\/emballage 838 06 800 107 9 Ingr\u00e9dients Eau, farine de riz brun, farine de riz blanc, huile d&rsquo;olive vierge extra, f\u00e9cule de pomme de terre, f\u00e9cule de tapioca, graines de chia, gomme xanthane, graines de lin dor\u00e9 moulues, sel de mer, levure, ail granul\u00e9, vinaigre. &nbsp; Renseignements relatifs aux allergies Installations [...]\" \/>\n<meta property=\"og:url\" content=\"https:\/\/www.deliciouswithout.com\/bread\/pita-bread\/chia-and-garlic\/\" \/>\n<meta property=\"og:site_name\" content=\"deliciouswithout.com\" \/>\n<meta property=\"article:modified_time\" content=\"2017-02-24T23:39:05+00:00\" \/>\n<meta property=\"og:image\" content=\"http:\/\/www.deliciouswithout.com\/wp-content\/uploads\/2014\/02\/pita2.jpg\" \/>\n<meta name=\"twitter:label1\" content=\"Dur\u00e9e de lecture estim\u00e9e\" \/>\n\t<meta name=\"twitter:data1\" content=\"1 minute\" \/>\n<script type=\"application\/ld+json\" class=\"yoast-schema-graph\">{\"@context\":\"https:\\\/\\\/schema.org\",\"@graph\":[{\"@type\":\"WebPage\",\"@id\":\"https:\\\/\\\/www.deliciouswithout.com\\\/bread\\\/pita-bread\\\/chia-and-garlic\\\/\",\"url\":\"https:\\\/\\\/www.deliciouswithout.com\\\/bread\\\/pita-bread\\\/chia-and-garlic\\\/\",\"name\":\"Chia et ail - deliciouswithout.com\",\"isPartOf\":{\"@id\":\"https:\\\/\\\/www.deliciouswithout.com\\\/fr\\\/#website\"},\"primaryImageOfPage\":{\"@id\":\"https:\\\/\\\/www.deliciouswithout.com\\\/bread\\\/pita-bread\\\/chia-and-garlic\\\/#primaryimage\"},\"image\":{\"@id\":\"https:\\\/\\\/www.deliciouswithout.com\\\/bread\\\/pita-bread\\\/chia-and-garlic\\\/#primaryimage\"},\"thumbnailUrl\":\"http:\\\/\\\/www.deliciouswithout.com\\\/wp-content\\\/uploads\\\/2014\\\/02\\\/pita2.jpg\",\"datePublished\":\"2014-02-09T22:14:32+00:00\",\"dateModified\":\"2017-02-24T23:39:05+00:00\",\"breadcrumb\":{\"@id\":\"https:\\\/\\\/www.deliciouswithout.com\\\/bread\\\/pita-bread\\\/chia-and-garlic\\\/#breadcrumb\"},\"inLanguage\":\"fr-FR\",\"potentialAction\":[{\"@type\":\"ReadAction\",\"target\":[\"https:\\\/\\\/www.deliciouswithout.com\\\/bread\\\/pita-bread\\\/chia-and-garlic\\\/\"]}]},{\"@type\":\"ImageObject\",\"inLanguage\":\"fr-FR\",\"@id\":\"https:\\\/\\\/www.deliciouswithout.com\\\/bread\\\/pita-bread\\\/chia-and-garlic\\\/#primaryimage\",\"url\":\"http:\\\/\\\/www.deliciouswithout.com\\\/wp-content\\\/uploads\\\/2014\\\/02\\\/pita2.jpg\",\"contentUrl\":\"http:\\\/\\\/www.deliciouswithout.com\\\/wp-content\\\/uploads\\\/2014\\\/02\\\/pita2.jpg\"},{\"@type\":\"BreadcrumbList\",\"@id\":\"https:\\\/\\\/www.deliciouswithout.com\\\/bread\\\/pita-bread\\\/chia-and-garlic\\\/#breadcrumb\",\"itemListElement\":[{\"@type\":\"ListItem\",\"position\":1,\"name\":\"Accueil\",\"item\":\"https:\\\/\\\/www.deliciouswithout.com\\\/fr\\\/\"},{\"@type\":\"ListItem\",\"position\":2,\"name\":\"Pain\",\"item\":\"https:\\\/\\\/www.deliciouswithout.com\\\/bread\\\/\"},{\"@type\":\"ListItem\",\"position\":3,\"name\":\"Pita\",\"item\":\"https:\\\/\\\/www.deliciouswithout.com\\\/bread\\\/pita-bread\\\/\"},{\"@type\":\"ListItem\",\"position\":4,\"name\":\"Chia et ail\"}]},{\"@type\":\"WebSite\",\"@id\":\"https:\\\/\\\/www.deliciouswithout.com\\\/fr\\\/#website\",\"url\":\"https:\\\/\\\/www.deliciouswithout.com\\\/fr\\\/\",\"name\":\"deliciouswithout.com\",\"description\":\"D\u00e9licieux Sans Gluten, Produits Latiers, Arachides, Noix\",\"potentialAction\":[{\"@type\":\"SearchAction\",\"target\":{\"@type\":\"EntryPoint\",\"urlTemplate\":\"https:\\\/\\\/www.deliciouswithout.com\\\/fr\\\/?s={search_term_string}\"},\"query-input\":{\"@type\":\"PropertyValueSpecification\",\"valueRequired\":true,\"valueName\":\"search_term_string\"}}],\"inLanguage\":\"fr-FR\"}]}<\/script>\n<!-- \/ Yoast SEO plugin. -->","yoast_head_json":{"title":"Chia et ail - deliciouswithout.com","robots":{"index":"index","follow":"follow","max-snippet":"max-snippet:-1","max-image-preview":"max-image-preview:large","max-video-preview":"max-video-preview:-1"},"canonical":"https:\/\/www.deliciouswithout.com\/bread\/pita-bread\/chia-and-garlic\/","og_locale":"fr_FR","og_type":"article","og_title":"Chia et ail - deliciouswithout.com","og_description":"SKU\u2019s chia et ail: 2\/emballage 838 06 800 107 9 Ingr\u00e9dients Eau, farine de riz brun, farine de riz blanc, huile d&rsquo;olive vierge extra, f\u00e9cule de pomme de terre, f\u00e9cule de tapioca, graines de chia, gomme xanthane, graines de lin dor\u00e9 moulues, sel de mer, levure, ail granul\u00e9, vinaigre. &nbsp; Renseignements relatifs aux allergies Installations [...]","og_url":"https:\/\/www.deliciouswithout.com\/bread\/pita-bread\/chia-and-garlic\/","og_site_name":"deliciouswithout.com","article_modified_time":"2017-02-24T23:39:05+00:00","og_image":[{"url":"http:\/\/www.deliciouswithout.com\/wp-content\/uploads\/2014\/02\/pita2.jpg","type":"","width":"","height":""}],"twitter_misc":{"Dur\u00e9e de lecture estim\u00e9e":"1 minute"},"schema":{"@context":"https:\/\/schema.org","@graph":[{"@type":"WebPage","@id":"https:\/\/www.deliciouswithout.com\/bread\/pita-bread\/chia-and-garlic\/","url":"https:\/\/www.deliciouswithout.com\/bread\/pita-bread\/chia-and-garlic\/","name":"Chia et ail - deliciouswithout.com","isPartOf":{"@id":"https:\/\/www.deliciouswithout.com\/fr\/#website"},"primaryImageOfPage":{"@id":"https:\/\/www.deliciouswithout.com\/bread\/pita-bread\/chia-and-garlic\/#primaryimage"},"image":{"@id":"https:\/\/www.deliciouswithout.com\/bread\/pita-bread\/chia-and-garlic\/#primaryimage"},"thumbnailUrl":"http:\/\/www.deliciouswithout.com\/wp-content\/uploads\/2014\/02\/pita2.jpg","datePublished":"2014-02-09T22:14:32+00:00","dateModified":"2017-02-24T23:39:05+00:00","breadcrumb":{"@id":"https:\/\/www.deliciouswithout.com\/bread\/pita-bread\/chia-and-garlic\/#breadcrumb"},"inLanguage":"fr-FR","potentialAction":[{"@type":"ReadAction","target":["https:\/\/www.deliciouswithout.com\/bread\/pita-bread\/chia-and-garlic\/"]}]},{"@type":"ImageObject","inLanguage":"fr-FR","@id":"https:\/\/www.deliciouswithout.com\/bread\/pita-bread\/chia-and-garlic\/#primaryimage","url":"http:\/\/www.deliciouswithout.com\/wp-content\/uploads\/2014\/02\/pita2.jpg","contentUrl":"http:\/\/www.deliciouswithout.com\/wp-content\/uploads\/2014\/02\/pita2.jpg"},{"@type":"BreadcrumbList","@id":"https:\/\/www.deliciouswithout.com\/bread\/pita-bread\/chia-and-garlic\/#breadcrumb","itemListElement":[{"@type":"ListItem","position":1,"name":"Accueil","item":"https:\/\/www.deliciouswithout.com\/fr\/"},{"@type":"ListItem","position":2,"name":"Pain","item":"https:\/\/www.deliciouswithout.com\/bread\/"},{"@type":"ListItem","position":3,"name":"Pita","item":"https:\/\/www.deliciouswithout.com\/bread\/pita-bread\/"},{"@type":"ListItem","position":4,"name":"Chia et ail"}]},{"@type":"WebSite","@id":"https:\/\/www.deliciouswithout.com\/fr\/#website","url":"https:\/\/www.deliciouswithout.com\/fr\/","name":"deliciouswithout.com","description":"D\u00e9licieux Sans Gluten, Produits Latiers, Arachides, Noix","potentialAction":[{"@type":"SearchAction","target":{"@type":"EntryPoint","urlTemplate":"https:\/\/www.deliciouswithout.com\/fr\/?s={search_term_string}"},"query-input":{"@type":"PropertyValueSpecification","valueRequired":true,"valueName":"search_term_string"}}],"inLanguage":"fr-FR"}]}},"_links":{"self":[{"href":"https:\/\/www.deliciouswithout.com\/fr\/wp-json\/wp\/v2\/pages\/2457","targetHints":{"allow":["GET"]}}],"collection":[{"href":"https:\/\/www.deliciouswithout.com\/fr\/wp-json\/wp\/v2\/pages"}],"about":[{"href":"https:\/\/www.deliciouswithout.com\/fr\/wp-json\/wp\/v2\/types\/page"}],"author":[{"embeddable":true,"href":"https:\/\/www.deliciouswithout.com\/fr\/wp-json\/wp\/v2\/users\/1"}],"replies":[{"embeddable":true,"href":"https:\/\/www.deliciouswithout.com\/fr\/wp-json\/wp\/v2\/comments?post=2457"}],"version-history":[{"count":0,"href":"https:\/\/www.deliciouswithout.com\/fr\/wp-json\/wp\/v2\/pages\/2457\/revisions"}],"up":[{"embeddable":true,"href":"https:\/\/www.deliciouswithout.com\/fr\/wp-json\/wp\/v2\/pages\/983"}],"wp:attachment":[{"href":"https:\/\/www.deliciouswithout.com\/fr\/wp-json\/wp\/v2\/media?parent=2457"}],"curies":[{"name":"wp","href":"https:\/\/api.w.org\/{rel}","templated":true}]}}