{"id":2481,"date":"2014-02-12T14:52:40","date_gmt":"2014-02-12T19:52:40","guid":{"rendered":"http:\/\/deliciouswithout.com\/?page_id=2481"},"modified":"2017-03-02T19:50:27","modified_gmt":"2017-03-03T00:50:27","slug":"muffin-carottes-pommes-et-canneberge","status":"publish","type":"page","link":"https:\/\/www.deliciouswithout.com\/fr\/produits\/muffins\/muffin-carottes-pommes-et-canneberge\/","title":{"rendered":"Muffins aux carottes, pommes et canneberge"},"content":{"rendered":"<p style=\"text-align: left;\"><img decoding=\"async\" class=\"alignnone size-full wp-image-6073\" src=\"http:\/\/www.deliciouswithout.com\/wp-content\/uploads\/2014\/02\/D15_5139.jpg\" alt=\"D15_5139\" width=\"492\" height=\"665\" srcset=\"https:\/\/www.deliciouswithout.com\/wp-content\/uploads\/2014\/02\/D15_5139-200x270.jpg 200w, https:\/\/www.deliciouswithout.com\/wp-content\/uploads\/2014\/02\/D15_5139-222x300.jpg 222w, https:\/\/www.deliciouswithout.com\/wp-content\/uploads\/2014\/02\/D15_5139-400x541.jpg 400w, https:\/\/www.deliciouswithout.com\/wp-content\/uploads\/2014\/02\/D15_5139.jpg 492w\" sizes=\"(max-width: 492px) 100vw, 492px\" \/><\/p>\n<h2 style=\"text-align: left;\">Muffins D\u00e9jeuner 426 g pommes, carrots, canneberges<\/h2>\n<p><strong>Ingr\u00e9dients :<\/strong> Pommes, m\u00e9lange de farine (riz brun, sorgho, amarante, millet), sucrede canne\u00a0 biologique, carottes, \u0153ufs entiers liquides, canneberges, huile de canola sans OGM, raisins sultana, graines de citrouille, flocons de quinoa biologique, noix de coco s\u00e9ch\u00e9e, vanille, graines de chanvre crues d\u00e9cortiqu\u00e9es biologique, bicarbonate de sodium, poudre \u00e0 p\u00e2te, cannelle, sel, gomme xanthane, acide ascorbique. Contient des oeufs.<\/p>\n<p>UPC: 838068001017<\/p>\n<p><img decoding=\"async\" class=\"alignnone wp-image-6310\" src=\"http:\/\/www.deliciouswithout.com\/wp-content\/uploads\/2014\/02\/breakfastNFT.jpg\" alt=\"breakfastNFT\" width=\"359\" height=\"686\" \/><\/p>\n<p>&nbsp;<\/p>\n<p>&nbsp;<\/p>\n","protected":false},"excerpt":{"rendered":"<p>Muffins D\u00e9jeuner 426 g pommes, carrots, canneberges Ingr\u00e9dients : Pommes, m\u00e9lange de farine (riz brun, sorgho, amarante, millet), sucrede canne\u00a0 biologique, carottes, \u0153ufs entiers liquides, canneberges, huile de canola sans OGM, raisins sultana, graines de citrouille, flocons de quinoa biologique, noix de coco s\u00e9ch\u00e9e, vanille, graines de chanvre crues d\u00e9cortiqu\u00e9es biologique, bicarbonate de sodium, poudre  [&#8230;]<\/p>\n","protected":false},"author":1,"featured_media":0,"parent":989,"menu_order":0,"comment_status":"open","ping_status":"open","template":"","meta":{"_acf_changed":false,"wprm-recipe-roundup-name":"","wprm-recipe-roundup-description":"","footnotes":""},"class_list":["post-2481","page","type-page","status-publish","hentry"],"acf":[],"yoast_head":"<!-- This site is optimized with the Yoast SEO plugin v27.3 - https:\/\/yoast.com\/product\/yoast-seo-wordpress\/ -->\n<title>Muffins aux carottes, pommes et canneberge - deliciouswithout.com<\/title>\n<meta name=\"description\" content=\"Ingr\u00e9dients et valeur nutritive des muffins d\u00e9jeuner (aux carottes, pommes et canneberge)\" \/>\n<meta name=\"robots\" content=\"index, follow, max-snippet:-1, max-image-preview:large, max-video-preview:-1\" \/>\n<link rel=\"canonical\" href=\"https:\/\/www.deliciouswithout.com\/products\/muffins\/breakfast-muffin-carrot-apple-cranberry\/\" \/>\n<meta property=\"og:locale\" content=\"fr_FR\" \/>\n<meta property=\"og:type\" content=\"article\" \/>\n<meta property=\"og:title\" content=\"Muffins aux carottes, pommes et canneberge - deliciouswithout.com\" \/>\n<meta property=\"og:description\" content=\"Ingr\u00e9dients et valeur nutritive des muffins d\u00e9jeuner (aux carottes, pommes et canneberge)\" \/>\n<meta property=\"og:url\" content=\"https:\/\/www.deliciouswithout.com\/products\/muffins\/breakfast-muffin-carrot-apple-cranberry\/\" \/>\n<meta property=\"og:site_name\" content=\"deliciouswithout.com\" \/>\n<meta property=\"article:modified_time\" content=\"2017-03-03T00:50:27+00:00\" \/>\n<meta property=\"og:image\" content=\"http:\/\/www.deliciouswithout.com\/wp-content\/uploads\/2014\/02\/D15_5139.jpg\" \/>\n<script type=\"application\/ld+json\" class=\"yoast-schema-graph\">{\"@context\":\"https:\\\/\\\/schema.org\",\"@graph\":[{\"@type\":\"WebPage\",\"@id\":\"https:\\\/\\\/www.deliciouswithout.com\\\/products\\\/muffins\\\/breakfast-muffin-carrot-apple-cranberry\\\/\",\"url\":\"https:\\\/\\\/www.deliciouswithout.com\\\/products\\\/muffins\\\/breakfast-muffin-carrot-apple-cranberry\\\/\",\"name\":\"Muffins aux carottes, pommes et canneberge - deliciouswithout.com\",\"isPartOf\":{\"@id\":\"https:\\\/\\\/www.deliciouswithout.com\\\/fr\\\/#website\"},\"primaryImageOfPage\":{\"@id\":\"https:\\\/\\\/www.deliciouswithout.com\\\/products\\\/muffins\\\/breakfast-muffin-carrot-apple-cranberry\\\/#primaryimage\"},\"image\":{\"@id\":\"https:\\\/\\\/www.deliciouswithout.com\\\/products\\\/muffins\\\/breakfast-muffin-carrot-apple-cranberry\\\/#primaryimage\"},\"thumbnailUrl\":\"http:\\\/\\\/www.deliciouswithout.com\\\/wp-content\\\/uploads\\\/2014\\\/02\\\/D15_5139.jpg\",\"datePublished\":\"2014-02-12T19:52:40+00:00\",\"dateModified\":\"2017-03-03T00:50:27+00:00\",\"description\":\"Ingr\u00e9dients et valeur nutritive des muffins d\u00e9jeuner (aux carottes, pommes et canneberge)\",\"breadcrumb\":{\"@id\":\"https:\\\/\\\/www.deliciouswithout.com\\\/products\\\/muffins\\\/breakfast-muffin-carrot-apple-cranberry\\\/#breadcrumb\"},\"inLanguage\":\"fr-FR\",\"potentialAction\":[{\"@type\":\"ReadAction\",\"target\":[\"https:\\\/\\\/www.deliciouswithout.com\\\/products\\\/muffins\\\/breakfast-muffin-carrot-apple-cranberry\\\/\"]}]},{\"@type\":\"ImageObject\",\"inLanguage\":\"fr-FR\",\"@id\":\"https:\\\/\\\/www.deliciouswithout.com\\\/products\\\/muffins\\\/breakfast-muffin-carrot-apple-cranberry\\\/#primaryimage\",\"url\":\"http:\\\/\\\/www.deliciouswithout.com\\\/wp-content\\\/uploads\\\/2014\\\/02\\\/D15_5139.jpg\",\"contentUrl\":\"http:\\\/\\\/www.deliciouswithout.com\\\/wp-content\\\/uploads\\\/2014\\\/02\\\/D15_5139.jpg\"},{\"@type\":\"BreadcrumbList\",\"@id\":\"https:\\\/\\\/www.deliciouswithout.com\\\/products\\\/muffins\\\/breakfast-muffin-carrot-apple-cranberry\\\/#breadcrumb\",\"itemListElement\":[{\"@type\":\"ListItem\",\"position\":1,\"name\":\"Accueil\",\"item\":\"https:\\\/\\\/www.deliciouswithout.com\\\/fr\\\/\"},{\"@type\":\"ListItem\",\"position\":2,\"name\":\"Produits\",\"item\":\"https:\\\/\\\/www.deliciouswithout.com\\\/products\\\/\"},{\"@type\":\"ListItem\",\"position\":3,\"name\":\"Muffins etc\",\"item\":\"https:\\\/\\\/www.deliciouswithout.com\\\/products\\\/muffins\\\/\"},{\"@type\":\"ListItem\",\"position\":4,\"name\":\"Muffins aux carottes, pommes et canneberge\"}]},{\"@type\":\"WebSite\",\"@id\":\"https:\\\/\\\/www.deliciouswithout.com\\\/fr\\\/#website\",\"url\":\"https:\\\/\\\/www.deliciouswithout.com\\\/fr\\\/\",\"name\":\"deliciouswithout.com\",\"description\":\"D\u00e9licieux Sans Gluten, Produits Latiers, Arachides, Noix\",\"potentialAction\":[{\"@type\":\"SearchAction\",\"target\":{\"@type\":\"EntryPoint\",\"urlTemplate\":\"https:\\\/\\\/www.deliciouswithout.com\\\/fr\\\/?s={search_term_string}\"},\"query-input\":{\"@type\":\"PropertyValueSpecification\",\"valueRequired\":true,\"valueName\":\"search_term_string\"}}],\"inLanguage\":\"fr-FR\"}]}<\/script>\n<!-- \/ Yoast SEO plugin. -->","yoast_head_json":{"title":"Muffins aux carottes, pommes et canneberge - deliciouswithout.com","description":"Ingr\u00e9dients et valeur nutritive des muffins d\u00e9jeuner (aux carottes, pommes et canneberge)","robots":{"index":"index","follow":"follow","max-snippet":"max-snippet:-1","max-image-preview":"max-image-preview:large","max-video-preview":"max-video-preview:-1"},"canonical":"https:\/\/www.deliciouswithout.com\/products\/muffins\/breakfast-muffin-carrot-apple-cranberry\/","og_locale":"fr_FR","og_type":"article","og_title":"Muffins aux carottes, pommes et canneberge - deliciouswithout.com","og_description":"Ingr\u00e9dients et valeur nutritive des muffins d\u00e9jeuner (aux carottes, pommes et canneberge)","og_url":"https:\/\/www.deliciouswithout.com\/products\/muffins\/breakfast-muffin-carrot-apple-cranberry\/","og_site_name":"deliciouswithout.com","article_modified_time":"2017-03-03T00:50:27+00:00","og_image":[{"url":"http:\/\/www.deliciouswithout.com\/wp-content\/uploads\/2014\/02\/D15_5139.jpg","type":"","width":"","height":""}],"schema":{"@context":"https:\/\/schema.org","@graph":[{"@type":"WebPage","@id":"https:\/\/www.deliciouswithout.com\/products\/muffins\/breakfast-muffin-carrot-apple-cranberry\/","url":"https:\/\/www.deliciouswithout.com\/products\/muffins\/breakfast-muffin-carrot-apple-cranberry\/","name":"Muffins aux carottes, pommes et canneberge - deliciouswithout.com","isPartOf":{"@id":"https:\/\/www.deliciouswithout.com\/fr\/#website"},"primaryImageOfPage":{"@id":"https:\/\/www.deliciouswithout.com\/products\/muffins\/breakfast-muffin-carrot-apple-cranberry\/#primaryimage"},"image":{"@id":"https:\/\/www.deliciouswithout.com\/products\/muffins\/breakfast-muffin-carrot-apple-cranberry\/#primaryimage"},"thumbnailUrl":"http:\/\/www.deliciouswithout.com\/wp-content\/uploads\/2014\/02\/D15_5139.jpg","datePublished":"2014-02-12T19:52:40+00:00","dateModified":"2017-03-03T00:50:27+00:00","description":"Ingr\u00e9dients et valeur nutritive des muffins d\u00e9jeuner (aux carottes, pommes et canneberge)","breadcrumb":{"@id":"https:\/\/www.deliciouswithout.com\/products\/muffins\/breakfast-muffin-carrot-apple-cranberry\/#breadcrumb"},"inLanguage":"fr-FR","potentialAction":[{"@type":"ReadAction","target":["https:\/\/www.deliciouswithout.com\/products\/muffins\/breakfast-muffin-carrot-apple-cranberry\/"]}]},{"@type":"ImageObject","inLanguage":"fr-FR","@id":"https:\/\/www.deliciouswithout.com\/products\/muffins\/breakfast-muffin-carrot-apple-cranberry\/#primaryimage","url":"http:\/\/www.deliciouswithout.com\/wp-content\/uploads\/2014\/02\/D15_5139.jpg","contentUrl":"http:\/\/www.deliciouswithout.com\/wp-content\/uploads\/2014\/02\/D15_5139.jpg"},{"@type":"BreadcrumbList","@id":"https:\/\/www.deliciouswithout.com\/products\/muffins\/breakfast-muffin-carrot-apple-cranberry\/#breadcrumb","itemListElement":[{"@type":"ListItem","position":1,"name":"Accueil","item":"https:\/\/www.deliciouswithout.com\/fr\/"},{"@type":"ListItem","position":2,"name":"Produits","item":"https:\/\/www.deliciouswithout.com\/products\/"},{"@type":"ListItem","position":3,"name":"Muffins etc","item":"https:\/\/www.deliciouswithout.com\/products\/muffins\/"},{"@type":"ListItem","position":4,"name":"Muffins aux carottes, pommes et canneberge"}]},{"@type":"WebSite","@id":"https:\/\/www.deliciouswithout.com\/fr\/#website","url":"https:\/\/www.deliciouswithout.com\/fr\/","name":"deliciouswithout.com","description":"D\u00e9licieux Sans Gluten, Produits Latiers, Arachides, Noix","potentialAction":[{"@type":"SearchAction","target":{"@type":"EntryPoint","urlTemplate":"https:\/\/www.deliciouswithout.com\/fr\/?s={search_term_string}"},"query-input":{"@type":"PropertyValueSpecification","valueRequired":true,"valueName":"search_term_string"}}],"inLanguage":"fr-FR"}]}},"_links":{"self":[{"href":"https:\/\/www.deliciouswithout.com\/fr\/wp-json\/wp\/v2\/pages\/2481","targetHints":{"allow":["GET"]}}],"collection":[{"href":"https:\/\/www.deliciouswithout.com\/fr\/wp-json\/wp\/v2\/pages"}],"about":[{"href":"https:\/\/www.deliciouswithout.com\/fr\/wp-json\/wp\/v2\/types\/page"}],"author":[{"embeddable":true,"href":"https:\/\/www.deliciouswithout.com\/fr\/wp-json\/wp\/v2\/users\/1"}],"replies":[{"embeddable":true,"href":"https:\/\/www.deliciouswithout.com\/fr\/wp-json\/wp\/v2\/comments?post=2481"}],"version-history":[{"count":0,"href":"https:\/\/www.deliciouswithout.com\/fr\/wp-json\/wp\/v2\/pages\/2481\/revisions"}],"up":[{"embeddable":true,"href":"https:\/\/www.deliciouswithout.com\/fr\/wp-json\/wp\/v2\/pages\/989"}],"wp:attachment":[{"href":"https:\/\/www.deliciouswithout.com\/fr\/wp-json\/wp\/v2\/media?parent=2481"}],"curies":[{"name":"wp","href":"https:\/\/api.w.org\/{rel}","templated":true}]}}