{"id":2494,"date":"2014-02-11T14:58:59","date_gmt":"2014-02-11T19:58:59","guid":{"rendered":"http:\/\/deliciouswithout.com\/?page_id=2494"},"modified":"2017-02-24T18:39:04","modified_gmt":"2017-02-24T23:39:04","slug":"muffins-vegan-aux-banane-et-brisures-de-chocolat","status":"publish","type":"page","link":"https:\/\/www.deliciouswithout.com\/fr\/produits\/muffins\/muffins-vegan-aux-banane-et-brisures-de-chocolat\/","title":{"rendered":"Muffins Sarrasin et P\u00e9pites de Chocolat"},"content":{"rendered":"<h2><img decoding=\"async\" class=\"alignnone size-full wp-image-6066\" src=\"http:\/\/www.deliciouswithout.com\/wp-content\/uploads\/2014\/02\/D15_5136.jpg\" alt=\"D15_5136\" width=\"847\" height=\"585\" srcset=\"https:\/\/www.deliciouswithout.com\/wp-content\/uploads\/2014\/02\/D15_5136-200x138.jpg 200w, https:\/\/www.deliciouswithout.com\/wp-content\/uploads\/2014\/02\/D15_5136-300x207.jpg 300w, https:\/\/www.deliciouswithout.com\/wp-content\/uploads\/2014\/02\/D15_5136-400x276.jpg 400w, https:\/\/www.deliciouswithout.com\/wp-content\/uploads\/2014\/02\/D15_5136-500x345.jpg 500w, https:\/\/www.deliciouswithout.com\/wp-content\/uploads\/2014\/02\/D15_5136-600x414.jpg 600w, https:\/\/www.deliciouswithout.com\/wp-content\/uploads\/2014\/02\/D15_5136-700x483.jpg 700w, https:\/\/www.deliciouswithout.com\/wp-content\/uploads\/2014\/02\/D15_5136-768x530.jpg 768w, https:\/\/www.deliciouswithout.com\/wp-content\/uploads\/2014\/02\/D15_5136-800x553.jpg 800w, https:\/\/www.deliciouswithout.com\/wp-content\/uploads\/2014\/02\/D15_5136.jpg 847w\" sizes=\"(max-width: 847px) 100vw, 847px\" \/><\/h2>\n<h2>Muffins Sarrasin et P\u00e9pites de Chocolat<\/h2>\n<p><strong>Le sarrasin a si bon go\u00fbt, et qui n\u2019aime pas les muffins aux p\u00e9pites de chocolat! MIAM!<\/strong><\/p>\n<p><strong>INGR\u00c9DIENTS :<\/strong> M\u00e9lange de farine sans gluten (farine de sarrasin, farine de riz blanc, amidon de tapioca modifi\u00e9, amidon de ma\u00efs, f\u00e9cule de pomme de terre, farine de pomme de terre), sucre de canne biologique, eau, \u0153ufs entiers liquides, huile de canola sans OGM, p\u00e9pites de chocolat (sucre, chocolat non sucr\u00e9, beurre de cacao), vanille, poudre \u00e0 p\u00e2te, sel, gomme xanthane. Contient des \u0153ufs.<\/p>\n<p>Toutes les p\u00e9pites de chocolat dans nos produits sont sans soja.<\/p>\n<p>UPC: 838068001390<\/p>\n<p><strong><img decoding=\"async\" class=\"size-full wp-image-4763 alignnone\" src=\"http:\/\/www.deliciouswithout.com\/wp-content\/uploads\/2012\/09\/parev.png\" alt=\"parev\" width=\"175\" height=\"175\" srcset=\"https:\/\/www.deliciouswithout.com\/wp-content\/uploads\/2012\/09\/parev-66x66.png 66w, https:\/\/www.deliciouswithout.com\/wp-content\/uploads\/2012\/09\/parev-100x100.png 100w, https:\/\/www.deliciouswithout.com\/wp-content\/uploads\/2012\/09\/parev-150x150.png 150w, https:\/\/www.deliciouswithout.com\/wp-content\/uploads\/2012\/09\/parev.png 175w\" sizes=\"(max-width: 175px) 100vw, 175px\" \/><\/strong><\/p>\n<p>&nbsp;<\/p>\n<p><img decoding=\"async\" class=\"alignnone wp-image-6068\" src=\"http:\/\/www.deliciouswithout.com\/wp-content\/uploads\/2014\/02\/chochipmuffinNFT.jpg\" alt=\"chochipmuffinNFT\" width=\"532\" height=\"823\" srcset=\"https:\/\/www.deliciouswithout.com\/wp-content\/uploads\/2014\/02\/chochipmuffinNFT-194x300.jpg 194w, https:\/\/www.deliciouswithout.com\/wp-content\/uploads\/2014\/02\/chochipmuffinNFT-200x309.jpg 200w, https:\/\/www.deliciouswithout.com\/wp-content\/uploads\/2014\/02\/chochipmuffinNFT-400x619.jpg 400w, https:\/\/www.deliciouswithout.com\/wp-content\/uploads\/2014\/02\/chochipmuffinNFT-500x774.jpg 500w, https:\/\/www.deliciouswithout.com\/wp-content\/uploads\/2014\/02\/chochipmuffinNFT-600x928.jpg 600w, https:\/\/www.deliciouswithout.com\/wp-content\/uploads\/2014\/02\/chochipmuffinNFT.jpg 616w\" sizes=\"(max-width: 532px) 100vw, 532px\" \/><\/p>\n","protected":false},"excerpt":{"rendered":"<p>Muffins Sarrasin et P\u00e9pites de Chocolat Le sarrasin a si bon go\u00fbt, et qui n\u2019aime pas les muffins aux p\u00e9pites de chocolat! MIAM! INGR\u00c9DIENTS : M\u00e9lange de farine sans gluten (farine de sarrasin, farine de riz blanc, amidon de tapioca modifi\u00e9, amidon de ma\u00efs, f\u00e9cule de pomme de terre, farine de pomme de terre), sucre  [&#8230;]<\/p>\n","protected":false},"author":1,"featured_media":0,"parent":989,"menu_order":2,"comment_status":"open","ping_status":"closed","template":"","meta":{"_acf_changed":false,"wprm-recipe-roundup-name":"","wprm-recipe-roundup-description":"","footnotes":""},"class_list":["post-2494","page","type-page","status-publish","hentry"],"acf":[],"yoast_head":"<!-- This site is optimized with the Yoast SEO plugin v27.3 - https:\/\/yoast.com\/product\/yoast-seo-wordpress\/ -->\n<title>Muffins Sarrasin et P\u00e9pites de Chocolat - deliciouswithout.com<\/title>\n<meta name=\"description\" content=\"D\u00e9licieux muffin sans gluten, sans arachides, sans noix et sans produits laitiers. Disponible en trois grandeurs.\" \/>\n<meta name=\"robots\" content=\"index, follow, max-snippet:-1, max-image-preview:large, max-video-preview:-1\" \/>\n<link rel=\"canonical\" href=\"https:\/\/www.deliciouswithout.com\/products\/muffins\/vegan-muffin-banana-chocolate\/\" \/>\n<meta property=\"og:locale\" content=\"fr_FR\" \/>\n<meta property=\"og:type\" content=\"article\" \/>\n<meta property=\"og:title\" content=\"Muffins Sarrasin et P\u00e9pites de Chocolat - deliciouswithout.com\" \/>\n<meta property=\"og:description\" content=\"D\u00e9licieux muffin sans gluten, sans arachides, sans noix et sans produits laitiers. Disponible en trois grandeurs.\" \/>\n<meta property=\"og:url\" content=\"https:\/\/www.deliciouswithout.com\/products\/muffins\/vegan-muffin-banana-chocolate\/\" \/>\n<meta property=\"og:site_name\" content=\"deliciouswithout.com\" \/>\n<meta property=\"article:modified_time\" content=\"2017-02-24T23:39:04+00:00\" \/>\n<meta property=\"og:image\" content=\"http:\/\/www.deliciouswithout.com\/wp-content\/uploads\/2014\/02\/D15_5136.jpg\" \/>\n<meta name=\"twitter:label1\" content=\"Dur\u00e9e de lecture estim\u00e9e\" \/>\n\t<meta name=\"twitter:data1\" content=\"1 minute\" \/>\n<script type=\"application\/ld+json\" class=\"yoast-schema-graph\">{\"@context\":\"https:\\\/\\\/schema.org\",\"@graph\":[{\"@type\":\"WebPage\",\"@id\":\"https:\\\/\\\/www.deliciouswithout.com\\\/products\\\/muffins\\\/vegan-muffin-banana-chocolate\\\/\",\"url\":\"https:\\\/\\\/www.deliciouswithout.com\\\/products\\\/muffins\\\/vegan-muffin-banana-chocolate\\\/\",\"name\":\"Muffins Sarrasin et P\u00e9pites de Chocolat - deliciouswithout.com\",\"isPartOf\":{\"@id\":\"https:\\\/\\\/www.deliciouswithout.com\\\/fr\\\/#website\"},\"primaryImageOfPage\":{\"@id\":\"https:\\\/\\\/www.deliciouswithout.com\\\/products\\\/muffins\\\/vegan-muffin-banana-chocolate\\\/#primaryimage\"},\"image\":{\"@id\":\"https:\\\/\\\/www.deliciouswithout.com\\\/products\\\/muffins\\\/vegan-muffin-banana-chocolate\\\/#primaryimage\"},\"thumbnailUrl\":\"http:\\\/\\\/www.deliciouswithout.com\\\/wp-content\\\/uploads\\\/2014\\\/02\\\/D15_5136.jpg\",\"datePublished\":\"2014-02-11T19:58:59+00:00\",\"dateModified\":\"2017-02-24T23:39:04+00:00\",\"description\":\"D\u00e9licieux muffin sans gluten, sans arachides, sans noix et sans produits laitiers. Disponible en trois grandeurs.\",\"breadcrumb\":{\"@id\":\"https:\\\/\\\/www.deliciouswithout.com\\\/products\\\/muffins\\\/vegan-muffin-banana-chocolate\\\/#breadcrumb\"},\"inLanguage\":\"fr-FR\",\"potentialAction\":[{\"@type\":\"ReadAction\",\"target\":[\"https:\\\/\\\/www.deliciouswithout.com\\\/products\\\/muffins\\\/vegan-muffin-banana-chocolate\\\/\"]}]},{\"@type\":\"ImageObject\",\"inLanguage\":\"fr-FR\",\"@id\":\"https:\\\/\\\/www.deliciouswithout.com\\\/products\\\/muffins\\\/vegan-muffin-banana-chocolate\\\/#primaryimage\",\"url\":\"http:\\\/\\\/www.deliciouswithout.com\\\/wp-content\\\/uploads\\\/2014\\\/02\\\/D15_5136.jpg\",\"contentUrl\":\"http:\\\/\\\/www.deliciouswithout.com\\\/wp-content\\\/uploads\\\/2014\\\/02\\\/D15_5136.jpg\"},{\"@type\":\"BreadcrumbList\",\"@id\":\"https:\\\/\\\/www.deliciouswithout.com\\\/products\\\/muffins\\\/vegan-muffin-banana-chocolate\\\/#breadcrumb\",\"itemListElement\":[{\"@type\":\"ListItem\",\"position\":1,\"name\":\"Accueil\",\"item\":\"https:\\\/\\\/www.deliciouswithout.com\\\/fr\\\/\"},{\"@type\":\"ListItem\",\"position\":2,\"name\":\"Produits\",\"item\":\"https:\\\/\\\/www.deliciouswithout.com\\\/products\\\/\"},{\"@type\":\"ListItem\",\"position\":3,\"name\":\"Muffins etc\",\"item\":\"https:\\\/\\\/www.deliciouswithout.com\\\/products\\\/muffins\\\/\"},{\"@type\":\"ListItem\",\"position\":4,\"name\":\"Muffins Sarrasin et P\u00e9pites de Chocolat\"}]},{\"@type\":\"WebSite\",\"@id\":\"https:\\\/\\\/www.deliciouswithout.com\\\/fr\\\/#website\",\"url\":\"https:\\\/\\\/www.deliciouswithout.com\\\/fr\\\/\",\"name\":\"deliciouswithout.com\",\"description\":\"D\u00e9licieux Sans Gluten, Produits Latiers, Arachides, Noix\",\"potentialAction\":[{\"@type\":\"SearchAction\",\"target\":{\"@type\":\"EntryPoint\",\"urlTemplate\":\"https:\\\/\\\/www.deliciouswithout.com\\\/fr\\\/?s={search_term_string}\"},\"query-input\":{\"@type\":\"PropertyValueSpecification\",\"valueRequired\":true,\"valueName\":\"search_term_string\"}}],\"inLanguage\":\"fr-FR\"}]}<\/script>\n<!-- \/ Yoast SEO plugin. -->","yoast_head_json":{"title":"Muffins Sarrasin et P\u00e9pites de Chocolat - deliciouswithout.com","description":"D\u00e9licieux muffin sans gluten, sans arachides, sans noix et sans produits laitiers. Disponible en trois grandeurs.","robots":{"index":"index","follow":"follow","max-snippet":"max-snippet:-1","max-image-preview":"max-image-preview:large","max-video-preview":"max-video-preview:-1"},"canonical":"https:\/\/www.deliciouswithout.com\/products\/muffins\/vegan-muffin-banana-chocolate\/","og_locale":"fr_FR","og_type":"article","og_title":"Muffins Sarrasin et P\u00e9pites de Chocolat - deliciouswithout.com","og_description":"D\u00e9licieux muffin sans gluten, sans arachides, sans noix et sans produits laitiers. Disponible en trois grandeurs.","og_url":"https:\/\/www.deliciouswithout.com\/products\/muffins\/vegan-muffin-banana-chocolate\/","og_site_name":"deliciouswithout.com","article_modified_time":"2017-02-24T23:39:04+00:00","og_image":[{"url":"http:\/\/www.deliciouswithout.com\/wp-content\/uploads\/2014\/02\/D15_5136.jpg","type":"","width":"","height":""}],"twitter_misc":{"Dur\u00e9e de lecture estim\u00e9e":"1 minute"},"schema":{"@context":"https:\/\/schema.org","@graph":[{"@type":"WebPage","@id":"https:\/\/www.deliciouswithout.com\/products\/muffins\/vegan-muffin-banana-chocolate\/","url":"https:\/\/www.deliciouswithout.com\/products\/muffins\/vegan-muffin-banana-chocolate\/","name":"Muffins Sarrasin et P\u00e9pites de Chocolat - deliciouswithout.com","isPartOf":{"@id":"https:\/\/www.deliciouswithout.com\/fr\/#website"},"primaryImageOfPage":{"@id":"https:\/\/www.deliciouswithout.com\/products\/muffins\/vegan-muffin-banana-chocolate\/#primaryimage"},"image":{"@id":"https:\/\/www.deliciouswithout.com\/products\/muffins\/vegan-muffin-banana-chocolate\/#primaryimage"},"thumbnailUrl":"http:\/\/www.deliciouswithout.com\/wp-content\/uploads\/2014\/02\/D15_5136.jpg","datePublished":"2014-02-11T19:58:59+00:00","dateModified":"2017-02-24T23:39:04+00:00","description":"D\u00e9licieux muffin sans gluten, sans arachides, sans noix et sans produits laitiers. Disponible en trois grandeurs.","breadcrumb":{"@id":"https:\/\/www.deliciouswithout.com\/products\/muffins\/vegan-muffin-banana-chocolate\/#breadcrumb"},"inLanguage":"fr-FR","potentialAction":[{"@type":"ReadAction","target":["https:\/\/www.deliciouswithout.com\/products\/muffins\/vegan-muffin-banana-chocolate\/"]}]},{"@type":"ImageObject","inLanguage":"fr-FR","@id":"https:\/\/www.deliciouswithout.com\/products\/muffins\/vegan-muffin-banana-chocolate\/#primaryimage","url":"http:\/\/www.deliciouswithout.com\/wp-content\/uploads\/2014\/02\/D15_5136.jpg","contentUrl":"http:\/\/www.deliciouswithout.com\/wp-content\/uploads\/2014\/02\/D15_5136.jpg"},{"@type":"BreadcrumbList","@id":"https:\/\/www.deliciouswithout.com\/products\/muffins\/vegan-muffin-banana-chocolate\/#breadcrumb","itemListElement":[{"@type":"ListItem","position":1,"name":"Accueil","item":"https:\/\/www.deliciouswithout.com\/fr\/"},{"@type":"ListItem","position":2,"name":"Produits","item":"https:\/\/www.deliciouswithout.com\/products\/"},{"@type":"ListItem","position":3,"name":"Muffins etc","item":"https:\/\/www.deliciouswithout.com\/products\/muffins\/"},{"@type":"ListItem","position":4,"name":"Muffins Sarrasin et P\u00e9pites de Chocolat"}]},{"@type":"WebSite","@id":"https:\/\/www.deliciouswithout.com\/fr\/#website","url":"https:\/\/www.deliciouswithout.com\/fr\/","name":"deliciouswithout.com","description":"D\u00e9licieux Sans Gluten, Produits Latiers, Arachides, Noix","potentialAction":[{"@type":"SearchAction","target":{"@type":"EntryPoint","urlTemplate":"https:\/\/www.deliciouswithout.com\/fr\/?s={search_term_string}"},"query-input":{"@type":"PropertyValueSpecification","valueRequired":true,"valueName":"search_term_string"}}],"inLanguage":"fr-FR"}]}},"_links":{"self":[{"href":"https:\/\/www.deliciouswithout.com\/fr\/wp-json\/wp\/v2\/pages\/2494","targetHints":{"allow":["GET"]}}],"collection":[{"href":"https:\/\/www.deliciouswithout.com\/fr\/wp-json\/wp\/v2\/pages"}],"about":[{"href":"https:\/\/www.deliciouswithout.com\/fr\/wp-json\/wp\/v2\/types\/page"}],"author":[{"embeddable":true,"href":"https:\/\/www.deliciouswithout.com\/fr\/wp-json\/wp\/v2\/users\/1"}],"replies":[{"embeddable":true,"href":"https:\/\/www.deliciouswithout.com\/fr\/wp-json\/wp\/v2\/comments?post=2494"}],"version-history":[{"count":0,"href":"https:\/\/www.deliciouswithout.com\/fr\/wp-json\/wp\/v2\/pages\/2494\/revisions"}],"up":[{"embeddable":true,"href":"https:\/\/www.deliciouswithout.com\/fr\/wp-json\/wp\/v2\/pages\/989"}],"wp:attachment":[{"href":"https:\/\/www.deliciouswithout.com\/fr\/wp-json\/wp\/v2\/media?parent=2494"}],"curies":[{"name":"wp","href":"https:\/\/api.w.org\/{rel}","templated":true}]}}