{"id":2542,"date":"2014-02-12T16:18:12","date_gmt":"2014-02-12T21:18:12","guid":{"rendered":"http:\/\/deliciouswithout.com\/?page_id=2542"},"modified":"2017-03-02T19:56:46","modified_gmt":"2017-03-03T00:56:46","slug":"petits-gateaux-glacage-chocolat-et-vanille","status":"publish","type":"page","link":"https:\/\/www.deliciouswithout.com\/fr\/produits\/produit-du-mois\/petits-gateaux-glacage-chocolat-et-vanille\/","title":{"rendered":"Petits g\u00e2teaux choco-vanille"},"content":{"rendered":"<h2><img decoding=\"async\" class=\"alignnone size-full wp-image-6146\" src=\"http:\/\/www.deliciouswithout.com\/wp-content\/uploads\/2014\/02\/D15_5201.jpg\" alt=\"\" width=\"625\" height=\"750\" srcset=\"https:\/\/www.deliciouswithout.com\/wp-content\/uploads\/2014\/02\/D15_5201-200x240.jpg 200w, https:\/\/www.deliciouswithout.com\/wp-content\/uploads\/2014\/02\/D15_5201-250x300.jpg 250w, https:\/\/www.deliciouswithout.com\/wp-content\/uploads\/2014\/02\/D15_5201-400x480.jpg 400w, https:\/\/www.deliciouswithout.com\/wp-content\/uploads\/2014\/02\/D15_5201-500x600.jpg 500w, https:\/\/www.deliciouswithout.com\/wp-content\/uploads\/2014\/02\/D15_5201-600x720.jpg 600w, https:\/\/www.deliciouswithout.com\/wp-content\/uploads\/2014\/02\/D15_5201.jpg 625w\" sizes=\"(max-width: 625px) 100vw, 625px\" \/><\/h2>\n<h2>Petits g\u00e2teaux choco-vanille<\/h2>\n<p><strong>Ingr\u00e9dients :\u00a0<\/strong> Sucre glace (sucre, amidon de mais), eau, sucre de canne biologique, farine de riz blanc, shortening d\u2019huile de tournesol et d\u2019huile de palme modifi\u00e9e sans OGM, huile de canola sans OGM, oeuf entier liquide, f\u00e9cule de pomme de terre, poudre de cacao, jus d\u2019orange, amidon de tapioca, farine de riz brun, pouder \u00e0 p\u00e2te, vanille, sel, bicarbonate de soude, gomme xanthane. Contient des oeufs.<\/p>\n<p>UPC: 838068001109<\/p>\n<p><a href=\"http:\/\/www.deliciouswithout.com\/wp-content\/uploads\/2014\/02\/vegan-nutrition.png\"><img decoding=\"async\" class=\"alignnone wp-image-3729\" src=\"http:\/\/www.deliciouswithout.com\/wp-content\/uploads\/2014\/02\/vegan-nutrition.png\" alt=\"vegan nutrition\" width=\"225\" height=\"349\" srcset=\"https:\/\/www.deliciouswithout.com\/wp-content\/uploads\/2014\/02\/vegan-nutrition-193x300.png 193w, https:\/\/www.deliciouswithout.com\/wp-content\/uploads\/2014\/02\/vegan-nutrition.png 405w\" sizes=\"(max-width: 225px) 100vw, 225px\" \/><\/a><\/p>\n","protected":false},"excerpt":{"rendered":"<p>Petits g\u00e2teaux choco-vanille Ingr\u00e9dients :\u00a0 Sucre glace (sucre, amidon de mais), eau, sucre de canne biologique, farine de riz blanc, shortening d\u2019huile de tournesol et d\u2019huile de palme modifi\u00e9e sans OGM, huile de canola sans OGM, oeuf entier liquide, f\u00e9cule de pomme de terre, poudre de cacao, jus d\u2019orange, amidon de tapioca, farine de riz  [&#8230;]<\/p>\n","protected":false},"author":1,"featured_media":0,"parent":1000,"menu_order":1,"comment_status":"open","ping_status":"closed","template":"","meta":{"_acf_changed":false,"wprm-recipe-roundup-name":"","wprm-recipe-roundup-description":"","footnotes":""},"class_list":["post-2542","page","type-page","status-publish","hentry"],"acf":[],"yoast_head":"<!-- This site is optimized with the Yoast SEO plugin v27.3 - https:\/\/yoast.com\/product\/yoast-seo-wordpress\/ -->\n<title>Petits g\u00e2teaux choco-vanille - deliciouswithout.com<\/title>\n<meta name=\"description\" content=\"Petits g\u00e2teaux choco-vanille sans gluten, sans noix, sans arachides, sans produits laitiers produits par D\u00e9licieux Sans Gluten.\" \/>\n<meta name=\"robots\" content=\"index, follow, max-snippet:-1, max-image-preview:large, max-video-preview:-1\" \/>\n<link rel=\"canonical\" href=\"https:\/\/www.deliciouswithout.com\/products\/cupcakes\/black-and-white-cupcakes\/\" \/>\n<meta property=\"og:locale\" content=\"fr_FR\" \/>\n<meta property=\"og:type\" content=\"article\" \/>\n<meta property=\"og:title\" content=\"Petits g\u00e2teaux choco-vanille - deliciouswithout.com\" \/>\n<meta property=\"og:description\" content=\"Petits g\u00e2teaux choco-vanille sans gluten, sans noix, sans arachides, sans produits laitiers produits par D\u00e9licieux Sans Gluten.\" \/>\n<meta property=\"og:url\" content=\"https:\/\/www.deliciouswithout.com\/products\/cupcakes\/black-and-white-cupcakes\/\" \/>\n<meta property=\"og:site_name\" content=\"deliciouswithout.com\" \/>\n<meta property=\"article:modified_time\" content=\"2017-03-03T00:56:46+00:00\" \/>\n<meta property=\"og:image\" content=\"http:\/\/www.deliciouswithout.com\/wp-content\/uploads\/2014\/02\/D15_5201.jpg\" \/>\n<script type=\"application\/ld+json\" class=\"yoast-schema-graph\">{\"@context\":\"https:\\\/\\\/schema.org\",\"@graph\":[{\"@type\":\"WebPage\",\"@id\":\"https:\\\/\\\/www.deliciouswithout.com\\\/products\\\/cupcakes\\\/black-and-white-cupcakes\\\/\",\"url\":\"https:\\\/\\\/www.deliciouswithout.com\\\/products\\\/cupcakes\\\/black-and-white-cupcakes\\\/\",\"name\":\"Petits g\u00e2teaux choco-vanille - deliciouswithout.com\",\"isPartOf\":{\"@id\":\"http:\\\/\\\/www.deliciouswithout.com\\\/#website\"},\"primaryImageOfPage\":{\"@id\":\"https:\\\/\\\/www.deliciouswithout.com\\\/products\\\/cupcakes\\\/black-and-white-cupcakes\\\/#primaryimage\"},\"image\":{\"@id\":\"https:\\\/\\\/www.deliciouswithout.com\\\/products\\\/cupcakes\\\/black-and-white-cupcakes\\\/#primaryimage\"},\"thumbnailUrl\":\"http:\\\/\\\/www.deliciouswithout.com\\\/wp-content\\\/uploads\\\/2014\\\/02\\\/D15_5201.jpg\",\"datePublished\":\"2014-02-12T21:18:12+00:00\",\"dateModified\":\"2017-03-03T00:56:46+00:00\",\"description\":\"Petits g\u00e2teaux choco-vanille sans gluten, sans noix, sans arachides, sans produits laitiers produits par D\u00e9licieux Sans Gluten.\",\"breadcrumb\":{\"@id\":\"https:\\\/\\\/www.deliciouswithout.com\\\/products\\\/cupcakes\\\/black-and-white-cupcakes\\\/#breadcrumb\"},\"inLanguage\":\"fr-FR\",\"potentialAction\":[{\"@type\":\"ReadAction\",\"target\":[\"https:\\\/\\\/www.deliciouswithout.com\\\/products\\\/cupcakes\\\/black-and-white-cupcakes\\\/\"]}]},{\"@type\":\"ImageObject\",\"inLanguage\":\"fr-FR\",\"@id\":\"https:\\\/\\\/www.deliciouswithout.com\\\/products\\\/cupcakes\\\/black-and-white-cupcakes\\\/#primaryimage\",\"url\":\"http:\\\/\\\/www.deliciouswithout.com\\\/wp-content\\\/uploads\\\/2014\\\/02\\\/D15_5201.jpg\",\"contentUrl\":\"http:\\\/\\\/www.deliciouswithout.com\\\/wp-content\\\/uploads\\\/2014\\\/02\\\/D15_5201.jpg\"},{\"@type\":\"BreadcrumbList\",\"@id\":\"https:\\\/\\\/www.deliciouswithout.com\\\/products\\\/cupcakes\\\/black-and-white-cupcakes\\\/#breadcrumb\",\"itemListElement\":[{\"@type\":\"ListItem\",\"position\":1,\"name\":\"Accueil\",\"item\":\"https:\\\/\\\/www.deliciouswithout.com\\\/fr\\\/\"},{\"@type\":\"ListItem\",\"position\":2,\"name\":\"Produits\",\"item\":\"http:\\\/\\\/www.deliciouswithout.com\\\/fr\\\/produits\\\/\"},{\"@type\":\"ListItem\",\"position\":3,\"name\":\"G\u00e2teaux\",\"item\":\"https:\\\/\\\/www.deliciouswithout.com\\\/fr\\\/produits\\\/produit-du-mois\\\/\"},{\"@type\":\"ListItem\",\"position\":4,\"name\":\"Petits g\u00e2teaux choco-vanille\"}]},{\"@type\":\"WebSite\",\"@id\":\"http:\\\/\\\/www.deliciouswithout.com\\\/#website\",\"url\":\"http:\\\/\\\/www.deliciouswithout.com\\\/\",\"name\":\"deliciouswithout.com\",\"description\":\"D\u00e9licieux Sans Gluten, Produits Latiers, Arachides, Noix\",\"potentialAction\":[{\"@type\":\"SearchAction\",\"target\":{\"@type\":\"EntryPoint\",\"urlTemplate\":\"http:\\\/\\\/www.deliciouswithout.com\\\/?s={search_term_string}\"},\"query-input\":{\"@type\":\"PropertyValueSpecification\",\"valueRequired\":true,\"valueName\":\"search_term_string\"}}],\"inLanguage\":\"fr-FR\"}]}<\/script>\n<!-- \/ Yoast SEO plugin. -->","yoast_head_json":{"title":"Petits g\u00e2teaux choco-vanille - deliciouswithout.com","description":"Petits g\u00e2teaux choco-vanille sans gluten, sans noix, sans arachides, sans produits laitiers produits par D\u00e9licieux Sans Gluten.","robots":{"index":"index","follow":"follow","max-snippet":"max-snippet:-1","max-image-preview":"max-image-preview:large","max-video-preview":"max-video-preview:-1"},"canonical":"https:\/\/www.deliciouswithout.com\/products\/cupcakes\/black-and-white-cupcakes\/","og_locale":"fr_FR","og_type":"article","og_title":"Petits g\u00e2teaux choco-vanille - deliciouswithout.com","og_description":"Petits g\u00e2teaux choco-vanille sans gluten, sans noix, sans arachides, sans produits laitiers produits par D\u00e9licieux Sans Gluten.","og_url":"https:\/\/www.deliciouswithout.com\/products\/cupcakes\/black-and-white-cupcakes\/","og_site_name":"deliciouswithout.com","article_modified_time":"2017-03-03T00:56:46+00:00","og_image":[{"url":"http:\/\/www.deliciouswithout.com\/wp-content\/uploads\/2014\/02\/D15_5201.jpg","type":"","width":"","height":""}],"schema":{"@context":"https:\/\/schema.org","@graph":[{"@type":"WebPage","@id":"https:\/\/www.deliciouswithout.com\/products\/cupcakes\/black-and-white-cupcakes\/","url":"https:\/\/www.deliciouswithout.com\/products\/cupcakes\/black-and-white-cupcakes\/","name":"Petits g\u00e2teaux choco-vanille - deliciouswithout.com","isPartOf":{"@id":"http:\/\/www.deliciouswithout.com\/#website"},"primaryImageOfPage":{"@id":"https:\/\/www.deliciouswithout.com\/products\/cupcakes\/black-and-white-cupcakes\/#primaryimage"},"image":{"@id":"https:\/\/www.deliciouswithout.com\/products\/cupcakes\/black-and-white-cupcakes\/#primaryimage"},"thumbnailUrl":"http:\/\/www.deliciouswithout.com\/wp-content\/uploads\/2014\/02\/D15_5201.jpg","datePublished":"2014-02-12T21:18:12+00:00","dateModified":"2017-03-03T00:56:46+00:00","description":"Petits g\u00e2teaux choco-vanille sans gluten, sans noix, sans arachides, sans produits laitiers produits par D\u00e9licieux Sans Gluten.","breadcrumb":{"@id":"https:\/\/www.deliciouswithout.com\/products\/cupcakes\/black-and-white-cupcakes\/#breadcrumb"},"inLanguage":"fr-FR","potentialAction":[{"@type":"ReadAction","target":["https:\/\/www.deliciouswithout.com\/products\/cupcakes\/black-and-white-cupcakes\/"]}]},{"@type":"ImageObject","inLanguage":"fr-FR","@id":"https:\/\/www.deliciouswithout.com\/products\/cupcakes\/black-and-white-cupcakes\/#primaryimage","url":"http:\/\/www.deliciouswithout.com\/wp-content\/uploads\/2014\/02\/D15_5201.jpg","contentUrl":"http:\/\/www.deliciouswithout.com\/wp-content\/uploads\/2014\/02\/D15_5201.jpg"},{"@type":"BreadcrumbList","@id":"https:\/\/www.deliciouswithout.com\/products\/cupcakes\/black-and-white-cupcakes\/#breadcrumb","itemListElement":[{"@type":"ListItem","position":1,"name":"Accueil","item":"https:\/\/www.deliciouswithout.com\/fr\/"},{"@type":"ListItem","position":2,"name":"Produits","item":"http:\/\/www.deliciouswithout.com\/fr\/produits\/"},{"@type":"ListItem","position":3,"name":"G\u00e2teaux","item":"https:\/\/www.deliciouswithout.com\/fr\/produits\/produit-du-mois\/"},{"@type":"ListItem","position":4,"name":"Petits g\u00e2teaux choco-vanille"}]},{"@type":"WebSite","@id":"http:\/\/www.deliciouswithout.com\/#website","url":"http:\/\/www.deliciouswithout.com\/","name":"deliciouswithout.com","description":"D\u00e9licieux Sans Gluten, Produits Latiers, Arachides, Noix","potentialAction":[{"@type":"SearchAction","target":{"@type":"EntryPoint","urlTemplate":"http:\/\/www.deliciouswithout.com\/?s={search_term_string}"},"query-input":{"@type":"PropertyValueSpecification","valueRequired":true,"valueName":"search_term_string"}}],"inLanguage":"fr-FR"}]}},"_links":{"self":[{"href":"https:\/\/www.deliciouswithout.com\/fr\/wp-json\/wp\/v2\/pages\/2542","targetHints":{"allow":["GET"]}}],"collection":[{"href":"https:\/\/www.deliciouswithout.com\/fr\/wp-json\/wp\/v2\/pages"}],"about":[{"href":"https:\/\/www.deliciouswithout.com\/fr\/wp-json\/wp\/v2\/types\/page"}],"author":[{"embeddable":true,"href":"https:\/\/www.deliciouswithout.com\/fr\/wp-json\/wp\/v2\/users\/1"}],"replies":[{"embeddable":true,"href":"https:\/\/www.deliciouswithout.com\/fr\/wp-json\/wp\/v2\/comments?post=2542"}],"version-history":[{"count":0,"href":"https:\/\/www.deliciouswithout.com\/fr\/wp-json\/wp\/v2\/pages\/2542\/revisions"}],"up":[{"embeddable":true,"href":"https:\/\/www.deliciouswithout.com\/fr\/wp-json\/wp\/v2\/pages\/1000"}],"wp:attachment":[{"href":"https:\/\/www.deliciouswithout.com\/fr\/wp-json\/wp\/v2\/media?parent=2542"}],"curies":[{"name":"wp","href":"https:\/\/api.w.org\/{rel}","templated":true}]}}