{"id":2547,"date":"2014-02-12T15:56:04","date_gmt":"2014-02-12T20:56:04","guid":{"rendered":"http:\/\/deliciouswithout.com\/?page_id=2547"},"modified":"2017-02-24T18:39:04","modified_gmt":"2017-02-24T23:39:04","slug":"petits-gateaux-trois-couleurs-avec-confetis","status":"publish","type":"page","link":"https:\/\/www.deliciouswithout.com\/fr\/produits\/produit-du-mois\/petits-gateaux-trois-couleurs-avec-confetis\/","title":{"rendered":"Petits g\u00e2teaux trois couleurs avec confettis"},"content":{"rendered":"<p><img decoding=\"async\" class=\"alignnone size-full wp-image-6162\" src=\"http:\/\/www.deliciouswithout.com\/wp-content\/uploads\/2014\/02\/D15_5195.jpg\" alt=\"D15_5195\" width=\"651\" height=\"878\" srcset=\"https:\/\/www.deliciouswithout.com\/wp-content\/uploads\/2014\/02\/D15_5195-200x270.jpg 200w, https:\/\/www.deliciouswithout.com\/wp-content\/uploads\/2014\/02\/D15_5195-222x300.jpg 222w, https:\/\/www.deliciouswithout.com\/wp-content\/uploads\/2014\/02\/D15_5195-400x539.jpg 400w, https:\/\/www.deliciouswithout.com\/wp-content\/uploads\/2014\/02\/D15_5195-500x674.jpg 500w, https:\/\/www.deliciouswithout.com\/wp-content\/uploads\/2014\/02\/D15_5195-600x809.jpg 600w, https:\/\/www.deliciouswithout.com\/wp-content\/uploads\/2014\/02\/D15_5195.jpg 651w\" sizes=\"(max-width: 651px) 100vw, 651px\" \/><\/p>\n<h2>Petits g\u00e2teaux trois couleurs avec confettis<\/h2>\n<p><strong>Ingr\u00e9dients<\/strong><br \/>\nSucre glace (sucre, <span style=\"color: #878787;\">amidon de\u00a0ma\u00efs),<\/span>\u00a0sucre, eau, farine de riz, huile v\u00e9g\u00e9tale modifi\u00e9e, <span style=\"color: #878787;\">\u0153uf<\/span>\u00a0entier liquide, margarine d\u2019huile de palme, de canola et de palme modifi\u00e9e, f\u00e9cule de pomme de terre, jus d\u2019orange, cacao, amidon de tapioca, blanc d\u2019<span style=\"color: #878787;\">\u0153uf<\/span> liquide, farine de riz brun, confettis alimentaires (sucre, \u00a0<span style=\"color: #878787;\">amidon de\u00a0ma\u00efs\u00a0<\/span>modifi\u00e9,\u00a0huile de palmiste, <span style=\"color: #878787;\">amidon de\u00a0ma\u00efs<\/span>,\u00a0gomme arabique, l\u00e9cithine de soya, colorants, ar\u00f4me artificiel, gla\u00e7age de confiseur, polysorbate 60), poudre \u00e0 p\u00e2te, extrait de vanille, sel de mer, bicarbonate de sodium, gomme xanthane, pr\u00e9paration de colorants alimentaires. <strong>Contient des <span style=\"color: #878787;\">\u0153ufs<\/span>\u00a0et du soya.<\/strong><\/p>\n<p>&nbsp;<\/p>\n<p><a href=\"http:\/\/www.deliciouswithout.com\/wp-content\/uploads\/2014\/02\/3color-nutrition.png\"><img decoding=\"async\" class=\"alignnone wp-image-3730\" src=\"http:\/\/www.deliciouswithout.com\/wp-content\/uploads\/2014\/02\/3color-nutrition.png\" alt=\"3color nutrition\" width=\"226\" height=\"351\" srcset=\"https:\/\/www.deliciouswithout.com\/wp-content\/uploads\/2014\/02\/3color-nutrition-193x300.png 193w, https:\/\/www.deliciouswithout.com\/wp-content\/uploads\/2014\/02\/3color-nutrition.png 404w\" sizes=\"(max-width: 226px) 100vw, 226px\" \/><\/a><\/p>\n<p><a href=\"http:\/\/www.deliciouswithout.com\/wp-content\/uploads\/2012\/09\/gfcp_trademark.png\"><img decoding=\"async\" class=\"alignnone wp-image-3390\" src=\"http:\/\/www.deliciouswithout.com\/wp-content\/uploads\/2012\/09\/gfcp_trademark.png\" alt=\"gfcp_trademark\" width=\"92\" height=\"92\" srcset=\"https:\/\/www.deliciouswithout.com\/wp-content\/uploads\/2012\/09\/gfcp_trademark-66x66.png 66w, https:\/\/www.deliciouswithout.com\/wp-content\/uploads\/2012\/09\/gfcp_trademark-100x100.png 100w, https:\/\/www.deliciouswithout.com\/wp-content\/uploads\/2012\/09\/gfcp_trademark-150x150.png 150w, https:\/\/www.deliciouswithout.com\/wp-content\/uploads\/2012\/09\/gfcp_trademark.png 175w\" sizes=\"(max-width: 92px) 100vw, 92px\" \/><\/a><\/p>\n","protected":false},"excerpt":{"rendered":"<p>Petits g\u00e2teaux trois couleurs avec confettis Ingr\u00e9dients Sucre glace (sucre, amidon de\u00a0ma\u00efs),\u00a0sucre, eau, farine de riz, huile v\u00e9g\u00e9tale modifi\u00e9e, \u0153uf\u00a0entier liquide, margarine d\u2019huile de palme, de canola et de palme modifi\u00e9e, f\u00e9cule de pomme de terre, jus d\u2019orange, cacao, amidon de tapioca, blanc d\u2019\u0153uf liquide, farine de riz brun, confettis alimentaires (sucre, \u00a0amidon de\u00a0ma\u00efs\u00a0modifi\u00e9,\u00a0huile de  [&#8230;]<\/p>\n","protected":false},"author":1,"featured_media":0,"parent":1000,"menu_order":2,"comment_status":"open","ping_status":"open","template":"","meta":{"_acf_changed":false,"wprm-recipe-roundup-name":"","wprm-recipe-roundup-description":"","footnotes":""},"class_list":["post-2547","page","type-page","status-publish","hentry"],"acf":[],"yoast_head":"<!-- This site is optimized with the Yoast SEO plugin v27.3 - https:\/\/yoast.com\/product\/yoast-seo-wordpress\/ -->\n<title>Petits g\u00e2teaux trois couleurs avec confettis - deliciouswithout.com<\/title>\n<meta name=\"robots\" content=\"index, follow, max-snippet:-1, max-image-preview:large, max-video-preview:-1\" \/>\n<link rel=\"canonical\" href=\"http:\/\/www.deliciouswithout.com\/fr\/produits\/produit-du-mois\/petits-gateaux-trois-couleurs-avec-confetis\/\" \/>\n<meta property=\"og:locale\" content=\"fr_FR\" \/>\n<meta property=\"og:type\" content=\"article\" \/>\n<meta property=\"og:title\" content=\"Petits g\u00e2teaux trois couleurs avec confettis - deliciouswithout.com\" \/>\n<meta property=\"og:description\" content=\"Petits g\u00e2teaux trois couleurs avec confettis Ingr\u00e9dients Sucre glace (sucre, amidon de\u00a0ma\u00efs),\u00a0sucre, eau, farine de riz, huile v\u00e9g\u00e9tale modifi\u00e9e, \u0153uf\u00a0entier liquide, margarine d\u2019huile de palme, de canola et de palme modifi\u00e9e, f\u00e9cule de pomme de terre, jus d\u2019orange, cacao, amidon de tapioca, blanc d\u2019\u0153uf liquide, farine de riz brun, confettis alimentaires (sucre, \u00a0amidon de\u00a0ma\u00efs\u00a0modifi\u00e9,\u00a0huile de [...]\" \/>\n<meta property=\"og:url\" content=\"http:\/\/www.deliciouswithout.com\/fr\/produits\/produit-du-mois\/petits-gateaux-trois-couleurs-avec-confetis\/\" \/>\n<meta property=\"og:site_name\" content=\"deliciouswithout.com\" \/>\n<meta property=\"article:modified_time\" content=\"2017-02-24T23:39:04+00:00\" \/>\n<meta property=\"og:image\" content=\"http:\/\/www.deliciouswithout.com\/wp-content\/uploads\/2014\/02\/D15_5195.jpg\" \/>\n<meta name=\"twitter:label1\" content=\"Dur\u00e9e de lecture estim\u00e9e\" \/>\n\t<meta name=\"twitter:data1\" content=\"1 minute\" \/>\n<script type=\"application\/ld+json\" class=\"yoast-schema-graph\">{\"@context\":\"https:\\\/\\\/schema.org\",\"@graph\":[{\"@type\":\"WebPage\",\"@id\":\"http:\\\/\\\/www.deliciouswithout.com\\\/fr\\\/produits\\\/produit-du-mois\\\/petits-gateaux-trois-couleurs-avec-confetis\\\/\",\"url\":\"http:\\\/\\\/www.deliciouswithout.com\\\/fr\\\/produits\\\/produit-du-mois\\\/petits-gateaux-trois-couleurs-avec-confetis\\\/\",\"name\":\"Petits g\u00e2teaux trois couleurs avec confettis - deliciouswithout.com\",\"isPartOf\":{\"@id\":\"http:\\\/\\\/www.deliciouswithout.com\\\/#website\"},\"primaryImageOfPage\":{\"@id\":\"http:\\\/\\\/www.deliciouswithout.com\\\/fr\\\/produits\\\/produit-du-mois\\\/petits-gateaux-trois-couleurs-avec-confetis\\\/#primaryimage\"},\"image\":{\"@id\":\"http:\\\/\\\/www.deliciouswithout.com\\\/fr\\\/produits\\\/produit-du-mois\\\/petits-gateaux-trois-couleurs-avec-confetis\\\/#primaryimage\"},\"thumbnailUrl\":\"http:\\\/\\\/www.deliciouswithout.com\\\/wp-content\\\/uploads\\\/2014\\\/02\\\/D15_5195.jpg\",\"datePublished\":\"2014-02-12T20:56:04+00:00\",\"dateModified\":\"2017-02-24T23:39:04+00:00\",\"breadcrumb\":{\"@id\":\"http:\\\/\\\/www.deliciouswithout.com\\\/fr\\\/produits\\\/produit-du-mois\\\/petits-gateaux-trois-couleurs-avec-confetis\\\/#breadcrumb\"},\"inLanguage\":\"fr-FR\",\"potentialAction\":[{\"@type\":\"ReadAction\",\"target\":[\"http:\\\/\\\/www.deliciouswithout.com\\\/fr\\\/produits\\\/produit-du-mois\\\/petits-gateaux-trois-couleurs-avec-confetis\\\/\"]}]},{\"@type\":\"ImageObject\",\"inLanguage\":\"fr-FR\",\"@id\":\"http:\\\/\\\/www.deliciouswithout.com\\\/fr\\\/produits\\\/produit-du-mois\\\/petits-gateaux-trois-couleurs-avec-confetis\\\/#primaryimage\",\"url\":\"http:\\\/\\\/www.deliciouswithout.com\\\/wp-content\\\/uploads\\\/2014\\\/02\\\/D15_5195.jpg\",\"contentUrl\":\"http:\\\/\\\/www.deliciouswithout.com\\\/wp-content\\\/uploads\\\/2014\\\/02\\\/D15_5195.jpg\"},{\"@type\":\"BreadcrumbList\",\"@id\":\"http:\\\/\\\/www.deliciouswithout.com\\\/fr\\\/produits\\\/produit-du-mois\\\/petits-gateaux-trois-couleurs-avec-confetis\\\/#breadcrumb\",\"itemListElement\":[{\"@type\":\"ListItem\",\"position\":1,\"name\":\"Accueil\",\"item\":\"https:\\\/\\\/www.deliciouswithout.com\\\/fr\\\/\"},{\"@type\":\"ListItem\",\"position\":2,\"name\":\"Produits\",\"item\":\"http:\\\/\\\/www.deliciouswithout.com\\\/fr\\\/produits\\\/\"},{\"@type\":\"ListItem\",\"position\":3,\"name\":\"G\u00e2teaux\",\"item\":\"https:\\\/\\\/www.deliciouswithout.com\\\/fr\\\/produits\\\/produit-du-mois\\\/\"},{\"@type\":\"ListItem\",\"position\":4,\"name\":\"Petits g\u00e2teaux trois couleurs avec confettis\"}]},{\"@type\":\"WebSite\",\"@id\":\"http:\\\/\\\/www.deliciouswithout.com\\\/#website\",\"url\":\"http:\\\/\\\/www.deliciouswithout.com\\\/\",\"name\":\"deliciouswithout.com\",\"description\":\"D\u00e9licieux Sans Gluten, Produits Latiers, Arachides, Noix\",\"potentialAction\":[{\"@type\":\"SearchAction\",\"target\":{\"@type\":\"EntryPoint\",\"urlTemplate\":\"http:\\\/\\\/www.deliciouswithout.com\\\/?s={search_term_string}\"},\"query-input\":{\"@type\":\"PropertyValueSpecification\",\"valueRequired\":true,\"valueName\":\"search_term_string\"}}],\"inLanguage\":\"fr-FR\"}]}<\/script>\n<!-- \/ Yoast SEO plugin. -->","yoast_head_json":{"title":"Petits g\u00e2teaux trois couleurs avec confettis - deliciouswithout.com","robots":{"index":"index","follow":"follow","max-snippet":"max-snippet:-1","max-image-preview":"max-image-preview:large","max-video-preview":"max-video-preview:-1"},"canonical":"http:\/\/www.deliciouswithout.com\/fr\/produits\/produit-du-mois\/petits-gateaux-trois-couleurs-avec-confetis\/","og_locale":"fr_FR","og_type":"article","og_title":"Petits g\u00e2teaux trois couleurs avec confettis - deliciouswithout.com","og_description":"Petits g\u00e2teaux trois couleurs avec confettis Ingr\u00e9dients Sucre glace (sucre, amidon de\u00a0ma\u00efs),\u00a0sucre, eau, farine de riz, huile v\u00e9g\u00e9tale modifi\u00e9e, \u0153uf\u00a0entier liquide, margarine d\u2019huile de palme, de canola et de palme modifi\u00e9e, f\u00e9cule de pomme de terre, jus d\u2019orange, cacao, amidon de tapioca, blanc d\u2019\u0153uf liquide, farine de riz brun, confettis alimentaires (sucre, \u00a0amidon de\u00a0ma\u00efs\u00a0modifi\u00e9,\u00a0huile de [...]","og_url":"http:\/\/www.deliciouswithout.com\/fr\/produits\/produit-du-mois\/petits-gateaux-trois-couleurs-avec-confetis\/","og_site_name":"deliciouswithout.com","article_modified_time":"2017-02-24T23:39:04+00:00","og_image":[{"url":"http:\/\/www.deliciouswithout.com\/wp-content\/uploads\/2014\/02\/D15_5195.jpg","type":"","width":"","height":""}],"twitter_misc":{"Dur\u00e9e de lecture estim\u00e9e":"1 minute"},"schema":{"@context":"https:\/\/schema.org","@graph":[{"@type":"WebPage","@id":"http:\/\/www.deliciouswithout.com\/fr\/produits\/produit-du-mois\/petits-gateaux-trois-couleurs-avec-confetis\/","url":"http:\/\/www.deliciouswithout.com\/fr\/produits\/produit-du-mois\/petits-gateaux-trois-couleurs-avec-confetis\/","name":"Petits g\u00e2teaux trois couleurs avec confettis - deliciouswithout.com","isPartOf":{"@id":"http:\/\/www.deliciouswithout.com\/#website"},"primaryImageOfPage":{"@id":"http:\/\/www.deliciouswithout.com\/fr\/produits\/produit-du-mois\/petits-gateaux-trois-couleurs-avec-confetis\/#primaryimage"},"image":{"@id":"http:\/\/www.deliciouswithout.com\/fr\/produits\/produit-du-mois\/petits-gateaux-trois-couleurs-avec-confetis\/#primaryimage"},"thumbnailUrl":"http:\/\/www.deliciouswithout.com\/wp-content\/uploads\/2014\/02\/D15_5195.jpg","datePublished":"2014-02-12T20:56:04+00:00","dateModified":"2017-02-24T23:39:04+00:00","breadcrumb":{"@id":"http:\/\/www.deliciouswithout.com\/fr\/produits\/produit-du-mois\/petits-gateaux-trois-couleurs-avec-confetis\/#breadcrumb"},"inLanguage":"fr-FR","potentialAction":[{"@type":"ReadAction","target":["http:\/\/www.deliciouswithout.com\/fr\/produits\/produit-du-mois\/petits-gateaux-trois-couleurs-avec-confetis\/"]}]},{"@type":"ImageObject","inLanguage":"fr-FR","@id":"http:\/\/www.deliciouswithout.com\/fr\/produits\/produit-du-mois\/petits-gateaux-trois-couleurs-avec-confetis\/#primaryimage","url":"http:\/\/www.deliciouswithout.com\/wp-content\/uploads\/2014\/02\/D15_5195.jpg","contentUrl":"http:\/\/www.deliciouswithout.com\/wp-content\/uploads\/2014\/02\/D15_5195.jpg"},{"@type":"BreadcrumbList","@id":"http:\/\/www.deliciouswithout.com\/fr\/produits\/produit-du-mois\/petits-gateaux-trois-couleurs-avec-confetis\/#breadcrumb","itemListElement":[{"@type":"ListItem","position":1,"name":"Accueil","item":"https:\/\/www.deliciouswithout.com\/fr\/"},{"@type":"ListItem","position":2,"name":"Produits","item":"http:\/\/www.deliciouswithout.com\/fr\/produits\/"},{"@type":"ListItem","position":3,"name":"G\u00e2teaux","item":"https:\/\/www.deliciouswithout.com\/fr\/produits\/produit-du-mois\/"},{"@type":"ListItem","position":4,"name":"Petits g\u00e2teaux trois couleurs avec confettis"}]},{"@type":"WebSite","@id":"http:\/\/www.deliciouswithout.com\/#website","url":"http:\/\/www.deliciouswithout.com\/","name":"deliciouswithout.com","description":"D\u00e9licieux Sans Gluten, Produits Latiers, Arachides, Noix","potentialAction":[{"@type":"SearchAction","target":{"@type":"EntryPoint","urlTemplate":"http:\/\/www.deliciouswithout.com\/?s={search_term_string}"},"query-input":{"@type":"PropertyValueSpecification","valueRequired":true,"valueName":"search_term_string"}}],"inLanguage":"fr-FR"}]}},"_links":{"self":[{"href":"https:\/\/www.deliciouswithout.com\/fr\/wp-json\/wp\/v2\/pages\/2547","targetHints":{"allow":["GET"]}}],"collection":[{"href":"https:\/\/www.deliciouswithout.com\/fr\/wp-json\/wp\/v2\/pages"}],"about":[{"href":"https:\/\/www.deliciouswithout.com\/fr\/wp-json\/wp\/v2\/types\/page"}],"author":[{"embeddable":true,"href":"https:\/\/www.deliciouswithout.com\/fr\/wp-json\/wp\/v2\/users\/1"}],"replies":[{"embeddable":true,"href":"https:\/\/www.deliciouswithout.com\/fr\/wp-json\/wp\/v2\/comments?post=2547"}],"version-history":[{"count":0,"href":"https:\/\/www.deliciouswithout.com\/fr\/wp-json\/wp\/v2\/pages\/2547\/revisions"}],"up":[{"embeddable":true,"href":"https:\/\/www.deliciouswithout.com\/fr\/wp-json\/wp\/v2\/pages\/1000"}],"wp:attachment":[{"href":"https:\/\/www.deliciouswithout.com\/fr\/wp-json\/wp\/v2\/media?parent=2547"}],"curies":[{"name":"wp","href":"https:\/\/api.w.org\/{rel}","templated":true}]}}