{"id":5025,"date":"2015-12-14T18:52:25","date_gmt":"2015-12-14T23:52:25","guid":{"rendered":"http:\/\/www.deliciouswithout.com\/fr\/?page_id=5025"},"modified":"2017-02-24T18:38:54","modified_gmt":"2017-02-24T23:38:54","slug":"bagel","status":"publish","type":"page","link":"https:\/\/www.deliciouswithout.com\/fr\/pain\/bagel\/","title":{"rendered":"Bagel"},"content":{"rendered":"<div class=\"fusion-fullwidth fullwidth-box fusion-builder-row-1 hundred-percent-fullwidth non-hundred-percent-height-scrolling\" style=\"--awb-border-radius-top-left:0px;--awb-border-radius-top-right:0px;--awb-border-radius-bottom-right:0px;--awb-border-radius-bottom-left:0px;--awb-overflow:visible;--awb-flex-wrap:wrap;\" ><div class=\"fusion-builder-row fusion-row\"><div class=\"fusion-layout-column fusion_builder_column fusion-builder-column-0 fusion_builder_column_1_1 1_1 fusion-one-full fusion-column-first fusion-column-last fusion-column-no-min-height\" style=\"--awb-bg-size:cover;--awb-margin-bottom:0px;\"><div class=\"fusion-column-wrapper fusion-flex-column-wrapper-legacy\"><div class=\"fusion-text fusion-text-1\"><p><img decoding=\"async\" class=\"alignnone size-full wp-image-6003\" src=\"http:\/\/www.deliciouswithout.com\/wp-content\/uploads\/2015\/12\/D15_5190.jpg\" alt=\"D15_5190\" width=\"345\" height=\"722\" srcset=\"https:\/\/www.deliciouswithout.com\/wp-content\/uploads\/2015\/12\/D15_5190-143x300.jpg 143w, https:\/\/www.deliciouswithout.com\/wp-content\/uploads\/2015\/12\/D15_5190-200x419.jpg 200w, https:\/\/www.deliciouswithout.com\/wp-content\/uploads\/2015\/12\/D15_5190.jpg 345w\" sizes=\"(max-width: 345px) 100vw, 345px\" \/><\/p>\n<h2><span style=\"color: #800000;\"><strong>Bagel Nature\u00a0 450 g<\/strong><\/span><\/h2>\n<p>Maintenant disponible bagels fait \u00e0 la main. Vendu\u00a0en quantit\u00e9 limit\u00e9e\u00a0dans certains magasins ou directement chez nous \u00e0 D\u00e9licieux Sans Gluten<\/p>\n<ul>\n<li>Sans gluten, sans produits laitiers, sans arachides ou noix,\u00a0 sans soja, sans sucres raffin\u00e9s<\/li>\n<li>Sans agents de conservation (dur\u00e9e de conservation de 5 jours)<\/li>\n<li>Peut \u00eatre congel\u00e9 de 3-6 mois, ensuite d\u00e9congel\u00e9 pour consommation<\/li>\n<li>Nos bagels ne sont offerts que nature pour l\u2019instant. Nous n\u2019utilisons pas de graines de pavot ou de graines de s\u00e9same dans nos installations.<\/li>\n<\/ul>\n<p><strong>Ingr\u00e9dients :<\/strong> M\u00e9lange d\u2019amidon sans gluten sans OGM (amidon de tapioca modifi\u00e9e, amidon de ma\u00efs, f\u00e9cule de pomme de terre),eau,\u0153ufs entiers, farine de sorgho,\u00a0 huile de canola sans OGM, sucre biologique, gomme xanthane, levure instantan\u00e9e, sel, vinaigre de cidre de pomme. Contient des \u0153ufs.<\/p>\n<p>UPC 838068001208<\/p>\n<p><img decoding=\"async\" class=\"alignnone wp-image-6307\" src=\"http:\/\/www.deliciouswithout.com\/wp-content\/uploads\/2015\/12\/bagelNFT.jpg\" alt=\"bagelNFT\" width=\"509\" height=\"799\" \/><\/p>\n<p>&nbsp;<\/p>\n<p><img decoding=\"async\" class=\"alignnone size-full wp-image-4763\" src=\"http:\/\/www.deliciouswithout.com\/wp-content\/uploads\/2012\/09\/parev.png\" alt=\"parev\" width=\"175\" height=\"175\" srcset=\"https:\/\/www.deliciouswithout.com\/wp-content\/uploads\/2012\/09\/parev-66x66.png 66w, https:\/\/www.deliciouswithout.com\/wp-content\/uploads\/2012\/09\/parev-100x100.png 100w, https:\/\/www.deliciouswithout.com\/wp-content\/uploads\/2012\/09\/parev-150x150.png 150w, https:\/\/www.deliciouswithout.com\/wp-content\/uploads\/2012\/09\/parev.png 175w\" sizes=\"(max-width: 175px) 100vw, 175px\" \/><img decoding=\"async\" class=\"alignnone wp-image-6304\" src=\"http:\/\/www.deliciouswithout.com\/wp-content\/uploads\/2015\/12\/838068001208.jpg\" alt=\"838068001208\" width=\"245\" height=\"194\" \/><\/p>\n<\/div><div class=\"fusion-clearfix\"><\/div><\/div><\/div><\/div><\/div>\n","protected":false},"excerpt":{"rendered":"","protected":false},"author":1,"featured_media":0,"parent":5023,"menu_order":0,"comment_status":"closed","ping_status":"closed","template":"","meta":{"_acf_changed":false,"wprm-recipe-roundup-name":"","wprm-recipe-roundup-description":"","footnotes":""},"class_list":["post-5025","page","type-page","status-publish","hentry"],"acf":[],"yoast_head":"<!-- This site is optimized with the Yoast SEO plugin v27.3 - https:\/\/yoast.com\/product\/yoast-seo-wordpress\/ -->\n<title>Bagel - deliciouswithout.com<\/title>\n<meta name=\"robots\" content=\"index, follow, max-snippet:-1, max-image-preview:large, max-video-preview:-1\" \/>\n<link rel=\"canonical\" href=\"https:\/\/www.deliciouswithout.com\/fr\/pain\/bagel\/\" \/>\n<meta property=\"og:locale\" content=\"fr_FR\" \/>\n<meta property=\"og:type\" content=\"article\" \/>\n<meta property=\"og:title\" content=\"Bagel - deliciouswithout.com\" \/>\n<meta property=\"og:url\" content=\"https:\/\/www.deliciouswithout.com\/fr\/pain\/bagel\/\" \/>\n<meta property=\"og:site_name\" content=\"deliciouswithout.com\" \/>\n<meta property=\"article:modified_time\" content=\"2017-02-24T23:38:54+00:00\" \/>\n<meta property=\"og:image\" content=\"http:\/\/www.deliciouswithout.com\/wp-content\/uploads\/2015\/12\/D15_5190.jpg\" \/>\n<meta name=\"twitter:label1\" content=\"Dur\u00e9e de lecture estim\u00e9e\" \/>\n\t<meta name=\"twitter:data1\" content=\"1 minute\" \/>\n<script type=\"application\/ld+json\" class=\"yoast-schema-graph\">{\"@context\":\"https:\\\/\\\/schema.org\",\"@graph\":[{\"@type\":\"WebPage\",\"@id\":\"https:\\\/\\\/www.deliciouswithout.com\\\/fr\\\/pain\\\/bagel\\\/\",\"url\":\"https:\\\/\\\/www.deliciouswithout.com\\\/fr\\\/pain\\\/bagel\\\/\",\"name\":\"Bagel - deliciouswithout.com\",\"isPartOf\":{\"@id\":\"http:\\\/\\\/www.deliciouswithout.com\\\/#website\"},\"primaryImageOfPage\":{\"@id\":\"https:\\\/\\\/www.deliciouswithout.com\\\/fr\\\/pain\\\/bagel\\\/#primaryimage\"},\"image\":{\"@id\":\"https:\\\/\\\/www.deliciouswithout.com\\\/fr\\\/pain\\\/bagel\\\/#primaryimage\"},\"thumbnailUrl\":\"http:\\\/\\\/www.deliciouswithout.com\\\/wp-content\\\/uploads\\\/2015\\\/12\\\/D15_5190.jpg\",\"datePublished\":\"2015-12-14T23:52:25+00:00\",\"dateModified\":\"2017-02-24T23:38:54+00:00\",\"breadcrumb\":{\"@id\":\"https:\\\/\\\/www.deliciouswithout.com\\\/fr\\\/pain\\\/bagel\\\/#breadcrumb\"},\"inLanguage\":\"fr-FR\",\"potentialAction\":[{\"@type\":\"ReadAction\",\"target\":[\"https:\\\/\\\/www.deliciouswithout.com\\\/fr\\\/pain\\\/bagel\\\/\"]}]},{\"@type\":\"ImageObject\",\"inLanguage\":\"fr-FR\",\"@id\":\"https:\\\/\\\/www.deliciouswithout.com\\\/fr\\\/pain\\\/bagel\\\/#primaryimage\",\"url\":\"http:\\\/\\\/www.deliciouswithout.com\\\/wp-content\\\/uploads\\\/2015\\\/12\\\/D15_5190.jpg\",\"contentUrl\":\"http:\\\/\\\/www.deliciouswithout.com\\\/wp-content\\\/uploads\\\/2015\\\/12\\\/D15_5190.jpg\"},{\"@type\":\"BreadcrumbList\",\"@id\":\"https:\\\/\\\/www.deliciouswithout.com\\\/fr\\\/pain\\\/bagel\\\/#breadcrumb\",\"itemListElement\":[{\"@type\":\"ListItem\",\"position\":1,\"name\":\"Accueil\",\"item\":\"https:\\\/\\\/www.deliciouswithout.com\\\/fr\\\/\"},{\"@type\":\"ListItem\",\"position\":2,\"name\":\"Pain\",\"item\":\"http:\\\/\\\/www.deliciouswithout.com\\\/fr\\\/pain\\\/\"},{\"@type\":\"ListItem\",\"position\":3,\"name\":\"Bagel\"}]},{\"@type\":\"WebSite\",\"@id\":\"http:\\\/\\\/www.deliciouswithout.com\\\/#website\",\"url\":\"http:\\\/\\\/www.deliciouswithout.com\\\/\",\"name\":\"deliciouswithout.com\",\"description\":\"D\u00e9licieux Sans Gluten, Produits Latiers, Arachides, Noix\",\"potentialAction\":[{\"@type\":\"SearchAction\",\"target\":{\"@type\":\"EntryPoint\",\"urlTemplate\":\"http:\\\/\\\/www.deliciouswithout.com\\\/?s={search_term_string}\"},\"query-input\":{\"@type\":\"PropertyValueSpecification\",\"valueRequired\":true,\"valueName\":\"search_term_string\"}}],\"inLanguage\":\"fr-FR\"}]}<\/script>\n<!-- \/ Yoast SEO plugin. -->","yoast_head_json":{"title":"Bagel - deliciouswithout.com","robots":{"index":"index","follow":"follow","max-snippet":"max-snippet:-1","max-image-preview":"max-image-preview:large","max-video-preview":"max-video-preview:-1"},"canonical":"https:\/\/www.deliciouswithout.com\/fr\/pain\/bagel\/","og_locale":"fr_FR","og_type":"article","og_title":"Bagel - deliciouswithout.com","og_url":"https:\/\/www.deliciouswithout.com\/fr\/pain\/bagel\/","og_site_name":"deliciouswithout.com","article_modified_time":"2017-02-24T23:38:54+00:00","og_image":[{"url":"http:\/\/www.deliciouswithout.com\/wp-content\/uploads\/2015\/12\/D15_5190.jpg","type":"","width":"","height":""}],"twitter_misc":{"Dur\u00e9e de lecture estim\u00e9e":"1 minute"},"schema":{"@context":"https:\/\/schema.org","@graph":[{"@type":"WebPage","@id":"https:\/\/www.deliciouswithout.com\/fr\/pain\/bagel\/","url":"https:\/\/www.deliciouswithout.com\/fr\/pain\/bagel\/","name":"Bagel - deliciouswithout.com","isPartOf":{"@id":"http:\/\/www.deliciouswithout.com\/#website"},"primaryImageOfPage":{"@id":"https:\/\/www.deliciouswithout.com\/fr\/pain\/bagel\/#primaryimage"},"image":{"@id":"https:\/\/www.deliciouswithout.com\/fr\/pain\/bagel\/#primaryimage"},"thumbnailUrl":"http:\/\/www.deliciouswithout.com\/wp-content\/uploads\/2015\/12\/D15_5190.jpg","datePublished":"2015-12-14T23:52:25+00:00","dateModified":"2017-02-24T23:38:54+00:00","breadcrumb":{"@id":"https:\/\/www.deliciouswithout.com\/fr\/pain\/bagel\/#breadcrumb"},"inLanguage":"fr-FR","potentialAction":[{"@type":"ReadAction","target":["https:\/\/www.deliciouswithout.com\/fr\/pain\/bagel\/"]}]},{"@type":"ImageObject","inLanguage":"fr-FR","@id":"https:\/\/www.deliciouswithout.com\/fr\/pain\/bagel\/#primaryimage","url":"http:\/\/www.deliciouswithout.com\/wp-content\/uploads\/2015\/12\/D15_5190.jpg","contentUrl":"http:\/\/www.deliciouswithout.com\/wp-content\/uploads\/2015\/12\/D15_5190.jpg"},{"@type":"BreadcrumbList","@id":"https:\/\/www.deliciouswithout.com\/fr\/pain\/bagel\/#breadcrumb","itemListElement":[{"@type":"ListItem","position":1,"name":"Accueil","item":"https:\/\/www.deliciouswithout.com\/fr\/"},{"@type":"ListItem","position":2,"name":"Pain","item":"http:\/\/www.deliciouswithout.com\/fr\/pain\/"},{"@type":"ListItem","position":3,"name":"Bagel"}]},{"@type":"WebSite","@id":"http:\/\/www.deliciouswithout.com\/#website","url":"http:\/\/www.deliciouswithout.com\/","name":"deliciouswithout.com","description":"D\u00e9licieux Sans Gluten, Produits Latiers, Arachides, Noix","potentialAction":[{"@type":"SearchAction","target":{"@type":"EntryPoint","urlTemplate":"http:\/\/www.deliciouswithout.com\/?s={search_term_string}"},"query-input":{"@type":"PropertyValueSpecification","valueRequired":true,"valueName":"search_term_string"}}],"inLanguage":"fr-FR"}]}},"_links":{"self":[{"href":"https:\/\/www.deliciouswithout.com\/fr\/wp-json\/wp\/v2\/pages\/5025","targetHints":{"allow":["GET"]}}],"collection":[{"href":"https:\/\/www.deliciouswithout.com\/fr\/wp-json\/wp\/v2\/pages"}],"about":[{"href":"https:\/\/www.deliciouswithout.com\/fr\/wp-json\/wp\/v2\/types\/page"}],"author":[{"embeddable":true,"href":"https:\/\/www.deliciouswithout.com\/fr\/wp-json\/wp\/v2\/users\/1"}],"replies":[{"embeddable":true,"href":"https:\/\/www.deliciouswithout.com\/fr\/wp-json\/wp\/v2\/comments?post=5025"}],"version-history":[{"count":0,"href":"https:\/\/www.deliciouswithout.com\/fr\/wp-json\/wp\/v2\/pages\/5025\/revisions"}],"up":[{"embeddable":true,"href":"https:\/\/www.deliciouswithout.com\/fr\/wp-json\/wp\/v2\/pages\/5023"}],"wp:attachment":[{"href":"https:\/\/www.deliciouswithout.com\/fr\/wp-json\/wp\/v2\/media?parent=5025"}],"curies":[{"name":"wp","href":"https:\/\/api.w.org\/{rel}","templated":true}]}}