{"id":5031,"date":"2015-12-14T18:55:50","date_gmt":"2015-12-14T23:55:50","guid":{"rendered":"http:\/\/www.deliciouswithout.com\/fr\/?page_id=5031"},"modified":"2017-03-06T11:50:36","modified_gmt":"2017-03-06T16:50:36","slug":"challah","status":"publish","type":"page","link":"https:\/\/www.deliciouswithout.com\/fr\/pain\/challah\/","title":{"rendered":"Challah"},"content":{"rendered":"<div class=\"fusion-fullwidth fullwidth-box fusion-builder-row-1 hundred-percent-fullwidth non-hundred-percent-height-scrolling\" style=\"--awb-border-radius-top-left:0px;--awb-border-radius-top-right:0px;--awb-border-radius-bottom-right:0px;--awb-border-radius-bottom-left:0px;--awb-overflow:visible;--awb-flex-wrap:wrap;\" ><div class=\"fusion-builder-row fusion-row\"><div class=\"fusion-layout-column fusion_builder_column fusion-builder-column-0 fusion_builder_column_1_2 1_2 fusion-one-half fusion-column-first\" style=\"--awb-bg-size:cover;width:48%; margin-right: 4%;\"><div class=\"fusion-column-wrapper fusion-flex-column-wrapper-legacy\"><div class=\"fusion-text fusion-text-1\"><h2><span style=\"color: #800000;\"><strong><img decoding=\"async\" class=\"alignnone wp-image-5990\" src=\"http:\/\/www.deliciouswithout.com\/wp-content\/uploads\/2015\/12\/D15_5158.jpg\" alt=\"D15_5158\" width=\"693\" height=\"421\" srcset=\"https:\/\/www.deliciouswithout.com\/wp-content\/uploads\/2015\/12\/D15_5158-200x122.jpg 200w, https:\/\/www.deliciouswithout.com\/wp-content\/uploads\/2015\/12\/D15_5158-300x182.jpg 300w, https:\/\/www.deliciouswithout.com\/wp-content\/uploads\/2015\/12\/D15_5158-400x243.jpg 400w, https:\/\/www.deliciouswithout.com\/wp-content\/uploads\/2015\/12\/D15_5158-500x304.jpg 500w, https:\/\/www.deliciouswithout.com\/wp-content\/uploads\/2015\/12\/D15_5158-600x365.jpg 600w, https:\/\/www.deliciouswithout.com\/wp-content\/uploads\/2015\/12\/D15_5158-700x426.jpg 700w, https:\/\/www.deliciouswithout.com\/wp-content\/uploads\/2015\/12\/D15_5158.jpg 760w\" sizes=\"(max-width: 693px) 100vw, 693px\" \/>\u00a0<\/strong><\/span><\/h2>\n<h2><span style=\"color: #800000;\"><strong>Petits Pains Challah\u00a0(Shehakol) 300 g<\/strong><\/span><\/h2>\n<p><strong>INGR\u00c9DIENTS :<\/strong> M\u00e9lange d\u2019amidon sans gluten sans OGM (amidon de tapioca modifi\u00e9, amidon de ma\u00efs, f\u00e9cule de pomme de terre), eau, \u0153ufs entiers liquides, sucre biologique, farine de sorgho, huile de canola sans OGM, levure instantan\u00e9e, sel, vinaigre de cidre de pomme, vanille, gomme xanthane. CONTIENT DES \u0152UFS.<\/p>\n<p>UPC: 838068001192<\/p>\n<p><img decoding=\"async\" class=\"size-full wp-image-4763 alignnone\" src=\"http:\/\/www.deliciouswithout.com\/wp-content\/uploads\/2012\/09\/parev.png\" alt=\"parev\" width=\"175\" height=\"175\" srcset=\"https:\/\/www.deliciouswithout.com\/wp-content\/uploads\/2012\/09\/parev-66x66.png 66w, https:\/\/www.deliciouswithout.com\/wp-content\/uploads\/2012\/09\/parev-100x100.png 100w, https:\/\/www.deliciouswithout.com\/wp-content\/uploads\/2012\/09\/parev-150x150.png 150w, https:\/\/www.deliciouswithout.com\/wp-content\/uploads\/2012\/09\/parev.png 175w\" sizes=\"(max-width: 175px) 100vw, 175px\" \/><\/p>\n<p><img decoding=\"async\" class=\"alignnone wp-image-5992\" src=\"http:\/\/www.deliciouswithout.com\/wp-content\/uploads\/2015\/12\/challahNTF.jpg\" alt=\"challagNTF\" width=\"511\" height=\"800\" srcset=\"https:\/\/www.deliciouswithout.com\/wp-content\/uploads\/2015\/12\/challahNTF-191x300.jpg 191w, https:\/\/www.deliciouswithout.com\/wp-content\/uploads\/2015\/12\/challahNTF-200x313.jpg 200w, https:\/\/www.deliciouswithout.com\/wp-content\/uploads\/2015\/12\/challahNTF-400x627.jpg 400w, https:\/\/www.deliciouswithout.com\/wp-content\/uploads\/2015\/12\/challahNTF-500x784.jpg 500w, https:\/\/www.deliciouswithout.com\/wp-content\/uploads\/2015\/12\/challahNTF-600x940.jpg 600w, https:\/\/www.deliciouswithout.com\/wp-content\/uploads\/2015\/12\/challahNTF.jpg 619w\" sizes=\"(max-width: 511px) 100vw, 511px\" \/><\/p>\n<\/div><div class=\"fusion-clearfix\"><\/div><\/div><\/div><div class=\"fusion-layout-column fusion_builder_column fusion-builder-column-1 fusion_builder_column_1_2 1_2 fusion-one-half fusion-column-last\" style=\"--awb-bg-size:cover;width:48%;\"><div class=\"fusion-column-wrapper fusion-flex-column-wrapper-legacy\"><div class=\"fusion-text fusion-text-2\"><h2><span style=\"color: #800000;\"><strong><img decoding=\"async\" class=\"alignnone wp-image-5994\" src=\"http:\/\/www.deliciouswithout.com\/wp-content\/uploads\/2015\/12\/D15_5154.jpg\" alt=\"D15_5154\" width=\"820\" height=\"428\" srcset=\"https:\/\/www.deliciouswithout.com\/wp-content\/uploads\/2015\/12\/D15_5154-200x104.jpg 200w, https:\/\/www.deliciouswithout.com\/wp-content\/uploads\/2015\/12\/D15_5154-300x156.jpg 300w, https:\/\/www.deliciouswithout.com\/wp-content\/uploads\/2015\/12\/D15_5154-400x209.jpg 400w, https:\/\/www.deliciouswithout.com\/wp-content\/uploads\/2015\/12\/D15_5154-500x261.jpg 500w, https:\/\/www.deliciouswithout.com\/wp-content\/uploads\/2015\/12\/D15_5154-600x313.jpg 600w, https:\/\/www.deliciouswithout.com\/wp-content\/uploads\/2015\/12\/D15_5154-700x365.jpg 700w, https:\/\/www.deliciouswithout.com\/wp-content\/uploads\/2015\/12\/D15_5154-768x401.jpg 768w, https:\/\/www.deliciouswithout.com\/wp-content\/uploads\/2015\/12\/D15_5154-800x417.jpg 800w, https:\/\/www.deliciouswithout.com\/wp-content\/uploads\/2015\/12\/D15_5154.jpg 930w\" sizes=\"(max-width: 820px) 100vw, 820px\" \/>\u00a0<\/strong><\/span><\/h2>\n<h2><span style=\"color: #800000;\"><strong>Petits Pains Challah \u00e0 L\u2019avoine (Hamotsi) 300 g<\/strong><\/span><\/h2>\n<p><strong>INGR\u00c9DIENTS :<\/strong> Eau, farine d\u2019avoine sans gluten, m\u00e9lange d\u2019amidon sans gluten sans OGM (amidon de tapioca modifi\u00e9, amidon de ma\u00efs, f\u00e9cule de pomme de terre), \u0153ufs entiers liquides, sucre de canne biologique, huile de canola sans OGM, levure instantan\u00e9e, sel, vinaigre de cidre de pomme, gomme xanthane, vanille. CONTIENT DES \u0152UFS.<\/p>\n<p>UPC: 838068001352<\/p>\n<p><img decoding=\"async\" class=\"size-full wp-image-4763 alignnone\" src=\"http:\/\/www.deliciouswithout.com\/wp-content\/uploads\/2012\/09\/parev.png\" alt=\"parev\" width=\"175\" height=\"175\" srcset=\"https:\/\/www.deliciouswithout.com\/wp-content\/uploads\/2012\/09\/parev-66x66.png 66w, https:\/\/www.deliciouswithout.com\/wp-content\/uploads\/2012\/09\/parev-100x100.png 100w, https:\/\/www.deliciouswithout.com\/wp-content\/uploads\/2012\/09\/parev-150x150.png 150w, https:\/\/www.deliciouswithout.com\/wp-content\/uploads\/2012\/09\/parev.png 175w\" sizes=\"(max-width: 175px) 100vw, 175px\" \/><\/p>\n<p><img decoding=\"async\" class=\"alignnone wp-image-5996\" src=\"http:\/\/www.deliciouswithout.com\/wp-content\/uploads\/2015\/12\/oatchallahNFT.jpg\" alt=\"oatchallahNFT\" width=\"496\" height=\"872\" \/><\/p>\n<\/div><div class=\"fusion-clearfix\"><\/div><\/div><\/div><\/div><\/div>\n","protected":false},"excerpt":{"rendered":"","protected":false},"author":1,"featured_media":0,"parent":5023,"menu_order":3,"comment_status":"open","ping_status":"closed","template":"","meta":{"_acf_changed":false,"wprm-recipe-roundup-name":"","wprm-recipe-roundup-description":"","footnotes":""},"class_list":["post-5031","page","type-page","status-publish","hentry"],"acf":[],"yoast_head":"<!-- This site is optimized with the Yoast SEO plugin v27.3 - https:\/\/yoast.com\/product\/yoast-seo-wordpress\/ -->\n<title>Challah - deliciouswithout.com<\/title>\n<meta name=\"robots\" content=\"index, follow, max-snippet:-1, max-image-preview:large, max-video-preview:-1\" \/>\n<link rel=\"canonical\" href=\"http:\/\/www.deliciouswithout.com\/bread\/challah\/\" \/>\n<meta property=\"og:locale\" content=\"fr_FR\" \/>\n<meta property=\"og:type\" content=\"article\" \/>\n<meta property=\"og:title\" content=\"Challah - deliciouswithout.com\" \/>\n<meta property=\"og:url\" content=\"http:\/\/www.deliciouswithout.com\/bread\/challah\/\" \/>\n<meta property=\"og:site_name\" content=\"deliciouswithout.com\" \/>\n<meta property=\"article:modified_time\" content=\"2017-03-06T16:50:36+00:00\" \/>\n<meta property=\"og:image\" content=\"http:\/\/www.deliciouswithout.com\/wp-content\/uploads\/2015\/12\/D15_5158.jpg\" \/>\n<meta name=\"twitter:label1\" content=\"Dur\u00e9e de lecture estim\u00e9e\" \/>\n\t<meta name=\"twitter:data1\" content=\"1 minute\" \/>\n<script type=\"application\/ld+json\" class=\"yoast-schema-graph\">{\"@context\":\"https:\\\/\\\/schema.org\",\"@graph\":[{\"@type\":\"WebPage\",\"@id\":\"http:\\\/\\\/www.deliciouswithout.com\\\/bread\\\/challah\\\/\",\"url\":\"http:\\\/\\\/www.deliciouswithout.com\\\/bread\\\/challah\\\/\",\"name\":\"Challah - deliciouswithout.com\",\"isPartOf\":{\"@id\":\"http:\\\/\\\/www.deliciouswithout.com\\\/#website\"},\"primaryImageOfPage\":{\"@id\":\"http:\\\/\\\/www.deliciouswithout.com\\\/bread\\\/challah\\\/#primaryimage\"},\"image\":{\"@id\":\"http:\\\/\\\/www.deliciouswithout.com\\\/bread\\\/challah\\\/#primaryimage\"},\"thumbnailUrl\":\"http:\\\/\\\/www.deliciouswithout.com\\\/wp-content\\\/uploads\\\/2015\\\/12\\\/D15_5158.jpg\",\"datePublished\":\"2015-12-14T23:55:50+00:00\",\"dateModified\":\"2017-03-06T16:50:36+00:00\",\"breadcrumb\":{\"@id\":\"http:\\\/\\\/www.deliciouswithout.com\\\/bread\\\/challah\\\/#breadcrumb\"},\"inLanguage\":\"fr-FR\",\"potentialAction\":[{\"@type\":\"ReadAction\",\"target\":[\"http:\\\/\\\/www.deliciouswithout.com\\\/bread\\\/challah\\\/\"]}]},{\"@type\":\"ImageObject\",\"inLanguage\":\"fr-FR\",\"@id\":\"http:\\\/\\\/www.deliciouswithout.com\\\/bread\\\/challah\\\/#primaryimage\",\"url\":\"http:\\\/\\\/www.deliciouswithout.com\\\/wp-content\\\/uploads\\\/2015\\\/12\\\/D15_5158.jpg\",\"contentUrl\":\"http:\\\/\\\/www.deliciouswithout.com\\\/wp-content\\\/uploads\\\/2015\\\/12\\\/D15_5158.jpg\"},{\"@type\":\"BreadcrumbList\",\"@id\":\"http:\\\/\\\/www.deliciouswithout.com\\\/bread\\\/challah\\\/#breadcrumb\",\"itemListElement\":[{\"@type\":\"ListItem\",\"position\":1,\"name\":\"Accueil\",\"item\":\"https:\\\/\\\/www.deliciouswithout.com\\\/fr\\\/\"},{\"@type\":\"ListItem\",\"position\":2,\"name\":\"Pain\",\"item\":\"http:\\\/\\\/www.deliciouswithout.com\\\/fr\\\/pain\\\/\"},{\"@type\":\"ListItem\",\"position\":3,\"name\":\"Challah\"}]},{\"@type\":\"WebSite\",\"@id\":\"http:\\\/\\\/www.deliciouswithout.com\\\/#website\",\"url\":\"http:\\\/\\\/www.deliciouswithout.com\\\/\",\"name\":\"deliciouswithout.com\",\"description\":\"D\u00e9licieux Sans Gluten, Produits Latiers, Arachides, Noix\",\"potentialAction\":[{\"@type\":\"SearchAction\",\"target\":{\"@type\":\"EntryPoint\",\"urlTemplate\":\"http:\\\/\\\/www.deliciouswithout.com\\\/?s={search_term_string}\"},\"query-input\":{\"@type\":\"PropertyValueSpecification\",\"valueRequired\":true,\"valueName\":\"search_term_string\"}}],\"inLanguage\":\"fr-FR\"}]}<\/script>\n<!-- \/ Yoast SEO plugin. -->","yoast_head_json":{"title":"Challah - deliciouswithout.com","robots":{"index":"index","follow":"follow","max-snippet":"max-snippet:-1","max-image-preview":"max-image-preview:large","max-video-preview":"max-video-preview:-1"},"canonical":"http:\/\/www.deliciouswithout.com\/bread\/challah\/","og_locale":"fr_FR","og_type":"article","og_title":"Challah - deliciouswithout.com","og_url":"http:\/\/www.deliciouswithout.com\/bread\/challah\/","og_site_name":"deliciouswithout.com","article_modified_time":"2017-03-06T16:50:36+00:00","og_image":[{"url":"http:\/\/www.deliciouswithout.com\/wp-content\/uploads\/2015\/12\/D15_5158.jpg","type":"","width":"","height":""}],"twitter_misc":{"Dur\u00e9e de lecture estim\u00e9e":"1 minute"},"schema":{"@context":"https:\/\/schema.org","@graph":[{"@type":"WebPage","@id":"http:\/\/www.deliciouswithout.com\/bread\/challah\/","url":"http:\/\/www.deliciouswithout.com\/bread\/challah\/","name":"Challah - deliciouswithout.com","isPartOf":{"@id":"http:\/\/www.deliciouswithout.com\/#website"},"primaryImageOfPage":{"@id":"http:\/\/www.deliciouswithout.com\/bread\/challah\/#primaryimage"},"image":{"@id":"http:\/\/www.deliciouswithout.com\/bread\/challah\/#primaryimage"},"thumbnailUrl":"http:\/\/www.deliciouswithout.com\/wp-content\/uploads\/2015\/12\/D15_5158.jpg","datePublished":"2015-12-14T23:55:50+00:00","dateModified":"2017-03-06T16:50:36+00:00","breadcrumb":{"@id":"http:\/\/www.deliciouswithout.com\/bread\/challah\/#breadcrumb"},"inLanguage":"fr-FR","potentialAction":[{"@type":"ReadAction","target":["http:\/\/www.deliciouswithout.com\/bread\/challah\/"]}]},{"@type":"ImageObject","inLanguage":"fr-FR","@id":"http:\/\/www.deliciouswithout.com\/bread\/challah\/#primaryimage","url":"http:\/\/www.deliciouswithout.com\/wp-content\/uploads\/2015\/12\/D15_5158.jpg","contentUrl":"http:\/\/www.deliciouswithout.com\/wp-content\/uploads\/2015\/12\/D15_5158.jpg"},{"@type":"BreadcrumbList","@id":"http:\/\/www.deliciouswithout.com\/bread\/challah\/#breadcrumb","itemListElement":[{"@type":"ListItem","position":1,"name":"Accueil","item":"https:\/\/www.deliciouswithout.com\/fr\/"},{"@type":"ListItem","position":2,"name":"Pain","item":"http:\/\/www.deliciouswithout.com\/fr\/pain\/"},{"@type":"ListItem","position":3,"name":"Challah"}]},{"@type":"WebSite","@id":"http:\/\/www.deliciouswithout.com\/#website","url":"http:\/\/www.deliciouswithout.com\/","name":"deliciouswithout.com","description":"D\u00e9licieux Sans Gluten, Produits Latiers, Arachides, Noix","potentialAction":[{"@type":"SearchAction","target":{"@type":"EntryPoint","urlTemplate":"http:\/\/www.deliciouswithout.com\/?s={search_term_string}"},"query-input":{"@type":"PropertyValueSpecification","valueRequired":true,"valueName":"search_term_string"}}],"inLanguage":"fr-FR"}]}},"_links":{"self":[{"href":"https:\/\/www.deliciouswithout.com\/fr\/wp-json\/wp\/v2\/pages\/5031","targetHints":{"allow":["GET"]}}],"collection":[{"href":"https:\/\/www.deliciouswithout.com\/fr\/wp-json\/wp\/v2\/pages"}],"about":[{"href":"https:\/\/www.deliciouswithout.com\/fr\/wp-json\/wp\/v2\/types\/page"}],"author":[{"embeddable":true,"href":"https:\/\/www.deliciouswithout.com\/fr\/wp-json\/wp\/v2\/users\/1"}],"replies":[{"embeddable":true,"href":"https:\/\/www.deliciouswithout.com\/fr\/wp-json\/wp\/v2\/comments?post=5031"}],"version-history":[{"count":0,"href":"https:\/\/www.deliciouswithout.com\/fr\/wp-json\/wp\/v2\/pages\/5031\/revisions"}],"up":[{"embeddable":true,"href":"https:\/\/www.deliciouswithout.com\/fr\/wp-json\/wp\/v2\/pages\/5023"}],"wp:attachment":[{"href":"https:\/\/www.deliciouswithout.com\/fr\/wp-json\/wp\/v2\/media?parent=5031"}],"curies":[{"name":"wp","href":"https:\/\/api.w.org\/{rel}","templated":true}]}}