{"id":5035,"date":"2015-12-14T18:43:38","date_gmt":"2015-12-14T23:43:38","guid":{"rendered":"http:\/\/www.deliciouswithout.com\/fr\/?page_id=5035"},"modified":"2017-02-24T18:38:55","modified_gmt":"2017-02-24T23:38:55","slug":"pains-hamburger","status":"publish","type":"page","link":"https:\/\/www.deliciouswithout.com\/fr\/pain\/pains-hamburger\/","title":{"rendered":"Pains Hamburger"},"content":{"rendered":"<p><img decoding=\"async\" class=\"alignnone size-full wp-image-5954\" src=\"http:\/\/www.deliciouswithout.com\/wp-content\/uploads\/2015\/12\/D15_5181.jpg\" alt=\"D15_5181\" width=\"350\" height=\"753\" srcset=\"https:\/\/www.deliciouswithout.com\/wp-content\/uploads\/2015\/12\/D15_5181-139x300.jpg 139w, https:\/\/www.deliciouswithout.com\/wp-content\/uploads\/2015\/12\/D15_5181-200x430.jpg 200w, https:\/\/www.deliciouswithout.com\/wp-content\/uploads\/2015\/12\/D15_5181.jpg 350w\" sizes=\"(max-width: 350px) 100vw, 350px\" \/><\/p>\n<h2><span style=\"color: #800000;\"><strong>Pains Hamburger<br \/>\n<\/strong><\/span><\/h2>\n<p>4 x 80 g (320 g)<\/p>\n<ul>\n<li>Le go\u00fbt est comparable \u00e0 celui du pain blanc sans gluten<\/li>\n<li>Sans gluten, sans produits laitiers, sans arachides ou noix, sans soja, sans sucres raffin\u00e9s<\/li>\n<li>Sans agents de conservation (dur\u00e9e de conservation de 5 jours)<\/li>\n<li>Peut \u00eatre congel\u00e9 de 3-6 mois, ensuite d\u00e9congel\u00e9 pour consommation<\/li>\n<\/ul>\n<p><strong>Ingr\u00e9dients :<\/strong> Eau, m\u00e9lange d\u2019amidon sans gluten sans OGM (amidon de tapioca, amidon de ma\u00efs, f\u00e9cule de pomme de terre), farine de riz brun, \u0153ufs entiers, huile de canola, farine de sorgho, sucre biologique, gomme xanthane, sel, levure instantan\u00e9e, vinaigre de cidre de pomme. CONTIENT DES \u0152UFS.<\/p>\n<p>UPC: 838068001178<\/p>\n<p><img decoding=\"async\" class=\"alignnone wp-image-4869\" src=\"http:\/\/www.deliciouswithout.com\/wp-content\/uploads\/2015\/12\/hamburger.jpg\" alt=\"hamburger\" width=\"374\" height=\"574\" srcset=\"https:\/\/www.deliciouswithout.com\/wp-content\/uploads\/2015\/12\/hamburger-195x300.jpg 195w, https:\/\/www.deliciouswithout.com\/wp-content\/uploads\/2015\/12\/hamburger-500x767.jpg 500w, https:\/\/www.deliciouswithout.com\/wp-content\/uploads\/2015\/12\/hamburger.jpg 645w\" sizes=\"(max-width: 374px) 100vw, 374px\" \/><\/p>\n<p><img decoding=\"async\" class=\"alignnone size-full wp-image-5956\" src=\"http:\/\/www.deliciouswithout.com\/wp-content\/uploads\/2015\/12\/D15_5188.jpg\" alt=\"D15_5188\" width=\"313\" height=\"779\" srcset=\"https:\/\/www.deliciouswithout.com\/wp-content\/uploads\/2015\/12\/D15_5188-121x300.jpg 121w, https:\/\/www.deliciouswithout.com\/wp-content\/uploads\/2015\/12\/D15_5188-200x498.jpg 200w, https:\/\/www.deliciouswithout.com\/wp-content\/uploads\/2015\/12\/D15_5188.jpg 313w\" sizes=\"(max-width: 313px) 100vw, 313px\" \/><\/p>\n<h2><span style=\"color: #800000;\"><strong>Vegan Hamburger Buns<\/strong><\/span><\/h2>\n<p>4 x 80 g (320 g)<\/p>\n<p>Sans oeufs \/ No eggs<\/p>\n<ul>\n<li>Gluten-free, dairy-free, peanut and nut-free, soy-free, no refined sugar<\/li>\n<li>No Preservatives (Shelf life 5 days)<\/li>\n<li>Can be kept Frozen for 3-6 months.<\/li>\n<\/ul>\n<p><strong>Ingredients:<\/strong> Water, gluten-free non-GMO starch blend (modified tapioca starch, corn starch, potato starch), sorghum flour, canola oil, organic sugar, xanthan gum, instant yeast, salt, apple cider vinegar.<\/p>\n<p>UPC: 838068001161<\/p>\n<p><img decoding=\"async\" class=\"alignnone wp-image-4871\" src=\"http:\/\/www.deliciouswithout.com\/wp-content\/uploads\/2015\/12\/vegan-bunNFT.jpg\" alt=\"vegan bunNFT\" width=\"475\" height=\"729\" srcset=\"https:\/\/www.deliciouswithout.com\/wp-content\/uploads\/2015\/12\/vegan-bunNFT-195x300.jpg 195w, https:\/\/www.deliciouswithout.com\/wp-content\/uploads\/2015\/12\/vegan-bunNFT-500x767.jpg 500w, https:\/\/www.deliciouswithout.com\/wp-content\/uploads\/2015\/12\/vegan-bunNFT.jpg 645w\" sizes=\"(max-width: 475px) 100vw, 475px\" \/><\/p>\n<p>&nbsp;<\/p>\n","protected":false},"excerpt":{"rendered":"<p>Pains Hamburger 4 x 80 g (320 g) Le go\u00fbt est comparable \u00e0 celui du pain blanc sans gluten Sans gluten, sans produits laitiers, sans arachides ou noix, sans soja, sans sucres raffin\u00e9s Sans agents de conservation (dur\u00e9e de conservation de 5 jours) Peut \u00eatre congel\u00e9 de 3-6 mois, ensuite d\u00e9congel\u00e9 pour consommation Ingr\u00e9dients :  [&#8230;]<\/p>\n","protected":false},"author":1,"featured_media":0,"parent":5023,"menu_order":0,"comment_status":"closed","ping_status":"open","template":"","meta":{"_acf_changed":false,"wprm-recipe-roundup-name":"","wprm-recipe-roundup-description":"","footnotes":""},"class_list":["post-5035","page","type-page","status-publish","hentry"],"acf":[],"yoast_head":"<!-- This site is optimized with the Yoast SEO plugin v27.3 - https:\/\/yoast.com\/product\/yoast-seo-wordpress\/ -->\n<title>Pains Hamburger - deliciouswithout.com<\/title>\n<meta name=\"robots\" content=\"index, follow, max-snippet:-1, max-image-preview:large, max-video-preview:-1\" \/>\n<link rel=\"canonical\" href=\"http:\/\/www.deliciouswithout.com\/bread\/hamburger-buns\/\" \/>\n<meta property=\"og:locale\" content=\"fr_FR\" \/>\n<meta property=\"og:type\" content=\"article\" \/>\n<meta property=\"og:title\" content=\"Pains Hamburger - deliciouswithout.com\" \/>\n<meta property=\"og:description\" content=\"Pains Hamburger 4 x 80 g (320 g) Le go\u00fbt est comparable \u00e0 celui du pain blanc sans gluten Sans gluten, sans produits laitiers, sans arachides ou noix, sans soja, sans sucres raffin\u00e9s Sans agents de conservation (dur\u00e9e de conservation de 5 jours) Peut \u00eatre congel\u00e9 de 3-6 mois, ensuite d\u00e9congel\u00e9 pour consommation Ingr\u00e9dients : [...]\" \/>\n<meta property=\"og:url\" content=\"http:\/\/www.deliciouswithout.com\/bread\/hamburger-buns\/\" \/>\n<meta property=\"og:site_name\" content=\"deliciouswithout.com\" \/>\n<meta property=\"article:modified_time\" content=\"2017-02-24T23:38:55+00:00\" \/>\n<meta property=\"og:image\" content=\"http:\/\/www.deliciouswithout.com\/wp-content\/uploads\/2015\/12\/D15_5181.jpg\" \/>\n<meta name=\"twitter:label1\" content=\"Dur\u00e9e de lecture estim\u00e9e\" \/>\n\t<meta name=\"twitter:data1\" content=\"1 minute\" \/>\n<script type=\"application\/ld+json\" class=\"yoast-schema-graph\">{\"@context\":\"https:\\\/\\\/schema.org\",\"@graph\":[{\"@type\":\"WebPage\",\"@id\":\"http:\\\/\\\/www.deliciouswithout.com\\\/bread\\\/hamburger-buns\\\/\",\"url\":\"http:\\\/\\\/www.deliciouswithout.com\\\/bread\\\/hamburger-buns\\\/\",\"name\":\"Pains Hamburger - deliciouswithout.com\",\"isPartOf\":{\"@id\":\"http:\\\/\\\/www.deliciouswithout.com\\\/#website\"},\"primaryImageOfPage\":{\"@id\":\"http:\\\/\\\/www.deliciouswithout.com\\\/bread\\\/hamburger-buns\\\/#primaryimage\"},\"image\":{\"@id\":\"http:\\\/\\\/www.deliciouswithout.com\\\/bread\\\/hamburger-buns\\\/#primaryimage\"},\"thumbnailUrl\":\"http:\\\/\\\/www.deliciouswithout.com\\\/wp-content\\\/uploads\\\/2015\\\/12\\\/D15_5181.jpg\",\"datePublished\":\"2015-12-14T23:43:38+00:00\",\"dateModified\":\"2017-02-24T23:38:55+00:00\",\"breadcrumb\":{\"@id\":\"http:\\\/\\\/www.deliciouswithout.com\\\/bread\\\/hamburger-buns\\\/#breadcrumb\"},\"inLanguage\":\"fr-FR\",\"potentialAction\":[{\"@type\":\"ReadAction\",\"target\":[\"http:\\\/\\\/www.deliciouswithout.com\\\/bread\\\/hamburger-buns\\\/\"]}]},{\"@type\":\"ImageObject\",\"inLanguage\":\"fr-FR\",\"@id\":\"http:\\\/\\\/www.deliciouswithout.com\\\/bread\\\/hamburger-buns\\\/#primaryimage\",\"url\":\"http:\\\/\\\/www.deliciouswithout.com\\\/wp-content\\\/uploads\\\/2015\\\/12\\\/D15_5181.jpg\",\"contentUrl\":\"http:\\\/\\\/www.deliciouswithout.com\\\/wp-content\\\/uploads\\\/2015\\\/12\\\/D15_5181.jpg\"},{\"@type\":\"BreadcrumbList\",\"@id\":\"http:\\\/\\\/www.deliciouswithout.com\\\/bread\\\/hamburger-buns\\\/#breadcrumb\",\"itemListElement\":[{\"@type\":\"ListItem\",\"position\":1,\"name\":\"Accueil\",\"item\":\"https:\\\/\\\/www.deliciouswithout.com\\\/fr\\\/\"},{\"@type\":\"ListItem\",\"position\":2,\"name\":\"Pain\",\"item\":\"http:\\\/\\\/www.deliciouswithout.com\\\/fr\\\/pain\\\/\"},{\"@type\":\"ListItem\",\"position\":3,\"name\":\"Pains Hamburger\"}]},{\"@type\":\"WebSite\",\"@id\":\"http:\\\/\\\/www.deliciouswithout.com\\\/#website\",\"url\":\"http:\\\/\\\/www.deliciouswithout.com\\\/\",\"name\":\"deliciouswithout.com\",\"description\":\"D\u00e9licieux Sans Gluten, Produits Latiers, Arachides, Noix\",\"potentialAction\":[{\"@type\":\"SearchAction\",\"target\":{\"@type\":\"EntryPoint\",\"urlTemplate\":\"http:\\\/\\\/www.deliciouswithout.com\\\/?s={search_term_string}\"},\"query-input\":{\"@type\":\"PropertyValueSpecification\",\"valueRequired\":true,\"valueName\":\"search_term_string\"}}],\"inLanguage\":\"fr-FR\"}]}<\/script>\n<!-- \/ Yoast SEO plugin. -->","yoast_head_json":{"title":"Pains Hamburger - deliciouswithout.com","robots":{"index":"index","follow":"follow","max-snippet":"max-snippet:-1","max-image-preview":"max-image-preview:large","max-video-preview":"max-video-preview:-1"},"canonical":"http:\/\/www.deliciouswithout.com\/bread\/hamburger-buns\/","og_locale":"fr_FR","og_type":"article","og_title":"Pains Hamburger - deliciouswithout.com","og_description":"Pains Hamburger 4 x 80 g (320 g) Le go\u00fbt est comparable \u00e0 celui du pain blanc sans gluten Sans gluten, sans produits laitiers, sans arachides ou noix, sans soja, sans sucres raffin\u00e9s Sans agents de conservation (dur\u00e9e de conservation de 5 jours) Peut \u00eatre congel\u00e9 de 3-6 mois, ensuite d\u00e9congel\u00e9 pour consommation Ingr\u00e9dients : [...]","og_url":"http:\/\/www.deliciouswithout.com\/bread\/hamburger-buns\/","og_site_name":"deliciouswithout.com","article_modified_time":"2017-02-24T23:38:55+00:00","og_image":[{"url":"http:\/\/www.deliciouswithout.com\/wp-content\/uploads\/2015\/12\/D15_5181.jpg","type":"","width":"","height":""}],"twitter_misc":{"Dur\u00e9e de lecture estim\u00e9e":"1 minute"},"schema":{"@context":"https:\/\/schema.org","@graph":[{"@type":"WebPage","@id":"http:\/\/www.deliciouswithout.com\/bread\/hamburger-buns\/","url":"http:\/\/www.deliciouswithout.com\/bread\/hamburger-buns\/","name":"Pains Hamburger - deliciouswithout.com","isPartOf":{"@id":"http:\/\/www.deliciouswithout.com\/#website"},"primaryImageOfPage":{"@id":"http:\/\/www.deliciouswithout.com\/bread\/hamburger-buns\/#primaryimage"},"image":{"@id":"http:\/\/www.deliciouswithout.com\/bread\/hamburger-buns\/#primaryimage"},"thumbnailUrl":"http:\/\/www.deliciouswithout.com\/wp-content\/uploads\/2015\/12\/D15_5181.jpg","datePublished":"2015-12-14T23:43:38+00:00","dateModified":"2017-02-24T23:38:55+00:00","breadcrumb":{"@id":"http:\/\/www.deliciouswithout.com\/bread\/hamburger-buns\/#breadcrumb"},"inLanguage":"fr-FR","potentialAction":[{"@type":"ReadAction","target":["http:\/\/www.deliciouswithout.com\/bread\/hamburger-buns\/"]}]},{"@type":"ImageObject","inLanguage":"fr-FR","@id":"http:\/\/www.deliciouswithout.com\/bread\/hamburger-buns\/#primaryimage","url":"http:\/\/www.deliciouswithout.com\/wp-content\/uploads\/2015\/12\/D15_5181.jpg","contentUrl":"http:\/\/www.deliciouswithout.com\/wp-content\/uploads\/2015\/12\/D15_5181.jpg"},{"@type":"BreadcrumbList","@id":"http:\/\/www.deliciouswithout.com\/bread\/hamburger-buns\/#breadcrumb","itemListElement":[{"@type":"ListItem","position":1,"name":"Accueil","item":"https:\/\/www.deliciouswithout.com\/fr\/"},{"@type":"ListItem","position":2,"name":"Pain","item":"http:\/\/www.deliciouswithout.com\/fr\/pain\/"},{"@type":"ListItem","position":3,"name":"Pains Hamburger"}]},{"@type":"WebSite","@id":"http:\/\/www.deliciouswithout.com\/#website","url":"http:\/\/www.deliciouswithout.com\/","name":"deliciouswithout.com","description":"D\u00e9licieux Sans Gluten, Produits Latiers, Arachides, Noix","potentialAction":[{"@type":"SearchAction","target":{"@type":"EntryPoint","urlTemplate":"http:\/\/www.deliciouswithout.com\/?s={search_term_string}"},"query-input":{"@type":"PropertyValueSpecification","valueRequired":true,"valueName":"search_term_string"}}],"inLanguage":"fr-FR"}]}},"_links":{"self":[{"href":"https:\/\/www.deliciouswithout.com\/fr\/wp-json\/wp\/v2\/pages\/5035","targetHints":{"allow":["GET"]}}],"collection":[{"href":"https:\/\/www.deliciouswithout.com\/fr\/wp-json\/wp\/v2\/pages"}],"about":[{"href":"https:\/\/www.deliciouswithout.com\/fr\/wp-json\/wp\/v2\/types\/page"}],"author":[{"embeddable":true,"href":"https:\/\/www.deliciouswithout.com\/fr\/wp-json\/wp\/v2\/users\/1"}],"replies":[{"embeddable":true,"href":"https:\/\/www.deliciouswithout.com\/fr\/wp-json\/wp\/v2\/comments?post=5035"}],"version-history":[{"count":0,"href":"https:\/\/www.deliciouswithout.com\/fr\/wp-json\/wp\/v2\/pages\/5035\/revisions"}],"up":[{"embeddable":true,"href":"https:\/\/www.deliciouswithout.com\/fr\/wp-json\/wp\/v2\/pages\/5023"}],"wp:attachment":[{"href":"https:\/\/www.deliciouswithout.com\/fr\/wp-json\/wp\/v2\/media?parent=5035"}],"curies":[{"name":"wp","href":"https:\/\/api.w.org\/{rel}","templated":true}]}}