{"id":5037,"date":"2015-12-14T16:58:42","date_gmt":"2015-12-14T21:58:42","guid":{"rendered":"http:\/\/www.deliciouswithout.com\/fr\/?page_id=5037"},"modified":"2017-02-24T18:38:55","modified_gmt":"2017-02-24T23:38:55","slug":"miche-vegetalienne","status":"publish","type":"page","link":"https:\/\/www.deliciouswithout.com\/fr\/pain\/miche-vegetalienne\/","title":{"rendered":"Miche V\u00e9g\u00e9talienne"},"content":{"rendered":"<p><img decoding=\"async\" class=\"alignnone size-full wp-image-5945\" src=\"http:\/\/www.deliciouswithout.com\/wp-content\/uploads\/2015\/12\/D15_5186.jpg\" alt=\"D15_5186\" width=\"320\" height=\"752\" srcset=\"https:\/\/www.deliciouswithout.com\/wp-content\/uploads\/2015\/12\/D15_5186-128x300.jpg 128w, https:\/\/www.deliciouswithout.com\/wp-content\/uploads\/2015\/12\/D15_5186-200x470.jpg 200w, https:\/\/www.deliciouswithout.com\/wp-content\/uploads\/2015\/12\/D15_5186.jpg 320w\" sizes=\"(max-width: 320px) 100vw, 320px\" \/><\/p>\n<h2><span style=\"color: #800000;\"><strong>Miche V\u00e9g\u00e9talienne (450 g)<br \/>\n<\/strong><\/span><\/h2>\n<ul>\n<li>Sans oeufs<\/li>\n<li>Sans gluten, sans produits laitiers, sans arachides ou noix,\u00a0 sans soja, sans sucres raffin\u00e9s<\/li>\n<li>Sans agents de conservation (dur\u00e9e de conservation de 5 jours)<\/li>\n<li>Peut \u00eatre congel\u00e9 de 3-6 mois, ensuite d\u00e9congel\u00e9 pour consommation<\/li>\n<li>Chaque pain est coup\u00e9 (environs 15 tranches par pain) mais le pain v\u00e9g\u00e9talien n\u2019est pas coup\u00e9 en tranches afin d\u2019\u00e9viter toute contamination crois\u00e9e avec des produits contenant des \u0153ufs. Nous prenons toutes les mesures n\u00e9cessaires pour produire les pains sans \u0153ufs en utilisant des grilles et des moules d\u00e9di\u00e9s \u00e0 ces produits, toutefois, sachez que nous utilisons des \u0153ufs dans notre usine.<\/li>\n<\/ul>\n<p><strong>Ingr\u00e9dients<\/strong> : Eau, m\u00e9lange d\u2019amidon sans gluten sans OGM (amidon de tapioca modifi\u00e9, amidon de ma\u00efs, f\u00e9cule de pomme de terre), farine de sorgho , huile de canola, sucre biologique, gomme xanthane, levure instantan\u00e9e, sel, vinaigre de cidre de pomme.<\/p>\n<p>UPC: 838068001147<\/p>\n<p><strong><img decoding=\"async\" class=\"alignright size-full wp-image-4763\" src=\"http:\/\/www.deliciouswithout.com\/wp-content\/uploads\/2012\/09\/parev.png\" alt=\"parev\" width=\"175\" height=\"175\" srcset=\"https:\/\/www.deliciouswithout.com\/wp-content\/uploads\/2012\/09\/parev-66x66.png 66w, https:\/\/www.deliciouswithout.com\/wp-content\/uploads\/2012\/09\/parev-100x100.png 100w, https:\/\/www.deliciouswithout.com\/wp-content\/uploads\/2012\/09\/parev-150x150.png 150w, https:\/\/www.deliciouswithout.com\/wp-content\/uploads\/2012\/09\/parev.png 175w\" sizes=\"(max-width: 175px) 100vw, 175px\" \/>\u00a0<\/strong><\/p>\n<p><img decoding=\"async\" class=\"alignnone wp-image-4851\" src=\"http:\/\/www.deliciouswithout.com\/wp-content\/uploads\/2015\/12\/veganloafnft.jpg\" alt=\"veganloafnft\" width=\"380\" height=\"765\" \/><\/p>\n","protected":false},"excerpt":{"rendered":"<p>Miche V\u00e9g\u00e9talienne (450 g) Sans oeufs Sans gluten, sans produits laitiers, sans arachides ou noix,\u00a0 sans soja, sans sucres raffin\u00e9s Sans agents de conservation (dur\u00e9e de conservation de 5 jours) Peut \u00eatre congel\u00e9 de 3-6 mois, ensuite d\u00e9congel\u00e9 pour consommation Chaque pain est coup\u00e9 (environs 15 tranches par pain) mais le pain v\u00e9g\u00e9talien n\u2019est pas  [&#8230;]<\/p>\n","protected":false},"author":1,"featured_media":0,"parent":5023,"menu_order":0,"comment_status":"closed","ping_status":"closed","template":"","meta":{"_acf_changed":false,"wprm-recipe-roundup-name":"","wprm-recipe-roundup-description":"","footnotes":""},"class_list":["post-5037","page","type-page","status-publish","hentry"],"acf":[],"yoast_head":"<!-- This site is optimized with the Yoast SEO plugin v27.3 - https:\/\/yoast.com\/product\/yoast-seo-wordpress\/ -->\n<title>Miche V\u00e9g\u00e9talienne - deliciouswithout.com<\/title>\n<meta name=\"robots\" content=\"index, follow, max-snippet:-1, max-image-preview:large, max-video-preview:-1\" \/>\n<link rel=\"canonical\" href=\"https:\/\/www.deliciouswithout.com\/fr\/pain\/miche-vegetalienne\/\" \/>\n<meta property=\"og:locale\" content=\"fr_FR\" \/>\n<meta property=\"og:type\" content=\"article\" \/>\n<meta property=\"og:title\" content=\"Miche V\u00e9g\u00e9talienne - deliciouswithout.com\" \/>\n<meta property=\"og:description\" content=\"Miche V\u00e9g\u00e9talienne (450 g) Sans oeufs Sans gluten, sans produits laitiers, sans arachides ou noix,\u00a0 sans soja, sans sucres raffin\u00e9s Sans agents de conservation (dur\u00e9e de conservation de 5 jours) Peut \u00eatre congel\u00e9 de 3-6 mois, ensuite d\u00e9congel\u00e9 pour consommation Chaque pain est coup\u00e9 (environs 15 tranches par pain) mais le pain v\u00e9g\u00e9talien n\u2019est pas [...]\" \/>\n<meta property=\"og:url\" content=\"https:\/\/www.deliciouswithout.com\/fr\/pain\/miche-vegetalienne\/\" \/>\n<meta property=\"og:site_name\" content=\"deliciouswithout.com\" \/>\n<meta property=\"article:modified_time\" content=\"2017-02-24T23:38:55+00:00\" \/>\n<meta property=\"og:image\" content=\"http:\/\/www.deliciouswithout.com\/wp-content\/uploads\/2015\/12\/D15_5186.jpg\" \/>\n<meta name=\"twitter:label1\" content=\"Dur\u00e9e de lecture estim\u00e9e\" \/>\n\t<meta name=\"twitter:data1\" content=\"1 minute\" \/>\n<script type=\"application\/ld+json\" class=\"yoast-schema-graph\">{\"@context\":\"https:\\\/\\\/schema.org\",\"@graph\":[{\"@type\":\"WebPage\",\"@id\":\"https:\\\/\\\/www.deliciouswithout.com\\\/fr\\\/pain\\\/miche-vegetalienne\\\/\",\"url\":\"https:\\\/\\\/www.deliciouswithout.com\\\/fr\\\/pain\\\/miche-vegetalienne\\\/\",\"name\":\"Miche V\u00e9g\u00e9talienne - deliciouswithout.com\",\"isPartOf\":{\"@id\":\"http:\\\/\\\/www.deliciouswithout.com\\\/#website\"},\"primaryImageOfPage\":{\"@id\":\"https:\\\/\\\/www.deliciouswithout.com\\\/fr\\\/pain\\\/miche-vegetalienne\\\/#primaryimage\"},\"image\":{\"@id\":\"https:\\\/\\\/www.deliciouswithout.com\\\/fr\\\/pain\\\/miche-vegetalienne\\\/#primaryimage\"},\"thumbnailUrl\":\"http:\\\/\\\/www.deliciouswithout.com\\\/wp-content\\\/uploads\\\/2015\\\/12\\\/D15_5186.jpg\",\"datePublished\":\"2015-12-14T21:58:42+00:00\",\"dateModified\":\"2017-02-24T23:38:55+00:00\",\"breadcrumb\":{\"@id\":\"https:\\\/\\\/www.deliciouswithout.com\\\/fr\\\/pain\\\/miche-vegetalienne\\\/#breadcrumb\"},\"inLanguage\":\"fr-FR\",\"potentialAction\":[{\"@type\":\"ReadAction\",\"target\":[\"https:\\\/\\\/www.deliciouswithout.com\\\/fr\\\/pain\\\/miche-vegetalienne\\\/\"]}]},{\"@type\":\"ImageObject\",\"inLanguage\":\"fr-FR\",\"@id\":\"https:\\\/\\\/www.deliciouswithout.com\\\/fr\\\/pain\\\/miche-vegetalienne\\\/#primaryimage\",\"url\":\"http:\\\/\\\/www.deliciouswithout.com\\\/wp-content\\\/uploads\\\/2015\\\/12\\\/D15_5186.jpg\",\"contentUrl\":\"http:\\\/\\\/www.deliciouswithout.com\\\/wp-content\\\/uploads\\\/2015\\\/12\\\/D15_5186.jpg\"},{\"@type\":\"BreadcrumbList\",\"@id\":\"https:\\\/\\\/www.deliciouswithout.com\\\/fr\\\/pain\\\/miche-vegetalienne\\\/#breadcrumb\",\"itemListElement\":[{\"@type\":\"ListItem\",\"position\":1,\"name\":\"Accueil\",\"item\":\"https:\\\/\\\/www.deliciouswithout.com\\\/fr\\\/\"},{\"@type\":\"ListItem\",\"position\":2,\"name\":\"Pain\",\"item\":\"http:\\\/\\\/www.deliciouswithout.com\\\/fr\\\/pain\\\/\"},{\"@type\":\"ListItem\",\"position\":3,\"name\":\"Miche V\u00e9g\u00e9talienne\"}]},{\"@type\":\"WebSite\",\"@id\":\"http:\\\/\\\/www.deliciouswithout.com\\\/#website\",\"url\":\"http:\\\/\\\/www.deliciouswithout.com\\\/\",\"name\":\"deliciouswithout.com\",\"description\":\"D\u00e9licieux Sans Gluten, Produits Latiers, Arachides, Noix\",\"potentialAction\":[{\"@type\":\"SearchAction\",\"target\":{\"@type\":\"EntryPoint\",\"urlTemplate\":\"http:\\\/\\\/www.deliciouswithout.com\\\/?s={search_term_string}\"},\"query-input\":{\"@type\":\"PropertyValueSpecification\",\"valueRequired\":true,\"valueName\":\"search_term_string\"}}],\"inLanguage\":\"fr-FR\"}]}<\/script>\n<!-- \/ Yoast SEO plugin. -->","yoast_head_json":{"title":"Miche V\u00e9g\u00e9talienne - deliciouswithout.com","robots":{"index":"index","follow":"follow","max-snippet":"max-snippet:-1","max-image-preview":"max-image-preview:large","max-video-preview":"max-video-preview:-1"},"canonical":"https:\/\/www.deliciouswithout.com\/fr\/pain\/miche-vegetalienne\/","og_locale":"fr_FR","og_type":"article","og_title":"Miche V\u00e9g\u00e9talienne - deliciouswithout.com","og_description":"Miche V\u00e9g\u00e9talienne (450 g) Sans oeufs Sans gluten, sans produits laitiers, sans arachides ou noix,\u00a0 sans soja, sans sucres raffin\u00e9s Sans agents de conservation (dur\u00e9e de conservation de 5 jours) Peut \u00eatre congel\u00e9 de 3-6 mois, ensuite d\u00e9congel\u00e9 pour consommation Chaque pain est coup\u00e9 (environs 15 tranches par pain) mais le pain v\u00e9g\u00e9talien n\u2019est pas [...]","og_url":"https:\/\/www.deliciouswithout.com\/fr\/pain\/miche-vegetalienne\/","og_site_name":"deliciouswithout.com","article_modified_time":"2017-02-24T23:38:55+00:00","og_image":[{"url":"http:\/\/www.deliciouswithout.com\/wp-content\/uploads\/2015\/12\/D15_5186.jpg","type":"","width":"","height":""}],"twitter_misc":{"Dur\u00e9e de lecture estim\u00e9e":"1 minute"},"schema":{"@context":"https:\/\/schema.org","@graph":[{"@type":"WebPage","@id":"https:\/\/www.deliciouswithout.com\/fr\/pain\/miche-vegetalienne\/","url":"https:\/\/www.deliciouswithout.com\/fr\/pain\/miche-vegetalienne\/","name":"Miche V\u00e9g\u00e9talienne - deliciouswithout.com","isPartOf":{"@id":"http:\/\/www.deliciouswithout.com\/#website"},"primaryImageOfPage":{"@id":"https:\/\/www.deliciouswithout.com\/fr\/pain\/miche-vegetalienne\/#primaryimage"},"image":{"@id":"https:\/\/www.deliciouswithout.com\/fr\/pain\/miche-vegetalienne\/#primaryimage"},"thumbnailUrl":"http:\/\/www.deliciouswithout.com\/wp-content\/uploads\/2015\/12\/D15_5186.jpg","datePublished":"2015-12-14T21:58:42+00:00","dateModified":"2017-02-24T23:38:55+00:00","breadcrumb":{"@id":"https:\/\/www.deliciouswithout.com\/fr\/pain\/miche-vegetalienne\/#breadcrumb"},"inLanguage":"fr-FR","potentialAction":[{"@type":"ReadAction","target":["https:\/\/www.deliciouswithout.com\/fr\/pain\/miche-vegetalienne\/"]}]},{"@type":"ImageObject","inLanguage":"fr-FR","@id":"https:\/\/www.deliciouswithout.com\/fr\/pain\/miche-vegetalienne\/#primaryimage","url":"http:\/\/www.deliciouswithout.com\/wp-content\/uploads\/2015\/12\/D15_5186.jpg","contentUrl":"http:\/\/www.deliciouswithout.com\/wp-content\/uploads\/2015\/12\/D15_5186.jpg"},{"@type":"BreadcrumbList","@id":"https:\/\/www.deliciouswithout.com\/fr\/pain\/miche-vegetalienne\/#breadcrumb","itemListElement":[{"@type":"ListItem","position":1,"name":"Accueil","item":"https:\/\/www.deliciouswithout.com\/fr\/"},{"@type":"ListItem","position":2,"name":"Pain","item":"http:\/\/www.deliciouswithout.com\/fr\/pain\/"},{"@type":"ListItem","position":3,"name":"Miche V\u00e9g\u00e9talienne"}]},{"@type":"WebSite","@id":"http:\/\/www.deliciouswithout.com\/#website","url":"http:\/\/www.deliciouswithout.com\/","name":"deliciouswithout.com","description":"D\u00e9licieux Sans Gluten, Produits Latiers, Arachides, Noix","potentialAction":[{"@type":"SearchAction","target":{"@type":"EntryPoint","urlTemplate":"http:\/\/www.deliciouswithout.com\/?s={search_term_string}"},"query-input":{"@type":"PropertyValueSpecification","valueRequired":true,"valueName":"search_term_string"}}],"inLanguage":"fr-FR"}]}},"_links":{"self":[{"href":"https:\/\/www.deliciouswithout.com\/fr\/wp-json\/wp\/v2\/pages\/5037","targetHints":{"allow":["GET"]}}],"collection":[{"href":"https:\/\/www.deliciouswithout.com\/fr\/wp-json\/wp\/v2\/pages"}],"about":[{"href":"https:\/\/www.deliciouswithout.com\/fr\/wp-json\/wp\/v2\/types\/page"}],"author":[{"embeddable":true,"href":"https:\/\/www.deliciouswithout.com\/fr\/wp-json\/wp\/v2\/users\/1"}],"replies":[{"embeddable":true,"href":"https:\/\/www.deliciouswithout.com\/fr\/wp-json\/wp\/v2\/comments?post=5037"}],"version-history":[{"count":0,"href":"https:\/\/www.deliciouswithout.com\/fr\/wp-json\/wp\/v2\/pages\/5037\/revisions"}],"up":[{"embeddable":true,"href":"https:\/\/www.deliciouswithout.com\/fr\/wp-json\/wp\/v2\/pages\/5023"}],"wp:attachment":[{"href":"https:\/\/www.deliciouswithout.com\/fr\/wp-json\/wp\/v2\/media?parent=5037"}],"curies":[{"name":"wp","href":"https:\/\/api.w.org\/{rel}","templated":true}]}}