{"id":5977,"date":"2017-02-21T19:00:41","date_gmt":"2017-02-22T00:00:41","guid":{"rendered":"http:\/\/www.deliciouswithout.com\/fr\/?page_id=5977"},"modified":"2017-02-24T18:38:53","modified_gmt":"2017-02-24T23:38:53","slug":"dinner-rolls","status":"publish","type":"page","link":"https:\/\/www.deliciouswithout.com\/fr\/pain\/dinner-rolls\/","title":{"rendered":"Petits Pains"},"content":{"rendered":"<div class=\"fusion-fullwidth fullwidth-box fusion-builder-row-1 hundred-percent-fullwidth non-hundred-percent-height-scrolling\" style=\"--awb-border-radius-top-left:0px;--awb-border-radius-top-right:0px;--awb-border-radius-bottom-right:0px;--awb-border-radius-bottom-left:0px;--awb-overflow:visible;--awb-flex-wrap:wrap;\" ><div class=\"fusion-builder-row fusion-row\"><div class=\"fusion-layout-column fusion_builder_column fusion-builder-column-0 fusion_builder_column_1_1 1_1 fusion-one-full fusion-column-first fusion-column-last fusion-column-no-min-height\" style=\"--awb-bg-size:cover;--awb-margin-bottom:0px;\"><div class=\"fusion-column-wrapper fusion-flex-column-wrapper-legacy\"><div class=\"fusion-text fusion-text-1\"><p><img decoding=\"async\" class=\"alignnone size-full wp-image-5972\" src=\"http:\/\/www.deliciouswithout.com\/wp-content\/uploads\/2017\/02\/D15_5189.jpg\" alt=\"D15_5189\" width=\"365\" height=\"772\" srcset=\"https:\/\/www.deliciouswithout.com\/wp-content\/uploads\/2017\/02\/D15_5189-142x300.jpg 142w, https:\/\/www.deliciouswithout.com\/wp-content\/uploads\/2017\/02\/D15_5189-200x423.jpg 200w, https:\/\/www.deliciouswithout.com\/wp-content\/uploads\/2017\/02\/D15_5189.jpg 365w\" sizes=\"(max-width: 365px) 100vw, 365px\" \/><\/p>\n<h2><span style=\"color: #800000;\"><strong>Dinner Rolls\u00a0\u00a0320 g (8 unit\u00e9s)<\/strong><\/span><\/h2>\n<p><strong>INGR\u00c9DIENTS :<\/strong> Eau, m\u00e9lange d\u2019amidon sans gluten sans OGM (amidon de tapioca modifi\u00e9, amidon de ma\u00efs, f\u00e9cule de pomme de terre), farine de riz brun, \u0153ufs entiers liquides, huile de canola sans OGM, farine de sorgho, sucre de canne biologique, gomme xanthane, levure instantan\u00e9e, sel, vinaigre\u00a0 de cidre de pomme. Contient des \u0153ufs.<\/p>\n<p>UPC: 838068001338<\/p>\n<p><img decoding=\"async\" class=\"alignnone wp-image-5974\" src=\"http:\/\/www.deliciouswithout.com\/wp-content\/uploads\/2017\/02\/dinnerNFT.jpg\" alt=\"dinnerNFT\" width=\"475\" height=\"733\" srcset=\"https:\/\/www.deliciouswithout.com\/wp-content\/uploads\/2017\/02\/dinnerNFT-194x300.jpg 194w, https:\/\/www.deliciouswithout.com\/wp-content\/uploads\/2017\/02\/dinnerNFT-200x309.jpg 200w, https:\/\/www.deliciouswithout.com\/wp-content\/uploads\/2017\/02\/dinnerNFT-400x617.jpg 400w, https:\/\/www.deliciouswithout.com\/wp-content\/uploads\/2017\/02\/dinnerNFT-500x771.jpg 500w, https:\/\/www.deliciouswithout.com\/wp-content\/uploads\/2017\/02\/dinnerNFT-600x926.jpg 600w, https:\/\/www.deliciouswithout.com\/wp-content\/uploads\/2017\/02\/dinnerNFT.jpg 621w\" sizes=\"(max-width: 475px) 100vw, 475px\" \/><\/p>\n<\/div><div class=\"fusion-clearfix\"><\/div><\/div><\/div><\/div><\/div>\n","protected":false},"excerpt":{"rendered":"","protected":false},"author":1,"featured_media":0,"parent":5023,"menu_order":0,"comment_status":"closed","ping_status":"closed","template":"","meta":{"_acf_changed":false,"wprm-recipe-roundup-name":"","wprm-recipe-roundup-description":"","footnotes":""},"class_list":["post-5977","page","type-page","status-publish","hentry"],"acf":[],"yoast_head":"<!-- This site is optimized with the Yoast SEO plugin v27.3 - https:\/\/yoast.com\/product\/yoast-seo-wordpress\/ -->\n<title>Petits Pains - deliciouswithout.com<\/title>\n<meta name=\"robots\" content=\"index, follow, max-snippet:-1, max-image-preview:large, max-video-preview:-1\" \/>\n<link rel=\"canonical\" href=\"http:\/\/www.deliciouswithout.com\/fr\/pain\/dinner-rolls\/\" \/>\n<meta property=\"og:locale\" content=\"fr_FR\" \/>\n<meta property=\"og:type\" content=\"article\" \/>\n<meta property=\"og:title\" content=\"Petits Pains - deliciouswithout.com\" \/>\n<meta property=\"og:url\" content=\"http:\/\/www.deliciouswithout.com\/fr\/pain\/dinner-rolls\/\" \/>\n<meta property=\"og:site_name\" content=\"deliciouswithout.com\" \/>\n<meta property=\"article:modified_time\" content=\"2017-02-24T23:38:53+00:00\" \/>\n<meta property=\"og:image\" content=\"http:\/\/www.deliciouswithout.com\/wp-content\/uploads\/2017\/02\/D15_5189.jpg\" \/>\n<meta name=\"twitter:label1\" content=\"Dur\u00e9e de lecture estim\u00e9e\" \/>\n\t<meta name=\"twitter:data1\" content=\"1 minute\" \/>\n<script type=\"application\/ld+json\" class=\"yoast-schema-graph\">{\"@context\":\"https:\\\/\\\/schema.org\",\"@graph\":[{\"@type\":\"WebPage\",\"@id\":\"http:\\\/\\\/www.deliciouswithout.com\\\/fr\\\/pain\\\/dinner-rolls\\\/\",\"url\":\"http:\\\/\\\/www.deliciouswithout.com\\\/fr\\\/pain\\\/dinner-rolls\\\/\",\"name\":\"Petits Pains - deliciouswithout.com\",\"isPartOf\":{\"@id\":\"http:\\\/\\\/www.deliciouswithout.com\\\/#website\"},\"primaryImageOfPage\":{\"@id\":\"http:\\\/\\\/www.deliciouswithout.com\\\/fr\\\/pain\\\/dinner-rolls\\\/#primaryimage\"},\"image\":{\"@id\":\"http:\\\/\\\/www.deliciouswithout.com\\\/fr\\\/pain\\\/dinner-rolls\\\/#primaryimage\"},\"thumbnailUrl\":\"http:\\\/\\\/www.deliciouswithout.com\\\/wp-content\\\/uploads\\\/2017\\\/02\\\/D15_5189.jpg\",\"datePublished\":\"2017-02-22T00:00:41+00:00\",\"dateModified\":\"2017-02-24T23:38:53+00:00\",\"breadcrumb\":{\"@id\":\"http:\\\/\\\/www.deliciouswithout.com\\\/fr\\\/pain\\\/dinner-rolls\\\/#breadcrumb\"},\"inLanguage\":\"fr-FR\",\"potentialAction\":[{\"@type\":\"ReadAction\",\"target\":[\"http:\\\/\\\/www.deliciouswithout.com\\\/fr\\\/pain\\\/dinner-rolls\\\/\"]}]},{\"@type\":\"ImageObject\",\"inLanguage\":\"fr-FR\",\"@id\":\"http:\\\/\\\/www.deliciouswithout.com\\\/fr\\\/pain\\\/dinner-rolls\\\/#primaryimage\",\"url\":\"http:\\\/\\\/www.deliciouswithout.com\\\/wp-content\\\/uploads\\\/2017\\\/02\\\/D15_5189.jpg\",\"contentUrl\":\"http:\\\/\\\/www.deliciouswithout.com\\\/wp-content\\\/uploads\\\/2017\\\/02\\\/D15_5189.jpg\"},{\"@type\":\"BreadcrumbList\",\"@id\":\"http:\\\/\\\/www.deliciouswithout.com\\\/fr\\\/pain\\\/dinner-rolls\\\/#breadcrumb\",\"itemListElement\":[{\"@type\":\"ListItem\",\"position\":1,\"name\":\"Accueil\",\"item\":\"https:\\\/\\\/www.deliciouswithout.com\\\/fr\\\/\"},{\"@type\":\"ListItem\",\"position\":2,\"name\":\"Pain\",\"item\":\"http:\\\/\\\/www.deliciouswithout.com\\\/fr\\\/pain\\\/\"},{\"@type\":\"ListItem\",\"position\":3,\"name\":\"Petits Pains\"}]},{\"@type\":\"WebSite\",\"@id\":\"http:\\\/\\\/www.deliciouswithout.com\\\/#website\",\"url\":\"http:\\\/\\\/www.deliciouswithout.com\\\/\",\"name\":\"deliciouswithout.com\",\"description\":\"D\u00e9licieux Sans Gluten, Produits Latiers, Arachides, Noix\",\"potentialAction\":[{\"@type\":\"SearchAction\",\"target\":{\"@type\":\"EntryPoint\",\"urlTemplate\":\"http:\\\/\\\/www.deliciouswithout.com\\\/?s={search_term_string}\"},\"query-input\":{\"@type\":\"PropertyValueSpecification\",\"valueRequired\":true,\"valueName\":\"search_term_string\"}}],\"inLanguage\":\"fr-FR\"}]}<\/script>\n<!-- \/ Yoast SEO plugin. -->","yoast_head_json":{"title":"Petits Pains - deliciouswithout.com","robots":{"index":"index","follow":"follow","max-snippet":"max-snippet:-1","max-image-preview":"max-image-preview:large","max-video-preview":"max-video-preview:-1"},"canonical":"http:\/\/www.deliciouswithout.com\/fr\/pain\/dinner-rolls\/","og_locale":"fr_FR","og_type":"article","og_title":"Petits Pains - deliciouswithout.com","og_url":"http:\/\/www.deliciouswithout.com\/fr\/pain\/dinner-rolls\/","og_site_name":"deliciouswithout.com","article_modified_time":"2017-02-24T23:38:53+00:00","og_image":[{"url":"http:\/\/www.deliciouswithout.com\/wp-content\/uploads\/2017\/02\/D15_5189.jpg","type":"","width":"","height":""}],"twitter_misc":{"Dur\u00e9e de lecture estim\u00e9e":"1 minute"},"schema":{"@context":"https:\/\/schema.org","@graph":[{"@type":"WebPage","@id":"http:\/\/www.deliciouswithout.com\/fr\/pain\/dinner-rolls\/","url":"http:\/\/www.deliciouswithout.com\/fr\/pain\/dinner-rolls\/","name":"Petits Pains - deliciouswithout.com","isPartOf":{"@id":"http:\/\/www.deliciouswithout.com\/#website"},"primaryImageOfPage":{"@id":"http:\/\/www.deliciouswithout.com\/fr\/pain\/dinner-rolls\/#primaryimage"},"image":{"@id":"http:\/\/www.deliciouswithout.com\/fr\/pain\/dinner-rolls\/#primaryimage"},"thumbnailUrl":"http:\/\/www.deliciouswithout.com\/wp-content\/uploads\/2017\/02\/D15_5189.jpg","datePublished":"2017-02-22T00:00:41+00:00","dateModified":"2017-02-24T23:38:53+00:00","breadcrumb":{"@id":"http:\/\/www.deliciouswithout.com\/fr\/pain\/dinner-rolls\/#breadcrumb"},"inLanguage":"fr-FR","potentialAction":[{"@type":"ReadAction","target":["http:\/\/www.deliciouswithout.com\/fr\/pain\/dinner-rolls\/"]}]},{"@type":"ImageObject","inLanguage":"fr-FR","@id":"http:\/\/www.deliciouswithout.com\/fr\/pain\/dinner-rolls\/#primaryimage","url":"http:\/\/www.deliciouswithout.com\/wp-content\/uploads\/2017\/02\/D15_5189.jpg","contentUrl":"http:\/\/www.deliciouswithout.com\/wp-content\/uploads\/2017\/02\/D15_5189.jpg"},{"@type":"BreadcrumbList","@id":"http:\/\/www.deliciouswithout.com\/fr\/pain\/dinner-rolls\/#breadcrumb","itemListElement":[{"@type":"ListItem","position":1,"name":"Accueil","item":"https:\/\/www.deliciouswithout.com\/fr\/"},{"@type":"ListItem","position":2,"name":"Pain","item":"http:\/\/www.deliciouswithout.com\/fr\/pain\/"},{"@type":"ListItem","position":3,"name":"Petits Pains"}]},{"@type":"WebSite","@id":"http:\/\/www.deliciouswithout.com\/#website","url":"http:\/\/www.deliciouswithout.com\/","name":"deliciouswithout.com","description":"D\u00e9licieux Sans Gluten, Produits Latiers, Arachides, Noix","potentialAction":[{"@type":"SearchAction","target":{"@type":"EntryPoint","urlTemplate":"http:\/\/www.deliciouswithout.com\/?s={search_term_string}"},"query-input":{"@type":"PropertyValueSpecification","valueRequired":true,"valueName":"search_term_string"}}],"inLanguage":"fr-FR"}]}},"_links":{"self":[{"href":"https:\/\/www.deliciouswithout.com\/fr\/wp-json\/wp\/v2\/pages\/5977","targetHints":{"allow":["GET"]}}],"collection":[{"href":"https:\/\/www.deliciouswithout.com\/fr\/wp-json\/wp\/v2\/pages"}],"about":[{"href":"https:\/\/www.deliciouswithout.com\/fr\/wp-json\/wp\/v2\/types\/page"}],"author":[{"embeddable":true,"href":"https:\/\/www.deliciouswithout.com\/fr\/wp-json\/wp\/v2\/users\/1"}],"replies":[{"embeddable":true,"href":"https:\/\/www.deliciouswithout.com\/fr\/wp-json\/wp\/v2\/comments?post=5977"}],"version-history":[{"count":0,"href":"https:\/\/www.deliciouswithout.com\/fr\/wp-json\/wp\/v2\/pages\/5977\/revisions"}],"up":[{"embeddable":true,"href":"https:\/\/www.deliciouswithout.com\/fr\/wp-json\/wp\/v2\/pages\/5023"}],"wp:attachment":[{"href":"https:\/\/www.deliciouswithout.com\/fr\/wp-json\/wp\/v2\/media?parent=5977"}],"curies":[{"name":"wp","href":"https:\/\/api.w.org\/{rel}","templated":true}]}}