{"id":5988,"date":"2017-02-21T19:08:47","date_gmt":"2017-02-22T00:08:47","guid":{"rendered":"http:\/\/www.deliciouswithout.com\/fr\/?page_id=5988"},"modified":"2017-02-24T18:38:52","modified_gmt":"2017-02-24T23:38:52","slug":"breadsticks","status":"publish","type":"page","link":"https:\/\/www.deliciouswithout.com\/fr\/pain\/breadsticks\/","title":{"rendered":"B\u00e2tonnets de pain"},"content":{"rendered":"<div class=\"fusion-fullwidth fullwidth-box fusion-builder-row-1 hundred-percent-fullwidth non-hundred-percent-height-scrolling\" style=\"--awb-border-radius-top-left:0px;--awb-border-radius-top-right:0px;--awb-border-radius-bottom-right:0px;--awb-border-radius-bottom-left:0px;--awb-overflow:visible;--awb-flex-wrap:wrap;\" ><div class=\"fusion-builder-row fusion-row\"><div class=\"fusion-layout-column fusion_builder_column fusion-builder-column-0 fusion_builder_column_1_1 1_1 fusion-one-full fusion-column-first fusion-column-last fusion-column-no-min-height\" style=\"--awb-bg-size:cover;--awb-margin-bottom:0px;\"><div class=\"fusion-column-wrapper fusion-flex-column-wrapper-legacy\"><div class=\"fusion-text fusion-text-1\"><p><img decoding=\"async\" class=\"alignnone size-full wp-image-5982\" src=\"http:\/\/www.deliciouswithout.com\/wp-content\/uploads\/2017\/02\/D15_5161.jpg\" alt=\"D15_5161\" width=\"494\" height=\"1016\" srcset=\"https:\/\/www.deliciouswithout.com\/wp-content\/uploads\/2017\/02\/D15_5161-146x300.jpg 146w, https:\/\/www.deliciouswithout.com\/wp-content\/uploads\/2017\/02\/D15_5161-200x411.jpg 200w, https:\/\/www.deliciouswithout.com\/wp-content\/uploads\/2017\/02\/D15_5161-400x823.jpg 400w, https:\/\/www.deliciouswithout.com\/wp-content\/uploads\/2017\/02\/D15_5161.jpg 494w\" sizes=\"(max-width: 494px) 100vw, 494px\" \/><\/p>\n<h2><span style=\"color: #800000;\"><strong>B\u00e2tonnets de pain 360 g (12 unites)<br \/>\n<\/strong><\/span><\/h2>\n<p><strong>INGR\u00c9DIENTS<\/strong> : M\u00e9lange d\u2019amidon sans gluten sans OGM (amidon de tapioca modifi\u00e9, amidon de ma\u00efs, f\u00e9cule de pomme de terre), eau, farine de sorgho, huile de canola sans OGM, \u0153ufs entiers liquide, sucre de canne biologique, levure instantan\u00e9e, gomme xanthane, sel, vinaigre de cidre de pomme. CONTIENT DES \u0152UFS.<\/p>\n<p>UPC: 838068001277<strong><img decoding=\"async\" class=\"alignright size-full wp-image-4763\" src=\"http:\/\/www.deliciouswithout.com\/wp-content\/uploads\/2012\/09\/parev.png\" alt=\"parev\" width=\"175\" height=\"175\" srcset=\"https:\/\/www.deliciouswithout.com\/wp-content\/uploads\/2012\/09\/parev-66x66.png 66w, https:\/\/www.deliciouswithout.com\/wp-content\/uploads\/2012\/09\/parev-100x100.png 100w, https:\/\/www.deliciouswithout.com\/wp-content\/uploads\/2012\/09\/parev-150x150.png 150w, https:\/\/www.deliciouswithout.com\/wp-content\/uploads\/2012\/09\/parev.png 175w\" sizes=\"(max-width: 175px) 100vw, 175px\" \/><\/strong><\/p>\n<p><img decoding=\"async\" class=\"alignnone wp-image-5984\" src=\"http:\/\/www.deliciouswithout.com\/wp-content\/uploads\/2017\/02\/breadstickNFT.jpg\" alt=\"breadstickPDF\" width=\"494\" height=\"783\" srcset=\"https:\/\/www.deliciouswithout.com\/wp-content\/uploads\/2017\/02\/breadstickNFT-189x300.jpg 189w, https:\/\/www.deliciouswithout.com\/wp-content\/uploads\/2017\/02\/breadstickNFT-200x317.jpg 200w, https:\/\/www.deliciouswithout.com\/wp-content\/uploads\/2017\/02\/breadstickNFT-400x634.jpg 400w, https:\/\/www.deliciouswithout.com\/wp-content\/uploads\/2017\/02\/breadstickNFT-500x792.jpg 500w, https:\/\/www.deliciouswithout.com\/wp-content\/uploads\/2017\/02\/breadstickNFT-600x950.jpg 600w, https:\/\/www.deliciouswithout.com\/wp-content\/uploads\/2017\/02\/breadstickNFT.jpg 630w\" sizes=\"(max-width: 494px) 100vw, 494px\" \/><\/p>\n<\/div><div class=\"fusion-clearfix\"><\/div><\/div><\/div><\/div><\/div>\n","protected":false},"excerpt":{"rendered":"","protected":false},"author":1,"featured_media":0,"parent":5023,"menu_order":0,"comment_status":"closed","ping_status":"closed","template":"","meta":{"_acf_changed":false,"wprm-recipe-roundup-name":"","wprm-recipe-roundup-description":"","footnotes":""},"class_list":["post-5988","page","type-page","status-publish","hentry"],"acf":[],"yoast_head":"<!-- This site is optimized with the Yoast SEO plugin v27.3 - https:\/\/yoast.com\/product\/yoast-seo-wordpress\/ -->\n<title>B\u00e2tonnets de pain - deliciouswithout.com<\/title>\n<meta name=\"robots\" content=\"index, follow, max-snippet:-1, max-image-preview:large, max-video-preview:-1\" \/>\n<link rel=\"canonical\" href=\"https:\/\/www.deliciouswithout.com\/fr\/pain\/breadsticks\/\" \/>\n<meta property=\"og:locale\" content=\"fr_FR\" \/>\n<meta property=\"og:type\" content=\"article\" \/>\n<meta property=\"og:title\" content=\"B\u00e2tonnets de pain - deliciouswithout.com\" \/>\n<meta property=\"og:url\" content=\"https:\/\/www.deliciouswithout.com\/fr\/pain\/breadsticks\/\" \/>\n<meta property=\"og:site_name\" content=\"deliciouswithout.com\" \/>\n<meta property=\"article:modified_time\" content=\"2017-02-24T23:38:52+00:00\" \/>\n<meta property=\"og:image\" content=\"http:\/\/www.deliciouswithout.com\/wp-content\/uploads\/2017\/02\/D15_5161.jpg\" \/>\n<meta name=\"twitter:label1\" content=\"Dur\u00e9e de lecture estim\u00e9e\" \/>\n\t<meta name=\"twitter:data1\" content=\"1 minute\" \/>\n<script type=\"application\/ld+json\" class=\"yoast-schema-graph\">{\"@context\":\"https:\\\/\\\/schema.org\",\"@graph\":[{\"@type\":\"WebPage\",\"@id\":\"https:\\\/\\\/www.deliciouswithout.com\\\/fr\\\/pain\\\/breadsticks\\\/\",\"url\":\"https:\\\/\\\/www.deliciouswithout.com\\\/fr\\\/pain\\\/breadsticks\\\/\",\"name\":\"B\u00e2tonnets de pain - deliciouswithout.com\",\"isPartOf\":{\"@id\":\"http:\\\/\\\/www.deliciouswithout.com\\\/#website\"},\"primaryImageOfPage\":{\"@id\":\"https:\\\/\\\/www.deliciouswithout.com\\\/fr\\\/pain\\\/breadsticks\\\/#primaryimage\"},\"image\":{\"@id\":\"https:\\\/\\\/www.deliciouswithout.com\\\/fr\\\/pain\\\/breadsticks\\\/#primaryimage\"},\"thumbnailUrl\":\"http:\\\/\\\/www.deliciouswithout.com\\\/wp-content\\\/uploads\\\/2017\\\/02\\\/D15_5161.jpg\",\"datePublished\":\"2017-02-22T00:08:47+00:00\",\"dateModified\":\"2017-02-24T23:38:52+00:00\",\"breadcrumb\":{\"@id\":\"https:\\\/\\\/www.deliciouswithout.com\\\/fr\\\/pain\\\/breadsticks\\\/#breadcrumb\"},\"inLanguage\":\"fr-FR\",\"potentialAction\":[{\"@type\":\"ReadAction\",\"target\":[\"https:\\\/\\\/www.deliciouswithout.com\\\/fr\\\/pain\\\/breadsticks\\\/\"]}]},{\"@type\":\"ImageObject\",\"inLanguage\":\"fr-FR\",\"@id\":\"https:\\\/\\\/www.deliciouswithout.com\\\/fr\\\/pain\\\/breadsticks\\\/#primaryimage\",\"url\":\"http:\\\/\\\/www.deliciouswithout.com\\\/wp-content\\\/uploads\\\/2017\\\/02\\\/D15_5161.jpg\",\"contentUrl\":\"http:\\\/\\\/www.deliciouswithout.com\\\/wp-content\\\/uploads\\\/2017\\\/02\\\/D15_5161.jpg\"},{\"@type\":\"BreadcrumbList\",\"@id\":\"https:\\\/\\\/www.deliciouswithout.com\\\/fr\\\/pain\\\/breadsticks\\\/#breadcrumb\",\"itemListElement\":[{\"@type\":\"ListItem\",\"position\":1,\"name\":\"Accueil\",\"item\":\"https:\\\/\\\/www.deliciouswithout.com\\\/fr\\\/\"},{\"@type\":\"ListItem\",\"position\":2,\"name\":\"Pain\",\"item\":\"http:\\\/\\\/www.deliciouswithout.com\\\/fr\\\/pain\\\/\"},{\"@type\":\"ListItem\",\"position\":3,\"name\":\"B\u00e2tonnets de pain\"}]},{\"@type\":\"WebSite\",\"@id\":\"http:\\\/\\\/www.deliciouswithout.com\\\/#website\",\"url\":\"http:\\\/\\\/www.deliciouswithout.com\\\/\",\"name\":\"deliciouswithout.com\",\"description\":\"D\u00e9licieux Sans Gluten, Produits Latiers, Arachides, Noix\",\"potentialAction\":[{\"@type\":\"SearchAction\",\"target\":{\"@type\":\"EntryPoint\",\"urlTemplate\":\"http:\\\/\\\/www.deliciouswithout.com\\\/?s={search_term_string}\"},\"query-input\":{\"@type\":\"PropertyValueSpecification\",\"valueRequired\":true,\"valueName\":\"search_term_string\"}}],\"inLanguage\":\"fr-FR\"}]}<\/script>\n<!-- \/ Yoast SEO plugin. -->","yoast_head_json":{"title":"B\u00e2tonnets de pain - deliciouswithout.com","robots":{"index":"index","follow":"follow","max-snippet":"max-snippet:-1","max-image-preview":"max-image-preview:large","max-video-preview":"max-video-preview:-1"},"canonical":"https:\/\/www.deliciouswithout.com\/fr\/pain\/breadsticks\/","og_locale":"fr_FR","og_type":"article","og_title":"B\u00e2tonnets de pain - deliciouswithout.com","og_url":"https:\/\/www.deliciouswithout.com\/fr\/pain\/breadsticks\/","og_site_name":"deliciouswithout.com","article_modified_time":"2017-02-24T23:38:52+00:00","og_image":[{"url":"http:\/\/www.deliciouswithout.com\/wp-content\/uploads\/2017\/02\/D15_5161.jpg","type":"","width":"","height":""}],"twitter_misc":{"Dur\u00e9e de lecture estim\u00e9e":"1 minute"},"schema":{"@context":"https:\/\/schema.org","@graph":[{"@type":"WebPage","@id":"https:\/\/www.deliciouswithout.com\/fr\/pain\/breadsticks\/","url":"https:\/\/www.deliciouswithout.com\/fr\/pain\/breadsticks\/","name":"B\u00e2tonnets de pain - deliciouswithout.com","isPartOf":{"@id":"http:\/\/www.deliciouswithout.com\/#website"},"primaryImageOfPage":{"@id":"https:\/\/www.deliciouswithout.com\/fr\/pain\/breadsticks\/#primaryimage"},"image":{"@id":"https:\/\/www.deliciouswithout.com\/fr\/pain\/breadsticks\/#primaryimage"},"thumbnailUrl":"http:\/\/www.deliciouswithout.com\/wp-content\/uploads\/2017\/02\/D15_5161.jpg","datePublished":"2017-02-22T00:08:47+00:00","dateModified":"2017-02-24T23:38:52+00:00","breadcrumb":{"@id":"https:\/\/www.deliciouswithout.com\/fr\/pain\/breadsticks\/#breadcrumb"},"inLanguage":"fr-FR","potentialAction":[{"@type":"ReadAction","target":["https:\/\/www.deliciouswithout.com\/fr\/pain\/breadsticks\/"]}]},{"@type":"ImageObject","inLanguage":"fr-FR","@id":"https:\/\/www.deliciouswithout.com\/fr\/pain\/breadsticks\/#primaryimage","url":"http:\/\/www.deliciouswithout.com\/wp-content\/uploads\/2017\/02\/D15_5161.jpg","contentUrl":"http:\/\/www.deliciouswithout.com\/wp-content\/uploads\/2017\/02\/D15_5161.jpg"},{"@type":"BreadcrumbList","@id":"https:\/\/www.deliciouswithout.com\/fr\/pain\/breadsticks\/#breadcrumb","itemListElement":[{"@type":"ListItem","position":1,"name":"Accueil","item":"https:\/\/www.deliciouswithout.com\/fr\/"},{"@type":"ListItem","position":2,"name":"Pain","item":"http:\/\/www.deliciouswithout.com\/fr\/pain\/"},{"@type":"ListItem","position":3,"name":"B\u00e2tonnets de pain"}]},{"@type":"WebSite","@id":"http:\/\/www.deliciouswithout.com\/#website","url":"http:\/\/www.deliciouswithout.com\/","name":"deliciouswithout.com","description":"D\u00e9licieux Sans Gluten, Produits Latiers, Arachides, Noix","potentialAction":[{"@type":"SearchAction","target":{"@type":"EntryPoint","urlTemplate":"http:\/\/www.deliciouswithout.com\/?s={search_term_string}"},"query-input":{"@type":"PropertyValueSpecification","valueRequired":true,"valueName":"search_term_string"}}],"inLanguage":"fr-FR"}]}},"_links":{"self":[{"href":"https:\/\/www.deliciouswithout.com\/fr\/wp-json\/wp\/v2\/pages\/5988","targetHints":{"allow":["GET"]}}],"collection":[{"href":"https:\/\/www.deliciouswithout.com\/fr\/wp-json\/wp\/v2\/pages"}],"about":[{"href":"https:\/\/www.deliciouswithout.com\/fr\/wp-json\/wp\/v2\/types\/page"}],"author":[{"embeddable":true,"href":"https:\/\/www.deliciouswithout.com\/fr\/wp-json\/wp\/v2\/users\/1"}],"replies":[{"embeddable":true,"href":"https:\/\/www.deliciouswithout.com\/fr\/wp-json\/wp\/v2\/comments?post=5988"}],"version-history":[{"count":0,"href":"https:\/\/www.deliciouswithout.com\/fr\/wp-json\/wp\/v2\/pages\/5988\/revisions"}],"up":[{"embeddable":true,"href":"https:\/\/www.deliciouswithout.com\/fr\/wp-json\/wp\/v2\/pages\/5023"}],"wp:attachment":[{"href":"https:\/\/www.deliciouswithout.com\/fr\/wp-json\/wp\/v2\/media?parent=5988"}],"curies":[{"name":"wp","href":"https:\/\/api.w.org\/{rel}","templated":true}]}}