{"id":6020,"date":"2017-02-21T19:45:30","date_gmt":"2017-02-22T00:45:30","guid":{"rendered":"http:\/\/www.deliciouswithout.com\/fr\/?page_id=6020"},"modified":"2017-02-24T18:38:52","modified_gmt":"2017-02-24T23:38:52","slug":"pizza-aux-tomates","status":"publish","type":"page","link":"https:\/\/www.deliciouswithout.com\/fr\/pain\/pizza-aux-tomates\/","title":{"rendered":"Pizza aux tomates"},"content":{"rendered":"<div class=\"fusion-fullwidth fullwidth-box fusion-builder-row-1 hundred-percent-fullwidth non-hundred-percent-height-scrolling\" style=\"--awb-border-radius-top-left:0px;--awb-border-radius-top-right:0px;--awb-border-radius-bottom-right:0px;--awb-border-radius-bottom-left:0px;--awb-overflow:visible;--awb-flex-wrap:wrap;\" ><div class=\"fusion-builder-row fusion-row\"><div class=\"fusion-layout-column fusion_builder_column fusion-builder-column-0 fusion_builder_column_1_2 1_2 fusion-one-half fusion-column-first\" style=\"--awb-bg-size:cover;width:48%; margin-right: 4%;\"><div class=\"fusion-column-wrapper fusion-flex-column-wrapper-legacy\"><div class=\"fusion-text fusion-text-1\"><p><span style=\"color: #800000;\"><strong><img decoding=\"async\" class=\"alignnone size-full wp-image-6011\" src=\"http:\/\/www.deliciouswithout.com\/wp-content\/uploads\/2017\/02\/D15_5171.jpg\" alt=\"D15_5171\" width=\"511\" height=\"684\" srcset=\"https:\/\/www.deliciouswithout.com\/wp-content\/uploads\/2017\/02\/D15_5171-200x268.jpg 200w, https:\/\/www.deliciouswithout.com\/wp-content\/uploads\/2017\/02\/D15_5171-224x300.jpg 224w, https:\/\/www.deliciouswithout.com\/wp-content\/uploads\/2017\/02\/D15_5171-400x535.jpg 400w, https:\/\/www.deliciouswithout.com\/wp-content\/uploads\/2017\/02\/D15_5171-500x669.jpg 500w, https:\/\/www.deliciouswithout.com\/wp-content\/uploads\/2017\/02\/D15_5171.jpg 511w\" sizes=\"(max-width: 511px) 100vw, 511px\" \/>\u00a0<\/strong><\/span><\/p>\n<h2><span style=\"color: #800000;\"><strong>Pizza aux tomates v\u00e9g\u00e9talien 288 g<br \/>\n<\/strong><\/span><\/h2>\n<p><strong>INGR\u00c9DIENTS :<\/strong> Eau, m\u00e9lange d\u2019amidon sans gluten sans OGM (amidon de tapioca modifi\u00e9, amidon de ma\u00efs, f\u00e9cule de pomme de terre), sauce pour pizza (tomates broy\u00e9es, sel de mer, sucre, huile d&rsquo;olive extra vierge, huile de tournesol, \u00e9pices, ail d\u00e9shydrat\u00e9, acide citrique), tomates (tomates, jus de tomate, sel, chlorure de calcium, acide citrique), farine de riz brun, huile de canola, farine de sorgho, huile d&rsquo;olive extra vierge biologique, sucre de canne biologique, levure instantan\u00e9e, gomme xanthane, sel, vinaigre de cidre de pomme.<\/p>\n<p>UPC: 838068001383<\/p>\n<p><img decoding=\"async\" class=\"size-full wp-image-4763 alignnone\" src=\"http:\/\/www.deliciouswithout.com\/wp-content\/uploads\/2012\/09\/parev.png\" alt=\"parev\" width=\"175\" height=\"175\" srcset=\"https:\/\/www.deliciouswithout.com\/wp-content\/uploads\/2012\/09\/parev-66x66.png 66w, https:\/\/www.deliciouswithout.com\/wp-content\/uploads\/2012\/09\/parev-100x100.png 100w, https:\/\/www.deliciouswithout.com\/wp-content\/uploads\/2012\/09\/parev-150x150.png 150w, https:\/\/www.deliciouswithout.com\/wp-content\/uploads\/2012\/09\/parev.png 175w\" sizes=\"(max-width: 175px) 100vw, 175px\" \/><\/p>\n<p><img decoding=\"async\" class=\"alignnone wp-image-6013\" src=\"http:\/\/www.deliciouswithout.com\/wp-content\/uploads\/2017\/02\/VeganpizzaNFT.jpg\" alt=\"VeganpizzaNFT\" width=\"476\" height=\"745\" \/><\/p>\n<\/div><div class=\"fusion-clearfix\"><\/div><\/div><\/div><div class=\"fusion-layout-column fusion_builder_column fusion-builder-column-1 fusion_builder_column_1_2 1_2 fusion-one-half fusion-column-last\" style=\"--awb-bg-size:cover;width:48%;\"><div class=\"fusion-column-wrapper fusion-flex-column-wrapper-legacy\"><div class=\"fusion-text fusion-text-2\"><p><span style=\"color: #800000;\"><strong><img decoding=\"async\" class=\"alignnone size-full wp-image-6015\" src=\"http:\/\/www.deliciouswithout.com\/wp-content\/uploads\/2017\/02\/D15_5172.jpg\" alt=\"D15_5172\" width=\"551\" height=\"716\" srcset=\"https:\/\/www.deliciouswithout.com\/wp-content\/uploads\/2017\/02\/D15_5172-200x260.jpg 200w, https:\/\/www.deliciouswithout.com\/wp-content\/uploads\/2017\/02\/D15_5172-231x300.jpg 231w, https:\/\/www.deliciouswithout.com\/wp-content\/uploads\/2017\/02\/D15_5172-400x520.jpg 400w, https:\/\/www.deliciouswithout.com\/wp-content\/uploads\/2017\/02\/D15_5172-500x650.jpg 500w, https:\/\/www.deliciouswithout.com\/wp-content\/uploads\/2017\/02\/D15_5172.jpg 551w\" sizes=\"(max-width: 551px) 100vw, 551px\" \/>\u00a0<\/strong><\/span><\/p>\n<h2><span style=\"color: #800000;\"><strong>Pizza aux tomates 291 g <\/strong><\/span><\/h2>\n<p><strong>INGR\u00c9DIENTS :<\/strong> Eau, m\u00e9lange d\u2019amidon sans gluten sans OGM (amidon de tapioca modifi\u00e9, amidon de ma\u00efs, f\u00e9cule de pomme de terre), sauce pour pizza (tomates broy\u00e9es, sel de mer, sucre, huile d&rsquo;olive extra vierge, huile de tournesol, \u00e9pices, ail d\u00e9shydrat\u00e9, acide citrique), tomates (tomates, jus de tomate, sel, chlorure de calcium, acide citrique), farine de riz brun, \u0153ufs entiers liquides, huile de canola, farine de sorgho, huile d&rsquo;olive extra vierge biologique, sucre biologique, levure instantan\u00e9e, gomme xanthane, sel, vinaigre de cidre de pomme. CONTIENT DES \u0152UFS.<\/p>\n<p>UPC: 838068001376<\/p>\n<p><img decoding=\"async\" class=\"size-full wp-image-4763 alignnone\" src=\"http:\/\/www.deliciouswithout.com\/wp-content\/uploads\/2012\/09\/parev.png\" alt=\"parev\" width=\"175\" height=\"175\" srcset=\"https:\/\/www.deliciouswithout.com\/wp-content\/uploads\/2012\/09\/parev-66x66.png 66w, https:\/\/www.deliciouswithout.com\/wp-content\/uploads\/2012\/09\/parev-100x100.png 100w, https:\/\/www.deliciouswithout.com\/wp-content\/uploads\/2012\/09\/parev-150x150.png 150w, https:\/\/www.deliciouswithout.com\/wp-content\/uploads\/2012\/09\/parev.png 175w\" sizes=\"(max-width: 175px) 100vw, 175px\" \/><\/p>\n<p><img decoding=\"async\" class=\"alignnone wp-image-6017\" src=\"http:\/\/www.deliciouswithout.com\/wp-content\/uploads\/2017\/02\/pizzaNFT.jpg\" alt=\"pizzaNFT\" width=\"502\" height=\"772\" srcset=\"https:\/\/www.deliciouswithout.com\/wp-content\/uploads\/2017\/02\/pizzaNFT-195x300.jpg 195w, https:\/\/www.deliciouswithout.com\/wp-content\/uploads\/2017\/02\/pizzaNFT-200x308.jpg 200w, https:\/\/www.deliciouswithout.com\/wp-content\/uploads\/2017\/02\/pizzaNFT-400x615.jpg 400w, https:\/\/www.deliciouswithout.com\/wp-content\/uploads\/2017\/02\/pizzaNFT-500x769.jpg 500w, https:\/\/www.deliciouswithout.com\/wp-content\/uploads\/2017\/02\/pizzaNFT-600x923.jpg 600w, https:\/\/www.deliciouswithout.com\/wp-content\/uploads\/2017\/02\/pizzaNFT.jpg 622w\" sizes=\"(max-width: 502px) 100vw, 502px\" \/><\/p>\n<\/div><div class=\"fusion-clearfix\"><\/div><\/div><\/div><\/div><\/div>\n","protected":false},"excerpt":{"rendered":"","protected":false},"author":1,"featured_media":0,"parent":5023,"menu_order":0,"comment_status":"closed","ping_status":"closed","template":"","meta":{"_acf_changed":false,"wprm-recipe-roundup-name":"","wprm-recipe-roundup-description":"","footnotes":""},"class_list":["post-6020","page","type-page","status-publish","hentry"],"acf":[],"yoast_head":"<!-- This site is optimized with the Yoast SEO plugin v27.3 - https:\/\/yoast.com\/product\/yoast-seo-wordpress\/ -->\n<title>Pizza aux tomates - deliciouswithout.com<\/title>\n<meta name=\"robots\" content=\"index, follow, max-snippet:-1, max-image-preview:large, max-video-preview:-1\" \/>\n<link rel=\"canonical\" href=\"http:\/\/www.deliciouswithout.com\/bread\/tomato-pizza\/\" \/>\n<meta property=\"og:locale\" content=\"fr_FR\" \/>\n<meta property=\"og:type\" content=\"article\" \/>\n<meta property=\"og:title\" content=\"Pizza aux tomates - deliciouswithout.com\" \/>\n<meta property=\"og:url\" content=\"http:\/\/www.deliciouswithout.com\/bread\/tomato-pizza\/\" \/>\n<meta property=\"og:site_name\" content=\"deliciouswithout.com\" \/>\n<meta property=\"article:modified_time\" content=\"2017-02-24T23:38:52+00:00\" \/>\n<meta property=\"og:image\" content=\"http:\/\/www.deliciouswithout.com\/wp-content\/uploads\/2017\/02\/D15_5171.jpg\" \/>\n<meta name=\"twitter:label1\" content=\"Dur\u00e9e de lecture estim\u00e9e\" \/>\n\t<meta name=\"twitter:data1\" content=\"2 minutes\" \/>\n<script type=\"application\/ld+json\" class=\"yoast-schema-graph\">{\"@context\":\"https:\\\/\\\/schema.org\",\"@graph\":[{\"@type\":\"WebPage\",\"@id\":\"http:\\\/\\\/www.deliciouswithout.com\\\/bread\\\/tomato-pizza\\\/\",\"url\":\"http:\\\/\\\/www.deliciouswithout.com\\\/bread\\\/tomato-pizza\\\/\",\"name\":\"Pizza aux tomates - deliciouswithout.com\",\"isPartOf\":{\"@id\":\"http:\\\/\\\/www.deliciouswithout.com\\\/#website\"},\"primaryImageOfPage\":{\"@id\":\"http:\\\/\\\/www.deliciouswithout.com\\\/bread\\\/tomato-pizza\\\/#primaryimage\"},\"image\":{\"@id\":\"http:\\\/\\\/www.deliciouswithout.com\\\/bread\\\/tomato-pizza\\\/#primaryimage\"},\"thumbnailUrl\":\"http:\\\/\\\/www.deliciouswithout.com\\\/wp-content\\\/uploads\\\/2017\\\/02\\\/D15_5171.jpg\",\"datePublished\":\"2017-02-22T00:45:30+00:00\",\"dateModified\":\"2017-02-24T23:38:52+00:00\",\"breadcrumb\":{\"@id\":\"http:\\\/\\\/www.deliciouswithout.com\\\/bread\\\/tomato-pizza\\\/#breadcrumb\"},\"inLanguage\":\"fr-FR\",\"potentialAction\":[{\"@type\":\"ReadAction\",\"target\":[\"http:\\\/\\\/www.deliciouswithout.com\\\/bread\\\/tomato-pizza\\\/\"]}]},{\"@type\":\"ImageObject\",\"inLanguage\":\"fr-FR\",\"@id\":\"http:\\\/\\\/www.deliciouswithout.com\\\/bread\\\/tomato-pizza\\\/#primaryimage\",\"url\":\"http:\\\/\\\/www.deliciouswithout.com\\\/wp-content\\\/uploads\\\/2017\\\/02\\\/D15_5171.jpg\",\"contentUrl\":\"http:\\\/\\\/www.deliciouswithout.com\\\/wp-content\\\/uploads\\\/2017\\\/02\\\/D15_5171.jpg\"},{\"@type\":\"BreadcrumbList\",\"@id\":\"http:\\\/\\\/www.deliciouswithout.com\\\/bread\\\/tomato-pizza\\\/#breadcrumb\",\"itemListElement\":[{\"@type\":\"ListItem\",\"position\":1,\"name\":\"Accueil\",\"item\":\"https:\\\/\\\/www.deliciouswithout.com\\\/fr\\\/\"},{\"@type\":\"ListItem\",\"position\":2,\"name\":\"Pain\",\"item\":\"http:\\\/\\\/www.deliciouswithout.com\\\/fr\\\/pain\\\/\"},{\"@type\":\"ListItem\",\"position\":3,\"name\":\"Pizza aux tomates\"}]},{\"@type\":\"WebSite\",\"@id\":\"http:\\\/\\\/www.deliciouswithout.com\\\/#website\",\"url\":\"http:\\\/\\\/www.deliciouswithout.com\\\/\",\"name\":\"deliciouswithout.com\",\"description\":\"D\u00e9licieux Sans Gluten, Produits Latiers, Arachides, Noix\",\"potentialAction\":[{\"@type\":\"SearchAction\",\"target\":{\"@type\":\"EntryPoint\",\"urlTemplate\":\"http:\\\/\\\/www.deliciouswithout.com\\\/?s={search_term_string}\"},\"query-input\":{\"@type\":\"PropertyValueSpecification\",\"valueRequired\":true,\"valueName\":\"search_term_string\"}}],\"inLanguage\":\"fr-FR\"}]}<\/script>\n<!-- \/ Yoast SEO plugin. -->","yoast_head_json":{"title":"Pizza aux tomates - deliciouswithout.com","robots":{"index":"index","follow":"follow","max-snippet":"max-snippet:-1","max-image-preview":"max-image-preview:large","max-video-preview":"max-video-preview:-1"},"canonical":"http:\/\/www.deliciouswithout.com\/bread\/tomato-pizza\/","og_locale":"fr_FR","og_type":"article","og_title":"Pizza aux tomates - deliciouswithout.com","og_url":"http:\/\/www.deliciouswithout.com\/bread\/tomato-pizza\/","og_site_name":"deliciouswithout.com","article_modified_time":"2017-02-24T23:38:52+00:00","og_image":[{"url":"http:\/\/www.deliciouswithout.com\/wp-content\/uploads\/2017\/02\/D15_5171.jpg","type":"","width":"","height":""}],"twitter_misc":{"Dur\u00e9e de lecture estim\u00e9e":"2 minutes"},"schema":{"@context":"https:\/\/schema.org","@graph":[{"@type":"WebPage","@id":"http:\/\/www.deliciouswithout.com\/bread\/tomato-pizza\/","url":"http:\/\/www.deliciouswithout.com\/bread\/tomato-pizza\/","name":"Pizza aux tomates - deliciouswithout.com","isPartOf":{"@id":"http:\/\/www.deliciouswithout.com\/#website"},"primaryImageOfPage":{"@id":"http:\/\/www.deliciouswithout.com\/bread\/tomato-pizza\/#primaryimage"},"image":{"@id":"http:\/\/www.deliciouswithout.com\/bread\/tomato-pizza\/#primaryimage"},"thumbnailUrl":"http:\/\/www.deliciouswithout.com\/wp-content\/uploads\/2017\/02\/D15_5171.jpg","datePublished":"2017-02-22T00:45:30+00:00","dateModified":"2017-02-24T23:38:52+00:00","breadcrumb":{"@id":"http:\/\/www.deliciouswithout.com\/bread\/tomato-pizza\/#breadcrumb"},"inLanguage":"fr-FR","potentialAction":[{"@type":"ReadAction","target":["http:\/\/www.deliciouswithout.com\/bread\/tomato-pizza\/"]}]},{"@type":"ImageObject","inLanguage":"fr-FR","@id":"http:\/\/www.deliciouswithout.com\/bread\/tomato-pizza\/#primaryimage","url":"http:\/\/www.deliciouswithout.com\/wp-content\/uploads\/2017\/02\/D15_5171.jpg","contentUrl":"http:\/\/www.deliciouswithout.com\/wp-content\/uploads\/2017\/02\/D15_5171.jpg"},{"@type":"BreadcrumbList","@id":"http:\/\/www.deliciouswithout.com\/bread\/tomato-pizza\/#breadcrumb","itemListElement":[{"@type":"ListItem","position":1,"name":"Accueil","item":"https:\/\/www.deliciouswithout.com\/fr\/"},{"@type":"ListItem","position":2,"name":"Pain","item":"http:\/\/www.deliciouswithout.com\/fr\/pain\/"},{"@type":"ListItem","position":3,"name":"Pizza aux tomates"}]},{"@type":"WebSite","@id":"http:\/\/www.deliciouswithout.com\/#website","url":"http:\/\/www.deliciouswithout.com\/","name":"deliciouswithout.com","description":"D\u00e9licieux Sans Gluten, Produits Latiers, Arachides, Noix","potentialAction":[{"@type":"SearchAction","target":{"@type":"EntryPoint","urlTemplate":"http:\/\/www.deliciouswithout.com\/?s={search_term_string}"},"query-input":{"@type":"PropertyValueSpecification","valueRequired":true,"valueName":"search_term_string"}}],"inLanguage":"fr-FR"}]}},"_links":{"self":[{"href":"https:\/\/www.deliciouswithout.com\/fr\/wp-json\/wp\/v2\/pages\/6020","targetHints":{"allow":["GET"]}}],"collection":[{"href":"https:\/\/www.deliciouswithout.com\/fr\/wp-json\/wp\/v2\/pages"}],"about":[{"href":"https:\/\/www.deliciouswithout.com\/fr\/wp-json\/wp\/v2\/types\/page"}],"author":[{"embeddable":true,"href":"https:\/\/www.deliciouswithout.com\/fr\/wp-json\/wp\/v2\/users\/1"}],"replies":[{"embeddable":true,"href":"https:\/\/www.deliciouswithout.com\/fr\/wp-json\/wp\/v2\/comments?post=6020"}],"version-history":[{"count":0,"href":"https:\/\/www.deliciouswithout.com\/fr\/wp-json\/wp\/v2\/pages\/6020\/revisions"}],"up":[{"embeddable":true,"href":"https:\/\/www.deliciouswithout.com\/fr\/wp-json\/wp\/v2\/pages\/5023"}],"wp:attachment":[{"href":"https:\/\/www.deliciouswithout.com\/fr\/wp-json\/wp\/v2\/media?parent=6020"}],"curies":[{"name":"wp","href":"https:\/\/api.w.org\/{rel}","templated":true}]}}