{"id":6093,"date":"2017-02-21T21:35:56","date_gmt":"2017-02-22T02:35:56","guid":{"rendered":"http:\/\/www.deliciouswithout.com\/fr\/?page_id=6093"},"modified":"2017-02-24T18:38:52","modified_gmt":"2017-02-24T23:38:52","slug":"biscuits-pepites-de-chocolats","status":"publish","type":"page","link":"https:\/\/www.deliciouswithout.com\/fr\/produits\/muffins\/biscuits-pepites-de-chocolats\/","title":{"rendered":"Biscuits P\u00e9pites de Chocolats"},"content":{"rendered":"<div class=\"fusion-fullwidth fullwidth-box fusion-builder-row-1 hundred-percent-fullwidth non-hundred-percent-height-scrolling\" style=\"--awb-border-radius-top-left:0px;--awb-border-radius-top-right:0px;--awb-border-radius-bottom-right:0px;--awb-border-radius-bottom-left:0px;--awb-overflow:visible;--awb-flex-wrap:wrap;\" ><div class=\"fusion-builder-row fusion-row\"><div class=\"fusion-layout-column fusion_builder_column fusion-builder-column-0 fusion_builder_column_1_1 1_1 fusion-one-full fusion-column-first fusion-column-last\" style=\"--awb-bg-size:cover;\"><div class=\"fusion-column-wrapper fusion-flex-column-wrapper-legacy\"><div class=\"fusion-text fusion-text-1\"><p><img decoding=\"async\" class=\"alignnone size-full wp-image-6090\" src=\"http:\/\/www.deliciouswithout.com\/wp-content\/uploads\/2017\/02\/D15_5152.jpg\" alt=\"D15_5152\" width=\"653\" height=\"697\" srcset=\"https:\/\/www.deliciouswithout.com\/wp-content\/uploads\/2017\/02\/D15_5152-200x213.jpg 200w, https:\/\/www.deliciouswithout.com\/wp-content\/uploads\/2017\/02\/D15_5152-281x300.jpg 281w, https:\/\/www.deliciouswithout.com\/wp-content\/uploads\/2017\/02\/D15_5152-400x427.jpg 400w, https:\/\/www.deliciouswithout.com\/wp-content\/uploads\/2017\/02\/D15_5152-500x534.jpg 500w, https:\/\/www.deliciouswithout.com\/wp-content\/uploads\/2017\/02\/D15_5152-600x640.jpg 600w, https:\/\/www.deliciouswithout.com\/wp-content\/uploads\/2017\/02\/D15_5152.jpg 653w\" sizes=\"(max-width: 653px) 100vw, 653px\" \/><\/p>\n<h2>Biscuits P\u00e9pites de Chocolats 456 g<\/h2>\n<p><strong>Ingr\u00e9dients :<\/strong> M\u00e9lange de farine sans gluten (farine de riz blanc, f\u00e9cule de pomme de terre, amidon de tapioca, farine de pomme de terre), shortening d\u2019huile de tournesol et d\u2019huile de palme modifi\u00e9e sans OGM, p\u00e9pites de chocolat sans soja (sucre, chocolat non sucr\u00e9, beurre de cacao), cassonade, sucre de canne biologique, \u0153ufs entiers liquides, gomme xanthane, vanille, poudre \u00e0 p\u00e2te, bicarbonate de soude, eau, sel. Contient des \u0153ufs.<\/p>\n<p>Toutes les p\u00e9pites de chocolat dans nos produits sont sans soja.<\/p>\n<p>UPC: 838068001291<\/p>\n<p><img decoding=\"async\" class=\"alignnone wp-image-6088\" src=\"http:\/\/www.deliciouswithout.com\/wp-content\/uploads\/2017\/02\/cccookieNFT.jpg\" alt=\"cccookieNFT\" width=\"428\" height=\"662\" srcset=\"https:\/\/www.deliciouswithout.com\/wp-content\/uploads\/2017\/02\/cccookieNFT-194x300.jpg 194w, https:\/\/www.deliciouswithout.com\/wp-content\/uploads\/2017\/02\/cccookieNFT-200x310.jpg 200w, https:\/\/www.deliciouswithout.com\/wp-content\/uploads\/2017\/02\/cccookieNFT-400x619.jpg 400w, https:\/\/www.deliciouswithout.com\/wp-content\/uploads\/2017\/02\/cccookieNFT-500x774.jpg 500w, https:\/\/www.deliciouswithout.com\/wp-content\/uploads\/2017\/02\/cccookieNFT-600x929.jpg 600w, https:\/\/www.deliciouswithout.com\/wp-content\/uploads\/2017\/02\/cccookieNFT.jpg 621w\" sizes=\"(max-width: 428px) 100vw, 428px\" \/><\/p>\n<p><strong><img decoding=\"async\" class=\"size-full wp-image-4763 alignleft\" src=\"http:\/\/www.deliciouswithout.com\/wp-content\/uploads\/2012\/09\/parev.png\" alt=\"parev\" width=\"175\" height=\"175\" srcset=\"https:\/\/www.deliciouswithout.com\/wp-content\/uploads\/2012\/09\/parev-66x66.png 66w, https:\/\/www.deliciouswithout.com\/wp-content\/uploads\/2012\/09\/parev-100x100.png 100w, https:\/\/www.deliciouswithout.com\/wp-content\/uploads\/2012\/09\/parev-150x150.png 150w, https:\/\/www.deliciouswithout.com\/wp-content\/uploads\/2012\/09\/parev.png 175w\" sizes=\"(max-width: 175px) 100vw, 175px\" \/><\/strong><\/p>\n<\/div><div class=\"fusion-clearfix\"><\/div><\/div><\/div><\/div><\/div>\n","protected":false},"excerpt":{"rendered":"","protected":false},"author":1,"featured_media":0,"parent":989,"menu_order":0,"comment_status":"closed","ping_status":"closed","template":"","meta":{"_acf_changed":false,"wprm-recipe-roundup-name":"","wprm-recipe-roundup-description":"","footnotes":""},"class_list":["post-6093","page","type-page","status-publish","hentry"],"acf":[],"yoast_head":"<!-- This site is optimized with the Yoast SEO plugin v27.3 - https:\/\/yoast.com\/product\/yoast-seo-wordpress\/ -->\n<title>Biscuits P\u00e9pites de Chocolats - deliciouswithout.com<\/title>\n<meta name=\"robots\" content=\"index, follow, max-snippet:-1, max-image-preview:large, max-video-preview:-1\" \/>\n<link rel=\"canonical\" href=\"http:\/\/www.deliciouswithout.com\/products\/muffins\/chocolate-chip-cookies\/\" \/>\n<meta property=\"og:locale\" content=\"fr_FR\" \/>\n<meta property=\"og:type\" content=\"article\" \/>\n<meta property=\"og:title\" content=\"Biscuits P\u00e9pites de Chocolats - deliciouswithout.com\" \/>\n<meta property=\"og:url\" content=\"http:\/\/www.deliciouswithout.com\/products\/muffins\/chocolate-chip-cookies\/\" \/>\n<meta property=\"og:site_name\" content=\"deliciouswithout.com\" \/>\n<meta property=\"article:modified_time\" content=\"2017-02-24T23:38:52+00:00\" \/>\n<meta property=\"og:image\" content=\"http:\/\/www.deliciouswithout.com\/wp-content\/uploads\/2017\/02\/D15_5152.jpg\" \/>\n<meta name=\"twitter:label1\" content=\"Dur\u00e9e de lecture estim\u00e9e\" \/>\n\t<meta name=\"twitter:data1\" content=\"1 minute\" \/>\n<script type=\"application\/ld+json\" class=\"yoast-schema-graph\">{\"@context\":\"https:\\\/\\\/schema.org\",\"@graph\":[{\"@type\":\"WebPage\",\"@id\":\"http:\\\/\\\/www.deliciouswithout.com\\\/products\\\/muffins\\\/chocolate-chip-cookies\\\/\",\"url\":\"http:\\\/\\\/www.deliciouswithout.com\\\/products\\\/muffins\\\/chocolate-chip-cookies\\\/\",\"name\":\"Biscuits P\u00e9pites de Chocolats - deliciouswithout.com\",\"isPartOf\":{\"@id\":\"https:\\\/\\\/www.deliciouswithout.com\\\/fr\\\/#website\"},\"primaryImageOfPage\":{\"@id\":\"http:\\\/\\\/www.deliciouswithout.com\\\/products\\\/muffins\\\/chocolate-chip-cookies\\\/#primaryimage\"},\"image\":{\"@id\":\"http:\\\/\\\/www.deliciouswithout.com\\\/products\\\/muffins\\\/chocolate-chip-cookies\\\/#primaryimage\"},\"thumbnailUrl\":\"http:\\\/\\\/www.deliciouswithout.com\\\/wp-content\\\/uploads\\\/2017\\\/02\\\/D15_5152.jpg\",\"datePublished\":\"2017-02-22T02:35:56+00:00\",\"dateModified\":\"2017-02-24T23:38:52+00:00\",\"breadcrumb\":{\"@id\":\"http:\\\/\\\/www.deliciouswithout.com\\\/products\\\/muffins\\\/chocolate-chip-cookies\\\/#breadcrumb\"},\"inLanguage\":\"fr-FR\",\"potentialAction\":[{\"@type\":\"ReadAction\",\"target\":[\"http:\\\/\\\/www.deliciouswithout.com\\\/products\\\/muffins\\\/chocolate-chip-cookies\\\/\"]}]},{\"@type\":\"ImageObject\",\"inLanguage\":\"fr-FR\",\"@id\":\"http:\\\/\\\/www.deliciouswithout.com\\\/products\\\/muffins\\\/chocolate-chip-cookies\\\/#primaryimage\",\"url\":\"http:\\\/\\\/www.deliciouswithout.com\\\/wp-content\\\/uploads\\\/2017\\\/02\\\/D15_5152.jpg\",\"contentUrl\":\"http:\\\/\\\/www.deliciouswithout.com\\\/wp-content\\\/uploads\\\/2017\\\/02\\\/D15_5152.jpg\"},{\"@type\":\"BreadcrumbList\",\"@id\":\"http:\\\/\\\/www.deliciouswithout.com\\\/products\\\/muffins\\\/chocolate-chip-cookies\\\/#breadcrumb\",\"itemListElement\":[{\"@type\":\"ListItem\",\"position\":1,\"name\":\"Accueil\",\"item\":\"https:\\\/\\\/www.deliciouswithout.com\\\/fr\\\/\"},{\"@type\":\"ListItem\",\"position\":2,\"name\":\"Produits\",\"item\":\"https:\\\/\\\/www.deliciouswithout.com\\\/products\\\/\"},{\"@type\":\"ListItem\",\"position\":3,\"name\":\"Muffins etc\",\"item\":\"https:\\\/\\\/www.deliciouswithout.com\\\/products\\\/muffins\\\/\"},{\"@type\":\"ListItem\",\"position\":4,\"name\":\"Biscuits P\u00e9pites de Chocolats\"}]},{\"@type\":\"WebSite\",\"@id\":\"https:\\\/\\\/www.deliciouswithout.com\\\/fr\\\/#website\",\"url\":\"https:\\\/\\\/www.deliciouswithout.com\\\/fr\\\/\",\"name\":\"deliciouswithout.com\",\"description\":\"D\u00e9licieux Sans Gluten, Produits Latiers, Arachides, Noix\",\"potentialAction\":[{\"@type\":\"SearchAction\",\"target\":{\"@type\":\"EntryPoint\",\"urlTemplate\":\"https:\\\/\\\/www.deliciouswithout.com\\\/fr\\\/?s={search_term_string}\"},\"query-input\":{\"@type\":\"PropertyValueSpecification\",\"valueRequired\":true,\"valueName\":\"search_term_string\"}}],\"inLanguage\":\"fr-FR\"}]}<\/script>\n<!-- \/ Yoast SEO plugin. -->","yoast_head_json":{"title":"Biscuits P\u00e9pites de Chocolats - deliciouswithout.com","robots":{"index":"index","follow":"follow","max-snippet":"max-snippet:-1","max-image-preview":"max-image-preview:large","max-video-preview":"max-video-preview:-1"},"canonical":"http:\/\/www.deliciouswithout.com\/products\/muffins\/chocolate-chip-cookies\/","og_locale":"fr_FR","og_type":"article","og_title":"Biscuits P\u00e9pites de Chocolats - deliciouswithout.com","og_url":"http:\/\/www.deliciouswithout.com\/products\/muffins\/chocolate-chip-cookies\/","og_site_name":"deliciouswithout.com","article_modified_time":"2017-02-24T23:38:52+00:00","og_image":[{"url":"http:\/\/www.deliciouswithout.com\/wp-content\/uploads\/2017\/02\/D15_5152.jpg","type":"","width":"","height":""}],"twitter_misc":{"Dur\u00e9e de lecture estim\u00e9e":"1 minute"},"schema":{"@context":"https:\/\/schema.org","@graph":[{"@type":"WebPage","@id":"http:\/\/www.deliciouswithout.com\/products\/muffins\/chocolate-chip-cookies\/","url":"http:\/\/www.deliciouswithout.com\/products\/muffins\/chocolate-chip-cookies\/","name":"Biscuits P\u00e9pites de Chocolats - deliciouswithout.com","isPartOf":{"@id":"https:\/\/www.deliciouswithout.com\/fr\/#website"},"primaryImageOfPage":{"@id":"http:\/\/www.deliciouswithout.com\/products\/muffins\/chocolate-chip-cookies\/#primaryimage"},"image":{"@id":"http:\/\/www.deliciouswithout.com\/products\/muffins\/chocolate-chip-cookies\/#primaryimage"},"thumbnailUrl":"http:\/\/www.deliciouswithout.com\/wp-content\/uploads\/2017\/02\/D15_5152.jpg","datePublished":"2017-02-22T02:35:56+00:00","dateModified":"2017-02-24T23:38:52+00:00","breadcrumb":{"@id":"http:\/\/www.deliciouswithout.com\/products\/muffins\/chocolate-chip-cookies\/#breadcrumb"},"inLanguage":"fr-FR","potentialAction":[{"@type":"ReadAction","target":["http:\/\/www.deliciouswithout.com\/products\/muffins\/chocolate-chip-cookies\/"]}]},{"@type":"ImageObject","inLanguage":"fr-FR","@id":"http:\/\/www.deliciouswithout.com\/products\/muffins\/chocolate-chip-cookies\/#primaryimage","url":"http:\/\/www.deliciouswithout.com\/wp-content\/uploads\/2017\/02\/D15_5152.jpg","contentUrl":"http:\/\/www.deliciouswithout.com\/wp-content\/uploads\/2017\/02\/D15_5152.jpg"},{"@type":"BreadcrumbList","@id":"http:\/\/www.deliciouswithout.com\/products\/muffins\/chocolate-chip-cookies\/#breadcrumb","itemListElement":[{"@type":"ListItem","position":1,"name":"Accueil","item":"https:\/\/www.deliciouswithout.com\/fr\/"},{"@type":"ListItem","position":2,"name":"Produits","item":"https:\/\/www.deliciouswithout.com\/products\/"},{"@type":"ListItem","position":3,"name":"Muffins etc","item":"https:\/\/www.deliciouswithout.com\/products\/muffins\/"},{"@type":"ListItem","position":4,"name":"Biscuits P\u00e9pites de Chocolats"}]},{"@type":"WebSite","@id":"https:\/\/www.deliciouswithout.com\/fr\/#website","url":"https:\/\/www.deliciouswithout.com\/fr\/","name":"deliciouswithout.com","description":"D\u00e9licieux Sans Gluten, Produits Latiers, Arachides, Noix","potentialAction":[{"@type":"SearchAction","target":{"@type":"EntryPoint","urlTemplate":"https:\/\/www.deliciouswithout.com\/fr\/?s={search_term_string}"},"query-input":{"@type":"PropertyValueSpecification","valueRequired":true,"valueName":"search_term_string"}}],"inLanguage":"fr-FR"}]}},"_links":{"self":[{"href":"https:\/\/www.deliciouswithout.com\/fr\/wp-json\/wp\/v2\/pages\/6093","targetHints":{"allow":["GET"]}}],"collection":[{"href":"https:\/\/www.deliciouswithout.com\/fr\/wp-json\/wp\/v2\/pages"}],"about":[{"href":"https:\/\/www.deliciouswithout.com\/fr\/wp-json\/wp\/v2\/types\/page"}],"author":[{"embeddable":true,"href":"https:\/\/www.deliciouswithout.com\/fr\/wp-json\/wp\/v2\/users\/1"}],"replies":[{"embeddable":true,"href":"https:\/\/www.deliciouswithout.com\/fr\/wp-json\/wp\/v2\/comments?post=6093"}],"version-history":[{"count":0,"href":"https:\/\/www.deliciouswithout.com\/fr\/wp-json\/wp\/v2\/pages\/6093\/revisions"}],"up":[{"embeddable":true,"href":"https:\/\/www.deliciouswithout.com\/fr\/wp-json\/wp\/v2\/pages\/989"}],"wp:attachment":[{"href":"https:\/\/www.deliciouswithout.com\/fr\/wp-json\/wp\/v2\/media?parent=6093"}],"curies":[{"name":"wp","href":"https:\/\/api.w.org\/{rel}","templated":true}]}}