{"id":7708,"date":"2019-03-10T20:00:13","date_gmt":"2019-03-11T00:00:13","guid":{"rendered":"http:\/\/www.deliciouswithout.com\/boutique\/"},"modified":"2025-06-17T10:48:54","modified_gmt":"2025-06-17T14:48:54","slug":"boutique","status":"publish","type":"page","link":"https:\/\/www.deliciouswithout.com\/fr\/boutique\/","title":{"rendered":"Boutique"},"content":{"rendered":"<p><div class=\"fusion-fullwidth fullwidth-box fusion-builder-row-1 hundred-percent-fullwidth non-hundred-percent-height-scrolling\" style=\"--awb-border-radius-top-left:0px;--awb-border-radius-top-right:0px;--awb-border-radius-bottom-right:0px;--awb-border-radius-bottom-left:0px;--awb-overflow:visible;--awb-padding-right:20px;--awb-padding-left:20px;--awb-flex-wrap:wrap;\" ><div class=\"fusion-builder-row fusion-row\"><div class=\"fusion-layout-column fusion_builder_column fusion-builder-column-0 fusion_builder_column_1_5 1_5 fusion-one-fifth fusion-column-first\" style=\"--awb-bg-size:cover;width:16.8%; margin-right: 4%;\"><div class=\"fusion-column-wrapper fusion-flex-column-wrapper-legacy\"><div class=\"fusion-image-element in-legacy-container\" style=\"--awb-caption-title-font-family:var(--h2_typography-font-family);--awb-caption-title-font-weight:var(--h2_typography-font-weight);--awb-caption-title-font-style:var(--h2_typography-font-style);--awb-caption-title-size:var(--h2_typography-font-size);--awb-caption-title-transform:var(--h2_typography-text-transform);--awb-caption-title-line-height:var(--h2_typography-line-height);--awb-caption-title-letter-spacing:var(--h2_typography-letter-spacing);\"><span class=\" fusion-imageframe imageframe-none imageframe-1 hover-type-none\"><a class=\"fusion-no-lightbox\" href=\"https:\/\/www.deliciouswithout.com\/fr\/categorie-produit\/pains\/\" target=\"_self\" aria-label=\"dinner rollsweb\"><img decoding=\"async\" width=\"600\" height=\"600\" src=\"https:\/\/www.deliciouswithout.com\/wp-content\/uploads\/2021\/01\/dinner-rollsweb.jpg\" alt class=\"img-responsive wp-image-14404\" srcset=\"https:\/\/www.deliciouswithout.com\/wp-content\/uploads\/2021\/01\/dinner-rollsweb-200x200.jpg 200w, https:\/\/www.deliciouswithout.com\/wp-content\/uploads\/2021\/01\/dinner-rollsweb-400x400.jpg 400w, https:\/\/www.deliciouswithout.com\/wp-content\/uploads\/2021\/01\/dinner-rollsweb.jpg 600w\" sizes=\"(max-width: 800px) 100vw, 200px\" \/><\/a><\/span><\/div><div class=\"fusion-text fusion-text-1\"><h3 class=\"fusion-responsive-typography-calculated\" style=\"text-align: center;\" data-fontsize=\"16\" data-lineheight=\"24px\"><a title=\"Pita Bread\" href=\"https:\/\/www.deliciouswithout.com\/fr\/categorie-produit\/pains\/\" target=\"_blank\" rel=\"noopener noreferrer\">Pains Signatures<\/a><\/h3>\n<\/div><div class=\"fusion-aligncenter\"><a class=\"fusion-button button-flat fusion-button-default-size button-default fusion-button-default button-1 fusion-button-default-span fusion-button-default-type\" style=\"--button_text_transform:uppercase;\" target=\"_self\" href=\"https:\/\/www.deliciouswithout.com\/?product_cat=pains\"><span class=\"fusion-button-text awb-button__text awb-button__text--default\">COMMANDER ICI<\/span><\/a><\/div><div class=\"fusion-clearfix\"><\/div><\/div><\/div><div class=\"fusion-layout-column fusion_builder_column fusion-builder-column-1 fusion_builder_column_1_5 1_5 fusion-one-fifth\" style=\"--awb-bg-size:cover;width:16.8%; margin-right: 4%;\"><div class=\"fusion-column-wrapper fusion-flex-column-wrapper-legacy\"><div class=\"fusion-image-element fusion-image-align-center in-legacy-container\" style=\"text-align:center;--awb-caption-title-font-family:var(--h2_typography-font-family);--awb-caption-title-font-weight:var(--h2_typography-font-weight);--awb-caption-title-font-style:var(--h2_typography-font-style);--awb-caption-title-size:var(--h2_typography-font-size);--awb-caption-title-transform:var(--h2_typography-text-transform);--awb-caption-title-line-height:var(--h2_typography-line-height);--awb-caption-title-letter-spacing:var(--h2_typography-letter-spacing);\"><div class=\"imageframe-align-center\"><span class=\" fusion-imageframe imageframe-none imageframe-2 hover-type-none\"><a class=\"fusion-no-lightbox\" href=\"https:\/\/www.deliciouswithout.com\/fr\/categorie-produit\/sucrees\/\" target=\"_self\" aria-label=\"muffinweb\"><img decoding=\"async\" width=\"600\" height=\"600\" src=\"https:\/\/www.deliciouswithout.com\/wp-content\/uploads\/2021\/01\/muffinweb.jpg\" alt class=\"img-responsive wp-image-14406\" srcset=\"https:\/\/www.deliciouswithout.com\/wp-content\/uploads\/2021\/01\/muffinweb-200x200.jpg 200w, https:\/\/www.deliciouswithout.com\/wp-content\/uploads\/2021\/01\/muffinweb-400x400.jpg 400w, https:\/\/www.deliciouswithout.com\/wp-content\/uploads\/2021\/01\/muffinweb.jpg 600w\" sizes=\"(max-width: 800px) 100vw, 200px\" \/><\/a><\/span><\/div><\/div><div class=\"fusion-text fusion-text-2\"><h3 style=\"text-align: center;\"><a href=\"https:\/\/www.deliciouswithout.com\/fr\/categorie-produit\/sucrees\/\" target=\"_blank\" rel=\"noopener noreferrer\">G\u00e2teries D\u00e9licieux<\/a><\/h3>\n<\/div><div class=\"fusion-aligncenter\"><a class=\"fusion-button button-flat fusion-button-default-size button-default fusion-button-default button-2 fusion-button-default-span fusion-button-default-type\" style=\"--button_text_transform:uppercase;\" target=\"_self\" href=\"https:\/\/www.deliciouswithout.com\/fr\/categorie-produit\/sucrees\/\"><span class=\"fusion-button-text awb-button__text awb-button__text--default\">COMMANDER ICI<\/span><\/a><\/div><div class=\"fusion-clearfix\"><\/div><\/div><\/div><div class=\"fusion-layout-column fusion_builder_column fusion-builder-column-2 fusion_builder_column_1_5 1_5 fusion-one-fifth\" style=\"--awb-bg-size:cover;width:16.8%; margin-right: 4%;\"><div class=\"fusion-column-wrapper fusion-flex-column-wrapper-legacy\"><div class=\"fusion-image-element in-legacy-container\" style=\"--awb-caption-title-font-family:var(--h2_typography-font-family);--awb-caption-title-font-weight:var(--h2_typography-font-weight);--awb-caption-title-font-style:var(--h2_typography-font-style);--awb-caption-title-size:var(--h2_typography-font-size);--awb-caption-title-transform:var(--h2_typography-text-transform);--awb-caption-title-line-height:var(--h2_typography-line-height);--awb-caption-title-letter-spacing:var(--h2_typography-letter-spacing);\"><span class=\" fusion-imageframe imageframe-none imageframe-3 hover-type-none\"><a class=\"fusion-no-lightbox\" href=\"https:\/\/www.deliciouswithout.com\/fr\/categorie-produit\/pizza-fr\/\" target=\"_self\" aria-label=\"pizzaweb\"><img decoding=\"async\" width=\"600\" height=\"600\" src=\"https:\/\/www.deliciouswithout.com\/wp-content\/uploads\/2021\/01\/pizzaweb.jpg\" alt class=\"img-responsive wp-image-14408\" srcset=\"https:\/\/www.deliciouswithout.com\/wp-content\/uploads\/2021\/01\/pizzaweb-200x200.jpg 200w, https:\/\/www.deliciouswithout.com\/wp-content\/uploads\/2021\/01\/pizzaweb-400x400.jpg 400w, https:\/\/www.deliciouswithout.com\/wp-content\/uploads\/2021\/01\/pizzaweb.jpg 600w\" sizes=\"(max-width: 800px) 100vw, 200px\" \/><\/a><\/span><\/div><div class=\"fusion-text fusion-text-3\"><h3 style=\"text-align: center;\"><a href=\"https:\/\/www.deliciouswithout.com\/fr\/categorie-produit\/pizza-fr\/\" target=\"_blank\" rel=\"noopener noreferrer\">Pizza \/ Cro\u00fbte<\/a><\/h3>\n<h3 style=\"text-align: center;\"><\/h3>\n<\/div><div class=\"fusion-aligncenter\"><a class=\"fusion-button button-flat fusion-button-default-size button-default fusion-button-default button-3 fusion-button-default-span fusion-button-default-type\" style=\"--button_text_transform:uppercase;\" target=\"_self\" href=\"https:\/\/www.deliciouswithout.com\/fr\/categorie-produit\/pizza-fr\/\"><span class=\"fusion-button-text awb-button__text awb-button__text--default\">COMMANDER ICI<\/span><\/a><\/div><div class=\"fusion-clearfix\"><\/div><\/div><\/div><div class=\"fusion-layout-column fusion_builder_column fusion-builder-column-3 fusion_builder_column_1_5 1_5 fusion-one-fifth\" style=\"--awb-bg-size:cover;width:16.8%; margin-right: 4%;\"><div class=\"fusion-column-wrapper fusion-flex-column-wrapper-legacy\"><div class=\"fusion-image-element in-legacy-container\" style=\"--awb-caption-title-font-family:var(--h2_typography-font-family);--awb-caption-title-font-weight:var(--h2_typography-font-weight);--awb-caption-title-font-style:var(--h2_typography-font-style);--awb-caption-title-size:var(--h2_typography-font-size);--awb-caption-title-transform:var(--h2_typography-text-transform);--awb-caption-title-line-height:var(--h2_typography-line-height);--awb-caption-title-letter-spacing:var(--h2_typography-letter-spacing);\"><span class=\" fusion-imageframe imageframe-none imageframe-4 hover-type-none\"><img decoding=\"async\" width=\"600\" height=\"600\" title=\"image006\" src=\"https:\/\/www.deliciouswithout.com\/wp-content\/uploads\/2021\/01\/image006.jpg\" alt class=\"img-responsive wp-image-14410\" srcset=\"https:\/\/www.deliciouswithout.com\/wp-content\/uploads\/2021\/01\/image006-200x200.jpg 200w, https:\/\/www.deliciouswithout.com\/wp-content\/uploads\/2021\/01\/image006-400x400.jpg 400w, https:\/\/www.deliciouswithout.com\/wp-content\/uploads\/2021\/01\/image006.jpg 600w\" sizes=\"(max-width: 800px) 100vw, 200px\" \/><\/span><\/div><div class=\"fusion-text fusion-text-4\"><h3 style=\"text-align: center;\"><a href=\"https:\/\/www.deliciouswithout.com\/fr\/categorie-produit\/melanges-sec\/\" target=\"_blank\" rel=\"noopener noreferrer\">Faites vous m\u00eame<\/a><\/h3>\n<h3 style=\"text-align: center;\"><\/h3>\n<h3 style=\"text-align: center;\"><\/h3>\n<\/div><div class=\"fusion-aligncenter\"><a class=\"fusion-button button-flat fusion-button-default-size button-default fusion-button-default button-4 fusion-button-default-span fusion-button-default-type\" style=\"--button_text_transform:uppercase;\" target=\"_self\" href=\"https:\/\/www.deliciouswithout.com\/fr\/categorie-produit\/melanges-sec\/\"><span class=\"fusion-button-text awb-button__text awb-button__text--default\">COMMANDER ICI<\/span><\/a><\/div><div class=\"fusion-clearfix\"><\/div><\/div><\/div><div class=\"fusion-layout-column fusion_builder_column fusion-builder-column-4 fusion_builder_column_1_5 1_5 fusion-one-fifth fusion-column-last\" style=\"--awb-bg-size:cover;width:16.8%;\"><div class=\"fusion-column-wrapper fusion-flex-column-wrapper-legacy\"><div class=\"fusion-image-element in-legacy-container\" style=\"--awb-caption-title-font-family:var(--h2_typography-font-family);--awb-caption-title-font-weight:var(--h2_typography-font-weight);--awb-caption-title-font-style:var(--h2_typography-font-style);--awb-caption-title-size:var(--h2_typography-font-size);--awb-caption-title-transform:var(--h2_typography-text-transform);--awb-caption-title-line-height:var(--h2_typography-line-height);--awb-caption-title-letter-spacing:var(--h2_typography-letter-spacing);\"><span class=\" fusion-imageframe imageframe-none imageframe-5 hover-type-none\"><a class=\"fusion-no-lightbox\" href=\"https:\/\/www.deliciouswithout.com\/fr\/categorie-produit\/bretzels-fr\/\" target=\"_self\" aria-label=\"Untitled design (3)\"><img decoding=\"async\" width=\"800\" height=\"800\" src=\"https:\/\/www.deliciouswithout.com\/wp-content\/uploads\/2025\/01\/Untitled-design-3.png\" alt class=\"img-responsive wp-image-20804\" srcset=\"https:\/\/www.deliciouswithout.com\/wp-content\/uploads\/2025\/01\/Untitled-design-3-200x200.png 200w, https:\/\/www.deliciouswithout.com\/wp-content\/uploads\/2025\/01\/Untitled-design-3-400x400.png 400w, https:\/\/www.deliciouswithout.com\/wp-content\/uploads\/2025\/01\/Untitled-design-3-600x600.png 600w, https:\/\/www.deliciouswithout.com\/wp-content\/uploads\/2025\/01\/Untitled-design-3.png 800w\" sizes=\"(max-width: 800px) 100vw, 200px\" \/><\/a><\/span><\/div><div class=\"fusion-text fusion-text-5\"><h3 style=\"text-align: center;\"><a href=\"https:\/\/www.deliciouswithout.com\/fr\/categorie-produit\/bretzels-fr\/\" rel=\"noopener noreferrer\">Bretzels<\/a><\/h3>\n<h3 style=\"text-align: center;\"><\/h3>\n<h3 style=\"text-align: center;\"><\/h3>\n<\/div><div class=\"fusion-aligncenter\"><a class=\"fusion-button button-flat fusion-button-default-size button-default fusion-button-default button-5 fusion-button-default-span fusion-button-default-type\" style=\"--button_text_transform:uppercase;\" target=\"_self\" href=\"https:\/\/www.deliciouswithout.com\/fr\/categorie-produit\/bretzels-fr\/\"><span class=\"fusion-button-text awb-button__text awb-button__text--default\">COMMANDER ICI<\/span><\/a><\/div><div class=\"fusion-clearfix\"><\/div><\/div><\/div><\/div><\/div><div class=\"fusion-fullwidth fullwidth-box fusion-builder-row-2 fusion-flex-container nonhundred-percent-fullwidth non-hundred-percent-height-scrolling\" style=\"--awb-border-radius-top-left:0px;--awb-border-radius-top-right:0px;--awb-border-radius-bottom-right:0px;--awb-border-radius-bottom-left:0px;--awb-flex-wrap:wrap;\" ><div class=\"fusion-builder-row fusion-row fusion-flex-align-items-flex-start fusion-flex-content-wrap\" style=\"max-width:1144px;margin-left: calc(-4% \/ 2 );margin-right: calc(-4% \/ 2 );\"><div class=\"fusion-layout-column fusion_builder_column fusion-builder-column-5 fusion_builder_column_1_1 1_1 fusion-flex-column\" style=\"--awb-bg-size:cover;--awb-width-large:100%;--awb-margin-top-large:0px;--awb-spacing-right-large:1.92%;--awb-margin-bottom-large:20px;--awb-spacing-left-large:1.92%;--awb-width-medium:100%;--awb-order-medium:0;--awb-spacing-right-medium:1.92%;--awb-spacing-left-medium:1.92%;--awb-width-small:100%;--awb-order-small:0;--awb-spacing-right-small:1.92%;--awb-spacing-left-small:1.92%;\"><div class=\"fusion-column-wrapper fusion-column-has-shadow fusion-flex-justify-content-flex-start fusion-content-layout-column\"><div class=\"fusion-text fusion-text-6\"><p>Comment commander en ligne<\/p>\n<\/div><div class=\"fusion-tabs fusion-tabs-1 classic vertical-tabs icon-position-left mobile-mode-accordion\" style=\"--awb-title-border-radius-top-left:0px;--awb-title-border-radius-top-right:0px;--awb-title-border-radius-bottom-right:0px;--awb-title-border-radius-bottom-left:0px;--awb-inactive-color:#ebeaea;--awb-background-color:#ffffff;--awb-border-color:#ebeaea;--awb-active-border-color:#b00c13;\"><div class=\"nav\"><ul class=\"nav-tabs\" role=\"tablist\"><li class=\"active\" role=\"presentation\"><a class=\"tab-link\" data-toggle=\"tab\" role=\"tab\" aria-controls=\"tab-b9ef26651678b80cc98\" aria-selected=\"true\" id=\"fusion-tab-livraison\" href=\"#tab-b9ef26651678b80cc98\"><h4 class=\"fusion-tab-heading\">Livraison<\/h4><\/a><\/li><li role=\"presentation\"><a class=\"tab-link\" data-toggle=\"tab\" role=\"tab\" aria-controls=\"tab-8b3762804a2ac7b6530\" aria-selected=\"false\" tabindex=\"-1\" id=\"fusion-tab-ramasservotrecommande\" href=\"#tab-8b3762804a2ac7b6530\"><h4 class=\"fusion-tab-heading\">Ramasser votre commande<\/h4><\/a><\/li><li role=\"presentation\"><a class=\"tab-link\" data-toggle=\"tab\" role=\"tab\" aria-controls=\"tab-1387202036659f7519a\" aria-selected=\"false\" tabindex=\"-1\" id=\"fusion-tab-acc\u00e8srapide:\" href=\"#tab-1387202036659f7519a\"><h4 class=\"fusion-tab-heading\">Acc\u00e8s Rapide:<\/h4><\/a><\/li><\/ul><\/div><div class=\"tab-content\"><div class=\"nav fusion-mobile-tab-nav\"><ul class=\"nav-tabs\" role=\"tablist\"><li class=\"active\" role=\"presentation\"><a class=\"tab-link\" data-toggle=\"tab\" role=\"tab\" aria-controls=\"tab-b9ef26651678b80cc98\" aria-selected=\"true\" id=\"mobile-fusion-tab-livraison\" href=\"#tab-b9ef26651678b80cc98\"><h4 class=\"fusion-tab-heading\">Livraison<\/h4><\/a><\/li><\/ul><\/div><div class=\"tab-pane fade fusion-clearfix in active\" role=\"tabpanel\" tabindex=\"0\" aria-labelledby=\"fusion-tab-livraison\" id=\"tab-b9ef26651678b80cc98\">\n<p>Si vous \u00eates situ\u00e9 dans la r\u00e9gion de Montr\u00e9al:<\/p>\n<p>Toutes les commandes plac\u00e9es avant 1pm vont \u00eatre exp\u00e9di\u00e9s la journ\u00e9e m\u00eame et livr\u00e9s la journ\u00e9e suivante.<\/p>\n<p>Toutes les commandes plac\u00e9es apr\u00e8s 1pm vont \u00eatre exp\u00e9di\u00e9s le lendemain et livr\u00e9s la journ\u00e9e suivante. Par exemple, si vous placez votre commande lundi \u00e0 3pm, vous devrez recevoir votre commande le mercredi.<\/p>\n<p>Si vous \u00eates situ\u00e9 \u00e0 l\u2019ext\u00e9rieur de la r\u00e9gion Montr\u00e9al ou si vous \u00eates situ\u00e9 en Ontario\u00a0:<\/p>\n<p>Votre commande peut prendre 1 \u00e0 2 jours pour \u00eatre livr\u00e9s tout d\u00e9pendant o\u00f9 vous \u00eates situ\u00e9.<\/p>\n<p>Nous livrons les lundi, mardi et mercredi seulement. Si vous placez une commande jeudi, vendredi ou durant la fin de semaine; votre commande sera \u00eatre exp\u00e9di\u00e9 le lundi pour qu\u2019il soit livr\u00e9 mardi ou mercredi.<\/p>\n<\/div><div class=\"nav fusion-mobile-tab-nav\"><ul class=\"nav-tabs\" role=\"tablist\"><li role=\"presentation\"><a class=\"tab-link\" data-toggle=\"tab\" role=\"tab\" aria-controls=\"tab-8b3762804a2ac7b6530\" aria-selected=\"false\" tabindex=\"-1\" id=\"mobile-fusion-tab-ramasservotrecommande\" href=\"#tab-8b3762804a2ac7b6530\"><h4 class=\"fusion-tab-heading\">Ramasser votre commande<\/h4><\/a><\/li><\/ul><\/div><div class=\"tab-pane fade fusion-clearfix\" role=\"tabpanel\" tabindex=\"0\" aria-labelledby=\"fusion-tab-ramasservotrecommande\" id=\"tab-8b3762804a2ac7b6530\">\n<p>Lorsque vous placez votre commande en ligne, vous devez entrer les informations pour la facturation et l\u2019exp\u00e9dition m\u00eame si c\u2019est pour ramasser votre commande. Dans votre panier, s\u00e9lectionnez \u00ab\u00a0point de vente\u00a0\u00bb pour ramasser votre commande. Veuillez s\u2019il vous pla\u00eet nous laisser savoir quand vous voulez ramasser votre commande dans la bo\u00eete de commentaire \u00e0 la fin de la page d\u2019exp\u00e9dition.<\/p>\n<p>Les commandes peuvent \u00eatre pr\u00eates \u00e0 ramasser 1 heure apr\u00e8s la r\u00e9ception de votre commande en ligne entre 8am et 4pm du lundi au vendredi. Veuillez s\u2019il vous pla\u00eet nous appelez en avance pour assurer que votre commande soit pr\u00eate \u00e0 la porte lors de votre arriv\u00e9e.<\/p>\n<\/div><div class=\"nav fusion-mobile-tab-nav\"><ul class=\"nav-tabs\" role=\"tablist\"><li role=\"presentation\"><a class=\"tab-link\" data-toggle=\"tab\" role=\"tab\" aria-controls=\"tab-1387202036659f7519a\" aria-selected=\"false\" tabindex=\"-1\" id=\"mobile-fusion-tab-acc\u00e8srapide:\" href=\"#tab-1387202036659f7519a\"><h4 class=\"fusion-tab-heading\">Acc\u00e8s Rapide:<\/h4><\/a><\/li><\/ul><\/div><div class=\"tab-pane fade fusion-clearfix\" role=\"tabpanel\" tabindex=\"0\" aria-labelledby=\"fusion-tab-acc\u00e8srapide:\" id=\"tab-1387202036659f7519a\">\n<p>Prevention COVID-19:<\/p>\n<p>Nous n\u2019acceptons pas les acc\u00e8s rapides.<\/p>\n<p>Tous les commandes doivent \u00eatre placer en ligne ou par t\u00e9l\u00e9phone au 514-542-9343.<\/p>\n<p>Tous les paiements par carte de cr\u00e9dit doivent \u00eatre fait en AVANCE avant que vous ramassiez votre commande.<\/p>\n<p>Pour les paiements en argent comptant, veuillez s\u2019il vous pla\u00eet les mettre dans une enveloppe avec le montant exacte.<\/p>\n<\/div><\/div><\/div><\/div><\/div><\/div><\/div><\/p>\n","protected":false},"excerpt":{"rendered":"","protected":false},"author":1,"featured_media":0,"parent":0,"menu_order":0,"comment_status":"closed","ping_status":"closed","template":"100-width.php","meta":{"_acf_changed":false,"wprm-recipe-roundup-name":"","wprm-recipe-roundup-description":"","footnotes":""},"class_list":["post-7708","page","type-page","status-publish","hentry"],"acf":[],"yoast_head":"<!-- This site is optimized with the Yoast SEO plugin v27.3 - https:\/\/yoast.com\/product\/yoast-seo-wordpress\/ -->\n<title>Boutique - deliciouswithout.com<\/title>\n<meta name=\"robots\" content=\"index, follow, max-snippet:-1, max-image-preview:large, max-video-preview:-1\" \/>\n<link rel=\"canonical\" href=\"https:\/\/www.deliciouswithout.com\/fr\/boutique\/\" \/>\n<meta property=\"og:locale\" content=\"fr_FR\" \/>\n<meta property=\"og:type\" content=\"article\" \/>\n<meta property=\"og:title\" content=\"Boutique - deliciouswithout.com\" \/>\n<meta property=\"og:url\" content=\"https:\/\/www.deliciouswithout.com\/fr\/boutique\/\" \/>\n<meta property=\"og:site_name\" content=\"deliciouswithout.com\" \/>\n<meta property=\"article:modified_time\" content=\"2025-06-17T14:48:54+00:00\" \/>\n<meta name=\"twitter:label1\" content=\"Dur\u00e9e de lecture estim\u00e9e\" \/>\n\t<meta name=\"twitter:data1\" content=\"3 minutes\" \/>\n<script type=\"application\/ld+json\" class=\"yoast-schema-graph\">{\"@context\":\"https:\\\/\\\/schema.org\",\"@graph\":[{\"@type\":\"WebPage\",\"@id\":\"https:\\\/\\\/www.deliciouswithout.com\\\/fr\\\/boutique\\\/\",\"url\":\"https:\\\/\\\/www.deliciouswithout.com\\\/fr\\\/boutique\\\/\",\"name\":\"Boutique - deliciouswithout.com\",\"isPartOf\":{\"@id\":\"http:\\\/\\\/www.deliciouswithout.com\\\/#website\"},\"datePublished\":\"2019-03-11T00:00:13+00:00\",\"dateModified\":\"2025-06-17T14:48:54+00:00\",\"breadcrumb\":{\"@id\":\"https:\\\/\\\/www.deliciouswithout.com\\\/fr\\\/boutique\\\/#breadcrumb\"},\"inLanguage\":\"fr-FR\",\"potentialAction\":[{\"@type\":\"ReadAction\",\"target\":[\"https:\\\/\\\/www.deliciouswithout.com\\\/fr\\\/boutique\\\/\"]}]},{\"@type\":\"BreadcrumbList\",\"@id\":\"https:\\\/\\\/www.deliciouswithout.com\\\/fr\\\/boutique\\\/#breadcrumb\",\"itemListElement\":[{\"@type\":\"ListItem\",\"position\":1,\"name\":\"Accueil\",\"item\":\"https:\\\/\\\/www.deliciouswithout.com\\\/fr\\\/\"},{\"@type\":\"ListItem\",\"position\":2,\"name\":\"Boutique\"}]},{\"@type\":\"WebSite\",\"@id\":\"http:\\\/\\\/www.deliciouswithout.com\\\/#website\",\"url\":\"http:\\\/\\\/www.deliciouswithout.com\\\/\",\"name\":\"deliciouswithout.com\",\"description\":\"D\u00e9licieux Sans Gluten, Produits Latiers, Arachides, Noix\",\"potentialAction\":[{\"@type\":\"SearchAction\",\"target\":{\"@type\":\"EntryPoint\",\"urlTemplate\":\"http:\\\/\\\/www.deliciouswithout.com\\\/?s={search_term_string}\"},\"query-input\":{\"@type\":\"PropertyValueSpecification\",\"valueRequired\":true,\"valueName\":\"search_term_string\"}}],\"inLanguage\":\"fr-FR\"}]}<\/script>\n<!-- \/ Yoast SEO plugin. -->","yoast_head_json":{"title":"Boutique - deliciouswithout.com","robots":{"index":"index","follow":"follow","max-snippet":"max-snippet:-1","max-image-preview":"max-image-preview:large","max-video-preview":"max-video-preview:-1"},"canonical":"https:\/\/www.deliciouswithout.com\/fr\/boutique\/","og_locale":"fr_FR","og_type":"article","og_title":"Boutique - deliciouswithout.com","og_url":"https:\/\/www.deliciouswithout.com\/fr\/boutique\/","og_site_name":"deliciouswithout.com","article_modified_time":"2025-06-17T14:48:54+00:00","twitter_misc":{"Dur\u00e9e de lecture estim\u00e9e":"3 minutes"},"schema":{"@context":"https:\/\/schema.org","@graph":[{"@type":"WebPage","@id":"https:\/\/www.deliciouswithout.com\/fr\/boutique\/","url":"https:\/\/www.deliciouswithout.com\/fr\/boutique\/","name":"Boutique - deliciouswithout.com","isPartOf":{"@id":"http:\/\/www.deliciouswithout.com\/#website"},"datePublished":"2019-03-11T00:00:13+00:00","dateModified":"2025-06-17T14:48:54+00:00","breadcrumb":{"@id":"https:\/\/www.deliciouswithout.com\/fr\/boutique\/#breadcrumb"},"inLanguage":"fr-FR","potentialAction":[{"@type":"ReadAction","target":["https:\/\/www.deliciouswithout.com\/fr\/boutique\/"]}]},{"@type":"BreadcrumbList","@id":"https:\/\/www.deliciouswithout.com\/fr\/boutique\/#breadcrumb","itemListElement":[{"@type":"ListItem","position":1,"name":"Accueil","item":"https:\/\/www.deliciouswithout.com\/fr\/"},{"@type":"ListItem","position":2,"name":"Boutique"}]},{"@type":"WebSite","@id":"http:\/\/www.deliciouswithout.com\/#website","url":"http:\/\/www.deliciouswithout.com\/","name":"deliciouswithout.com","description":"D\u00e9licieux Sans Gluten, Produits Latiers, Arachides, Noix","potentialAction":[{"@type":"SearchAction","target":{"@type":"EntryPoint","urlTemplate":"http:\/\/www.deliciouswithout.com\/?s={search_term_string}"},"query-input":{"@type":"PropertyValueSpecification","valueRequired":true,"valueName":"search_term_string"}}],"inLanguage":"fr-FR"}]}},"_links":{"self":[{"href":"https:\/\/www.deliciouswithout.com\/fr\/wp-json\/wp\/v2\/pages\/7708","targetHints":{"allow":["GET"]}}],"collection":[{"href":"https:\/\/www.deliciouswithout.com\/fr\/wp-json\/wp\/v2\/pages"}],"about":[{"href":"https:\/\/www.deliciouswithout.com\/fr\/wp-json\/wp\/v2\/types\/page"}],"author":[{"embeddable":true,"href":"https:\/\/www.deliciouswithout.com\/fr\/wp-json\/wp\/v2\/users\/1"}],"replies":[{"embeddable":true,"href":"https:\/\/www.deliciouswithout.com\/fr\/wp-json\/wp\/v2\/comments?post=7708"}],"version-history":[{"count":5,"href":"https:\/\/www.deliciouswithout.com\/fr\/wp-json\/wp\/v2\/pages\/7708\/revisions"}],"predecessor-version":[{"id":21276,"href":"https:\/\/www.deliciouswithout.com\/fr\/wp-json\/wp\/v2\/pages\/7708\/revisions\/21276"}],"wp:attachment":[{"href":"https:\/\/www.deliciouswithout.com\/fr\/wp-json\/wp\/v2\/media?parent=7708"}],"curies":[{"name":"wp","href":"https:\/\/api.w.org\/{rel}","templated":true}]}}