{"id":966,"date":"2012-09-08T19:35:55","date_gmt":"2012-09-08T23:35:55","guid":{"rendered":"http:\/\/deliciouswithout.com\/?page_id=966"},"modified":"2023-12-27T12:40:08","modified_gmt":"2023-12-27T17:40:08","slug":"a-propos","status":"publish","type":"page","link":"https:\/\/www.deliciouswithout.com\/fr\/a-propos\/","title":{"rendered":"\u00c0 propos"},"content":{"rendered":"<div class=\"fusion-fullwidth fullwidth-box fusion-builder-row-1 nonhundred-percent-fullwidth non-hundred-percent-height-scrolling\" style=\"--awb-border-radius-top-left:0px;--awb-border-radius-top-right:0px;--awb-border-radius-bottom-right:0px;--awb-border-radius-bottom-left:0px;--awb-flex-wrap:wrap;\" ><div class=\"fusion-builder-row fusion-row\"><div class=\"fusion-layout-column fusion_builder_column fusion-builder-column-0 fusion_builder_column_1_1 1_1 fusion-one-full fusion-column-first fusion-column-last\" style=\"--awb-bg-size:cover;--awb-margin-bottom:0px;\"><div class=\"fusion-column-wrapper fusion-flex-column-wrapper-legacy\"><div class=\"fusion-text fusion-text-1\"><p><img decoding=\"async\" class=\"wp-image-4794 alignleft\" src=\"https:\/\/www.deliciouswithout.com\/wp-content\/uploads\/2012\/09\/Chef-Miriam-Pearl-LR-e1449974024218.jpg\" alt=\"Chef Miriam Pearl Delicious Without Gluten\" width=\"210\" height=\"315\" \/><\/p>\n<p>Delicious Without Gluten a \u00e9t\u00e9 cr\u00e9\u00e9 pour que les personnes souffrant d&rsquo;allergies, d&rsquo;intol\u00e9rances et de coeliaques se sentent en s\u00e9curit\u00e9. Tous nos ingr\u00e9dients sont sans OGM et sont soumis \u00e0 une \u00e9valuation rigoureuse des allerg\u00e8nes pour garantir qu&rsquo;ils ne contiennent pas de gluten, de noix, d&rsquo;arachides, de produits laitiers, de soja ou de s\u00e9same. Nous sommes un \u00e9tablissement casher et d\u00e9di\u00e9 au sans gluten. Nous testons la pr\u00e9sence de gluten dans nos ingr\u00e9dients et produits finaux comme l&rsquo;exige notre certification sans gluten (GFFP) et avons mis en place des mesures tr\u00e8s strictes pour \u00e9viter la contamination crois\u00e9e lorsque nous utilisons des \u0153ufs. Uniquement la meilleure qualit\u00e9 pour DWG !<\/p>\n<p>Pourquoi tout cela ? Voici notre histoire.<\/p>\n<p>Bonjour, je suis Miriam, la maman, d\u00e9veloppeur de recettes et entrepreneur de D\u00e9licieux Sans Gluten Inc. J&rsquo;ai poss\u00e9d\u00e9 un studio de design pendant 18 ans et une boulangerie sans arachides pendant deux ans. Avec un enfant qui souffre d&rsquo;allergies alimentaires graves et les deux enfants atteints de la maladie c\u0153liaque, j&rsquo;ai d\u00e9cid\u00e9 de quitter la boulangerie pour me concentrer \u00e0 plein temps sur la sant\u00e9, les soins et la s\u00e9curit\u00e9 de mes enfants. Comprenant les d\u00e9fis d&rsquo;avoir des enfants allergiques et intol\u00e9rants au gluten, ma compassion pour les autres parents confront\u00e9s \u00e0 ce probl\u00e8me est profonde, c&rsquo;est pourquoi je me suis efforc\u00e9 de fournir des aliments sains et d\u00e9licieux sans danger pour la consommation.<\/p>\n<p>Nous sommes surtout connus pour notre pain souple et moelleux qui a le go\u00fbt de ce que vous vous souvenez peut-\u00eatre d&rsquo;avoir mang\u00e9 avant de devenir sans gluten. Nous sommes \u00e9galement connus pour nos cupcakes, g\u00e2teaux et biscuits que les \u00e9coles adorent car ils sont sans allergie et tout le monde peuvent \u00eatre inclus!<\/p>\n<p>Restez \u00e0 jour avec nous en vous inscrivant \u00e0 notre newsletter. Nous proposons des ventes et des promotions par e-mail et facebook, alors n&rsquo;h\u00e9sitez pas \u00e0 vous inscrire sur notre liste!<\/p>\n<h2 class=\"fusion-responsive-typography-calculated\" style=\"--fontsize: 35; line-height: 1.5;\" data-fontsize=\"35\" data-lineheight=\"52.5px\">Ce que nous faisons<\/h2>\n<h3>Vente au d\u00e9tail<\/h3>\n<p>Les sacs de pain au d\u00e9tail emball\u00e9s, les paquets \u00e0 clapet de muffins, les brownies, les pains \u00e0 g\u00e2teaux et les petits g\u00e2teaux sont tous faits pour la vente au d\u00e9tail. Ils sont distribu\u00e9s dans les magasins et chaque semaine, nous augmentons notre distribution. Consultez notre LOCALISATEUR DE MAGASINS pour trouver un magasin pr\u00e8s de chez vous.<\/p>\n<h3>Boutique en ligne<\/h3>\n<p>Tous nos produits sont sur notre site Web. www.deliciouswithout.com. De nombreux magasins proposent une partie de notre gamme et non la gamme compl\u00e8te, c&rsquo;est donc un excellent moyen de vous offrir une plus grande vari\u00e9t\u00e9 de produits. Vous pouvez le ramasser ou le faire exp\u00e9dier au Qu\u00e9bec et en Ontario. Voir tous les d\u00e9tails d&rsquo;exp\u00e9dition et de ramassage sur notre page FAQ.<\/p>\n<h3>Services d&rsquo;alimentation<\/h3>\n<p>Nous fournissons des restaurants, des traiteurs, des \u00e9coles, des compagnies a\u00e9riennes et plus encore. Nous avons de nombreux distributeurs pour Foodservice dont GFS, SYSCO, Dub\u00e9 Loiselle et Farinex.<\/p>\n<h3>Commandes sp\u00e9ciales<\/h3>\n<p>Il nous fait plaisir de r\u00e9aliser des g\u00e2teaux d&rsquo;anniversaire. Nous avons 6 \u00ab\u00a0, 8\u00a0\u00bb et 9 \u00ab\u00a0x13\u00a0\u00bb. Si vous voulez un design sp\u00e9cial, veuillez nous appeler pour un devis au 514-542-3943 ou nous envoyer un courriel \u00e0 orders@deliciouswithout.com.<\/p>\n<\/div><div class=\"fusion-clearfix\"><\/div><\/div><\/div><\/div><\/div>\n","protected":false},"excerpt":{"rendered":"","protected":false},"author":2,"featured_media":0,"parent":0,"menu_order":0,"comment_status":"open","ping_status":"closed","template":"","meta":{"_acf_changed":false,"wprm-recipe-roundup-name":"","wprm-recipe-roundup-description":"","footnotes":""},"class_list":["post-966","page","type-page","status-publish","hentry"],"acf":[],"yoast_head":"<!-- This site is optimized with the Yoast SEO plugin v27.3 - https:\/\/yoast.com\/product\/yoast-seo-wordpress\/ -->\n<title>\u00c0 propos - D\u00e9licieux Sans Gluten<\/title>\n<meta name=\"description\" content=\"Bonjour! Je suis Miriam, une maman et une chef-cuisini\u00e8re \u00e0 la maison qui AIME cuire des aliments savoureux et d\u00e9licieux, et san gluten!\" \/>\n<meta name=\"robots\" content=\"index, follow, max-snippet:-1, max-image-preview:large, max-video-preview:-1\" \/>\n<link rel=\"canonical\" href=\"https:\/\/www.deliciouswithout.com\/fr\/a-propos\/\" \/>\n<meta property=\"og:locale\" content=\"fr_FR\" \/>\n<meta property=\"og:type\" content=\"article\" \/>\n<meta property=\"og:title\" content=\"\u00c0 propos - D\u00e9licieux Sans Gluten\" \/>\n<meta property=\"og:description\" content=\"Bonjour! Je suis Miriam, une maman et une chef-cuisini\u00e8re \u00e0 la maison qui AIME cuire des aliments savoureux et d\u00e9licieux, et san gluten!\" \/>\n<meta property=\"og:url\" content=\"https:\/\/www.deliciouswithout.com\/fr\/a-propos\/\" \/>\n<meta property=\"og:site_name\" content=\"deliciouswithout.com\" \/>\n<meta property=\"article:modified_time\" content=\"2023-12-27T17:40:08+00:00\" \/>\n<meta property=\"og:image\" content=\"https:\/\/www.deliciouswithout.com\/wp-content\/uploads\/2012\/09\/Chef-Miriam-Pearl-LR-e1449974024218.jpg\" \/>\n<meta name=\"twitter:label1\" content=\"Dur\u00e9e de lecture estim\u00e9e\" \/>\n\t<meta name=\"twitter:data1\" content=\"3 minutes\" \/>\n<script type=\"application\/ld+json\" class=\"yoast-schema-graph\">{\"@context\":\"https:\\\/\\\/schema.org\",\"@graph\":[{\"@type\":\"WebPage\",\"@id\":\"https:\\\/\\\/www.deliciouswithout.com\\\/fr\\\/a-propos\\\/\",\"url\":\"https:\\\/\\\/www.deliciouswithout.com\\\/fr\\\/a-propos\\\/\",\"name\":\"\u00c0 propos - D\u00e9licieux Sans Gluten\",\"isPartOf\":{\"@id\":\"https:\\\/\\\/www.deliciouswithout.com\\\/#website\"},\"primaryImageOfPage\":{\"@id\":\"https:\\\/\\\/www.deliciouswithout.com\\\/fr\\\/a-propos\\\/#primaryimage\"},\"image\":{\"@id\":\"https:\\\/\\\/www.deliciouswithout.com\\\/fr\\\/a-propos\\\/#primaryimage\"},\"thumbnailUrl\":\"https:\\\/\\\/www.deliciouswithout.com\\\/wp-content\\\/uploads\\\/2012\\\/09\\\/Chef-Miriam-Pearl-LR-e1449974024218.jpg\",\"datePublished\":\"2012-09-08T23:35:55+00:00\",\"dateModified\":\"2023-12-27T17:40:08+00:00\",\"description\":\"Bonjour! Je suis Miriam, une maman et une chef-cuisini\u00e8re \u00e0 la maison qui AIME cuire des aliments savoureux et d\u00e9licieux, et san gluten!\",\"breadcrumb\":{\"@id\":\"https:\\\/\\\/www.deliciouswithout.com\\\/fr\\\/a-propos\\\/#breadcrumb\"},\"inLanguage\":\"fr-FR\",\"potentialAction\":[{\"@type\":\"ReadAction\",\"target\":[\"https:\\\/\\\/www.deliciouswithout.com\\\/fr\\\/a-propos\\\/\"]}]},{\"@type\":\"ImageObject\",\"inLanguage\":\"fr-FR\",\"@id\":\"https:\\\/\\\/www.deliciouswithout.com\\\/fr\\\/a-propos\\\/#primaryimage\",\"url\":\"https:\\\/\\\/www.deliciouswithout.com\\\/wp-content\\\/uploads\\\/2012\\\/09\\\/Chef-Miriam-Pearl-LR-e1449974024218.jpg\",\"contentUrl\":\"https:\\\/\\\/www.deliciouswithout.com\\\/wp-content\\\/uploads\\\/2012\\\/09\\\/Chef-Miriam-Pearl-LR-e1449974024218.jpg\"},{\"@type\":\"BreadcrumbList\",\"@id\":\"https:\\\/\\\/www.deliciouswithout.com\\\/fr\\\/a-propos\\\/#breadcrumb\",\"itemListElement\":[{\"@type\":\"ListItem\",\"position\":1,\"name\":\"Accueil\",\"item\":\"https:\\\/\\\/www.deliciouswithout.com\\\/fr\\\/\"},{\"@type\":\"ListItem\",\"position\":2,\"name\":\"\u00c0 propos\"}]},{\"@type\":\"WebSite\",\"@id\":\"https:\\\/\\\/www.deliciouswithout.com\\\/#website\",\"url\":\"https:\\\/\\\/www.deliciouswithout.com\\\/\",\"name\":\"deliciouswithout.com\",\"description\":\"D\u00e9licieux Sans Gluten, Produits Latiers, Arachides, Noix\",\"potentialAction\":[{\"@type\":\"SearchAction\",\"target\":{\"@type\":\"EntryPoint\",\"urlTemplate\":\"https:\\\/\\\/www.deliciouswithout.com\\\/?s={search_term_string}\"},\"query-input\":{\"@type\":\"PropertyValueSpecification\",\"valueRequired\":true,\"valueName\":\"search_term_string\"}}],\"inLanguage\":\"fr-FR\"}]}<\/script>\n<!-- \/ Yoast SEO plugin. -->","yoast_head_json":{"title":"\u00c0 propos - D\u00e9licieux Sans Gluten","description":"Bonjour! Je suis Miriam, une maman et une chef-cuisini\u00e8re \u00e0 la maison qui AIME cuire des aliments savoureux et d\u00e9licieux, et san gluten!","robots":{"index":"index","follow":"follow","max-snippet":"max-snippet:-1","max-image-preview":"max-image-preview:large","max-video-preview":"max-video-preview:-1"},"canonical":"https:\/\/www.deliciouswithout.com\/fr\/a-propos\/","og_locale":"fr_FR","og_type":"article","og_title":"\u00c0 propos - D\u00e9licieux Sans Gluten","og_description":"Bonjour! Je suis Miriam, une maman et une chef-cuisini\u00e8re \u00e0 la maison qui AIME cuire des aliments savoureux et d\u00e9licieux, et san gluten!","og_url":"https:\/\/www.deliciouswithout.com\/fr\/a-propos\/","og_site_name":"deliciouswithout.com","article_modified_time":"2023-12-27T17:40:08+00:00","og_image":[{"url":"https:\/\/www.deliciouswithout.com\/wp-content\/uploads\/2012\/09\/Chef-Miriam-Pearl-LR-e1449974024218.jpg","type":"","width":"","height":""}],"twitter_misc":{"Dur\u00e9e de lecture estim\u00e9e":"3 minutes"},"schema":{"@context":"https:\/\/schema.org","@graph":[{"@type":"WebPage","@id":"https:\/\/www.deliciouswithout.com\/fr\/a-propos\/","url":"https:\/\/www.deliciouswithout.com\/fr\/a-propos\/","name":"\u00c0 propos - D\u00e9licieux Sans Gluten","isPartOf":{"@id":"https:\/\/www.deliciouswithout.com\/#website"},"primaryImageOfPage":{"@id":"https:\/\/www.deliciouswithout.com\/fr\/a-propos\/#primaryimage"},"image":{"@id":"https:\/\/www.deliciouswithout.com\/fr\/a-propos\/#primaryimage"},"thumbnailUrl":"https:\/\/www.deliciouswithout.com\/wp-content\/uploads\/2012\/09\/Chef-Miriam-Pearl-LR-e1449974024218.jpg","datePublished":"2012-09-08T23:35:55+00:00","dateModified":"2023-12-27T17:40:08+00:00","description":"Bonjour! Je suis Miriam, une maman et une chef-cuisini\u00e8re \u00e0 la maison qui AIME cuire des aliments savoureux et d\u00e9licieux, et san gluten!","breadcrumb":{"@id":"https:\/\/www.deliciouswithout.com\/fr\/a-propos\/#breadcrumb"},"inLanguage":"fr-FR","potentialAction":[{"@type":"ReadAction","target":["https:\/\/www.deliciouswithout.com\/fr\/a-propos\/"]}]},{"@type":"ImageObject","inLanguage":"fr-FR","@id":"https:\/\/www.deliciouswithout.com\/fr\/a-propos\/#primaryimage","url":"https:\/\/www.deliciouswithout.com\/wp-content\/uploads\/2012\/09\/Chef-Miriam-Pearl-LR-e1449974024218.jpg","contentUrl":"https:\/\/www.deliciouswithout.com\/wp-content\/uploads\/2012\/09\/Chef-Miriam-Pearl-LR-e1449974024218.jpg"},{"@type":"BreadcrumbList","@id":"https:\/\/www.deliciouswithout.com\/fr\/a-propos\/#breadcrumb","itemListElement":[{"@type":"ListItem","position":1,"name":"Accueil","item":"https:\/\/www.deliciouswithout.com\/fr\/"},{"@type":"ListItem","position":2,"name":"\u00c0 propos"}]},{"@type":"WebSite","@id":"https:\/\/www.deliciouswithout.com\/#website","url":"https:\/\/www.deliciouswithout.com\/","name":"deliciouswithout.com","description":"D\u00e9licieux Sans Gluten, Produits Latiers, Arachides, Noix","potentialAction":[{"@type":"SearchAction","target":{"@type":"EntryPoint","urlTemplate":"https:\/\/www.deliciouswithout.com\/?s={search_term_string}"},"query-input":{"@type":"PropertyValueSpecification","valueRequired":true,"valueName":"search_term_string"}}],"inLanguage":"fr-FR"}]}},"_links":{"self":[{"href":"https:\/\/www.deliciouswithout.com\/fr\/wp-json\/wp\/v2\/pages\/966","targetHints":{"allow":["GET"]}}],"collection":[{"href":"https:\/\/www.deliciouswithout.com\/fr\/wp-json\/wp\/v2\/pages"}],"about":[{"href":"https:\/\/www.deliciouswithout.com\/fr\/wp-json\/wp\/v2\/types\/page"}],"author":[{"embeddable":true,"href":"https:\/\/www.deliciouswithout.com\/fr\/wp-json\/wp\/v2\/users\/2"}],"replies":[{"embeddable":true,"href":"https:\/\/www.deliciouswithout.com\/fr\/wp-json\/wp\/v2\/comments?post=966"}],"version-history":[{"count":0,"href":"https:\/\/www.deliciouswithout.com\/fr\/wp-json\/wp\/v2\/pages\/966\/revisions"}],"wp:attachment":[{"href":"https:\/\/www.deliciouswithout.com\/fr\/wp-json\/wp\/v2\/media?parent=966"}],"curies":[{"name":"wp","href":"https:\/\/api.w.org\/{rel}","templated":true}]}}