{"id":983,"date":"2012-09-16T19:14:16","date_gmt":"2012-09-16T23:14:16","guid":{"rendered":"http:\/\/deliciouswithout.com\/?page_id=983"},"modified":"2019-01-22T18:52:00","modified_gmt":"2019-01-22T23:52:00","slug":"pita","status":"publish","type":"page","link":"https:\/\/www.deliciouswithout.com\/fr\/pain\/pita\/","title":{"rendered":"Pita"},"content":{"rendered":"<p><div class=\"fusion-fullwidth fullwidth-box fusion-builder-row-1 nonhundred-percent-fullwidth non-hundred-percent-height-scrolling\" style=\"--awb-border-radius-top-left:0px;--awb-border-radius-top-right:0px;--awb-border-radius-bottom-right:0px;--awb-border-radius-bottom-left:0px;--awb-flex-wrap:wrap;\" ><div class=\"fusion-builder-row fusion-row\"><div class=\"fusion-layout-column fusion_builder_column fusion-builder-column-0 fusion_builder_column_1_1 1_1 fusion-one-full fusion-column-first fusion-column-last\" style=\"--awb-bg-size:cover;--awb-margin-bottom:0px;\"><div class=\"fusion-column-wrapper fusion-flex-column-wrapper-legacy\"><div class=\"fusion-text fusion-text-1\"><p><strong>Un pain pita sans gluten&#8230; <\/strong><strong>Comme c\u2019est excitant!<\/strong><\/p>\n<p>Maintenant disponible pain pita fait \u00e0 la main. Vendu\u00a0en quantit\u00e9 limit\u00e9e\u00a0dans certains magasins ou directement chez nous \u00e0 D\u00e9licieux Sans Gluten<\/p>\n<p>Avec nos pitas, vous pouvez faire vos propres<strong> pizzas, un sandwich poch\u00e9, <\/strong>votre <strong>panini <\/strong>pr\u00e9f\u00e9r\u00e9 ou les couper en morceaux pour en faire des <strong>croustilles de pitas <\/strong>croquantes et savoureuses<\/p>\n<p><strong><em>Directives d\u2019utilisation :\u00a0<\/em><\/strong><em>\u00a0<\/em><\/p>\n<ul>\n<li>Pour en prolonger la fra\u00eecheur, garder le produit congel\u00e9 avant utilisation.<\/li>\n<li>Micro-ondes : D\u00e9congeler au micro-ondes pendant 40 secondes ou jusqu\u2019\u00e0 ce qu\u2019une poche se forme.<\/li>\n<li>Au four : Pr\u00e9chauffer le four \u00e0 475 degr\u00e9s F, cuire 3 minutes \u00e0 partir de l\u2019\u00e9tat congel\u00e9.<\/li>\n<\/ul>\n<p><strong><em>Tutoriels vid\u00e9o de pr\u00e9paration :<\/em><\/strong><\/p>\n<p>Allez voir notre <strong>tutoriel vid\u00e9o<\/strong><strong>\u00a0<\/strong>pour savoir comment utiliser nos Pitas sans gluten DWG pour pr\u00e9parer des pizzas, des sandwichs garnis, des paninis et des croustilles. Bon app\u00e9tit<\/p>\n<p><strong>Ingr\u00e9dients:<\/strong> Eau, farine de riz brun, farine de riz blanc, f\u00e9cule de tapioca, huile d&rsquo;olive vierge extra, f\u00e9cule de pomme de terre, graines de lin dor\u00e9 moules, gomme xanthane, sel de mer, levure, vinaigre.<\/p>\n<\/div><div class=\"fusion-clearfix\"><\/div><\/div><\/div><\/div><\/div><div class=\"fusion-fullwidth fullwidth-box fusion-builder-row-2 hundred-percent-fullwidth non-hundred-percent-height-scrolling\" style=\"--awb-border-radius-top-left:0px;--awb-border-radius-top-right:0px;--awb-border-radius-bottom-right:0px;--awb-border-radius-bottom-left:0px;--awb-overflow:visible;--awb-flex-wrap:wrap;\" ><div class=\"fusion-builder-row fusion-row\"><div class=\"fusion-layout-column fusion_builder_column fusion-builder-column-1 fusion_builder_column_1_1 1_1 fusion-one-full fusion-column-first fusion-column-last\" style=\"--awb-bg-size:cover;--awb-margin-bottom:0px;\"><div class=\"fusion-column-wrapper fusion-flex-column-wrapper-legacy\"><div class=\"fusion-text fusion-text-2\"><\/div><div class=\"fusion-clearfix\"><\/div><\/div><\/div><div class=\"fusion-layout-column fusion_builder_column fusion-builder-column-2 fusion_builder_column_1_4 1_4 fusion-one-fourth fusion-column-first\" style=\"--awb-bg-size:cover;width:25%;width:calc(25% - ( ( 4% + 4% + 4% ) * 0.25 ) );margin-right: 4%;\"><div class=\"fusion-column-wrapper fusion-flex-column-wrapper-legacy\"><div class=\"fusion-text fusion-text-3\"><p><a href=\"http:\/\/www.deliciouswithout.com\/wp-content\/uploads\/2012\/09\/pizza.jpg\"><img decoding=\"async\" class=\"aligncenter size-full wp-image-3382\" src=\"http:\/\/www.deliciouswithout.com\/wp-content\/uploads\/2012\/09\/pizza.jpg\" alt=\"pizza\" width=\"372\" height=\"307\" srcset=\"https:\/\/www.deliciouswithout.com\/wp-content\/uploads\/2012\/09\/pizza-300x247.jpg 300w, https:\/\/www.deliciouswithout.com\/wp-content\/uploads\/2012\/09\/pizza.jpg 372w\" sizes=\"(max-width: 372px) 100vw, 372px\" \/><\/a><\/p>\n<\/div><div class=\"fusion-clearfix\"><\/div><\/div><\/div><div class=\"fusion-layout-column fusion_builder_column fusion-builder-column-3 fusion_builder_column_1_4 1_4 fusion-one-fourth\" style=\"--awb-bg-size:cover;width:25%;width:calc(25% - ( ( 4% + 4% + 4% ) * 0.25 ) );margin-right: 4%;\"><div class=\"fusion-column-wrapper fusion-flex-column-wrapper-legacy\"><div class=\"fusion-text fusion-text-4\"><p><a href=\"http:\/\/www.deliciouswithout.com\/wp-content\/uploads\/2012\/09\/pita-sandwich.jpg\"><img decoding=\"async\" class=\"aligncenter size-full wp-image-3383\" src=\"http:\/\/www.deliciouswithout.com\/wp-content\/uploads\/2012\/09\/pita-sandwich.jpg\" alt=\"pita-sandwich\" width=\"372\" height=\"307\" srcset=\"https:\/\/www.deliciouswithout.com\/wp-content\/uploads\/2012\/09\/pita-sandwich-300x247.jpg 300w, https:\/\/www.deliciouswithout.com\/wp-content\/uploads\/2012\/09\/pita-sandwich.jpg 372w\" sizes=\"(max-width: 372px) 100vw, 372px\" \/><\/a><\/p>\n<\/div><div class=\"fusion-clearfix\"><\/div><\/div><\/div><div class=\"fusion-layout-column fusion_builder_column fusion-builder-column-4 fusion_builder_column_1_4 1_4 fusion-one-fourth\" style=\"--awb-bg-size:cover;width:25%;width:calc(25% - ( ( 4% + 4% + 4% ) * 0.25 ) );margin-right: 4%;\"><div class=\"fusion-column-wrapper fusion-flex-column-wrapper-legacy\"><div class=\"fusion-text fusion-text-5\"><p><a href=\"http:\/\/www.deliciouswithout.com\/wp-content\/uploads\/2012\/09\/panini.jpg\"><img decoding=\"async\" class=\"aligncenter size-full wp-image-3384\" src=\"http:\/\/www.deliciouswithout.com\/wp-content\/uploads\/2012\/09\/panini.jpg\" alt=\"panini\" width=\"372\" height=\"307\" srcset=\"https:\/\/www.deliciouswithout.com\/wp-content\/uploads\/2012\/09\/panini-300x247.jpg 300w, https:\/\/www.deliciouswithout.com\/wp-content\/uploads\/2012\/09\/panini.jpg 372w\" sizes=\"(max-width: 372px) 100vw, 372px\" \/><\/a><\/p>\n<\/div><div class=\"fusion-clearfix\"><\/div><\/div><\/div><div class=\"fusion-layout-column fusion_builder_column fusion-builder-column-5 fusion_builder_column_1_4 1_4 fusion-one-fourth fusion-column-last\" style=\"--awb-bg-size:cover;width:25%;width:calc(25% - ( ( 4% + 4% + 4% ) * 0.25 ) );\"><div class=\"fusion-column-wrapper fusion-flex-column-wrapper-legacy\"><div class=\"fusion-text fusion-text-6\"><p><a href=\"http:\/\/www.deliciouswithout.com\/wp-content\/uploads\/2012\/09\/pita-chips.jpg\"><img decoding=\"async\" class=\"aligncenter size-full wp-image-3385\" src=\"http:\/\/www.deliciouswithout.com\/wp-content\/uploads\/2012\/09\/pita-chips.jpg\" alt=\"pita-chips\" width=\"372\" height=\"307\" srcset=\"https:\/\/www.deliciouswithout.com\/wp-content\/uploads\/2012\/09\/pita-chips-300x247.jpg 300w, https:\/\/www.deliciouswithout.com\/wp-content\/uploads\/2012\/09\/pita-chips.jpg 372w\" sizes=\"(max-width: 372px) 100vw, 372px\" \/><\/a><\/p>\n<\/div><div class=\"fusion-clearfix\"><\/div><\/div><\/div><div class=\"fusion-layout-column fusion_builder_column fusion-builder-column-6 fusion_builder_column_1_1 1_1 fusion-one-full fusion-column-first fusion-column-last\" style=\"--awb-bg-size:cover;--awb-margin-bottom:0px;\"><div class=\"fusion-column-wrapper fusion-flex-column-wrapper-legacy\"><div class=\"fusion-text fusion-text-7\"><p><b>Caract\u00e9ristiques<\/b><strong>\u00a0de produits<\/strong><\/p>\n<ul>\n<li>Vegan<\/li>\n<li>Sans gluten et sans bl\u00e9<\/li>\n<li>Sans: produits laitiers, arachides, noix, ma\u00efs et soja<\/li>\n<li>Sans agents de conservation (Garder congel\u00e9 jusqu&rsquo;\u00e0 consommation )<\/li>\n<li>Peuvent \u00eatre utilis\u00e9es comme pochettes pour sandwich, sandwich panini et cro\u00fbte de pizza<\/li>\n<\/ul>\n<p><strong>Sans agents de conservation:<\/strong><br \/>\nProlongez la fra\u00eecheur de ce produit en le gardant au cong\u00e9lateur jusqu\u2019au moment de le consommer. D\u00e9congelez un pita au micro-ondes pour 40\u00a0secondes ou jusqu\u2019\u00e0 ce qu\u2019il se gonfle. Visitez\u00a0<a href=\"http:\/\/www.deliciouswithout.com\/\">www.deliciouswithout.com<\/a>, vous y trouverez des suggestions originales d\u2019utilisation.<\/p>\n<p><strong>Renseignements relatifs aux allergies:<\/strong><br \/>\nInstallations de fabrication sp\u00e9cialement d\u00e9di\u00e9es \u00e0 la fabrication de produits sans gluten et sans arachides.<\/p>\n<p>Bien que ce produit ne CONTIENNE AUCUN produit laitier, les installations o\u00f9 il est fabriqu\u00e9 en utilisent pour les autres produits qu\u2019elles fabriquent. Ce produit doit donc \u00eatre d\u00e9clar\u00e9 comme \u00e9tant un produit lact\u00e9 conform\u00e9ment aux lois h\u00e9bra\u00efques.<\/p>\n<p><img decoding=\"async\" class=\"alignnone wp-image-6496\" src=\"http:\/\/www.deliciouswithout.com\/wp-content\/uploads\/2012\/09\/image001-1.jpg\" alt=\"\" width=\"345\" height=\"769\" \/><\/p>\n<p><a href=\"http:\/\/www.deliciouswithout.com\/wp-content\/uploads\/2012\/09\/dairy406-small.jpg\"><img decoding=\"async\" class=\"alignleft size-full wp-image-2123\" title=\"dairy406-small\" src=\"http:\/\/www.deliciouswithout.com\/wp-content\/uploads\/2012\/09\/dairy406-small.jpg\" alt=\"\" width=\"50\" height=\"50\" srcset=\"https:\/\/www.deliciouswithout.com\/wp-content\/uploads\/2012\/09\/dairy406-small-45x45.jpg 45w, https:\/\/www.deliciouswithout.com\/wp-content\/uploads\/2012\/09\/dairy406-small.jpg 50w\" sizes=\"(max-width: 50px) 100vw, 50px\" \/><\/a><a href=\"http:\/\/www.deliciouswithout.com\/wp-content\/uploads\/2012\/09\/gfcp_trademark.png\"><img decoding=\"async\" class=\"alignnone wp-image-3390\" src=\"http:\/\/www.deliciouswithout.com\/wp-content\/uploads\/2012\/09\/gfcp_trademark.png\" alt=\"gfcp_trademark\" width=\"92\" height=\"92\" srcset=\"https:\/\/www.deliciouswithout.com\/wp-content\/uploads\/2012\/09\/gfcp_trademark-66x66.png 66w, https:\/\/www.deliciouswithout.com\/wp-content\/uploads\/2012\/09\/gfcp_trademark-100x100.png 100w, https:\/\/www.deliciouswithout.com\/wp-content\/uploads\/2012\/09\/gfcp_trademark-150x150.png 150w, https:\/\/www.deliciouswithout.com\/wp-content\/uploads\/2012\/09\/gfcp_trademark.png 175w\" sizes=\"(max-width: 92px) 100vw, 92px\" \/><\/a><\/p>\n<\/div><div class=\"fusion-clearfix\"><\/div><\/div><\/div><\/div><\/div><\/p>\n","protected":false},"excerpt":{"rendered":"","protected":false},"author":1,"featured_media":0,"parent":5023,"menu_order":1,"comment_status":"open","ping_status":"closed","template":"","meta":{"_acf_changed":false,"wprm-recipe-roundup-name":"","wprm-recipe-roundup-description":"","footnotes":""},"class_list":["post-983","page","type-page","status-publish","hentry"],"acf":[],"yoast_head":"<!-- This site is optimized with the Yoast SEO plugin v27.3 - https:\/\/yoast.com\/product\/yoast-seo-wordpress\/ -->\n<title>Pitas - D\u00e9licieux Sans Gluten<\/title>\n<meta name=\"description\" content=\"Pitas sans gluten Ingr\u00e9dients : Eau, farine de riz brun, farine de riz blanc, huile d\u2019olive extra vierge...\" \/>\n<meta name=\"robots\" content=\"index, follow, max-snippet:-1, max-image-preview:large, max-video-preview:-1\" \/>\n<link rel=\"canonical\" href=\"https:\/\/www.deliciouswithout.com\/fr\/pain\/pita\/\" \/>\n<meta property=\"og:locale\" content=\"fr_FR\" \/>\n<meta property=\"og:type\" content=\"article\" \/>\n<meta property=\"og:title\" content=\"Pitas - D\u00e9licieux Sans Gluten\" \/>\n<meta property=\"og:description\" content=\"Pitas sans gluten Ingr\u00e9dients : Eau, farine de riz brun, farine de riz blanc, huile d\u2019olive extra vierge...\" \/>\n<meta property=\"og:url\" content=\"https:\/\/www.deliciouswithout.com\/fr\/pain\/pita\/\" \/>\n<meta property=\"og:site_name\" content=\"deliciouswithout.com\" \/>\n<meta property=\"article:modified_time\" content=\"2019-01-22T23:52:00+00:00\" \/>\n<meta property=\"og:image\" content=\"http:\/\/www.deliciouswithout.com\/wp-content\/uploads\/2012\/09\/pizza.jpg\" \/>\n<meta name=\"twitter:label1\" content=\"Dur\u00e9e de lecture estim\u00e9e\" \/>\n\t<meta name=\"twitter:data1\" content=\"4 minutes\" \/>\n<script type=\"application\/ld+json\" class=\"yoast-schema-graph\">{\"@context\":\"https:\\\/\\\/schema.org\",\"@graph\":[{\"@type\":\"WebPage\",\"@id\":\"https:\\\/\\\/www.deliciouswithout.com\\\/fr\\\/pain\\\/pita\\\/\",\"url\":\"https:\\\/\\\/www.deliciouswithout.com\\\/fr\\\/pain\\\/pita\\\/\",\"name\":\"Pitas - D\u00e9licieux Sans Gluten\",\"isPartOf\":{\"@id\":\"http:\\\/\\\/www.deliciouswithout.com\\\/#website\"},\"primaryImageOfPage\":{\"@id\":\"https:\\\/\\\/www.deliciouswithout.com\\\/fr\\\/pain\\\/pita\\\/#primaryimage\"},\"image\":{\"@id\":\"https:\\\/\\\/www.deliciouswithout.com\\\/fr\\\/pain\\\/pita\\\/#primaryimage\"},\"thumbnailUrl\":\"http:\\\/\\\/www.deliciouswithout.com\\\/wp-content\\\/uploads\\\/2012\\\/09\\\/pizza.jpg\",\"datePublished\":\"2012-09-16T23:14:16+00:00\",\"dateModified\":\"2019-01-22T23:52:00+00:00\",\"description\":\"Pitas sans gluten Ingr\u00e9dients : Eau, farine de riz brun, farine de riz blanc, huile d\u2019olive extra vierge...\",\"breadcrumb\":{\"@id\":\"https:\\\/\\\/www.deliciouswithout.com\\\/fr\\\/pain\\\/pita\\\/#breadcrumb\"},\"inLanguage\":\"fr-FR\",\"potentialAction\":[{\"@type\":\"ReadAction\",\"target\":[\"https:\\\/\\\/www.deliciouswithout.com\\\/fr\\\/pain\\\/pita\\\/\"]}]},{\"@type\":\"ImageObject\",\"inLanguage\":\"fr-FR\",\"@id\":\"https:\\\/\\\/www.deliciouswithout.com\\\/fr\\\/pain\\\/pita\\\/#primaryimage\",\"url\":\"http:\\\/\\\/www.deliciouswithout.com\\\/wp-content\\\/uploads\\\/2012\\\/09\\\/pizza.jpg\",\"contentUrl\":\"http:\\\/\\\/www.deliciouswithout.com\\\/wp-content\\\/uploads\\\/2012\\\/09\\\/pizza.jpg\"},{\"@type\":\"BreadcrumbList\",\"@id\":\"https:\\\/\\\/www.deliciouswithout.com\\\/fr\\\/pain\\\/pita\\\/#breadcrumb\",\"itemListElement\":[{\"@type\":\"ListItem\",\"position\":1,\"name\":\"Accueil\",\"item\":\"https:\\\/\\\/www.deliciouswithout.com\\\/fr\\\/\"},{\"@type\":\"ListItem\",\"position\":2,\"name\":\"Pain\",\"item\":\"http:\\\/\\\/www.deliciouswithout.com\\\/fr\\\/pain\\\/\"},{\"@type\":\"ListItem\",\"position\":3,\"name\":\"Pita\"}]},{\"@type\":\"WebSite\",\"@id\":\"http:\\\/\\\/www.deliciouswithout.com\\\/#website\",\"url\":\"http:\\\/\\\/www.deliciouswithout.com\\\/\",\"name\":\"deliciouswithout.com\",\"description\":\"D\u00e9licieux Sans Gluten, Produits Latiers, Arachides, Noix\",\"potentialAction\":[{\"@type\":\"SearchAction\",\"target\":{\"@type\":\"EntryPoint\",\"urlTemplate\":\"http:\\\/\\\/www.deliciouswithout.com\\\/?s={search_term_string}\"},\"query-input\":{\"@type\":\"PropertyValueSpecification\",\"valueRequired\":true,\"valueName\":\"search_term_string\"}}],\"inLanguage\":\"fr-FR\"}]}<\/script>\n<!-- \/ Yoast SEO plugin. -->","yoast_head_json":{"title":"Pitas - D\u00e9licieux Sans Gluten","description":"Pitas sans gluten Ingr\u00e9dients : Eau, farine de riz brun, farine de riz blanc, huile d\u2019olive extra vierge...","robots":{"index":"index","follow":"follow","max-snippet":"max-snippet:-1","max-image-preview":"max-image-preview:large","max-video-preview":"max-video-preview:-1"},"canonical":"https:\/\/www.deliciouswithout.com\/fr\/pain\/pita\/","og_locale":"fr_FR","og_type":"article","og_title":"Pitas - D\u00e9licieux Sans Gluten","og_description":"Pitas sans gluten Ingr\u00e9dients : Eau, farine de riz brun, farine de riz blanc, huile d\u2019olive extra vierge...","og_url":"https:\/\/www.deliciouswithout.com\/fr\/pain\/pita\/","og_site_name":"deliciouswithout.com","article_modified_time":"2019-01-22T23:52:00+00:00","og_image":[{"url":"http:\/\/www.deliciouswithout.com\/wp-content\/uploads\/2012\/09\/pizza.jpg","type":"","width":"","height":""}],"twitter_misc":{"Dur\u00e9e de lecture estim\u00e9e":"4 minutes"},"schema":{"@context":"https:\/\/schema.org","@graph":[{"@type":"WebPage","@id":"https:\/\/www.deliciouswithout.com\/fr\/pain\/pita\/","url":"https:\/\/www.deliciouswithout.com\/fr\/pain\/pita\/","name":"Pitas - D\u00e9licieux Sans Gluten","isPartOf":{"@id":"http:\/\/www.deliciouswithout.com\/#website"},"primaryImageOfPage":{"@id":"https:\/\/www.deliciouswithout.com\/fr\/pain\/pita\/#primaryimage"},"image":{"@id":"https:\/\/www.deliciouswithout.com\/fr\/pain\/pita\/#primaryimage"},"thumbnailUrl":"http:\/\/www.deliciouswithout.com\/wp-content\/uploads\/2012\/09\/pizza.jpg","datePublished":"2012-09-16T23:14:16+00:00","dateModified":"2019-01-22T23:52:00+00:00","description":"Pitas sans gluten Ingr\u00e9dients : Eau, farine de riz brun, farine de riz blanc, huile d\u2019olive extra vierge...","breadcrumb":{"@id":"https:\/\/www.deliciouswithout.com\/fr\/pain\/pita\/#breadcrumb"},"inLanguage":"fr-FR","potentialAction":[{"@type":"ReadAction","target":["https:\/\/www.deliciouswithout.com\/fr\/pain\/pita\/"]}]},{"@type":"ImageObject","inLanguage":"fr-FR","@id":"https:\/\/www.deliciouswithout.com\/fr\/pain\/pita\/#primaryimage","url":"http:\/\/www.deliciouswithout.com\/wp-content\/uploads\/2012\/09\/pizza.jpg","contentUrl":"http:\/\/www.deliciouswithout.com\/wp-content\/uploads\/2012\/09\/pizza.jpg"},{"@type":"BreadcrumbList","@id":"https:\/\/www.deliciouswithout.com\/fr\/pain\/pita\/#breadcrumb","itemListElement":[{"@type":"ListItem","position":1,"name":"Accueil","item":"https:\/\/www.deliciouswithout.com\/fr\/"},{"@type":"ListItem","position":2,"name":"Pain","item":"http:\/\/www.deliciouswithout.com\/fr\/pain\/"},{"@type":"ListItem","position":3,"name":"Pita"}]},{"@type":"WebSite","@id":"http:\/\/www.deliciouswithout.com\/#website","url":"http:\/\/www.deliciouswithout.com\/","name":"deliciouswithout.com","description":"D\u00e9licieux Sans Gluten, Produits Latiers, Arachides, Noix","potentialAction":[{"@type":"SearchAction","target":{"@type":"EntryPoint","urlTemplate":"http:\/\/www.deliciouswithout.com\/?s={search_term_string}"},"query-input":{"@type":"PropertyValueSpecification","valueRequired":true,"valueName":"search_term_string"}}],"inLanguage":"fr-FR"}]}},"_links":{"self":[{"href":"https:\/\/www.deliciouswithout.com\/fr\/wp-json\/wp\/v2\/pages\/983","targetHints":{"allow":["GET"]}}],"collection":[{"href":"https:\/\/www.deliciouswithout.com\/fr\/wp-json\/wp\/v2\/pages"}],"about":[{"href":"https:\/\/www.deliciouswithout.com\/fr\/wp-json\/wp\/v2\/types\/page"}],"author":[{"embeddable":true,"href":"https:\/\/www.deliciouswithout.com\/fr\/wp-json\/wp\/v2\/users\/1"}],"replies":[{"embeddable":true,"href":"https:\/\/www.deliciouswithout.com\/fr\/wp-json\/wp\/v2\/comments?post=983"}],"version-history":[{"count":0,"href":"https:\/\/www.deliciouswithout.com\/fr\/wp-json\/wp\/v2\/pages\/983\/revisions"}],"up":[{"embeddable":true,"href":"https:\/\/www.deliciouswithout.com\/fr\/wp-json\/wp\/v2\/pages\/5023"}],"wp:attachment":[{"href":"https:\/\/www.deliciouswithout.com\/fr\/wp-json\/wp\/v2\/media?parent=983"}],"curies":[{"name":"wp","href":"https:\/\/api.w.org\/{rel}","templated":true}]}}