{"id":16044,"date":"2021-12-13T10:35:46","date_gmt":"2021-12-13T15:35:46","guid":{"rendered":"https:\/\/www.deliciouswithout.com\/?post_type=product&#038;p=16044"},"modified":"2026-02-11T11:28:22","modified_gmt":"2026-02-11T16:28:22","slug":"9-croute-de-tarte-vegetalien-copy","status":"publish","type":"product","link":"https:\/\/www.deliciouswithout.com\/fr\/product\/9-croute-de-tarte-vegetalien-copy\/","title":{"rendered":"P\u00e2te de Tarte V\u00e9g\u00e9talienne (boule de 400g)"},"content":{"rendered":"<p>Envie de recouvrir votre cro\u00fbte \u00e0 tarte ou de fabriquer la v\u00f4tre ? D\u00e9congelez cette p\u00e2te \u00e0 tarte et travaillez la p\u00e2te \u00e0 votre guise ! Sans allerg\u00e8ne !<\/p>\n","protected":false},"excerpt":{"rendered":"<p><strong>Ingr\u00e9dients:<\/strong> \u00a0Farine de riz, Amidon de pomme de terre, Amidon de tapioca, Farine de pomme de terre, Margarine d&rsquo;huile de canola et de fruit de palme modifi\u00e9e et de palmiste, Gel de lin (Eau, lin), eau, Gomme xantane, Sucre, Sel.<\/p>\n","protected":false},"featured_media":16046,"template":"","meta":{"_acf_changed":false,"wprm-recipe-roundup-name":"","wprm-recipe-roundup-description":""},"product_brand":[],"product_cat":[762],"product_tag":[773,774,775,772,780,771],"class_list":{"0":"post-16044","1":"product","2":"type-product","3":"status-publish","4":"has-post-thumbnail","6":"product_cat-sucrees","7":"product_tag-sans-gluten","8":"product_tag-sans-larachides","9":"product_tag-sans-noix","10":"product_tag-sans-produit-laitier","11":"product_tag-sans-sesame-fr","12":"product_tag-sans-soja","14":"first","15":"instock","16":"taxable","17":"shipping-taxable","18":"purchasable","19":"product-type-simple"},"acf":[],"yoast_head":"<!-- This site is optimized with the Yoast SEO plugin v27.3 - https:\/\/yoast.com\/product\/yoast-seo-wordpress\/ -->\n<title>P\u00e2te de Tarte V\u00e9g\u00e9talienne (boule de 400g) - deliciouswithout.com<\/title>\n<meta name=\"robots\" content=\"index, follow, max-snippet:-1, max-image-preview:large, max-video-preview:-1\" \/>\n<link rel=\"canonical\" href=\"http:\/\/www.deliciouswithout.com\/fr\/product\/9-croute-de-tarte-vegetalien-copy\/\" \/>\n<meta property=\"og:locale\" content=\"fr_FR\" \/>\n<meta property=\"og:type\" content=\"article\" \/>\n<meta property=\"og:title\" content=\"P\u00e2te de Tarte V\u00e9g\u00e9talienne (boule de 400g) - deliciouswithout.com\" \/>\n<meta property=\"og:description\" content=\"Ingr\u00e9dients: \u00a0Farine de riz, Amidon de pomme de terre, Amidon de tapioca, Farine de pomme de terre, Margarine d&#039;huile de canola et de fruit de palme modifi\u00e9e et de palmiste, Gel de lin (Eau, lin), eau, Gomme xantane, Sucre, Sel.\" \/>\n<meta property=\"og:url\" content=\"http:\/\/www.deliciouswithout.com\/fr\/product\/9-croute-de-tarte-vegetalien-copy\/\" \/>\n<meta property=\"og:site_name\" content=\"deliciouswithout.com\" \/>\n<meta property=\"article:modified_time\" content=\"2026-02-11T16:28:22+00:00\" \/>\n<meta property=\"og:image\" content=\"http:\/\/www.deliciouswithout.com\/wp-content\/uploads\/2021\/12\/pie-crust-ball.jpg\" \/>\n\t<meta property=\"og:image:width\" content=\"1200\" \/>\n\t<meta property=\"og:image:height\" content=\"800\" \/>\n\t<meta property=\"og:image:type\" content=\"image\/jpeg\" \/>\n<meta name=\"twitter:label1\" content=\"Dur\u00e9e de lecture estim\u00e9e\" \/>\n\t<meta name=\"twitter:data1\" content=\"1 minute\" \/>\n<script type=\"application\/ld+json\" class=\"yoast-schema-graph\">{\"@context\":\"https:\\\/\\\/schema.org\",\"@graph\":[{\"@type\":\"WebPage\",\"@id\":\"http:\\\/\\\/www.deliciouswithout.com\\\/fr\\\/product\\\/9-croute-de-tarte-vegetalien-copy\\\/\",\"url\":\"http:\\\/\\\/www.deliciouswithout.com\\\/fr\\\/product\\\/9-croute-de-tarte-vegetalien-copy\\\/\",\"name\":\"P\u00e2te de Tarte V\u00e9g\u00e9talienne (boule de 400g) - deliciouswithout.com\",\"isPartOf\":{\"@id\":\"http:\\\/\\\/www.deliciouswithout.com\\\/#website\"},\"primaryImageOfPage\":{\"@id\":\"http:\\\/\\\/www.deliciouswithout.com\\\/fr\\\/product\\\/9-croute-de-tarte-vegetalien-copy\\\/#primaryimage\"},\"image\":{\"@id\":\"http:\\\/\\\/www.deliciouswithout.com\\\/fr\\\/product\\\/9-croute-de-tarte-vegetalien-copy\\\/#primaryimage\"},\"thumbnailUrl\":\"https:\\\/\\\/www.deliciouswithout.com\\\/wp-content\\\/uploads\\\/2021\\\/12\\\/pie-crust-ball.jpg\",\"datePublished\":\"2021-12-13T15:35:46+00:00\",\"dateModified\":\"2026-02-11T16:28:22+00:00\",\"breadcrumb\":{\"@id\":\"http:\\\/\\\/www.deliciouswithout.com\\\/fr\\\/product\\\/9-croute-de-tarte-vegetalien-copy\\\/#breadcrumb\"},\"inLanguage\":\"fr-FR\",\"potentialAction\":[{\"@type\":\"ReadAction\",\"target\":[\"http:\\\/\\\/www.deliciouswithout.com\\\/fr\\\/product\\\/9-croute-de-tarte-vegetalien-copy\\\/\"]}]},{\"@type\":\"ImageObject\",\"inLanguage\":\"fr-FR\",\"@id\":\"http:\\\/\\\/www.deliciouswithout.com\\\/fr\\\/product\\\/9-croute-de-tarte-vegetalien-copy\\\/#primaryimage\",\"url\":\"https:\\\/\\\/www.deliciouswithout.com\\\/wp-content\\\/uploads\\\/2021\\\/12\\\/pie-crust-ball.jpg\",\"contentUrl\":\"https:\\\/\\\/www.deliciouswithout.com\\\/wp-content\\\/uploads\\\/2021\\\/12\\\/pie-crust-ball.jpg\",\"width\":1200,\"height\":800},{\"@type\":\"BreadcrumbList\",\"@id\":\"http:\\\/\\\/www.deliciouswithout.com\\\/fr\\\/product\\\/9-croute-de-tarte-vegetalien-copy\\\/#breadcrumb\",\"itemListElement\":[{\"@type\":\"ListItem\",\"position\":1,\"name\":\"Accueil\",\"item\":\"https:\\\/\\\/www.deliciouswithout.com\\\/fr\\\/\"},{\"@type\":\"ListItem\",\"position\":2,\"name\":\"Store Sort\",\"item\":\"https:\\\/\\\/www.deliciouswithout.com\\\/store-sort\\\/\"},{\"@type\":\"ListItem\",\"position\":3,\"name\":\"P\u00e2te de Tarte V\u00e9g\u00e9talienne (boule de 400g)\"}]},{\"@type\":\"WebSite\",\"@id\":\"http:\\\/\\\/www.deliciouswithout.com\\\/#website\",\"url\":\"http:\\\/\\\/www.deliciouswithout.com\\\/\",\"name\":\"deliciouswithout.com\",\"description\":\"D\u00e9licieux Sans Gluten, Produits Latiers, Arachides, Noix\",\"potentialAction\":[{\"@type\":\"SearchAction\",\"target\":{\"@type\":\"EntryPoint\",\"urlTemplate\":\"http:\\\/\\\/www.deliciouswithout.com\\\/?s={search_term_string}\"},\"query-input\":{\"@type\":\"PropertyValueSpecification\",\"valueRequired\":true,\"valueName\":\"search_term_string\"}}],\"inLanguage\":\"fr-FR\"}]}<\/script>\n<!-- \/ Yoast SEO plugin. -->","yoast_head_json":{"title":"P\u00e2te de Tarte V\u00e9g\u00e9talienne (boule de 400g) - deliciouswithout.com","robots":{"index":"index","follow":"follow","max-snippet":"max-snippet:-1","max-image-preview":"max-image-preview:large","max-video-preview":"max-video-preview:-1"},"canonical":"http:\/\/www.deliciouswithout.com\/fr\/product\/9-croute-de-tarte-vegetalien-copy\/","og_locale":"fr_FR","og_type":"article","og_title":"P\u00e2te de Tarte V\u00e9g\u00e9talienne (boule de 400g) - deliciouswithout.com","og_description":"Ingr\u00e9dients: \u00a0Farine de riz, Amidon de pomme de terre, Amidon de tapioca, Farine de pomme de terre, Margarine d'huile de canola et de fruit de palme modifi\u00e9e et de palmiste, Gel de lin (Eau, lin), eau, Gomme xantane, Sucre, Sel.","og_url":"http:\/\/www.deliciouswithout.com\/fr\/product\/9-croute-de-tarte-vegetalien-copy\/","og_site_name":"deliciouswithout.com","article_modified_time":"2026-02-11T16:28:22+00:00","og_image":[{"width":1200,"height":800,"url":"http:\/\/www.deliciouswithout.com\/wp-content\/uploads\/2021\/12\/pie-crust-ball.jpg","type":"image\/jpeg"}],"twitter_misc":{"Dur\u00e9e de lecture estim\u00e9e":"1 minute"},"schema":{"@context":"https:\/\/schema.org","@graph":[{"@type":"WebPage","@id":"http:\/\/www.deliciouswithout.com\/fr\/product\/9-croute-de-tarte-vegetalien-copy\/","url":"http:\/\/www.deliciouswithout.com\/fr\/product\/9-croute-de-tarte-vegetalien-copy\/","name":"P\u00e2te de Tarte V\u00e9g\u00e9talienne (boule de 400g) - deliciouswithout.com","isPartOf":{"@id":"http:\/\/www.deliciouswithout.com\/#website"},"primaryImageOfPage":{"@id":"http:\/\/www.deliciouswithout.com\/fr\/product\/9-croute-de-tarte-vegetalien-copy\/#primaryimage"},"image":{"@id":"http:\/\/www.deliciouswithout.com\/fr\/product\/9-croute-de-tarte-vegetalien-copy\/#primaryimage"},"thumbnailUrl":"https:\/\/www.deliciouswithout.com\/wp-content\/uploads\/2021\/12\/pie-crust-ball.jpg","datePublished":"2021-12-13T15:35:46+00:00","dateModified":"2026-02-11T16:28:22+00:00","breadcrumb":{"@id":"http:\/\/www.deliciouswithout.com\/fr\/product\/9-croute-de-tarte-vegetalien-copy\/#breadcrumb"},"inLanguage":"fr-FR","potentialAction":[{"@type":"ReadAction","target":["http:\/\/www.deliciouswithout.com\/fr\/product\/9-croute-de-tarte-vegetalien-copy\/"]}]},{"@type":"ImageObject","inLanguage":"fr-FR","@id":"http:\/\/www.deliciouswithout.com\/fr\/product\/9-croute-de-tarte-vegetalien-copy\/#primaryimage","url":"https:\/\/www.deliciouswithout.com\/wp-content\/uploads\/2021\/12\/pie-crust-ball.jpg","contentUrl":"https:\/\/www.deliciouswithout.com\/wp-content\/uploads\/2021\/12\/pie-crust-ball.jpg","width":1200,"height":800},{"@type":"BreadcrumbList","@id":"http:\/\/www.deliciouswithout.com\/fr\/product\/9-croute-de-tarte-vegetalien-copy\/#breadcrumb","itemListElement":[{"@type":"ListItem","position":1,"name":"Accueil","item":"https:\/\/www.deliciouswithout.com\/fr\/"},{"@type":"ListItem","position":2,"name":"Store Sort","item":"https:\/\/www.deliciouswithout.com\/store-sort\/"},{"@type":"ListItem","position":3,"name":"P\u00e2te de Tarte V\u00e9g\u00e9talienne (boule de 400g)"}]},{"@type":"WebSite","@id":"http:\/\/www.deliciouswithout.com\/#website","url":"http:\/\/www.deliciouswithout.com\/","name":"deliciouswithout.com","description":"D\u00e9licieux Sans Gluten, Produits Latiers, Arachides, Noix","potentialAction":[{"@type":"SearchAction","target":{"@type":"EntryPoint","urlTemplate":"http:\/\/www.deliciouswithout.com\/?s={search_term_string}"},"query-input":{"@type":"PropertyValueSpecification","valueRequired":true,"valueName":"search_term_string"}}],"inLanguage":"fr-FR"}]}},"_links":{"self":[{"href":"https:\/\/www.deliciouswithout.com\/fr\/wp-json\/wp\/v2\/product\/16044","targetHints":{"allow":["GET"]}}],"collection":[{"href":"https:\/\/www.deliciouswithout.com\/fr\/wp-json\/wp\/v2\/product"}],"about":[{"href":"https:\/\/www.deliciouswithout.com\/fr\/wp-json\/wp\/v2\/types\/product"}],"wp:featuredmedia":[{"embeddable":true,"href":"https:\/\/www.deliciouswithout.com\/fr\/wp-json\/wp\/v2\/media\/16046"}],"wp:attachment":[{"href":"https:\/\/www.deliciouswithout.com\/fr\/wp-json\/wp\/v2\/media?parent=16044"}],"wp:term":[{"taxonomy":"product_brand","embeddable":true,"href":"https:\/\/www.deliciouswithout.com\/fr\/wp-json\/wp\/v2\/product_brand?post=16044"},{"taxonomy":"product_cat","embeddable":true,"href":"https:\/\/www.deliciouswithout.com\/fr\/wp-json\/wp\/v2\/product_cat?post=16044"},{"taxonomy":"product_tag","embeddable":true,"href":"https:\/\/www.deliciouswithout.com\/fr\/wp-json\/wp\/v2\/product_tag?post=16044"}],"curies":[{"name":"wp","href":"https:\/\/api.w.org\/{rel}","templated":true}]}}