{"id":16986,"date":"2022-09-13T15:38:36","date_gmt":"2022-09-13T19:38:36","guid":{"rendered":"https:\/\/www.deliciouswithout.com\/?post_type=product&#038;p=16986"},"modified":"2025-08-12T11:27:45","modified_gmt":"2025-08-12T15:27:45","slug":"gateau-au-miel-et-epices-copy","status":"publish","type":"product","link":"https:\/\/www.deliciouswithout.com\/fr\/product\/gateau-au-miel-et-epices-copy\/","title":{"rendered":"Tarte aux Pommes (avec avoine)"},"content":{"rendered":"<p>Des pommes empil\u00e9es et des canneberges garnies d&rsquo;une garniture de chapelure d&rsquo;avoine tellement d\u00e9licieuse\u00a0! \u00c0 essayer absolument ! V\u00e9g\u00e9talien et sans allerg\u00e8ne.<br \/>\nD\u00e9congelez et placez dans votre four pour r\u00e9chauffer, mais il est d\u00e9j\u00e0 cuit et pr\u00eat.<\/p>\n","protected":false},"excerpt":{"rendered":"<p><strong>Ingr\u00e9dients: <\/strong>Pommes, canneberges, farine de riz blanc, f\u00e9cule de pomme de terre, f\u00e9cule de tapioca, farine de pomme de terre, margarine de canola et d&rsquo;huile de palmiste et de palmiste modifi\u00e9e, avoine, gel de lin (eau, graines de lin), boisson de riz enrichie, sucre, gomme xanthane, cannelle, sel.<\/p>\n","protected":false},"featured_media":16988,"template":"","meta":{"_acf_changed":false,"wprm-recipe-roundup-name":"","wprm-recipe-roundup-description":""},"product_brand":[],"product_cat":[762],"product_tag":[773,774,775,772,780,771,908],"class_list":{"0":"post-16986","1":"product","2":"type-product","3":"status-publish","4":"has-post-thumbnail","6":"product_cat-sucrees","7":"product_tag-sans-gluten","8":"product_tag-sans-larachides","9":"product_tag-sans-noix","10":"product_tag-sans-produit-laitier","11":"product_tag-sans-sesame-fr","12":"product_tag-sans-soja","13":"product_tag-vegan-fr","15":"first","16":"outofstock","17":"shipping-taxable","18":"purchasable","19":"product-type-simple"},"acf":[],"yoast_head":"<!-- This site is optimized with the Yoast SEO plugin v27.3 - https:\/\/yoast.com\/product\/yoast-seo-wordpress\/ -->\n<title>Tarte aux Pommes (avec avoine) - deliciouswithout.com<\/title>\n<meta name=\"robots\" content=\"index, follow, max-snippet:-1, max-image-preview:large, max-video-preview:-1\" \/>\n<link rel=\"canonical\" href=\"https:\/\/www.deliciouswithout.com\/fr\/product\/gateau-au-miel-et-epices-copy\/\" \/>\n<meta property=\"og:locale\" content=\"fr_FR\" \/>\n<meta property=\"og:type\" content=\"article\" \/>\n<meta property=\"og:title\" content=\"Tarte aux Pommes (avec avoine) - deliciouswithout.com\" \/>\n<meta property=\"og:description\" content=\"Ingr\u00e9dients: Pommes, canneberges, farine de riz blanc, f\u00e9cule de pomme de terre, f\u00e9cule de tapioca, farine de pomme de terre, margarine de canola et d&#039;huile de palmiste et de palmiste modifi\u00e9e, avoine, gel de lin (eau, graines de lin), boisson de riz enrichie, sucre, gomme xanthane, cannelle, sel.\" \/>\n<meta property=\"og:url\" content=\"https:\/\/www.deliciouswithout.com\/fr\/product\/gateau-au-miel-et-epices-copy\/\" \/>\n<meta property=\"og:site_name\" content=\"deliciouswithout.com\" \/>\n<meta property=\"article:modified_time\" content=\"2025-08-12T15:27:45+00:00\" \/>\n<meta property=\"og:image\" content=\"https:\/\/www.deliciouswithout.com\/wp-content\/uploads\/2022\/09\/IMG_5752.jpeg\" \/>\n\t<meta property=\"og:image:width\" content=\"504\" \/>\n\t<meta property=\"og:image:height\" content=\"378\" \/>\n\t<meta property=\"og:image:type\" content=\"image\/jpeg\" \/>\n<meta name=\"twitter:label1\" content=\"Dur\u00e9e de lecture estim\u00e9e\" \/>\n\t<meta name=\"twitter:data1\" content=\"1 minute\" \/>\n<script type=\"application\/ld+json\" class=\"yoast-schema-graph\">{\"@context\":\"https:\\\/\\\/schema.org\",\"@graph\":[{\"@type\":\"WebPage\",\"@id\":\"https:\\\/\\\/www.deliciouswithout.com\\\/fr\\\/product\\\/gateau-au-miel-et-epices-copy\\\/\",\"url\":\"https:\\\/\\\/www.deliciouswithout.com\\\/fr\\\/product\\\/gateau-au-miel-et-epices-copy\\\/\",\"name\":\"Tarte aux Pommes (avec avoine) - deliciouswithout.com\",\"isPartOf\":{\"@id\":\"http:\\\/\\\/www.deliciouswithout.com\\\/#website\"},\"primaryImageOfPage\":{\"@id\":\"https:\\\/\\\/www.deliciouswithout.com\\\/fr\\\/product\\\/gateau-au-miel-et-epices-copy\\\/#primaryimage\"},\"image\":{\"@id\":\"https:\\\/\\\/www.deliciouswithout.com\\\/fr\\\/product\\\/gateau-au-miel-et-epices-copy\\\/#primaryimage\"},\"thumbnailUrl\":\"https:\\\/\\\/www.deliciouswithout.com\\\/wp-content\\\/uploads\\\/2022\\\/09\\\/IMG_5752.jpeg\",\"datePublished\":\"2022-09-13T19:38:36+00:00\",\"dateModified\":\"2025-08-12T15:27:45+00:00\",\"breadcrumb\":{\"@id\":\"https:\\\/\\\/www.deliciouswithout.com\\\/fr\\\/product\\\/gateau-au-miel-et-epices-copy\\\/#breadcrumb\"},\"inLanguage\":\"fr-FR\",\"potentialAction\":[{\"@type\":\"ReadAction\",\"target\":[\"https:\\\/\\\/www.deliciouswithout.com\\\/fr\\\/product\\\/gateau-au-miel-et-epices-copy\\\/\"]}]},{\"@type\":\"ImageObject\",\"inLanguage\":\"fr-FR\",\"@id\":\"https:\\\/\\\/www.deliciouswithout.com\\\/fr\\\/product\\\/gateau-au-miel-et-epices-copy\\\/#primaryimage\",\"url\":\"https:\\\/\\\/www.deliciouswithout.com\\\/wp-content\\\/uploads\\\/2022\\\/09\\\/IMG_5752.jpeg\",\"contentUrl\":\"https:\\\/\\\/www.deliciouswithout.com\\\/wp-content\\\/uploads\\\/2022\\\/09\\\/IMG_5752.jpeg\",\"width\":504,\"height\":378},{\"@type\":\"BreadcrumbList\",\"@id\":\"https:\\\/\\\/www.deliciouswithout.com\\\/fr\\\/product\\\/gateau-au-miel-et-epices-copy\\\/#breadcrumb\",\"itemListElement\":[{\"@type\":\"ListItem\",\"position\":1,\"name\":\"Accueil\",\"item\":\"https:\\\/\\\/www.deliciouswithout.com\\\/fr\\\/\"},{\"@type\":\"ListItem\",\"position\":2,\"name\":\"Store Sort\",\"item\":\"https:\\\/\\\/www.deliciouswithout.com\\\/store-sort\\\/\"},{\"@type\":\"ListItem\",\"position\":3,\"name\":\"Tarte aux Pommes (avec avoine)\"}]},{\"@type\":\"WebSite\",\"@id\":\"http:\\\/\\\/www.deliciouswithout.com\\\/#website\",\"url\":\"http:\\\/\\\/www.deliciouswithout.com\\\/\",\"name\":\"deliciouswithout.com\",\"description\":\"D\u00e9licieux Sans Gluten, Produits Latiers, Arachides, Noix\",\"potentialAction\":[{\"@type\":\"SearchAction\",\"target\":{\"@type\":\"EntryPoint\",\"urlTemplate\":\"http:\\\/\\\/www.deliciouswithout.com\\\/?s={search_term_string}\"},\"query-input\":{\"@type\":\"PropertyValueSpecification\",\"valueRequired\":true,\"valueName\":\"search_term_string\"}}],\"inLanguage\":\"fr-FR\"}]}<\/script>\n<!-- \/ Yoast SEO plugin. -->","yoast_head_json":{"title":"Tarte aux Pommes (avec avoine) - deliciouswithout.com","robots":{"index":"index","follow":"follow","max-snippet":"max-snippet:-1","max-image-preview":"max-image-preview:large","max-video-preview":"max-video-preview:-1"},"canonical":"https:\/\/www.deliciouswithout.com\/fr\/product\/gateau-au-miel-et-epices-copy\/","og_locale":"fr_FR","og_type":"article","og_title":"Tarte aux Pommes (avec avoine) - deliciouswithout.com","og_description":"Ingr\u00e9dients: Pommes, canneberges, farine de riz blanc, f\u00e9cule de pomme de terre, f\u00e9cule de tapioca, farine de pomme de terre, margarine de canola et d'huile de palmiste et de palmiste modifi\u00e9e, avoine, gel de lin (eau, graines de lin), boisson de riz enrichie, sucre, gomme xanthane, cannelle, sel.","og_url":"https:\/\/www.deliciouswithout.com\/fr\/product\/gateau-au-miel-et-epices-copy\/","og_site_name":"deliciouswithout.com","article_modified_time":"2025-08-12T15:27:45+00:00","og_image":[{"width":504,"height":378,"url":"https:\/\/www.deliciouswithout.com\/wp-content\/uploads\/2022\/09\/IMG_5752.jpeg","type":"image\/jpeg"}],"twitter_misc":{"Dur\u00e9e de lecture estim\u00e9e":"1 minute"},"schema":{"@context":"https:\/\/schema.org","@graph":[{"@type":"WebPage","@id":"https:\/\/www.deliciouswithout.com\/fr\/product\/gateau-au-miel-et-epices-copy\/","url":"https:\/\/www.deliciouswithout.com\/fr\/product\/gateau-au-miel-et-epices-copy\/","name":"Tarte aux Pommes (avec avoine) - deliciouswithout.com","isPartOf":{"@id":"http:\/\/www.deliciouswithout.com\/#website"},"primaryImageOfPage":{"@id":"https:\/\/www.deliciouswithout.com\/fr\/product\/gateau-au-miel-et-epices-copy\/#primaryimage"},"image":{"@id":"https:\/\/www.deliciouswithout.com\/fr\/product\/gateau-au-miel-et-epices-copy\/#primaryimage"},"thumbnailUrl":"https:\/\/www.deliciouswithout.com\/wp-content\/uploads\/2022\/09\/IMG_5752.jpeg","datePublished":"2022-09-13T19:38:36+00:00","dateModified":"2025-08-12T15:27:45+00:00","breadcrumb":{"@id":"https:\/\/www.deliciouswithout.com\/fr\/product\/gateau-au-miel-et-epices-copy\/#breadcrumb"},"inLanguage":"fr-FR","potentialAction":[{"@type":"ReadAction","target":["https:\/\/www.deliciouswithout.com\/fr\/product\/gateau-au-miel-et-epices-copy\/"]}]},{"@type":"ImageObject","inLanguage":"fr-FR","@id":"https:\/\/www.deliciouswithout.com\/fr\/product\/gateau-au-miel-et-epices-copy\/#primaryimage","url":"https:\/\/www.deliciouswithout.com\/wp-content\/uploads\/2022\/09\/IMG_5752.jpeg","contentUrl":"https:\/\/www.deliciouswithout.com\/wp-content\/uploads\/2022\/09\/IMG_5752.jpeg","width":504,"height":378},{"@type":"BreadcrumbList","@id":"https:\/\/www.deliciouswithout.com\/fr\/product\/gateau-au-miel-et-epices-copy\/#breadcrumb","itemListElement":[{"@type":"ListItem","position":1,"name":"Accueil","item":"https:\/\/www.deliciouswithout.com\/fr\/"},{"@type":"ListItem","position":2,"name":"Store Sort","item":"https:\/\/www.deliciouswithout.com\/store-sort\/"},{"@type":"ListItem","position":3,"name":"Tarte aux Pommes (avec avoine)"}]},{"@type":"WebSite","@id":"http:\/\/www.deliciouswithout.com\/#website","url":"http:\/\/www.deliciouswithout.com\/","name":"deliciouswithout.com","description":"D\u00e9licieux Sans Gluten, Produits Latiers, Arachides, Noix","potentialAction":[{"@type":"SearchAction","target":{"@type":"EntryPoint","urlTemplate":"http:\/\/www.deliciouswithout.com\/?s={search_term_string}"},"query-input":{"@type":"PropertyValueSpecification","valueRequired":true,"valueName":"search_term_string"}}],"inLanguage":"fr-FR"}]}},"_links":{"self":[{"href":"https:\/\/www.deliciouswithout.com\/fr\/wp-json\/wp\/v2\/product\/16986","targetHints":{"allow":["GET"]}}],"collection":[{"href":"https:\/\/www.deliciouswithout.com\/fr\/wp-json\/wp\/v2\/product"}],"about":[{"href":"https:\/\/www.deliciouswithout.com\/fr\/wp-json\/wp\/v2\/types\/product"}],"wp:featuredmedia":[{"embeddable":true,"href":"https:\/\/www.deliciouswithout.com\/fr\/wp-json\/wp\/v2\/media\/16988"}],"wp:attachment":[{"href":"https:\/\/www.deliciouswithout.com\/fr\/wp-json\/wp\/v2\/media?parent=16986"}],"wp:term":[{"taxonomy":"product_brand","embeddable":true,"href":"https:\/\/www.deliciouswithout.com\/fr\/wp-json\/wp\/v2\/product_brand?post=16986"},{"taxonomy":"product_cat","embeddable":true,"href":"https:\/\/www.deliciouswithout.com\/fr\/wp-json\/wp\/v2\/product_cat?post=16986"},{"taxonomy":"product_tag","embeddable":true,"href":"https:\/\/www.deliciouswithout.com\/fr\/wp-json\/wp\/v2\/product_tag?post=16986"}],"curies":[{"name":"wp","href":"https:\/\/api.w.org\/{rel}","templated":true}]}}