{"id":20088,"date":"2024-06-05T12:05:44","date_gmt":"2024-06-05T16:05:44","guid":{"rendered":"https:\/\/www.deliciouswithout.com\/product\/20088\/"},"modified":"2025-03-24T13:03:16","modified_gmt":"2025-03-24T17:03:16","slug":"20088","status":"publish","type":"product","link":"https:\/\/www.deliciouswithout.com\/fr\/product\/20088\/","title":{"rendered":"Brownie (70g)"},"content":{"rendered":"<p>Une d\u00e9licieuse g\u00e2terie moelleuse\u00a0! Veuillez noter qu&rsquo;il s&rsquo;agit de notre seul article contenant du soja. Nous l&rsquo;adorons directement sorti du cong\u00e9lateur, mais vous pouvez attendre et vous faire plaisir \u00e0 n&rsquo;importe quelle temp\u00e9rature.<\/p>\n","protected":false},"excerpt":{"rendered":"<p><strong>Ingr\u00e9dients :<\/strong> Sucre, p\u00e9pites de chocolat (sucre, chocolat non sucr\u00e9, beurre de cacao, l\u00e9cithine de soja, extrait naturel de vanille), \u0153ufs entiers liquides, huile de canola, poudre de cacao, eau, farine de riz blanc, f\u00e9cule de pomme de terre, f\u00e9cule de tapioca, farine de pomme de terre, sel marin. , Levure chimique, Gomme xanthane.<\/p>\n<p><strong>Contient :<\/strong> Soja, Oeufs.<\/p>\n","protected":false},"featured_media":20998,"template":"","meta":{"_acf_changed":false,"wprm-recipe-roundup-name":"","wprm-recipe-roundup-description":""},"product_brand":[],"product_cat":[762],"product_tag":[773,774,775,772,780],"class_list":{"0":"post-20088","1":"product","2":"type-product","3":"status-publish","4":"has-post-thumbnail","6":"product_cat-sucrees","7":"product_tag-sans-gluten","8":"product_tag-sans-larachides","9":"product_tag-sans-noix","10":"product_tag-sans-produit-laitier","11":"product_tag-sans-sesame-fr","13":"first","14":"instock","15":"taxable","16":"shipping-taxable","17":"purchasable","18":"product-type-simple"},"acf":[],"yoast_head":"<!-- This site is optimized with the Yoast SEO plugin v27.3 - https:\/\/yoast.com\/product\/yoast-seo-wordpress\/ -->\n<title>Brownie (70g) - deliciouswithout.com<\/title>\n<meta name=\"robots\" content=\"index, follow, max-snippet:-1, max-image-preview:large, max-video-preview:-1\" \/>\n<link rel=\"canonical\" href=\"https:\/\/www.deliciouswithout.com\/fr\/product\/20088\/\" \/>\n<meta property=\"og:locale\" content=\"fr_FR\" \/>\n<meta property=\"og:type\" content=\"article\" \/>\n<meta property=\"og:title\" content=\"Brownie (70g) - deliciouswithout.com\" \/>\n<meta property=\"og:description\" content=\"Ingr\u00e9dients : Sucre, p\u00e9pites de chocolat (sucre, chocolat non sucr\u00e9, beurre de cacao, l\u00e9cithine de soja, extrait naturel de vanille), \u0153ufs entiers liquides, huile de canola, poudre de cacao, eau, farine de riz blanc, f\u00e9cule de pomme de terre, f\u00e9cule de tapioca, farine de pomme de terre, sel marin. , Levure chimique, Gomme xanthane.  Contient : Soja, Oeufs.\" \/>\n<meta property=\"og:url\" content=\"https:\/\/www.deliciouswithout.com\/fr\/product\/20088\/\" \/>\n<meta property=\"og:site_name\" content=\"deliciouswithout.com\" \/>\n<meta property=\"article:modified_time\" content=\"2025-03-24T17:03:16+00:00\" \/>\n<meta property=\"og:image\" content=\"https:\/\/www.deliciouswithout.com\/wp-content\/uploads\/2024\/06\/DWG-square-template-website-products.psd-11.png\" \/>\n\t<meta property=\"og:image:width\" content=\"800\" \/>\n\t<meta property=\"og:image:height\" content=\"800\" \/>\n\t<meta property=\"og:image:type\" content=\"image\/png\" \/>\n<meta name=\"twitter:label1\" content=\"Dur\u00e9e de lecture estim\u00e9e\" \/>\n\t<meta name=\"twitter:data1\" content=\"1 minute\" \/>\n<script type=\"application\/ld+json\" class=\"yoast-schema-graph\">{\"@context\":\"https:\\\/\\\/schema.org\",\"@graph\":[{\"@type\":\"WebPage\",\"@id\":\"https:\\\/\\\/www.deliciouswithout.com\\\/fr\\\/product\\\/20088\\\/\",\"url\":\"https:\\\/\\\/www.deliciouswithout.com\\\/fr\\\/product\\\/20088\\\/\",\"name\":\"Brownie (70g) - deliciouswithout.com\",\"isPartOf\":{\"@id\":\"http:\\\/\\\/www.deliciouswithout.com\\\/#website\"},\"primaryImageOfPage\":{\"@id\":\"https:\\\/\\\/www.deliciouswithout.com\\\/fr\\\/product\\\/20088\\\/#primaryimage\"},\"image\":{\"@id\":\"https:\\\/\\\/www.deliciouswithout.com\\\/fr\\\/product\\\/20088\\\/#primaryimage\"},\"thumbnailUrl\":\"https:\\\/\\\/www.deliciouswithout.com\\\/wp-content\\\/uploads\\\/2024\\\/06\\\/DWG-square-template-website-products.psd-11.png\",\"datePublished\":\"2024-06-05T16:05:44+00:00\",\"dateModified\":\"2025-03-24T17:03:16+00:00\",\"breadcrumb\":{\"@id\":\"https:\\\/\\\/www.deliciouswithout.com\\\/fr\\\/product\\\/20088\\\/#breadcrumb\"},\"inLanguage\":\"fr-FR\",\"potentialAction\":[{\"@type\":\"ReadAction\",\"target\":[\"https:\\\/\\\/www.deliciouswithout.com\\\/fr\\\/product\\\/20088\\\/\"]}]},{\"@type\":\"ImageObject\",\"inLanguage\":\"fr-FR\",\"@id\":\"https:\\\/\\\/www.deliciouswithout.com\\\/fr\\\/product\\\/20088\\\/#primaryimage\",\"url\":\"https:\\\/\\\/www.deliciouswithout.com\\\/wp-content\\\/uploads\\\/2024\\\/06\\\/DWG-square-template-website-products.psd-11.png\",\"contentUrl\":\"https:\\\/\\\/www.deliciouswithout.com\\\/wp-content\\\/uploads\\\/2024\\\/06\\\/DWG-square-template-website-products.psd-11.png\",\"width\":800,\"height\":800},{\"@type\":\"BreadcrumbList\",\"@id\":\"https:\\\/\\\/www.deliciouswithout.com\\\/fr\\\/product\\\/20088\\\/#breadcrumb\",\"itemListElement\":[{\"@type\":\"ListItem\",\"position\":1,\"name\":\"Accueil\",\"item\":\"https:\\\/\\\/www.deliciouswithout.com\\\/fr\\\/\"},{\"@type\":\"ListItem\",\"position\":2,\"name\":\"Store Sort\",\"item\":\"https:\\\/\\\/www.deliciouswithout.com\\\/store-sort\\\/\"},{\"@type\":\"ListItem\",\"position\":3,\"name\":\"Brownie (70g)\"}]},{\"@type\":\"WebSite\",\"@id\":\"http:\\\/\\\/www.deliciouswithout.com\\\/#website\",\"url\":\"http:\\\/\\\/www.deliciouswithout.com\\\/\",\"name\":\"deliciouswithout.com\",\"description\":\"D\u00e9licieux Sans Gluten, Produits Latiers, Arachides, Noix\",\"potentialAction\":[{\"@type\":\"SearchAction\",\"target\":{\"@type\":\"EntryPoint\",\"urlTemplate\":\"http:\\\/\\\/www.deliciouswithout.com\\\/?s={search_term_string}\"},\"query-input\":{\"@type\":\"PropertyValueSpecification\",\"valueRequired\":true,\"valueName\":\"search_term_string\"}}],\"inLanguage\":\"fr-FR\"}]}<\/script>\n<!-- \/ Yoast SEO plugin. -->","yoast_head_json":{"title":"Brownie (70g) - deliciouswithout.com","robots":{"index":"index","follow":"follow","max-snippet":"max-snippet:-1","max-image-preview":"max-image-preview:large","max-video-preview":"max-video-preview:-1"},"canonical":"https:\/\/www.deliciouswithout.com\/fr\/product\/20088\/","og_locale":"fr_FR","og_type":"article","og_title":"Brownie (70g) - deliciouswithout.com","og_description":"Ingr\u00e9dients : Sucre, p\u00e9pites de chocolat (sucre, chocolat non sucr\u00e9, beurre de cacao, l\u00e9cithine de soja, extrait naturel de vanille), \u0153ufs entiers liquides, huile de canola, poudre de cacao, eau, farine de riz blanc, f\u00e9cule de pomme de terre, f\u00e9cule de tapioca, farine de pomme de terre, sel marin. , Levure chimique, Gomme xanthane.  Contient : Soja, Oeufs.","og_url":"https:\/\/www.deliciouswithout.com\/fr\/product\/20088\/","og_site_name":"deliciouswithout.com","article_modified_time":"2025-03-24T17:03:16+00:00","og_image":[{"width":800,"height":800,"url":"https:\/\/www.deliciouswithout.com\/wp-content\/uploads\/2024\/06\/DWG-square-template-website-products.psd-11.png","type":"image\/png"}],"twitter_misc":{"Dur\u00e9e de lecture estim\u00e9e":"1 minute"},"schema":{"@context":"https:\/\/schema.org","@graph":[{"@type":"WebPage","@id":"https:\/\/www.deliciouswithout.com\/fr\/product\/20088\/","url":"https:\/\/www.deliciouswithout.com\/fr\/product\/20088\/","name":"Brownie (70g) - deliciouswithout.com","isPartOf":{"@id":"http:\/\/www.deliciouswithout.com\/#website"},"primaryImageOfPage":{"@id":"https:\/\/www.deliciouswithout.com\/fr\/product\/20088\/#primaryimage"},"image":{"@id":"https:\/\/www.deliciouswithout.com\/fr\/product\/20088\/#primaryimage"},"thumbnailUrl":"https:\/\/www.deliciouswithout.com\/wp-content\/uploads\/2024\/06\/DWG-square-template-website-products.psd-11.png","datePublished":"2024-06-05T16:05:44+00:00","dateModified":"2025-03-24T17:03:16+00:00","breadcrumb":{"@id":"https:\/\/www.deliciouswithout.com\/fr\/product\/20088\/#breadcrumb"},"inLanguage":"fr-FR","potentialAction":[{"@type":"ReadAction","target":["https:\/\/www.deliciouswithout.com\/fr\/product\/20088\/"]}]},{"@type":"ImageObject","inLanguage":"fr-FR","@id":"https:\/\/www.deliciouswithout.com\/fr\/product\/20088\/#primaryimage","url":"https:\/\/www.deliciouswithout.com\/wp-content\/uploads\/2024\/06\/DWG-square-template-website-products.psd-11.png","contentUrl":"https:\/\/www.deliciouswithout.com\/wp-content\/uploads\/2024\/06\/DWG-square-template-website-products.psd-11.png","width":800,"height":800},{"@type":"BreadcrumbList","@id":"https:\/\/www.deliciouswithout.com\/fr\/product\/20088\/#breadcrumb","itemListElement":[{"@type":"ListItem","position":1,"name":"Accueil","item":"https:\/\/www.deliciouswithout.com\/fr\/"},{"@type":"ListItem","position":2,"name":"Store Sort","item":"https:\/\/www.deliciouswithout.com\/store-sort\/"},{"@type":"ListItem","position":3,"name":"Brownie (70g)"}]},{"@type":"WebSite","@id":"http:\/\/www.deliciouswithout.com\/#website","url":"http:\/\/www.deliciouswithout.com\/","name":"deliciouswithout.com","description":"D\u00e9licieux Sans Gluten, Produits Latiers, Arachides, Noix","potentialAction":[{"@type":"SearchAction","target":{"@type":"EntryPoint","urlTemplate":"http:\/\/www.deliciouswithout.com\/?s={search_term_string}"},"query-input":{"@type":"PropertyValueSpecification","valueRequired":true,"valueName":"search_term_string"}}],"inLanguage":"fr-FR"}]}},"_links":{"self":[{"href":"https:\/\/www.deliciouswithout.com\/fr\/wp-json\/wp\/v2\/product\/20088","targetHints":{"allow":["GET"]}}],"collection":[{"href":"https:\/\/www.deliciouswithout.com\/fr\/wp-json\/wp\/v2\/product"}],"about":[{"href":"https:\/\/www.deliciouswithout.com\/fr\/wp-json\/wp\/v2\/types\/product"}],"wp:featuredmedia":[{"embeddable":true,"href":"https:\/\/www.deliciouswithout.com\/fr\/wp-json\/wp\/v2\/media\/20998"}],"wp:attachment":[{"href":"https:\/\/www.deliciouswithout.com\/fr\/wp-json\/wp\/v2\/media?parent=20088"}],"wp:term":[{"taxonomy":"product_brand","embeddable":true,"href":"https:\/\/www.deliciouswithout.com\/fr\/wp-json\/wp\/v2\/product_brand?post=20088"},{"taxonomy":"product_cat","embeddable":true,"href":"https:\/\/www.deliciouswithout.com\/fr\/wp-json\/wp\/v2\/product_cat?post=20088"},{"taxonomy":"product_tag","embeddable":true,"href":"https:\/\/www.deliciouswithout.com\/fr\/wp-json\/wp\/v2\/product_tag?post=20088"}],"curies":[{"name":"wp","href":"https:\/\/api.w.org\/{rel}","templated":true}]}}