{"id":20852,"date":"2025-02-03T11:36:26","date_gmt":"2025-02-03T16:36:26","guid":{"rendered":"https:\/\/www.deliciouswithout.com\/?post_type=product&#038;p=20852"},"modified":"2026-04-30T14:33:41","modified_gmt":"2026-04-30T18:33:41","slug":"pate-a-biscuit-vegetalienne-450g-copy","status":"publish","type":"product","link":"https:\/\/www.deliciouswithout.com\/fr\/product\/pate-a-biscuit-vegetalienne-450g-copy\/","title":{"rendered":"P\u00e2te a biscuit v\u00e9g\u00e9talienne (600g)"},"content":{"rendered":"<p>Fait jusqu&rsquo;\u00e0 15 biscuits.<\/p>\n<p>Cuire \u00e0 350\u00b0 F pour 7-8 minutes.<\/p>\n","protected":false},"excerpt":{"rendered":"<p><strong>Ingr\u00e9dients\u00a0<\/strong>: M\u00e9lange de farine (farine de riz, amidon de pomme de terre, farine de tapioca, farine de sorgho, farine de pomme de terre), P\u00e9pites de chocolat (sucre, chocolat non sucr\u00e9, beurre de cacao), Sucres (cassonade, sucre de canne biologique), Margarine d\u2019huile de canola et de fruit de palme modifi\u00e9e et de palmiste, Pur\u00e9e de pommes (pommes, acide ascorbique, acide citrique, sel), Eau, Sel, Ar\u00f4me naturelle, Gomme xanthane, Bicarbonate de soude.<\/p>\n","protected":false},"featured_media":20854,"template":"","meta":{"_acf_changed":false,"wprm-recipe-roundup-name":"","wprm-recipe-roundup-description":""},"product_brand":[],"product_cat":[762],"product_tag":[908],"class_list":{"0":"post-20852","1":"product","2":"type-product","3":"status-publish","4":"has-post-thumbnail","6":"product_cat-sucrees","7":"product_tag-vegan-fr","9":"first","10":"instock","11":"taxable","12":"shipping-taxable","13":"purchasable","14":"product-type-simple"},"acf":[],"yoast_head":"<!-- This site is optimized with the Yoast SEO plugin v27.3 - https:\/\/yoast.com\/product\/yoast-seo-wordpress\/ -->\n<title>P\u00e2te a biscuit v\u00e9g\u00e9talienne (600g) - deliciouswithout.com<\/title>\n<meta name=\"robots\" content=\"index, follow, max-snippet:-1, max-image-preview:large, max-video-preview:-1\" \/>\n<link rel=\"canonical\" href=\"https:\/\/www.deliciouswithout.com\/product\/vegan-cookie-dough-600g\/\" \/>\n<meta property=\"og:locale\" content=\"fr_FR\" \/>\n<meta property=\"og:type\" content=\"article\" \/>\n<meta property=\"og:title\" content=\"P\u00e2te a biscuit v\u00e9g\u00e9talienne (600g) - deliciouswithout.com\" \/>\n<meta property=\"og:description\" content=\"Ingr\u00e9dients\u00a0: M\u00e9lange de farine (farine de riz, amidon de pomme de terre, farine de tapioca, farine de sorgho, farine de pomme de terre), P\u00e9pites de chocolat (sucre, chocolat non sucr\u00e9, beurre de cacao), Sucres (cassonade, sucre de canne biologique), Margarine d\u2019huile de canola et de fruit de palme modifi\u00e9e et de palmiste, Pur\u00e9e de pommes (pommes, acide ascorbique, acide citrique, sel), Eau, Sel, Ar\u00f4me naturelle, Gomme xanthane, Bicarbonate de soude.\" \/>\n<meta property=\"og:url\" content=\"https:\/\/www.deliciouswithout.com\/product\/vegan-cookie-dough-600g\/\" \/>\n<meta property=\"og:site_name\" content=\"deliciouswithout.com\" \/>\n<meta property=\"article:modified_time\" content=\"2026-04-30T18:33:41+00:00\" \/>\n<meta property=\"og:image\" content=\"https:\/\/www.deliciouswithout.com\/wp-content\/uploads\/2025\/02\/cookiedough600g.png\" \/>\n\t<meta property=\"og:image:width\" content=\"800\" \/>\n\t<meta property=\"og:image:height\" content=\"800\" \/>\n\t<meta property=\"og:image:type\" content=\"image\/png\" \/>\n<meta name=\"twitter:label1\" content=\"Dur\u00e9e de lecture estim\u00e9e\" \/>\n\t<meta name=\"twitter:data1\" content=\"1 minute\" \/>\n<script type=\"application\/ld+json\" class=\"yoast-schema-graph\">{\"@context\":\"https:\\\/\\\/schema.org\",\"@graph\":[{\"@type\":\"WebPage\",\"@id\":\"https:\\\/\\\/www.deliciouswithout.com\\\/product\\\/vegan-cookie-dough-600g\\\/\",\"url\":\"https:\\\/\\\/www.deliciouswithout.com\\\/product\\\/vegan-cookie-dough-600g\\\/\",\"name\":\"P\u00e2te a biscuit v\u00e9g\u00e9talienne (600g) - deliciouswithout.com\",\"isPartOf\":{\"@id\":\"https:\\\/\\\/www.deliciouswithout.com\\\/#website\"},\"primaryImageOfPage\":{\"@id\":\"https:\\\/\\\/www.deliciouswithout.com\\\/product\\\/vegan-cookie-dough-600g\\\/#primaryimage\"},\"image\":{\"@id\":\"https:\\\/\\\/www.deliciouswithout.com\\\/product\\\/vegan-cookie-dough-600g\\\/#primaryimage\"},\"thumbnailUrl\":\"https:\\\/\\\/www.deliciouswithout.com\\\/wp-content\\\/uploads\\\/2025\\\/02\\\/cookiedough600g.png\",\"datePublished\":\"2025-02-03T16:36:26+00:00\",\"dateModified\":\"2026-04-30T18:33:41+00:00\",\"breadcrumb\":{\"@id\":\"https:\\\/\\\/www.deliciouswithout.com\\\/product\\\/vegan-cookie-dough-600g\\\/#breadcrumb\"},\"inLanguage\":\"fr-FR\",\"potentialAction\":[{\"@type\":\"ReadAction\",\"target\":[\"https:\\\/\\\/www.deliciouswithout.com\\\/product\\\/vegan-cookie-dough-600g\\\/\"]}]},{\"@type\":\"ImageObject\",\"inLanguage\":\"fr-FR\",\"@id\":\"https:\\\/\\\/www.deliciouswithout.com\\\/product\\\/vegan-cookie-dough-600g\\\/#primaryimage\",\"url\":\"https:\\\/\\\/www.deliciouswithout.com\\\/wp-content\\\/uploads\\\/2025\\\/02\\\/cookiedough600g.png\",\"contentUrl\":\"https:\\\/\\\/www.deliciouswithout.com\\\/wp-content\\\/uploads\\\/2025\\\/02\\\/cookiedough600g.png\",\"width\":800,\"height\":800},{\"@type\":\"BreadcrumbList\",\"@id\":\"https:\\\/\\\/www.deliciouswithout.com\\\/product\\\/vegan-cookie-dough-600g\\\/#breadcrumb\",\"itemListElement\":[{\"@type\":\"ListItem\",\"position\":1,\"name\":\"Accueil\",\"item\":\"https:\\\/\\\/www.deliciouswithout.com\\\/fr\\\/\"},{\"@type\":\"ListItem\",\"position\":2,\"name\":\"Store Sort\",\"item\":\"https:\\\/\\\/www.deliciouswithout.com\\\/store-sort\\\/\"},{\"@type\":\"ListItem\",\"position\":3,\"name\":\"P\u00e2te a biscuit v\u00e9g\u00e9talienne (600g)\"}]},{\"@type\":\"WebSite\",\"@id\":\"https:\\\/\\\/www.deliciouswithout.com\\\/#website\",\"url\":\"https:\\\/\\\/www.deliciouswithout.com\\\/\",\"name\":\"deliciouswithout.com\",\"description\":\"D\u00e9licieux Sans Gluten, Produits Latiers, Arachides, Noix\",\"potentialAction\":[{\"@type\":\"SearchAction\",\"target\":{\"@type\":\"EntryPoint\",\"urlTemplate\":\"https:\\\/\\\/www.deliciouswithout.com\\\/?s={search_term_string}\"},\"query-input\":{\"@type\":\"PropertyValueSpecification\",\"valueRequired\":true,\"valueName\":\"search_term_string\"}}],\"inLanguage\":\"fr-FR\"}]}<\/script>\n<!-- \/ Yoast SEO plugin. -->","yoast_head_json":{"title":"P\u00e2te a biscuit v\u00e9g\u00e9talienne (600g) - deliciouswithout.com","robots":{"index":"index","follow":"follow","max-snippet":"max-snippet:-1","max-image-preview":"max-image-preview:large","max-video-preview":"max-video-preview:-1"},"canonical":"https:\/\/www.deliciouswithout.com\/product\/vegan-cookie-dough-600g\/","og_locale":"fr_FR","og_type":"article","og_title":"P\u00e2te a biscuit v\u00e9g\u00e9talienne (600g) - deliciouswithout.com","og_description":"Ingr\u00e9dients\u00a0: M\u00e9lange de farine (farine de riz, amidon de pomme de terre, farine de tapioca, farine de sorgho, farine de pomme de terre), P\u00e9pites de chocolat (sucre, chocolat non sucr\u00e9, beurre de cacao), Sucres (cassonade, sucre de canne biologique), Margarine d\u2019huile de canola et de fruit de palme modifi\u00e9e et de palmiste, Pur\u00e9e de pommes (pommes, acide ascorbique, acide citrique, sel), Eau, Sel, Ar\u00f4me naturelle, Gomme xanthane, Bicarbonate de soude.","og_url":"https:\/\/www.deliciouswithout.com\/product\/vegan-cookie-dough-600g\/","og_site_name":"deliciouswithout.com","article_modified_time":"2026-04-30T18:33:41+00:00","og_image":[{"width":800,"height":800,"url":"https:\/\/www.deliciouswithout.com\/wp-content\/uploads\/2025\/02\/cookiedough600g.png","type":"image\/png"}],"twitter_misc":{"Dur\u00e9e de lecture estim\u00e9e":"1 minute"},"schema":{"@context":"https:\/\/schema.org","@graph":[{"@type":"WebPage","@id":"https:\/\/www.deliciouswithout.com\/product\/vegan-cookie-dough-600g\/","url":"https:\/\/www.deliciouswithout.com\/product\/vegan-cookie-dough-600g\/","name":"P\u00e2te a biscuit v\u00e9g\u00e9talienne (600g) - deliciouswithout.com","isPartOf":{"@id":"https:\/\/www.deliciouswithout.com\/#website"},"primaryImageOfPage":{"@id":"https:\/\/www.deliciouswithout.com\/product\/vegan-cookie-dough-600g\/#primaryimage"},"image":{"@id":"https:\/\/www.deliciouswithout.com\/product\/vegan-cookie-dough-600g\/#primaryimage"},"thumbnailUrl":"https:\/\/www.deliciouswithout.com\/wp-content\/uploads\/2025\/02\/cookiedough600g.png","datePublished":"2025-02-03T16:36:26+00:00","dateModified":"2026-04-30T18:33:41+00:00","breadcrumb":{"@id":"https:\/\/www.deliciouswithout.com\/product\/vegan-cookie-dough-600g\/#breadcrumb"},"inLanguage":"fr-FR","potentialAction":[{"@type":"ReadAction","target":["https:\/\/www.deliciouswithout.com\/product\/vegan-cookie-dough-600g\/"]}]},{"@type":"ImageObject","inLanguage":"fr-FR","@id":"https:\/\/www.deliciouswithout.com\/product\/vegan-cookie-dough-600g\/#primaryimage","url":"https:\/\/www.deliciouswithout.com\/wp-content\/uploads\/2025\/02\/cookiedough600g.png","contentUrl":"https:\/\/www.deliciouswithout.com\/wp-content\/uploads\/2025\/02\/cookiedough600g.png","width":800,"height":800},{"@type":"BreadcrumbList","@id":"https:\/\/www.deliciouswithout.com\/product\/vegan-cookie-dough-600g\/#breadcrumb","itemListElement":[{"@type":"ListItem","position":1,"name":"Accueil","item":"https:\/\/www.deliciouswithout.com\/fr\/"},{"@type":"ListItem","position":2,"name":"Store Sort","item":"https:\/\/www.deliciouswithout.com\/store-sort\/"},{"@type":"ListItem","position":3,"name":"P\u00e2te a biscuit v\u00e9g\u00e9talienne (600g)"}]},{"@type":"WebSite","@id":"https:\/\/www.deliciouswithout.com\/#website","url":"https:\/\/www.deliciouswithout.com\/","name":"deliciouswithout.com","description":"D\u00e9licieux Sans Gluten, Produits Latiers, Arachides, Noix","potentialAction":[{"@type":"SearchAction","target":{"@type":"EntryPoint","urlTemplate":"https:\/\/www.deliciouswithout.com\/?s={search_term_string}"},"query-input":{"@type":"PropertyValueSpecification","valueRequired":true,"valueName":"search_term_string"}}],"inLanguage":"fr-FR"}]}},"_links":{"self":[{"href":"https:\/\/www.deliciouswithout.com\/fr\/wp-json\/wp\/v2\/product\/20852","targetHints":{"allow":["GET"]}}],"collection":[{"href":"https:\/\/www.deliciouswithout.com\/fr\/wp-json\/wp\/v2\/product"}],"about":[{"href":"https:\/\/www.deliciouswithout.com\/fr\/wp-json\/wp\/v2\/types\/product"}],"wp:featuredmedia":[{"embeddable":true,"href":"https:\/\/www.deliciouswithout.com\/fr\/wp-json\/wp\/v2\/media\/20854"}],"wp:attachment":[{"href":"https:\/\/www.deliciouswithout.com\/fr\/wp-json\/wp\/v2\/media?parent=20852"}],"wp:term":[{"taxonomy":"product_brand","embeddable":true,"href":"https:\/\/www.deliciouswithout.com\/fr\/wp-json\/wp\/v2\/product_brand?post=20852"},{"taxonomy":"product_cat","embeddable":true,"href":"https:\/\/www.deliciouswithout.com\/fr\/wp-json\/wp\/v2\/product_cat?post=20852"},{"taxonomy":"product_tag","embeddable":true,"href":"https:\/\/www.deliciouswithout.com\/fr\/wp-json\/wp\/v2\/product_tag?post=20852"}],"curies":[{"name":"wp","href":"https:\/\/api.w.org\/{rel}","templated":true}]}}