{"id":8038,"date":"2019-04-26T15:59:57","date_gmt":"2019-04-26T19:59:57","guid":{"rendered":"http:\/\/www.deliciouswithout.com\/product\/croutons-vegetalienne\/"},"modified":"2024-08-07T11:41:02","modified_gmt":"2024-08-07T15:41:02","slug":"croutons-vegetalienne","status":"publish","type":"product","link":"https:\/\/www.deliciouswithout.com\/fr\/product\/croutons-vegetalienne\/","title":{"rendered":"Cro\u00fbtons v\u00e9g\u00e9talienne romarin et ail (250 g)"},"content":{"rendered":"<p>Ces morceaux de pain savoureux et croustillants sont parfaits pour les salades, les farces et m\u00eame comme collation\u00a0!<\/p>\n","protected":false},"excerpt":{"rendered":"<p><strong>Ingr\u00e9dients :<\/strong> Eau, m\u00e9lange d&rsquo;amidons sans gluten et sans OGM (amidon de tapioca modifi\u00e9, amidon de ma\u00efs, f\u00e9cule de pomme de terre), farine de sorgho, huile de canola, sucre biologique, gomme xanthane, levure instantan\u00e9e, sel, vinaigre de cidre de pomme.<\/p>\n","protected":false},"featured_media":14013,"template":"","meta":{"_acf_changed":false,"wprm-recipe-roundup-name":"","wprm-recipe-roundup-description":""},"product_brand":[],"product_cat":[783],"product_tag":[773,774,775,772,780,771,908],"class_list":{"0":"post-8038","1":"product","2":"type-product","3":"status-publish","4":"has-post-thumbnail","6":"product_cat-melanges-sec","7":"product_tag-sans-gluten","8":"product_tag-sans-larachides","9":"product_tag-sans-noix","10":"product_tag-sans-produit-laitier","11":"product_tag-sans-sesame-fr","12":"product_tag-sans-soja","13":"product_tag-vegan-fr","15":"first","16":"instock","17":"shipping-taxable","18":"purchasable","19":"product-type-simple"},"acf":[],"yoast_head":"<!-- This site is optimized with the Yoast SEO plugin v27.3 - https:\/\/yoast.com\/product\/yoast-seo-wordpress\/ -->\n<title>Cro\u00fbtons v\u00e9g\u00e9talienne romarin et ail (250 g) - deliciouswithout.com<\/title>\n<meta name=\"robots\" content=\"index, follow, max-snippet:-1, max-image-preview:large, max-video-preview:-1\" \/>\n<link rel=\"canonical\" href=\"https:\/\/www.deliciouswithout.com\/fr\/product\/croutons-vegetalienne\/\" \/>\n<meta property=\"og:locale\" content=\"fr_FR\" \/>\n<meta property=\"og:type\" content=\"article\" \/>\n<meta property=\"og:title\" content=\"Cro\u00fbtons v\u00e9g\u00e9talienne romarin et ail (250 g) - deliciouswithout.com\" \/>\n<meta property=\"og:description\" content=\"Ingr\u00e9dients : Eau, m\u00e9lange d&#039;amidons sans gluten et sans OGM (amidon de tapioca modifi\u00e9, amidon de ma\u00efs, f\u00e9cule de pomme de terre), farine de sorgho, huile de canola, sucre biologique, gomme xanthane, levure instantan\u00e9e, sel, vinaigre de cidre de pomme.\" \/>\n<meta property=\"og:url\" content=\"https:\/\/www.deliciouswithout.com\/fr\/product\/croutons-vegetalienne\/\" \/>\n<meta property=\"og:site_name\" content=\"deliciouswithout.com\" \/>\n<meta property=\"article:modified_time\" content=\"2024-08-07T15:41:02+00:00\" \/>\n<meta property=\"og:image\" content=\"https:\/\/www.deliciouswithout.com\/wp-content\/uploads\/2019\/04\/croutons-LR.jpg\" \/>\n\t<meta property=\"og:image:width\" content=\"600\" \/>\n\t<meta property=\"og:image:height\" content=\"401\" \/>\n\t<meta property=\"og:image:type\" content=\"image\/jpeg\" \/>\n<meta name=\"twitter:label1\" content=\"Dur\u00e9e de lecture estim\u00e9e\" \/>\n\t<meta name=\"twitter:data1\" content=\"1 minute\" \/>\n<script type=\"application\/ld+json\" class=\"yoast-schema-graph\">{\"@context\":\"https:\\\/\\\/schema.org\",\"@graph\":[{\"@type\":\"WebPage\",\"@id\":\"https:\\\/\\\/www.deliciouswithout.com\\\/fr\\\/product\\\/croutons-vegetalienne\\\/\",\"url\":\"https:\\\/\\\/www.deliciouswithout.com\\\/fr\\\/product\\\/croutons-vegetalienne\\\/\",\"name\":\"Cro\u00fbtons v\u00e9g\u00e9talienne romarin et ail (250 g) - deliciouswithout.com\",\"isPartOf\":{\"@id\":\"http:\\\/\\\/www.deliciouswithout.com\\\/#website\"},\"primaryImageOfPage\":{\"@id\":\"https:\\\/\\\/www.deliciouswithout.com\\\/fr\\\/product\\\/croutons-vegetalienne\\\/#primaryimage\"},\"image\":{\"@id\":\"https:\\\/\\\/www.deliciouswithout.com\\\/fr\\\/product\\\/croutons-vegetalienne\\\/#primaryimage\"},\"thumbnailUrl\":\"https:\\\/\\\/www.deliciouswithout.com\\\/wp-content\\\/uploads\\\/2019\\\/04\\\/croutons-LR.jpg\",\"datePublished\":\"2019-04-26T19:59:57+00:00\",\"dateModified\":\"2024-08-07T15:41:02+00:00\",\"breadcrumb\":{\"@id\":\"https:\\\/\\\/www.deliciouswithout.com\\\/fr\\\/product\\\/croutons-vegetalienne\\\/#breadcrumb\"},\"inLanguage\":\"fr-FR\",\"potentialAction\":[{\"@type\":\"ReadAction\",\"target\":[\"https:\\\/\\\/www.deliciouswithout.com\\\/fr\\\/product\\\/croutons-vegetalienne\\\/\"]}]},{\"@type\":\"ImageObject\",\"inLanguage\":\"fr-FR\",\"@id\":\"https:\\\/\\\/www.deliciouswithout.com\\\/fr\\\/product\\\/croutons-vegetalienne\\\/#primaryimage\",\"url\":\"https:\\\/\\\/www.deliciouswithout.com\\\/wp-content\\\/uploads\\\/2019\\\/04\\\/croutons-LR.jpg\",\"contentUrl\":\"https:\\\/\\\/www.deliciouswithout.com\\\/wp-content\\\/uploads\\\/2019\\\/04\\\/croutons-LR.jpg\",\"width\":600,\"height\":401},{\"@type\":\"BreadcrumbList\",\"@id\":\"https:\\\/\\\/www.deliciouswithout.com\\\/fr\\\/product\\\/croutons-vegetalienne\\\/#breadcrumb\",\"itemListElement\":[{\"@type\":\"ListItem\",\"position\":1,\"name\":\"Accueil\",\"item\":\"https:\\\/\\\/www.deliciouswithout.com\\\/fr\\\/\"},{\"@type\":\"ListItem\",\"position\":2,\"name\":\"Store Sort\",\"item\":\"https:\\\/\\\/www.deliciouswithout.com\\\/store-sort\\\/\"},{\"@type\":\"ListItem\",\"position\":3,\"name\":\"Cro\u00fbtons v\u00e9g\u00e9talienne romarin et ail (250 g)\"}]},{\"@type\":\"WebSite\",\"@id\":\"http:\\\/\\\/www.deliciouswithout.com\\\/#website\",\"url\":\"http:\\\/\\\/www.deliciouswithout.com\\\/\",\"name\":\"deliciouswithout.com\",\"description\":\"D\u00e9licieux Sans Gluten, Produits Latiers, Arachides, Noix\",\"potentialAction\":[{\"@type\":\"SearchAction\",\"target\":{\"@type\":\"EntryPoint\",\"urlTemplate\":\"http:\\\/\\\/www.deliciouswithout.com\\\/?s={search_term_string}\"},\"query-input\":{\"@type\":\"PropertyValueSpecification\",\"valueRequired\":true,\"valueName\":\"search_term_string\"}}],\"inLanguage\":\"fr-FR\"}]}<\/script>\n<!-- \/ Yoast SEO plugin. -->","yoast_head_json":{"title":"Cro\u00fbtons v\u00e9g\u00e9talienne romarin et ail (250 g) - deliciouswithout.com","robots":{"index":"index","follow":"follow","max-snippet":"max-snippet:-1","max-image-preview":"max-image-preview:large","max-video-preview":"max-video-preview:-1"},"canonical":"https:\/\/www.deliciouswithout.com\/fr\/product\/croutons-vegetalienne\/","og_locale":"fr_FR","og_type":"article","og_title":"Cro\u00fbtons v\u00e9g\u00e9talienne romarin et ail (250 g) - deliciouswithout.com","og_description":"Ingr\u00e9dients : Eau, m\u00e9lange d'amidons sans gluten et sans OGM (amidon de tapioca modifi\u00e9, amidon de ma\u00efs, f\u00e9cule de pomme de terre), farine de sorgho, huile de canola, sucre biologique, gomme xanthane, levure instantan\u00e9e, sel, vinaigre de cidre de pomme.","og_url":"https:\/\/www.deliciouswithout.com\/fr\/product\/croutons-vegetalienne\/","og_site_name":"deliciouswithout.com","article_modified_time":"2024-08-07T15:41:02+00:00","og_image":[{"width":600,"height":401,"url":"https:\/\/www.deliciouswithout.com\/wp-content\/uploads\/2019\/04\/croutons-LR.jpg","type":"image\/jpeg"}],"twitter_misc":{"Dur\u00e9e de lecture estim\u00e9e":"1 minute"},"schema":{"@context":"https:\/\/schema.org","@graph":[{"@type":"WebPage","@id":"https:\/\/www.deliciouswithout.com\/fr\/product\/croutons-vegetalienne\/","url":"https:\/\/www.deliciouswithout.com\/fr\/product\/croutons-vegetalienne\/","name":"Cro\u00fbtons v\u00e9g\u00e9talienne romarin et ail (250 g) - deliciouswithout.com","isPartOf":{"@id":"http:\/\/www.deliciouswithout.com\/#website"},"primaryImageOfPage":{"@id":"https:\/\/www.deliciouswithout.com\/fr\/product\/croutons-vegetalienne\/#primaryimage"},"image":{"@id":"https:\/\/www.deliciouswithout.com\/fr\/product\/croutons-vegetalienne\/#primaryimage"},"thumbnailUrl":"https:\/\/www.deliciouswithout.com\/wp-content\/uploads\/2019\/04\/croutons-LR.jpg","datePublished":"2019-04-26T19:59:57+00:00","dateModified":"2024-08-07T15:41:02+00:00","breadcrumb":{"@id":"https:\/\/www.deliciouswithout.com\/fr\/product\/croutons-vegetalienne\/#breadcrumb"},"inLanguage":"fr-FR","potentialAction":[{"@type":"ReadAction","target":["https:\/\/www.deliciouswithout.com\/fr\/product\/croutons-vegetalienne\/"]}]},{"@type":"ImageObject","inLanguage":"fr-FR","@id":"https:\/\/www.deliciouswithout.com\/fr\/product\/croutons-vegetalienne\/#primaryimage","url":"https:\/\/www.deliciouswithout.com\/wp-content\/uploads\/2019\/04\/croutons-LR.jpg","contentUrl":"https:\/\/www.deliciouswithout.com\/wp-content\/uploads\/2019\/04\/croutons-LR.jpg","width":600,"height":401},{"@type":"BreadcrumbList","@id":"https:\/\/www.deliciouswithout.com\/fr\/product\/croutons-vegetalienne\/#breadcrumb","itemListElement":[{"@type":"ListItem","position":1,"name":"Accueil","item":"https:\/\/www.deliciouswithout.com\/fr\/"},{"@type":"ListItem","position":2,"name":"Store Sort","item":"https:\/\/www.deliciouswithout.com\/store-sort\/"},{"@type":"ListItem","position":3,"name":"Cro\u00fbtons v\u00e9g\u00e9talienne romarin et ail (250 g)"}]},{"@type":"WebSite","@id":"http:\/\/www.deliciouswithout.com\/#website","url":"http:\/\/www.deliciouswithout.com\/","name":"deliciouswithout.com","description":"D\u00e9licieux Sans Gluten, Produits Latiers, Arachides, Noix","potentialAction":[{"@type":"SearchAction","target":{"@type":"EntryPoint","urlTemplate":"http:\/\/www.deliciouswithout.com\/?s={search_term_string}"},"query-input":{"@type":"PropertyValueSpecification","valueRequired":true,"valueName":"search_term_string"}}],"inLanguage":"fr-FR"}]}},"_links":{"self":[{"href":"https:\/\/www.deliciouswithout.com\/fr\/wp-json\/wp\/v2\/product\/8038","targetHints":{"allow":["GET"]}}],"collection":[{"href":"https:\/\/www.deliciouswithout.com\/fr\/wp-json\/wp\/v2\/product"}],"about":[{"href":"https:\/\/www.deliciouswithout.com\/fr\/wp-json\/wp\/v2\/types\/product"}],"wp:featuredmedia":[{"embeddable":true,"href":"https:\/\/www.deliciouswithout.com\/fr\/wp-json\/wp\/v2\/media\/14013"}],"wp:attachment":[{"href":"https:\/\/www.deliciouswithout.com\/fr\/wp-json\/wp\/v2\/media?parent=8038"}],"wp:term":[{"taxonomy":"product_brand","embeddable":true,"href":"https:\/\/www.deliciouswithout.com\/fr\/wp-json\/wp\/v2\/product_brand?post=8038"},{"taxonomy":"product_cat","embeddable":true,"href":"https:\/\/www.deliciouswithout.com\/fr\/wp-json\/wp\/v2\/product_cat?post=8038"},{"taxonomy":"product_tag","embeddable":true,"href":"https:\/\/www.deliciouswithout.com\/fr\/wp-json\/wp\/v2\/product_tag?post=8038"}],"curies":[{"name":"wp","href":"https:\/\/api.w.org\/{rel}","templated":true}]}}