{"id":8242,"date":"2019-07-11T11:04:45","date_gmt":"2019-07-11T15:04:45","guid":{"rendered":"https:\/\/www.deliciouswithout.com\/product\/croute-de-pizza\/"},"modified":"2025-03-24T13:34:29","modified_gmt":"2025-03-24T17:34:29","slug":"croute-de-pizza","status":"publish","type":"product","link":"https:\/\/www.deliciouswithout.com\/fr\/product\/croute-de-pizza\/","title":{"rendered":"2 cro\u00fbtes de pizza Focaccia 8\u201d x 8\u201d"},"content":{"rendered":"<p>2 cro\u00fbtes \u00e0 pizza 8 \u2018\u2019 x 8 \u2018\u2019<\/p>\n<p>Cro\u00fbte \u00e0 pizza \u00e9paisse et profonde. \u00a0Ajouter votre sauce \u00e0 pizza sur le dessus, badigeonnez d\u2019huile d\u2019olive les bords et cuire 10min \u00e0 350F.<\/p>\n<p>Vous pouvez \u00e9galement utiliser cette foccacica en badigeonnant d\u2019huile d\u2019olive et en ajoutant vos \u00e9pices pr\u00e9f\u00e9r\u00e9es. Cuire 10 min \u00e0 350F. Et c\u2019est pr\u00eat!<\/p>\n<p>Si vous aimez le pain au fromage, ajoutez votre fromage pr\u00e9f\u00e9r\u00e9 sur le dessus et curie 10 min \u00e0 350F.<\/p>\n<p>&nbsp;<\/p>\n","protected":false},"excerpt":{"rendered":"<p><strong>Ingr\u00e9dients<\/strong>: Eau, m\u00e9lange d\u2019amidon sans gluten sans OGM (amidon de tapioca modifi\u00e9, amidon de ma\u00efs, f\u00e9cule de pomme de terre), farine de riz brun, \u0153ufs entiers liquides, huile de canola, farine de sorgho, huile d\u2019olive extra vierge biologique, sucre biologique, levure instantan\u00e9e, gomme xanthane, sel, vinaigre de cidre de pomme.<\/p>\n<p><strong>Contient:<\/strong> Oeufs.<\/p>\n<form class=\"cart\" action=\"https:\/\/www.deliciouswithout.com\/fr\/product\/pizza-a-la-tomate\/\" enctype=\"multipart\/form-data\" method=\"post\"><\/form>\n","protected":false},"featured_media":14029,"template":"","meta":{"wprm-recipe-roundup-name":"","wprm-recipe-roundup-description":""},"product_brand":[],"product_cat":[768],"product_tag":[773,774,772,780,771],"class_list":{"0":"post-8242","1":"product","2":"type-product","3":"status-publish","4":"has-post-thumbnail","6":"wc_square_synced-yes","7":"product_cat-pizza-fr","8":"product_tag-sans-gluten","9":"product_tag-sans-larachides","10":"product_tag-sans-produit-laitier","11":"product_tag-sans-sesame-fr","12":"product_tag-sans-soja","14":"first","15":"instock","16":"shipping-taxable","17":"purchasable","18":"product-type-simple"},"yoast_head":"<!-- This site is optimized with the Yoast SEO plugin v27.0 - https:\/\/yoast.com\/product\/yoast-seo-wordpress\/ -->\n<title>2 cro\u00fbtes de pizza Focaccia 8\u201d x 8\u201d - deliciouswithout.com<\/title>\n<meta name=\"robots\" content=\"index, follow, max-snippet:-1, max-image-preview:large, max-video-preview:-1\" \/>\n<link rel=\"canonical\" href=\"https:\/\/www.deliciouswithout.com\/fr\/product\/croute-de-pizza\/\" \/>\n<meta property=\"og:locale\" content=\"fr_FR\" \/>\n<meta property=\"og:type\" content=\"article\" \/>\n<meta property=\"og:title\" content=\"2 cro\u00fbtes de pizza Focaccia 8\u201d x 8\u201d - deliciouswithout.com\" \/>\n<meta property=\"og:description\" content=\"Ingr\u00e9dients: Eau, m\u00e9lange d\u2019amidon sans gluten sans OGM (amidon de tapioca modifi\u00e9, amidon de ma\u00efs, f\u00e9cule de pomme de terre), farine de riz brun, \u0153ufs entiers liquides, huile de canola, farine de sorgho, huile d\u2019olive extra vierge biologique, sucre biologique, levure instantan\u00e9e, gomme xanthane, sel, vinaigre de cidre de pomme.  Contient: Oeufs.\" \/>\n<meta property=\"og:url\" content=\"https:\/\/www.deliciouswithout.com\/fr\/product\/croute-de-pizza\/\" \/>\n<meta property=\"og:site_name\" content=\"deliciouswithout.com\" \/>\n<meta property=\"article:modified_time\" content=\"2025-03-24T17:34:29+00:00\" \/>\n<meta property=\"og:image\" content=\"https:\/\/www.deliciouswithout.com\/wp-content\/uploads\/2019\/07\/2-pc-pizza-crust-LR.jpg\" \/>\n\t<meta property=\"og:image:width\" content=\"750\" \/>\n\t<meta property=\"og:image:height\" content=\"440\" \/>\n\t<meta property=\"og:image:type\" content=\"image\/jpeg\" \/>\n<meta name=\"twitter:label1\" content=\"Dur\u00e9e de lecture estim\u00e9e\" \/>\n\t<meta name=\"twitter:data1\" content=\"1 minute\" \/>\n<script type=\"application\/ld+json\" class=\"yoast-schema-graph\">{\"@context\":\"https:\/\/schema.org\",\"@graph\":[{\"@type\":\"WebPage\",\"@id\":\"https:\/\/www.deliciouswithout.com\/fr\/product\/croute-de-pizza\/\",\"url\":\"https:\/\/www.deliciouswithout.com\/fr\/product\/croute-de-pizza\/\",\"name\":\"2 cro\u00fbtes de pizza Focaccia 8\u201d x 8\u201d - deliciouswithout.com\",\"isPartOf\":{\"@id\":\"https:\/\/www.deliciouswithout.com\/#website\"},\"primaryImageOfPage\":{\"@id\":\"https:\/\/www.deliciouswithout.com\/fr\/product\/croute-de-pizza\/#primaryimage\"},\"image\":{\"@id\":\"https:\/\/www.deliciouswithout.com\/fr\/product\/croute-de-pizza\/#primaryimage\"},\"thumbnailUrl\":\"https:\/\/www.deliciouswithout.com\/wp-content\/uploads\/2019\/07\/2-pc-pizza-crust-LR.jpg\",\"datePublished\":\"2019-07-11T15:04:45+00:00\",\"dateModified\":\"2025-03-24T17:34:29+00:00\",\"breadcrumb\":{\"@id\":\"https:\/\/www.deliciouswithout.com\/fr\/product\/croute-de-pizza\/#breadcrumb\"},\"inLanguage\":\"fr-FR\",\"potentialAction\":[{\"@type\":\"ReadAction\",\"target\":[\"https:\/\/www.deliciouswithout.com\/fr\/product\/croute-de-pizza\/\"]}]},{\"@type\":\"ImageObject\",\"inLanguage\":\"fr-FR\",\"@id\":\"https:\/\/www.deliciouswithout.com\/fr\/product\/croute-de-pizza\/#primaryimage\",\"url\":\"https:\/\/www.deliciouswithout.com\/wp-content\/uploads\/2019\/07\/2-pc-pizza-crust-LR.jpg\",\"contentUrl\":\"https:\/\/www.deliciouswithout.com\/wp-content\/uploads\/2019\/07\/2-pc-pizza-crust-LR.jpg\",\"width\":750,\"height\":440},{\"@type\":\"BreadcrumbList\",\"@id\":\"https:\/\/www.deliciouswithout.com\/fr\/product\/croute-de-pizza\/#breadcrumb\",\"itemListElement\":[{\"@type\":\"ListItem\",\"position\":1,\"name\":\"Accueil\",\"item\":\"https:\/\/www.deliciouswithout.com\/fr\/\"},{\"@type\":\"ListItem\",\"position\":2,\"name\":\"Store Sort\",\"item\":\"http:\/\/www.deliciouswithout.com\/store-sort\/\"},{\"@type\":\"ListItem\",\"position\":3,\"name\":\"2 cro\u00fbtes de pizza Focaccia 8\u201d x 8\u201d\"}]},{\"@type\":\"WebSite\",\"@id\":\"https:\/\/www.deliciouswithout.com\/#website\",\"url\":\"https:\/\/www.deliciouswithout.com\/\",\"name\":\"deliciouswithout.com\",\"description\":\"D\u00e9licieux Sans Gluten, Produits Latiers, Arachides, Noix\",\"potentialAction\":[{\"@type\":\"SearchAction\",\"target\":{\"@type\":\"EntryPoint\",\"urlTemplate\":\"https:\/\/www.deliciouswithout.com\/?s={search_term_string}\"},\"query-input\":{\"@type\":\"PropertyValueSpecification\",\"valueRequired\":true,\"valueName\":\"search_term_string\"}}],\"inLanguage\":\"fr-FR\"}]}<\/script>\n<!-- \/ Yoast SEO plugin. -->","yoast_head_json":{"title":"2 cro\u00fbtes de pizza Focaccia 8\u201d x 8\u201d - deliciouswithout.com","robots":{"index":"index","follow":"follow","max-snippet":"max-snippet:-1","max-image-preview":"max-image-preview:large","max-video-preview":"max-video-preview:-1"},"canonical":"https:\/\/www.deliciouswithout.com\/fr\/product\/croute-de-pizza\/","og_locale":"fr_FR","og_type":"article","og_title":"2 cro\u00fbtes de pizza Focaccia 8\u201d x 8\u201d - deliciouswithout.com","og_description":"Ingr\u00e9dients: Eau, m\u00e9lange d\u2019amidon sans gluten sans OGM (amidon de tapioca modifi\u00e9, amidon de ma\u00efs, f\u00e9cule de pomme de terre), farine de riz brun, \u0153ufs entiers liquides, huile de canola, farine de sorgho, huile d\u2019olive extra vierge biologique, sucre biologique, levure instantan\u00e9e, gomme xanthane, sel, vinaigre de cidre de pomme.  Contient: Oeufs.","og_url":"https:\/\/www.deliciouswithout.com\/fr\/product\/croute-de-pizza\/","og_site_name":"deliciouswithout.com","article_modified_time":"2025-03-24T17:34:29+00:00","og_image":[{"width":750,"height":440,"url":"https:\/\/www.deliciouswithout.com\/wp-content\/uploads\/2019\/07\/2-pc-pizza-crust-LR.jpg","type":"image\/jpeg"}],"twitter_misc":{"Dur\u00e9e de lecture estim\u00e9e":"1 minute"},"schema":{"@context":"https:\/\/schema.org","@graph":[{"@type":"WebPage","@id":"https:\/\/www.deliciouswithout.com\/fr\/product\/croute-de-pizza\/","url":"https:\/\/www.deliciouswithout.com\/fr\/product\/croute-de-pizza\/","name":"2 cro\u00fbtes de pizza Focaccia 8\u201d x 8\u201d - deliciouswithout.com","isPartOf":{"@id":"https:\/\/www.deliciouswithout.com\/#website"},"primaryImageOfPage":{"@id":"https:\/\/www.deliciouswithout.com\/fr\/product\/croute-de-pizza\/#primaryimage"},"image":{"@id":"https:\/\/www.deliciouswithout.com\/fr\/product\/croute-de-pizza\/#primaryimage"},"thumbnailUrl":"https:\/\/www.deliciouswithout.com\/wp-content\/uploads\/2019\/07\/2-pc-pizza-crust-LR.jpg","datePublished":"2019-07-11T15:04:45+00:00","dateModified":"2025-03-24T17:34:29+00:00","breadcrumb":{"@id":"https:\/\/www.deliciouswithout.com\/fr\/product\/croute-de-pizza\/#breadcrumb"},"inLanguage":"fr-FR","potentialAction":[{"@type":"ReadAction","target":["https:\/\/www.deliciouswithout.com\/fr\/product\/croute-de-pizza\/"]}]},{"@type":"ImageObject","inLanguage":"fr-FR","@id":"https:\/\/www.deliciouswithout.com\/fr\/product\/croute-de-pizza\/#primaryimage","url":"https:\/\/www.deliciouswithout.com\/wp-content\/uploads\/2019\/07\/2-pc-pizza-crust-LR.jpg","contentUrl":"https:\/\/www.deliciouswithout.com\/wp-content\/uploads\/2019\/07\/2-pc-pizza-crust-LR.jpg","width":750,"height":440},{"@type":"BreadcrumbList","@id":"https:\/\/www.deliciouswithout.com\/fr\/product\/croute-de-pizza\/#breadcrumb","itemListElement":[{"@type":"ListItem","position":1,"name":"Accueil","item":"https:\/\/www.deliciouswithout.com\/fr\/"},{"@type":"ListItem","position":2,"name":"Store Sort","item":"http:\/\/www.deliciouswithout.com\/store-sort\/"},{"@type":"ListItem","position":3,"name":"2 cro\u00fbtes de pizza Focaccia 8\u201d x 8\u201d"}]},{"@type":"WebSite","@id":"https:\/\/www.deliciouswithout.com\/#website","url":"https:\/\/www.deliciouswithout.com\/","name":"deliciouswithout.com","description":"D\u00e9licieux Sans Gluten, Produits Latiers, Arachides, Noix","potentialAction":[{"@type":"SearchAction","target":{"@type":"EntryPoint","urlTemplate":"https:\/\/www.deliciouswithout.com\/?s={search_term_string}"},"query-input":{"@type":"PropertyValueSpecification","valueRequired":true,"valueName":"search_term_string"}}],"inLanguage":"fr-FR"}]}},"_links":{"self":[{"href":"https:\/\/www.deliciouswithout.com\/fr\/wp-json\/wp\/v2\/product\/8242","targetHints":{"allow":["GET"]}}],"collection":[{"href":"https:\/\/www.deliciouswithout.com\/fr\/wp-json\/wp\/v2\/product"}],"about":[{"href":"https:\/\/www.deliciouswithout.com\/fr\/wp-json\/wp\/v2\/types\/product"}],"wp:featuredmedia":[{"embeddable":true,"href":"https:\/\/www.deliciouswithout.com\/fr\/wp-json\/wp\/v2\/media\/14029"}],"wp:attachment":[{"href":"https:\/\/www.deliciouswithout.com\/fr\/wp-json\/wp\/v2\/media?parent=8242"}],"wp:term":[{"taxonomy":"product_brand","embeddable":true,"href":"https:\/\/www.deliciouswithout.com\/fr\/wp-json\/wp\/v2\/product_brand?post=8242"},{"taxonomy":"product_cat","embeddable":true,"href":"https:\/\/www.deliciouswithout.com\/fr\/wp-json\/wp\/v2\/product_cat?post=8242"},{"taxonomy":"product_tag","embeddable":true,"href":"https:\/\/www.deliciouswithout.com\/fr\/wp-json\/wp\/v2\/product_tag?post=8242"}],"curies":[{"name":"wp","href":"https:\/\/api.w.org\/{rel}","templated":true}]}}